{"id":3771,"date":"2024-04-14T23:09:27","date_gmt":"2024-04-14T15:09:27","guid":{"rendered":"https:\/\/yutaimachinery.com\/?post_type=product&#038;p=3771"},"modified":"2024-04-14T23:41:34","modified_gmt":"2024-04-14T15:41:34","slug":"forno-de-vaivem","status":"publish","type":"product","link":"https:\/\/yutaimachinery.com\/pt\/product\/shuttle-kiln\/","title":{"rendered":"Forno de vaiv\u00e9m de alta temperatura para fabrico autom\u00e1tico de cer\u00e2mica cozida no fogo\u00a0"},"content":{"rendered":"<div class=\"wp-block-columns is-layout-flex wp-container-core-columns-is-layout-9d6595d7 wp-block-columns-is-layout-flex\">\n<div class=\"wp-block-column is-layout-flow wp-block-column-is-layout-flow\">\n<figure class=\"wp-block-embed is-type-video is-provider-youtube wp-block-embed-youtube wp-embed-aspect-16-9 wp-has-aspect-ratio\"><div class=\"wp-block-embed__wrapper\">\n<iframe title=\"Forno de vaiv\u00e9m para porcelana, forno de cer\u00e2mica, forno de gr\u00e9s\" width=\"940\" height=\"529\" src=\"https:\/\/www.youtube.com\/embed\/f8JweaXRuTM?feature=oembed\" frameborder=\"0\" allow=\"accelerometer; autoplay; clipboard-write; encrypted-media; gyroscope; picture-in-picture; web-share\" referrerpolicy=\"strict-origin-when-cross-origin\" allowfullscreen><\/iframe>\n<\/div><\/figure>\n<\/div>\n\n\n\n<div class=\"wp-block-column is-layout-flow wp-block-column-is-layout-flow\">\n<h2 class=\"wp-block-heading\"><strong>Caracter\u00edsticas do Shuttle Kil<\/strong>n<\/h2>\n\n\n\n<ul class=\"wp-block-list\">\n<li>Aplica\u00e7\u00f5es vers\u00e1teis: Adequado para a cozedura de biscoitos e para a cozedura de vidrados de v\u00e1rios produtos cer\u00e2micos, tais como porcelana, gr\u00e9s e faian\u00e7a.<\/li>\n\n\n\n<li>Controlo preciso da temperatura: O forno possui controlo autom\u00e1tico por microcomputador PID, assegurando um controlo preciso e consistente da temperatura durante todo o processo de cozedura.<\/li>\n\n\n\n<li>Funcionamento eficiente: O forno shuttle foi concebido para um funcionamento eficiente, permitindo ciclos r\u00e1pidos de aquecimento e arrefecimento para otimizar a efici\u00eancia da produ\u00e7\u00e3o.<\/li>\n<\/ul>\n<\/div>\n<\/div>\n\n\n\n<div class=\"wp-block-columns is-layout-flex wp-container-core-columns-is-layout-9d6595d7 wp-block-columns-is-layout-flex\">\n<div class=\"wp-block-column is-layout-flow wp-block-column-is-layout-flow\">\n<figure class=\"wp-block-image size-full\"><img fetchpriority=\"high\" decoding=\"async\" width=\"1080\" height=\"1080\" src=\"https:\/\/yutaimachinery.com\/wp-content\/uploads\/2024\/04\/Shuttle-Kiln2.webp\" alt=\"Forno de vaiv\u00e9m\" class=\"wp-image-3778\" title=\"\" srcset=\"https:\/\/yutaimachinery.com\/wp-content\/uploads\/2024\/04\/Shuttle-Kiln2.webp 1080w, https:\/\/yutaimachinery.com\/wp-content\/uploads\/2024\/04\/Shuttle-Kiln2-300x300.webp 300w, https:\/\/yutaimachinery.com\/wp-content\/uploads\/2024\/04\/Shuttle-Kiln2-150x150.webp 150w, https:\/\/yutaimachinery.com\/wp-content\/uploads\/2024\/04\/Shuttle-Kiln2-768x768.webp 768w, https:\/\/yutaimachinery.com\/wp-content\/uploads\/2024\/04\/Shuttle-Kiln2-285x285.webp 285w, https:\/\/yutaimachinery.com\/wp-content\/uploads\/2024\/04\/Shuttle-Kiln2-270x270.webp 270w, https:\/\/yutaimachinery.com\/wp-content\/uploads\/2024\/04\/Shuttle-Kiln2-540x540.webp 540w, https:\/\/yutaimachinery.com\/wp-content\/uploads\/2024\/04\/Shuttle-Kiln2-660x660.webp 660w\" sizes=\"(max-width: 1080px) 100vw, 1080px\" \/><\/figure>\n<\/div>\n\n\n\n<div class=\"wp-block-column is-layout-flow wp-block-column-is-layout-flow\">\n<figure class=\"wp-block-image size-full\"><img decoding=\"async\" width=\"1276\" height=\"1276\" src=\"https:\/\/yutaimachinery.com\/wp-content\/uploads\/2024\/04\/Shuttle-Kiln3.webp\" alt=\"Forno de vaiv\u00e9m\" class=\"wp-image-3774\" title=\"\" srcset=\"https:\/\/yutaimachinery.com\/wp-content\/uploads\/2024\/04\/Shuttle-Kiln3.webp 1276w, https:\/\/yutaimachinery.com\/wp-content\/uploads\/2024\/04\/Shuttle-Kiln3-300x300.webp 300w, https:\/\/yutaimachinery.com\/wp-content\/uploads\/2024\/04\/Shuttle-Kiln3-150x150.webp 150w, https:\/\/yutaimachinery.com\/wp-content\/uploads\/2024\/04\/Shuttle-Kiln3-768x768.webp 768w, https:\/\/yutaimachinery.com\/wp-content\/uploads\/2024\/04\/Shuttle-Kiln3-285x285.webp 285w, https:\/\/yutaimachinery.com\/wp-content\/uploads\/2024\/04\/Shuttle-Kiln3-270x270.webp 270w, https:\/\/yutaimachinery.com\/wp-content\/uploads\/2024\/04\/Shuttle-Kiln3-540x540.webp 540w, https:\/\/yutaimachinery.com\/wp-content\/uploads\/2024\/04\/Shuttle-Kiln3-660x660.webp 660w\" sizes=\"(max-width: 1276px) 100vw, 1276px\" \/><\/figure>\n<\/div>\n<\/div>","protected":false},"excerpt":{"rendered":"<p>Adaptado para personaliza\u00e7\u00e3o de f\u00e1brica, o forno de vaiv\u00e9m \u00e9 adequado para o processamento de cer\u00e2mica, porcelana e gr\u00e9s. Boa resist\u00eancia ao calor e controlo preciso da temperatura para melhorar a produtividade.<\/p>\n<h2>Solu\u00e7\u00e3o \u00fanica para forno de vaiv\u00e9m:<\/h2>\n<ol>\n<li>\n<p>Conce\u00e7\u00e3o da disposi\u00e7\u00e3o: De acordo com o espa\u00e7o da f\u00e1brica e o plano de produ\u00e7\u00e3o, fornecemos um design profissional de layout de m\u00e1quinas de cer\u00e2mica.<\/p>\n<\/li>\n<li>\n<p>Assist\u00eancia \u00e0 instala\u00e7\u00e3o: Fornecer instala\u00e7\u00e3o e configura\u00e7\u00e3o no local para a instala\u00e7\u00e3o do forno de vaiv\u00e9m para garantir o seu funcionamento normal<\/p>\n<\/li>\n<li>\n<p>Pe\u00e7as de substitui\u00e7\u00e3o: Fornecimento de uma gama de pe\u00e7as sobresselentes originais.<\/p>\n<\/li>\n<li>\n<p>Apoio p\u00f3s-venda: Ajuda online 24 horas por dia para garantir a sua satisfa\u00e7\u00e3o com o forno de vaiv\u00e9m e a sua utiliza\u00e7\u00e3o sem problemas na sua linha de produ\u00e7\u00e3o.<\/p>\n<\/li>\n<li>\u00a0<\/li>\n<\/ol>","protected":false},"featured_media":3775,"template":"","meta":{"_acf_changed":false},"product_brand":[],"product_cat":[58],"product_tag":[79],"class_list":{"0":"post-3771","1":"product","2":"type-product","3":"status-publish","4":"has-post-thumbnail","6":"product_cat-ceramic-kiln","7":"product_tag-shuttle-kiln","9":"first","10":"instock","11":"shipping-taxable","12":"product-type-simple"},"acf":{"customization_content":"<h2><\/h2>\r\n<div><\/div>","customization_content_source":{"label":"Customization Content","type":"wysiwyg","formatted_value":"<h2><\/h2>\n<div><\/div>\n"},"why_choose_us_content":"<h2 style=\"text-align: center;\">Why Choose Us as Your <strong>Shuttle Kil<\/strong>n Supplier<\/h2>\r\n\r\n<hr \/>\r\n<p style=\"text-align: center;\">Yutai as a ceramic tableware manufacturer, maintains strict quality standards and excellent service. Revolutionize your manufacturing processes with cutting-edge automation technology that streamlines forming and enhances efficiency.<\/p>","why_choose_us_content_source":{"label":"Why Choose Us Content","type":"wysiwyg","formatted_value":"<h2 style=\"text-align: center;\">Why Choose Us as Your <strong>Shuttle Kil<\/strong>n Supplier<\/h2>\n<hr \/>\n<p style=\"text-align: center;\">Yutai as a ceramic tableware manufacturer, maintains strict quality standards and excellent service. Revolutionize your manufacturing processes with cutting-edge automation technology that streamlines forming and enhances efficiency.<\/p>\n"}},"_links":{"self":[{"href":"https:\/\/yutaimachinery.com\/pt\/wp-json\/wp\/v2\/product\/3771","targetHints":{"allow":["GET"]}}],"collection":[{"href":"https:\/\/yutaimachinery.com\/pt\/wp-json\/wp\/v2\/product"}],"about":[{"href":"https:\/\/yutaimachinery.com\/pt\/wp-json\/wp\/v2\/types\/product"}],"version-history":[{"count":0,"href":"https:\/\/yutaimachinery.com\/pt\/wp-json\/wp\/v2\/product\/3771\/revisions"}],"wp:featuredmedia":[{"embeddable":true,"href":"https:\/\/yutaimachinery.com\/pt\/wp-json\/wp\/v2\/media\/3775"}],"wp:attachment":[{"href":"https:\/\/yutaimachinery.com\/pt\/wp-json\/wp\/v2\/media?parent=3771"}],"wp:term":[{"taxonomy":"product_brand","embeddable":true,"href":"https:\/\/yutaimachinery.com\/pt\/wp-json\/wp\/v2\/product_brand?post=3771"},{"taxonomy":"product_cat","embeddable":true,"href":"https:\/\/yutaimachinery.com\/pt\/wp-json\/wp\/v2\/product_cat?post=3771"},{"taxonomy":"product_tag","embeddable":true,"href":"https:\/\/yutaimachinery.com\/pt\/wp-json\/wp\/v2\/product_tag?post=3771"}],"curies":[{"name":"wp","href":"https:\/\/api.w.org\/{rel}","templated":true}]}}