{"id":3760,"date":"2024-04-14T22:29:54","date_gmt":"2024-04-14T14:29:54","guid":{"rendered":"https:\/\/yutaimachinery.com\/?post_type=product&#038;p=3760"},"modified":"2024-04-14T23:09:08","modified_gmt":"2024-04-14T15:09:08","slug":"maquina-automatica-de-envidracamento-2","status":"publish","type":"product","link":"https:\/\/yutaimachinery.com\/pt\/product\/automatic-glazing-machine\/","title":{"rendered":"M\u00e1quina autom\u00e1tica de esmaltagem para placas de cer\u00e2mica e molho de esmalte"},"content":{"rendered":"<div class=\"wp-block-columns is-layout-flex wp-container-core-columns-is-layout-9d6595d7 wp-block-columns-is-layout-flex\">\n<div class=\"wp-block-column is-layout-flow wp-block-column-is-layout-flow\">\n<figure class=\"wp-block-image size-full\"><img fetchpriority=\"high\" decoding=\"async\" width=\"1216\" height=\"1216\" src=\"https:\/\/yutaimachinery.com\/wp-content\/uploads\/2024\/04\/automatic-glazing-machine4.webp\" alt=\"m\u00e1quina autom\u00e1tica de envidra\u00e7amento\" class=\"wp-image-3761\" title=\"\" srcset=\"https:\/\/yutaimachinery.com\/wp-content\/uploads\/2024\/04\/automatic-glazing-machine4.webp 1216w, https:\/\/yutaimachinery.com\/wp-content\/uploads\/2024\/04\/automatic-glazing-machine4-300x300.webp 300w, https:\/\/yutaimachinery.com\/wp-content\/uploads\/2024\/04\/automatic-glazing-machine4-150x150.webp 150w, https:\/\/yutaimachinery.com\/wp-content\/uploads\/2024\/04\/automatic-glazing-machine4-768x768.webp 768w, https:\/\/yutaimachinery.com\/wp-content\/uploads\/2024\/04\/automatic-glazing-machine4-285x285.webp 285w, https:\/\/yutaimachinery.com\/wp-content\/uploads\/2024\/04\/automatic-glazing-machine4-270x270.webp 270w, https:\/\/yutaimachinery.com\/wp-content\/uploads\/2024\/04\/automatic-glazing-machine4-540x540.webp 540w, https:\/\/yutaimachinery.com\/wp-content\/uploads\/2024\/04\/automatic-glazing-machine4-660x660.webp 660w\" sizes=\"(max-width: 1216px) 100vw, 1216px\" \/><\/figure>\n<\/div>\n\n\n\n<div class=\"wp-block-column is-layout-flow wp-block-column-is-layout-flow\">\n<h2 class=\"wp-block-heading\"><strong>Par\u00e2metro da m\u00e1quina de envidra\u00e7amento autom\u00e1tica<\/strong><\/h2>\n\n\n\n<figure class=\"wp-block-table\"><table><tbody><tr><td>Modelo<\/td><td>320<\/td><\/tr><tr><td>M\u00e1x. Tamanho de forma\u00e7\u00e3o (cm)<\/td><td>dia 20x15cm(h)<\/td><\/tr><tr><td>Capacidade<\/td><td>66-900pc\/h<\/td><\/tr><tr><td>Pot\u00eancia (kw)<\/td><td>1,5kw<\/td><\/tr><tr><td>Dimens\u00e3o (lxwxh)<\/td><td>110x55x150 m(h)<\/td><\/tr><tr><td>Peso (kg)<\/td><td>350<\/td><\/tr><tr><td>Postos de trabalho<\/td><td>3<\/td><\/tr><\/tbody><\/table><\/figure>\n<\/div>\n<\/div>","protected":false},"excerpt":{"rendered":"<p>Pre\u00e7os de f\u00e1brica, solu\u00e7\u00f5es personalizadas de apoio e servi\u00e7os t\u00e9cnicos. Esta m\u00e1quina de esmaltagem autom\u00e1tica destina-se a esmaltar pratos e pires de cer\u00e2mica de porcelana. \u00c9 de f\u00e1cil opera\u00e7\u00e3o. Podemos fabricar a m\u00e1quina de acordo com os seus pedidos.<\/p>\n<h2>Solu\u00e7\u00e3o \u00fanica para um<strong>m\u00e1quina de envidra\u00e7amento autom\u00e1tico<\/strong>:<\/h2>\n<ol>\n<li>Instala\u00e7\u00e3o e assist\u00eancia t\u00e9cnica: A nossa equipa instala e configura a m\u00e1quina de envidra\u00e7amento para a sua f\u00e1brica. E fornecer\u00e1 orienta\u00e7\u00e3o t\u00e9cnica relevante<\/li>\n<li>Personaliza\u00e7\u00e3o: Oferecemos op\u00e7\u00f5es de personaliza\u00e7\u00e3o para adaptar a m\u00e1quina de acordo com os seus requisitos de produ\u00e7\u00e3o espec\u00edficos.<\/li>\n<li>Fornecimento de pe\u00e7as sobressalentes: Fornecemos pe\u00e7as sobressalentes de alta qualidade para garantir o funcionamento cont\u00ednuo do equipamento.<\/li>\n<\/ol>","protected":false},"featured_media":3761,"template":"","meta":{"_acf_changed":false},"product_brand":[],"product_cat":[57],"product_tag":[78],"class_list":{"0":"post-3760","1":"product","2":"type-product","3":"status-publish","4":"has-post-thumbnail","6":"product_cat-ceramic-glazing-machine","7":"product_tag-glaze-dipping-machine","9":"first","10":"instock","11":"shipping-taxable","12":"product-type-simple"},"acf":{"customization_content":"<h2><\/h2>\r\n<div><\/div>","customization_content_source":{"label":"Customization Content","type":"wysiwyg","formatted_value":"<h2><\/h2>\n<div><\/div>\n"},"why_choose_us_content":"<h2 style=\"text-align: center;\">Why Choose Us as Your <strong>Automatic Glazing Machine<\/strong> Supplier<\/h2>\r\n\r\n<hr \/>\r\n<p style=\"text-align: center;\">Yutai as a ceramic tableware manufacturer, maintains strict quality standards and excellent service. Revolutionize your manufacturing processes with cutting-edge automation technology that streamlines forming and enhances efficiency.<\/p>","why_choose_us_content_source":{"label":"Why Choose Us Content","type":"wysiwyg","formatted_value":"<h2 style=\"text-align: center;\">Why Choose Us as Your <strong>Automatic Glazing Machine<\/strong> Supplier<\/h2>\n<hr \/>\n<p style=\"text-align: center;\">Yutai as a ceramic tableware manufacturer, maintains strict quality standards and excellent service. Revolutionize your manufacturing processes with cutting-edge automation technology that streamlines forming and enhances efficiency.<\/p>\n"}},"_links":{"self":[{"href":"https:\/\/yutaimachinery.com\/pt\/wp-json\/wp\/v2\/product\/3760","targetHints":{"allow":["GET"]}}],"collection":[{"href":"https:\/\/yutaimachinery.com\/pt\/wp-json\/wp\/v2\/product"}],"about":[{"href":"https:\/\/yutaimachinery.com\/pt\/wp-json\/wp\/v2\/types\/product"}],"version-history":[{"count":0,"href":"https:\/\/yutaimachinery.com\/pt\/wp-json\/wp\/v2\/product\/3760\/revisions"}],"wp:featuredmedia":[{"embeddable":true,"href":"https:\/\/yutaimachinery.com\/pt\/wp-json\/wp\/v2\/media\/3761"}],"wp:attachment":[{"href":"https:\/\/yutaimachinery.com\/pt\/wp-json\/wp\/v2\/media?parent=3760"}],"wp:term":[{"taxonomy":"product_brand","embeddable":true,"href":"https:\/\/yutaimachinery.com\/pt\/wp-json\/wp\/v2\/product_brand?post=3760"},{"taxonomy":"product_cat","embeddable":true,"href":"https:\/\/yutaimachinery.com\/pt\/wp-json\/wp\/v2\/product_cat?post=3760"},{"taxonomy":"product_tag","embeddable":true,"href":"https:\/\/yutaimachinery.com\/pt\/wp-json\/wp\/v2\/product_tag?post=3760"}],"curies":[{"name":"wp","href":"https:\/\/api.w.org\/{rel}","templated":true}]}}