{"id":3751,"date":"2024-04-14T14:30:48","date_gmt":"2024-04-14T06:30:48","guid":{"rendered":"https:\/\/yutaimachinery.com\/?post_type=product&#038;p=3751"},"modified":"2024-04-14T23:03:30","modified_gmt":"2024-04-14T15:03:30","slug":"glaze-dipping-machine","status":"publish","type":"product","link":"https:\/\/yutaimachinery.com\/pt\/product\/glaze-dipping-machine\/","title":{"rendered":"M\u00e1quina Autom\u00e1tica Personalizada de Imers\u00e3o de Esmalte para Vitrifica\u00e7\u00e3o de Cer\u00e2mica"},"content":{"rendered":"<div class=\"wp-block-columns is-layout-flex wp-container-core-columns-is-layout-9d6595d7 wp-block-columns-is-layout-flex\">\n<div class=\"wp-block-column is-layout-flow wp-block-column-is-layout-flow\">\n<figure class=\"wp-block-embed is-type-video is-provider-youtube wp-block-embed-youtube wp-embed-aspect-16-9 wp-has-aspect-ratio\"><div class=\"wp-block-embed__wrapper\">\n<iframe title=\"pratos de loi\u00e7a ta\u00e7as canecas m\u00e1quina de imers\u00e3o de esmalte\" width=\"940\" height=\"529\" src=\"https:\/\/www.youtube.com\/embed\/dnT3FUYngeE?feature=oembed\" frameborder=\"0\" allow=\"accelerometer; autoplay; clipboard-write; encrypted-media; gyroscope; picture-in-picture; web-share\" referrerpolicy=\"strict-origin-when-cross-origin\" allowfullscreen><\/iframe>\n<\/div><\/figure>\n<\/div>\n\n\n\n<div class=\"wp-block-column is-layout-flow wp-block-column-is-layout-flow\">\n<h2 class=\"wp-block-heading\"><strong>Carater\u00edsticas da m\u00e1quina de imers\u00e3o de esmalte<\/strong><\/h2>\n\n\n\n<p>Esta m\u00e1quina de imers\u00e3o em esmalte utiliza a suc\u00e7\u00e3o a v\u00e1cuo para segurar firmemente os produtos, mergulhando-os na solu\u00e7\u00e3o de esmalte para uma cobertura completa, tanto no interior como no exterior. Personaliz\u00e1vel em termos de esta\u00e7\u00f5es de trabalho e compat\u00edvel com v\u00e1rios tamanhos de produtos, adaptada para satisfazer as suas necessidades espec\u00edficas. Melhore a sua produ\u00e7\u00e3o de cer\u00e2mica com a nossa m\u00e1quina de imers\u00e3o em esmalte - a solu\u00e7\u00e3o perfeita para a esmaltagem autom\u00e1tica de ta\u00e7as, copos, pratos, panelas e recipientes grandes.<\/p>\n<\/div>\n<\/div>\n\n\n\n<div class=\"wp-block-columns is-layout-flex wp-container-core-columns-is-layout-9d6595d7 wp-block-columns-is-layout-flex\">\n<div class=\"wp-block-column is-layout-flow wp-block-column-is-layout-flow\">\n<h2 class=\"wp-block-heading\">Par\u00e2metro da m\u00e1quina de imers\u00e3o de esmalte:<\/h2>\n\n\n\n<figure class=\"wp-block-table\"><table><tbody><tr><td>Modelo<\/td><td>Tamanho m\u00e1ximo de forma\u00e7\u00e3o (cm)<\/td><td>Capacidade<\/td><td>Pot\u00eancia (kw)<\/td><td>Dimens\u00e3o (lxwxh)<\/td><td>Peso (kg)<\/td><\/tr><tr><td>2cabe\u00e7as tanque 4esta\u00e7\u00e3o<\/td><td>10\u2033<\/td><td>480 vezes\/h<\/td><td>4kw\/380v<\/td><td>2\u00d71,2\u00d71,85(h)m<\/td><td>500<\/td><\/tr><tr><td>2cabe\u00e7a 2tanque 4esta\u00e7\u00e3o<\/td><td>18\u2033<\/td><td>480 vezes\/h<\/td><td>6kw\/380y<\/td><td>2,9\u00d71,6\u00d72,2(h)m<\/td><td>800<\/td><\/tr><\/tbody><\/table><\/figure>\n<\/div>\n<\/div>","protected":false},"excerpt":{"rendered":"<p>Esta m\u00e1quina destina-se a esmaltar pratos e pires de cer\u00e2mica de porcelana. F\u00e1cil de utilizar. Podemos fabricar a m\u00e1quina de acordo com os seus pedidos.<\/p>\n<h2>Solu\u00e7\u00e3o \u00fanica para m\u00e1quina de imers\u00e3o de esmalte:<\/h2>\n<ol>\n<li>Instala\u00e7\u00e3o e assist\u00eancia t\u00e9cnica: A nossa equipa instala e configura a m\u00e1quina de envidra\u00e7amento para a sua f\u00e1brica. E fornecer\u00e1 orienta\u00e7\u00e3o t\u00e9cnica relevante<\/li>\n<li>Personaliza\u00e7\u00e3o: Oferecemos op\u00e7\u00f5es de personaliza\u00e7\u00e3o para adaptar a m\u00e1quina de acordo com os seus requisitos de produ\u00e7\u00e3o espec\u00edficos.<\/li>\n<li>Fornecimento de pe\u00e7as sobressalentes: Fornecemos pe\u00e7as sobressalentes de alta qualidade para garantir o funcionamento cont\u00ednuo do equipamento.<\/li>\n<\/ol>","protected":false},"featured_media":3756,"template":"","meta":{"_acf_changed":false},"product_brand":[],"product_cat":[57],"product_tag":[78],"class_list":{"0":"post-3751","1":"product","2":"type-product","3":"status-publish","4":"has-post-thumbnail","6":"product_cat-ceramic-glazing-machine","7":"product_tag-glaze-dipping-machine","9":"first","10":"instock","11":"shipping-taxable","12":"product-type-simple"},"acf":{"customization_content":"<h2><\/h2>\r\n<div><\/div>","customization_content_source":{"label":"Customization Content","type":"wysiwyg","formatted_value":"<h2><\/h2>\n<div><\/div>\n"},"why_choose_us_content":"<h2 style=\"text-align: center;\">Why Choose Us as Your Glaze Dipping Machine Supplier<\/h2>\r\n\r\n<hr \/>\r\n<p style=\"text-align: center;\">Yutai as a ceramic tableware manufacturer, maintains strict quality standards and excellent service. Revolutionize your manufacturing processes with cutting-edge automation technology that streamlines forming and enhances efficiency.<\/p>","why_choose_us_content_source":{"label":"Why Choose Us Content","type":"wysiwyg","formatted_value":"<h2 style=\"text-align: center;\">Why Choose Us as Your Glaze Dipping Machine Supplier<\/h2>\n<hr \/>\n<p style=\"text-align: center;\">Yutai as a ceramic tableware manufacturer, maintains strict quality standards and excellent service. Revolutionize your manufacturing processes with cutting-edge automation technology that streamlines forming and enhances efficiency.<\/p>\n"}},"_links":{"self":[{"href":"https:\/\/yutaimachinery.com\/pt\/wp-json\/wp\/v2\/product\/3751","targetHints":{"allow":["GET"]}}],"collection":[{"href":"https:\/\/yutaimachinery.com\/pt\/wp-json\/wp\/v2\/product"}],"about":[{"href":"https:\/\/yutaimachinery.com\/pt\/wp-json\/wp\/v2\/types\/product"}],"version-history":[{"count":0,"href":"https:\/\/yutaimachinery.com\/pt\/wp-json\/wp\/v2\/product\/3751\/revisions"}],"wp:featuredmedia":[{"embeddable":true,"href":"https:\/\/yutaimachinery.com\/pt\/wp-json\/wp\/v2\/media\/3756"}],"wp:attachment":[{"href":"https:\/\/yutaimachinery.com\/pt\/wp-json\/wp\/v2\/media?parent=3751"}],"wp:term":[{"taxonomy":"product_brand","embeddable":true,"href":"https:\/\/yutaimachinery.com\/pt\/wp-json\/wp\/v2\/product_brand?post=3751"},{"taxonomy":"product_cat","embeddable":true,"href":"https:\/\/yutaimachinery.com\/pt\/wp-json\/wp\/v2\/product_cat?post=3751"},{"taxonomy":"product_tag","embeddable":true,"href":"https:\/\/yutaimachinery.com\/pt\/wp-json\/wp\/v2\/product_tag?post=3751"}],"curies":[{"name":"wp","href":"https:\/\/api.w.org\/{rel}","templated":true}]}}