{"id":3736,"date":"2024-04-14T10:38:13","date_gmt":"2024-04-14T02:38:13","guid":{"rendered":"https:\/\/yutaimachinery.com\/?post_type=product&#038;p=3736"},"modified":"2025-12-14T14:31:10","modified_gmt":"2025-12-14T06:31:10","slug":"maquina-de-jigger-para-ceramica","status":"publish","type":"product","link":"https:\/\/yutaimachinery.com\/pt\/product\/jigger-machine-ceramic\/","title":{"rendered":"M\u00e1quina cer\u00e2mica Jigger, enrolamento semiautom\u00e1tico para produ\u00e7\u00e3o de canecas, pratos, tigelas e potes"},"content":{"rendered":"<h2 class=\"wp-block-heading\">Par\u00e2metros da m\u00e1quina de moldagem cer\u00e2mica<\/h2>\n\n\n\n<figure class=\"wp-block-table\"><table class=\"has-fixed-layout\"><tbody><tr><td><strong>Modelo<\/strong><\/td><td><strong>Tamanho do suporte do molde<\/strong><\/td><td><strong>Tamanho m\u00e1ximo de moldagem<\/strong><\/td><td><strong>Capacidade<\/strong><\/td><td><strong>Pot\u00eancia (kw)<\/strong><\/td><td><strong>Dimens\u00e3o (xwxh)<\/strong><\/td><td><strong>Peso (KGs)<\/strong><\/td><\/tr><tr><td>S<\/td><td>300 mm<\/td><td>\u22648\u2033 H\u226417cm<\/td><td>360PCS\/H<\/td><td>2,2kw<\/td><td>150x80x150(h)<\/td><td>400<\/td><\/tr><tr><td>M<\/td><td>393 mm<\/td><td>\u226412\u2033 H\u226422cm<\/td><td>300PCS\/H<\/td><td>3kw<\/td><td>155x87x155(h)<\/td><td>500<\/td><\/tr><tr><td>L<\/td><td>445 mm<\/td><td>\u226413\u2033 H\u226417cm<\/td><td>240PCS\/H<\/td><td>5kw<\/td><td>160x95x160(h)<\/td><td>800<\/td><\/tr><tr><td>XL<\/td><td>485 mm<\/td><td>\u226416\u2033 H\u226417cm<\/td><td>180PCS\/H<\/td><td>5,5kw<\/td><td>165x100x165(h)<\/td><td>1000<\/td><\/tr><\/tbody><\/table><\/figure>\n\n\n\n<div class=\"wp-block-columns is-layout-flex wp-container-core-columns-is-layout-9d6595d7 wp-block-columns-is-layout-flex\">\n<div class=\"wp-block-column is-layout-flow wp-block-column-is-layout-flow\">\n<figure class=\"wp-block-embed is-type-video is-provider-youtube wp-block-embed-youtube wp-embed-aspect-4-3 wp-has-aspect-ratio\"><div class=\"wp-block-embed__wrapper\">\n<iframe title=\"m\u00e1quina de jiggering\" width=\"940\" height=\"705\" src=\"https:\/\/www.youtube.com\/embed\/bsFBigVrgwI?feature=oembed\" frameborder=\"0\" allow=\"accelerometer; autoplay; clipboard-write; encrypted-media; gyroscope; picture-in-picture; web-share\" referrerpolicy=\"strict-origin-when-cross-origin\" allowfullscreen><\/iframe>\n<\/div><\/figure>\n<\/div>\n\n\n\n<div class=\"wp-block-column is-layout-flow wp-block-column-is-layout-flow\">\n<h2 class=\"wp-block-heading\">Caracter\u00edsticas da m\u00e1quina de moldagem cer\u00e2mica<\/h2>\n\n\n\n<p><strong>Opera\u00e7\u00e3o semiautom\u00e1tica:<\/strong> A alimenta\u00e7\u00e3o manual combinada com a forma\u00e7\u00e3o autom\u00e1tica garante um moldagem precisa, mantendo os custos baixos.<\/p>\n\n\n\n<p><strong>Econ\u00f3mico e pr\u00e1tico: <\/strong>Ideal para f\u00e1bricas de cer\u00e2mica de pequeno a m\u00e9dio porte, proporcionando produ\u00e7\u00e3o est\u00e1vel com investimento m\u00ednimo.<\/p>\n\n\n\n<p><strong>Ampla gama de produtos: <\/strong>Adequado para v\u00e1rios produtos de lou\u00e7a de cer\u00e2mica e utens\u00edlios de mesa, incluindo ch\u00e1venas, pratos, tigelas, panelas e jarros.<\/p>\n\n\n\n<p><strong>Qualidade consistente: <\/strong>Garante superf\u00edcies lisas, espessura uniforme e dimens\u00f5es precisas.<\/p>\n\n\n\n<p><strong>F\u00e1cil de operar:<\/strong> A configura\u00e7\u00e3o simples e a opera\u00e7\u00e3o intuitiva reduzem a curva de aprendizagem para os operadores.<\/p>\n\n\n\n<p><strong>Dur\u00e1vel e fi\u00e1vel: <\/strong>Constru\u00eddo com materiais de alta qualidade para opera\u00e7\u00e3o de longo prazo e baixos requisitos de manuten\u00e7\u00e3o. Opera\u00e7\u00e3o semiautom\u00e1tica.<\/p>\n<\/div>\n<\/div>","protected":false},"excerpt":{"rendered":"<p>A m\u00e1quina de moldagem cer\u00e2mica \u00e9 uma m\u00e1quina de moldagem semiautom\u00e1tica projetada para a produ\u00e7\u00e3o eficiente de canecas, pratos, tigelas, jarros e potes de cer\u00e2mica. A m\u00e1quina possui alimenta\u00e7\u00e3o manual de argila e moldagem autom\u00e1tica, oferecendo uma solu\u00e7\u00e3o econ\u00f4mica e pr\u00e1tica para a fabrica\u00e7\u00e3o de cer\u00e2mica em pequena e m\u00e9dia escala. Solicite um or\u00e7amento agora!<\/p>\n<h2>Solu\u00e7\u00e3o completa para a m\u00e1quina de moldagem cer\u00e2mica:<\/h2>\n<ol>\n<li><strong>Orienta\u00e7\u00e3o para configura\u00e7\u00e3o e instala\u00e7\u00e3o da m\u00e1quina:<\/strong> Suporte no local ou remoto para garantir a montagem, o alinhamento e a opera\u00e7\u00e3o segura adequados.<\/li>\n<li><strong>Forma\u00e7\u00e3o de operadores:<\/strong> Forma\u00e7\u00e3o pr\u00e1tica sobre alimenta\u00e7\u00e3o manual, opera\u00e7\u00e3o da m\u00e1quina, ajustes de conforma\u00e7\u00e3o e manuten\u00e7\u00e3o b\u00e1sica.<\/li>\n<li><strong>Orienta\u00e7\u00e3o do processo:<\/strong> Conselhos sobre a forma\u00e7\u00e3o de diferentes produtos cer\u00e2micos, tais como canecas, pratos, tigelas, jarros e artigos decorativos, para obter uma qualidade consistente.<\/li>\n<li><strong>Suporte \u00e0 manuten\u00e7\u00e3o e resolu\u00e7\u00e3o de problemas:<\/strong> Assist\u00eancia t\u00e9cnica de resposta r\u00e1pida para minimizar o tempo de inatividade e garantir uma produ\u00e7\u00e3o tranquila.<\/li>\n<li><strong>Consulta de personaliza\u00e7\u00e3o:<\/strong> Orienta\u00e7\u00e3o sobre a adapta\u00e7\u00e3o de moldes, configura\u00e7\u00f5es de m\u00e1quinas ou pequenas modifica\u00e7\u00f5es para se adequar aos seus tipos espec\u00edficos de produtos e tamanhos de lotes.<\/li>\n<li><strong>Fornecimento de pe\u00e7as sobressalentes:<\/strong> Disponibilidade fi\u00e1vel de pe\u00e7as sobressalentes de alta qualidade para uma opera\u00e7\u00e3o a longo prazo.<\/li>\n<li><strong>Otimiza\u00e7\u00e3o da efici\u00eancia da produ\u00e7\u00e3o:<\/strong> Dicas e solu\u00e7\u00f5es para melhorar a velocidade de conforma\u00e7\u00e3o, reduzir defeitos e manter espessura e acabamento superficial uniformes.<\/li>\n<\/ol>","protected":false},"featured_media":3745,"template":"","meta":{"_acf_changed":false},"product_brand":[],"product_cat":[55],"product_tag":[77],"class_list":{"0":"post-3736","1":"product","2":"type-product","3":"status-publish","4":"has-post-thumbnail","6":"product_cat-ceramic-forming-machine","7":"product_tag-jigger-machine","9":"first","10":"instock","11":"shipping-taxable","12":"product-type-simple"},"acf":{"customization_content":"<h2><\/h2>\r\n<div><\/div>","customization_content_source":{"label":"Customization Content","type":"wysiwyg","formatted_value":"<h2><\/h2>\n<div><\/div>\n"},"why_choose_us_content":"<h2 style=\"text-align: center;\">Why Choose Us as Your Jigger Machine Ceramic Supplier<\/h2>\r\n\r\n<hr \/>\r\n<p style=\"text-align: center;\">Yutai as a ceramic tableware manufacturer, maintains strict quality standards and excellent service. Revolutionize your manufacturing processes with cutting-edge automation technology that streamlines forming and enhances efficiency.<\/p>","why_choose_us_content_source":{"label":"Why Choose Us Content","type":"wysiwyg","formatted_value":"<h2 style=\"text-align: center;\">Why Choose Us as Your Jigger Machine Ceramic Supplier<\/h2>\n<hr \/>\n<p style=\"text-align: center;\">Yutai as a ceramic tableware manufacturer, maintains strict quality standards and excellent service. Revolutionize your manufacturing processes with cutting-edge automation technology that streamlines forming and enhances efficiency.<\/p>\n"}},"_links":{"self":[{"href":"https:\/\/yutaimachinery.com\/pt\/wp-json\/wp\/v2\/product\/3736","targetHints":{"allow":["GET"]}}],"collection":[{"href":"https:\/\/yutaimachinery.com\/pt\/wp-json\/wp\/v2\/product"}],"about":[{"href":"https:\/\/yutaimachinery.com\/pt\/wp-json\/wp\/v2\/types\/product"}],"version-history":[{"count":0,"href":"https:\/\/yutaimachinery.com\/pt\/wp-json\/wp\/v2\/product\/3736\/revisions"}],"wp:featuredmedia":[{"embeddable":true,"href":"https:\/\/yutaimachinery.com\/pt\/wp-json\/wp\/v2\/media\/3745"}],"wp:attachment":[{"href":"https:\/\/yutaimachinery.com\/pt\/wp-json\/wp\/v2\/media?parent=3736"}],"wp:term":[{"taxonomy":"product_brand","embeddable":true,"href":"https:\/\/yutaimachinery.com\/pt\/wp-json\/wp\/v2\/product_brand?post=3736"},{"taxonomy":"product_cat","embeddable":true,"href":"https:\/\/yutaimachinery.com\/pt\/wp-json\/wp\/v2\/product_cat?post=3736"},{"taxonomy":"product_tag","embeddable":true,"href":"https:\/\/yutaimachinery.com\/pt\/wp-json\/wp\/v2\/product_tag?post=3736"}],"curies":[{"name":"wp","href":"https:\/\/api.w.org\/{rel}","templated":true}]}}