{"id":3722,"date":"2024-04-13T19:14:22","date_gmt":"2024-04-13T11:14:22","guid":{"rendered":"https:\/\/yutaimachinery.com\/?post_type=product&#038;p=3722"},"modified":"2025-10-22T16:07:32","modified_gmt":"2025-10-22T08:07:32","slug":"maquina-de-envidracamento","status":"publish","type":"product","link":"https:\/\/yutaimachinery.com\/pt\/product\/glazing-machine\/","title":{"rendered":"M\u00e1quina autom\u00e1tica de esmaltagem de cer\u00e2mica de 12 esta\u00e7\u00f5es para pratos, ta\u00e7as e tigelas"},"content":{"rendered":"<div class=\"wp-block-columns is-layout-flex wp-container-core-columns-is-layout-9d6595d7 wp-block-columns-is-layout-flex\">\n<div class=\"wp-block-column is-layout-flow wp-block-column-is-layout-flow\">\n<figure class=\"wp-block-embed is-type-video is-provider-youtube wp-block-embed-youtube wp-embed-aspect-16-9 wp-has-aspect-ratio\"><div class=\"wp-block-embed__wrapper\">\n<iframe title=\"canecas de cer\u00e2mica\/porcelana ta\u00e7as ch\u00e1venas pires m\u00e1quina de imers\u00e3o de esmalte\" width=\"940\" height=\"529\" src=\"https:\/\/www.youtube.com\/embed\/2WBb_F7nhmk?feature=oembed\" frameborder=\"0\" allow=\"accelerometer; autoplay; clipboard-write; encrypted-media; gyroscope; picture-in-picture; web-share\" referrerpolicy=\"strict-origin-when-cross-origin\" allowfullscreen><\/iframe>\n<\/div><\/figure>\n<\/div>\n\n\n\n<div class=\"wp-block-column is-layout-flow wp-block-column-is-layout-flow\">\n<h2 class=\"wp-block-heading\">Par\u00e2metros da m\u00e1quina de envidra\u00e7amento autom\u00e1tico<\/h2>\n\n\n\n<figure class=\"wp-block-table\"><table><tbody><tr><td><strong>Modelo<\/strong><\/td><td>150<\/td><\/tr><tr><td><strong>Tamanho m\u00e1ximo de enforma\u00e7\u00e3o<\/strong><\/td><td>6\u2033 e canecas<\/td><\/tr><tr><td><strong>Capacidade<\/strong><\/td><td>36pcs\/m<\/td><\/tr><tr><td><strong>Pot\u00eancia (kw)<\/strong><\/td><td>2kw\/380v<\/td><\/tr><tr><td><strong>Dimens\u00e3o (lxwxh)<\/strong><\/td><td>2\u00d74,2\u00d71,4m(h)<\/td><\/tr><tr><td><strong>Peso (kg)<\/strong><\/td><td>400<\/td><\/tr><tr><td><strong>Esta\u00e7\u00e3o de trabalho<\/strong><\/td><td>12<\/td><\/tr><\/tbody><\/table><\/figure>\n\n\n\n<h2 class=\"wp-block-heading\"><strong>M\u00e1quina autom\u00e1tica para vitrifica\u00e7\u00e3o de cer\u00e2mica<\/strong> <strong>Caracter\u00edsticas<\/strong><\/h2>\n\n\n\n<p>A m\u00e1quina de vidragem pode rodar e mergulhar automaticamente os produtos cer\u00e2micos, revestindo uniformemente todo o produto por dentro e por fora, adequado para pequenas tigelas, ch\u00e1venas e pequenos pratos. Uma produ\u00e7\u00e3o eficiente tamb\u00e9m pode reduzir o consumo de energia.<\/p>\n<\/div>\n<\/div>\n\n\n\n<div class=\"wp-block-columns is-layout-flex wp-container-core-columns-is-layout-9d6595d7 wp-block-columns-is-layout-flex\">\n<div class=\"wp-block-column is-layout-flow wp-block-column-is-layout-flow\">\n<figure class=\"wp-block-image size-full\"><img fetchpriority=\"high\" decoding=\"async\" width=\"640\" height=\"640\" src=\"https:\/\/yutaimachinery.com\/wp-content\/uploads\/2024\/04\/ceramic-glazing-machine-for-Ceramic-Plates-Bowls-Glaze-Dipping-5.webp\" alt=\"M\u00e1quina de esmaltagem de cer\u00e2mica para pratos de cer\u00e2mica Ta\u00e7as de esmaltagem\" class=\"wp-image-5969\" title=\"\" srcset=\"https:\/\/yutaimachinery.com\/wp-content\/uploads\/2024\/04\/ceramic-glazing-machine-for-Ceramic-Plates-Bowls-Glaze-Dipping-5.webp 640w, https:\/\/yutaimachinery.com\/wp-content\/uploads\/2024\/04\/ceramic-glazing-machine-for-Ceramic-Plates-Bowls-Glaze-Dipping-5-300x300.webp 300w, https:\/\/yutaimachinery.com\/wp-content\/uploads\/2024\/04\/ceramic-glazing-machine-for-Ceramic-Plates-Bowls-Glaze-Dipping-5-150x150.webp 150w, https:\/\/yutaimachinery.com\/wp-content\/uploads\/2024\/04\/ceramic-glazing-machine-for-Ceramic-Plates-Bowls-Glaze-Dipping-5-12x12.webp 12w, https:\/\/yutaimachinery.com\/wp-content\/uploads\/2024\/04\/ceramic-glazing-machine-for-Ceramic-Plates-Bowls-Glaze-Dipping-5-285x285.webp 285w, https:\/\/yutaimachinery.com\/wp-content\/uploads\/2024\/04\/ceramic-glazing-machine-for-Ceramic-Plates-Bowls-Glaze-Dipping-5-270x270.webp 270w, https:\/\/yutaimachinery.com\/wp-content\/uploads\/2024\/04\/ceramic-glazing-machine-for-Ceramic-Plates-Bowls-Glaze-Dipping-5-540x540.webp 540w\" sizes=\"(max-width: 640px) 100vw, 640px\" \/><\/figure>\n<\/div>\n\n\n\n<div class=\"wp-block-column is-layout-flow wp-block-column-is-layout-flow\">\n<figure class=\"wp-block-image size-full\"><img decoding=\"async\" width=\"640\" height=\"640\" src=\"https:\/\/yutaimachinery.com\/wp-content\/uploads\/2024\/04\/ceramic-glazing-machine-for-Ceramic-Plates-Bowls-Glaze-Dipping-4.webp\" alt=\"M\u00e1quina de esmaltagem de cer\u00e2mica para pratos de cer\u00e2mica Ta\u00e7as de esmaltagem\" class=\"wp-image-5968\" title=\"\" srcset=\"https:\/\/yutaimachinery.com\/wp-content\/uploads\/2024\/04\/ceramic-glazing-machine-for-Ceramic-Plates-Bowls-Glaze-Dipping-4.webp 640w, https:\/\/yutaimachinery.com\/wp-content\/uploads\/2024\/04\/ceramic-glazing-machine-for-Ceramic-Plates-Bowls-Glaze-Dipping-4-300x300.webp 300w, https:\/\/yutaimachinery.com\/wp-content\/uploads\/2024\/04\/ceramic-glazing-machine-for-Ceramic-Plates-Bowls-Glaze-Dipping-4-150x150.webp 150w, https:\/\/yutaimachinery.com\/wp-content\/uploads\/2024\/04\/ceramic-glazing-machine-for-Ceramic-Plates-Bowls-Glaze-Dipping-4-12x12.webp 12w, https:\/\/yutaimachinery.com\/wp-content\/uploads\/2024\/04\/ceramic-glazing-machine-for-Ceramic-Plates-Bowls-Glaze-Dipping-4-285x285.webp 285w, https:\/\/yutaimachinery.com\/wp-content\/uploads\/2024\/04\/ceramic-glazing-machine-for-Ceramic-Plates-Bowls-Glaze-Dipping-4-270x270.webp 270w, https:\/\/yutaimachinery.com\/wp-content\/uploads\/2024\/04\/ceramic-glazing-machine-for-Ceramic-Plates-Bowls-Glaze-Dipping-4-540x540.webp 540w\" sizes=\"(max-width: 640px) 100vw, 640px\" \/><\/figure>\n<\/div>\n<\/div>\n\n\n\n<div class=\"wp-block-columns is-layout-flex wp-container-core-columns-is-layout-9d6595d7 wp-block-columns-is-layout-flex\">\n<div class=\"wp-block-column is-layout-flow wp-block-column-is-layout-flow\">\n<figure class=\"wp-block-image size-full\"><img decoding=\"async\" width=\"640\" height=\"640\" src=\"https:\/\/yutaimachinery.com\/wp-content\/uploads\/2024\/04\/ceramic-glazing-machine-for-Ceramic-Plates-Bowls-Glaze-Dipping-2.webp\" alt=\"M\u00e1quina de esmaltagem de cer\u00e2mica para pratos de cer\u00e2mica Ta\u00e7as de esmaltagem\" class=\"wp-image-5966\" title=\"\" srcset=\"https:\/\/yutaimachinery.com\/wp-content\/uploads\/2024\/04\/ceramic-glazing-machine-for-Ceramic-Plates-Bowls-Glaze-Dipping-2.webp 640w, https:\/\/yutaimachinery.com\/wp-content\/uploads\/2024\/04\/ceramic-glazing-machine-for-Ceramic-Plates-Bowls-Glaze-Dipping-2-300x300.webp 300w, https:\/\/yutaimachinery.com\/wp-content\/uploads\/2024\/04\/ceramic-glazing-machine-for-Ceramic-Plates-Bowls-Glaze-Dipping-2-150x150.webp 150w, https:\/\/yutaimachinery.com\/wp-content\/uploads\/2024\/04\/ceramic-glazing-machine-for-Ceramic-Plates-Bowls-Glaze-Dipping-2-12x12.webp 12w, https:\/\/yutaimachinery.com\/wp-content\/uploads\/2024\/04\/ceramic-glazing-machine-for-Ceramic-Plates-Bowls-Glaze-Dipping-2-285x285.webp 285w, https:\/\/yutaimachinery.com\/wp-content\/uploads\/2024\/04\/ceramic-glazing-machine-for-Ceramic-Plates-Bowls-Glaze-Dipping-2-270x270.webp 270w, https:\/\/yutaimachinery.com\/wp-content\/uploads\/2024\/04\/ceramic-glazing-machine-for-Ceramic-Plates-Bowls-Glaze-Dipping-2-540x540.webp 540w\" sizes=\"(max-width: 640px) 100vw, 640px\" \/><\/figure>\n<\/div>\n\n\n\n<div class=\"wp-block-column is-layout-flow wp-block-column-is-layout-flow\">\n<figure class=\"wp-block-image size-full\"><img loading=\"lazy\" decoding=\"async\" width=\"640\" height=\"640\" src=\"https:\/\/yutaimachinery.com\/wp-content\/uploads\/2024\/04\/ceramic-glazing-machine-for-Ceramic-Plates-Bowls-Glaze-Dipping-1.webp\" alt=\"M\u00e1quina de esmaltagem de cer\u00e2mica para pratos de cer\u00e2mica Ta\u00e7as de esmaltagem\" class=\"wp-image-5965\" title=\"\" srcset=\"https:\/\/yutaimachinery.com\/wp-content\/uploads\/2024\/04\/ceramic-glazing-machine-for-Ceramic-Plates-Bowls-Glaze-Dipping-1.webp 640w, https:\/\/yutaimachinery.com\/wp-content\/uploads\/2024\/04\/ceramic-glazing-machine-for-Ceramic-Plates-Bowls-Glaze-Dipping-1-300x300.webp 300w, https:\/\/yutaimachinery.com\/wp-content\/uploads\/2024\/04\/ceramic-glazing-machine-for-Ceramic-Plates-Bowls-Glaze-Dipping-1-150x150.webp 150w, https:\/\/yutaimachinery.com\/wp-content\/uploads\/2024\/04\/ceramic-glazing-machine-for-Ceramic-Plates-Bowls-Glaze-Dipping-1-12x12.webp 12w, https:\/\/yutaimachinery.com\/wp-content\/uploads\/2024\/04\/ceramic-glazing-machine-for-Ceramic-Plates-Bowls-Glaze-Dipping-1-285x285.webp 285w, https:\/\/yutaimachinery.com\/wp-content\/uploads\/2024\/04\/ceramic-glazing-machine-for-Ceramic-Plates-Bowls-Glaze-Dipping-1-270x270.webp 270w, https:\/\/yutaimachinery.com\/wp-content\/uploads\/2024\/04\/ceramic-glazing-machine-for-Ceramic-Plates-Bowls-Glaze-Dipping-1-540x540.webp 540w\" sizes=\"(max-width: 640px) 100vw, 640px\" \/><\/figure>\n<\/div>\n<\/div>","protected":false},"excerpt":{"rendered":"<p>M\u00e1quina de envidra\u00e7amento autom\u00e1tica a pre\u00e7o de f\u00e1brica para pequenas ta\u00e7as, copos, pratos pequenos todo o produto dentro e fora do envidra\u00e7amento. Opera\u00e7\u00e3o simples, economizando custos de m\u00e3o de obra.<\/p>\n<h2>Solu\u00e7\u00e3o \u00fanica para m\u00e1quinas de envidra\u00e7amento autom\u00e1tico:<\/h2>\n<ol>\n<li>\n<p>Assist\u00eancia na instala\u00e7\u00e3o: Posso oferecer orienta\u00e7\u00e3o e apoio na instala\u00e7\u00e3o do filtro magn\u00e9tico, garantindo a sua configura\u00e7\u00e3o correta e o seu funcionamento ideal.<\/p>\n<\/li>\n<li>Pe\u00e7as de reposi\u00e7\u00e3o: Disponibilizo uma gama de pe\u00e7as sobressalentes para o filtro magn\u00e9tico, garantindo substitui\u00e7\u00f5es r\u00e1pidas e f\u00e1ceis sempre que necess\u00e1rio para minimizar o tempo de inatividade.<\/li>\n<li>Apoio p\u00f3s-venda: Comprometo-me a fornecer apoio e assist\u00eancia cont\u00ednuos para garantir a sua satisfa\u00e7\u00e3o com o filtro magn\u00e9tico e a sua boa utiliza\u00e7\u00e3o na sua linha de produ\u00e7\u00e3o.<\/li>\n<\/ol>","protected":false},"featured_media":3724,"template":"","meta":{"_acf_changed":false},"product_brand":[],"product_cat":[57],"product_tag":[],"class_list":{"0":"post-3722","1":"product","2":"type-product","3":"status-publish","4":"has-post-thumbnail","6":"product_cat-ceramic-glazing-machine","8":"first","9":"instock","10":"shipping-taxable","11":"product-type-simple"},"acf":{"customization_content":"<h2><\/h2>\r\n<div><\/div>","customization_content_source":{"label":"Customization Content","type":"wysiwyg","formatted_value":"<h2><\/h2>\n<div><\/div>\n"},"why_choose_us_content":"<h2 style=\"text-align: center;\">Why Choose Us as Your Automatic Glazing Machine Supplier<\/h2>\r\n\r\n<hr \/>\r\n<p style=\"text-align: center;\">Yutai as a ceramic tableware manufacturer, maintains strict quality standards and excellent service. Revolutionize your manufacturing processes with cutting-edge automation technology that streamlines forming and enhances efficiency.<\/p>","why_choose_us_content_source":{"label":"Why Choose Us Content","type":"wysiwyg","formatted_value":"<h2 style=\"text-align: center;\">Why Choose Us as Your Automatic Glazing Machine Supplier<\/h2>\n<hr \/>\n<p style=\"text-align: center;\">Yutai as a ceramic tableware manufacturer, maintains strict quality standards and excellent service. Revolutionize your manufacturing processes with cutting-edge automation technology that streamlines forming and enhances efficiency.<\/p>\n"}},"_links":{"self":[{"href":"https:\/\/yutaimachinery.com\/pt\/wp-json\/wp\/v2\/product\/3722","targetHints":{"allow":["GET"]}}],"collection":[{"href":"https:\/\/yutaimachinery.com\/pt\/wp-json\/wp\/v2\/product"}],"about":[{"href":"https:\/\/yutaimachinery.com\/pt\/wp-json\/wp\/v2\/types\/product"}],"version-history":[{"count":0,"href":"https:\/\/yutaimachinery.com\/pt\/wp-json\/wp\/v2\/product\/3722\/revisions"}],"wp:featuredmedia":[{"embeddable":true,"href":"https:\/\/yutaimachinery.com\/pt\/wp-json\/wp\/v2\/media\/3724"}],"wp:attachment":[{"href":"https:\/\/yutaimachinery.com\/pt\/wp-json\/wp\/v2\/media?parent=3722"}],"wp:term":[{"taxonomy":"product_brand","embeddable":true,"href":"https:\/\/yutaimachinery.com\/pt\/wp-json\/wp\/v2\/product_brand?post=3722"},{"taxonomy":"product_cat","embeddable":true,"href":"https:\/\/yutaimachinery.com\/pt\/wp-json\/wp\/v2\/product_cat?post=3722"},{"taxonomy":"product_tag","embeddable":true,"href":"https:\/\/yutaimachinery.com\/pt\/wp-json\/wp\/v2\/product_tag?post=3722"}],"curies":[{"name":"wp","href":"https:\/\/api.w.org\/{rel}","templated":true}]}}