{"id":3694,"date":"2024-04-13T00:33:53","date_gmt":"2024-04-12T16:33:53","guid":{"rendered":"https:\/\/yutaimachinery.com\/?post_type=product&#038;p=3694"},"modified":"2024-04-14T14:30:42","modified_gmt":"2024-04-14T06:30:42","slug":"filtro-magnetico","status":"publish","type":"product","link":"https:\/\/yutaimachinery.com\/pt\/product\/magnetic-filter\/","title":{"rendered":"Filtro Magn\u00e9tico Eletromagn\u00e9tico H\u00famido Autom\u00e1tico para Remo\u00e7\u00e3o de Ferro em Cer\u00e2mica"},"content":{"rendered":"<div class=\"wp-block-columns is-layout-flex wp-container-core-columns-is-layout-9d6595d7 wp-block-columns-is-layout-flex\">\n<div class=\"wp-block-column is-layout-flow wp-block-column-is-layout-flow\">\n<figure class=\"wp-block-image size-full is-resized\"><img decoding=\"async\" width=\"190\" height=\"190\" src=\"https:\/\/yutaimachinery.com\/wp-content\/uploads\/2024\/04\/Automatic-Magnetic-Filter.webp\" alt=\"\" class=\"wp-image-3695\" style=\"width:387px;height:auto\" title=\"\" srcset=\"https:\/\/yutaimachinery.com\/wp-content\/uploads\/2024\/04\/Automatic-Magnetic-Filter.webp 190w, https:\/\/yutaimachinery.com\/wp-content\/uploads\/2024\/04\/Automatic-Magnetic-Filter-150x150.webp 150w\" sizes=\"(max-width: 190px) 100vw, 190px\" \/><\/figure>\n<\/div>\n\n\n\n<div class=\"wp-block-column is-layout-flow wp-block-column-is-layout-flow\">\n<h2 class=\"wp-block-heading\"><strong>Caracter\u00edsticas do filtro magn\u00e9tico<\/strong><\/h2>\n\n\n\n<p>O filtro magn\u00e9tico eletromagn\u00e9tico h\u00famido autom\u00e1tico \u00e9 um novo tipo de equipamento autom\u00e1tico de remo\u00e7\u00e3o de ferro, adequado para minerais n\u00e3o met\u00e1licos: feldspato, quartzo, mica, caulino e outros minerais para remover impurezas de ferro para melhorar a qualidade, amplamente utilizado em cer\u00e2mica, qu\u00edmica, minera\u00e7\u00e3o e outras ind\u00fastrias. Programa de controlo de precis\u00e3o totalmente autom\u00e1tico, processo avan\u00e7ado de arrefecimento de \u00f3leo e processo de manuseamento de bobinas. F\u00e1cil de limpar e manter com uma chave, excelente desempenho e elevada for\u00e7a de campo magn\u00e9tico.<\/p>\n<\/div>\n<\/div>\n\n\n\n<h2 class=\"wp-block-heading\"><strong>Par\u00e2metro do filtro magn\u00e9tico<\/strong><\/h2>\n\n\n\n<figure class=\"wp-block-table\"><table><tbody><tr><td>Modelo<\/td><td>Di\u00e2metro da cavidade magn\u00e9tica<\/td><td>Corrente de trabalho<\/td><td>Densidade do fluxo<\/td><td>Capacidade<\/td><td>Peso (kg)<\/td><\/tr><tr><td>250<\/td><td>250 mm<\/td><td>30A<\/td><td>3T<\/td><td>7-15t\/h<\/td><td>1800<\/td><\/tr><tr><td>350<\/td><td>350 mm<\/td><td>60A<\/td><td>3T<\/td><td>18-30t\/h<\/td><td>2500<\/td><\/tr><tr><td>500<\/td><td>500 mm<\/td><td>80A<\/td><td>3T<\/td><td>25-60t\/h<\/td><td>3500<\/td><\/tr><tr><td>700<\/td><td>700 mm<\/td><td>90A<\/td><td>3T<\/td><td>60-100t\/h<\/td><td>8000<\/td><\/tr><tr><td>1000<\/td><td>1000mm<\/td><td>180A<\/td><td>3T<\/td><td>70-150t\/h<\/td><td>14000<\/td><\/tr><\/tbody><\/table><\/figure>","protected":false},"excerpt":{"rendered":"<p>A Yutai Factory Direct fornece apoio t\u00e9cnico. O novo filtro magn\u00e9tico eletromagn\u00e9tico h\u00famido autom\u00e1tico tem um processo avan\u00e7ado de arrefecimento de \u00f3leo, baixo consumo de energia e um efeito \u00f3bvio de remo\u00e7\u00e3o de ferro.<\/p>\n<h2>Solu\u00e7\u00e3o \u00fanica para filtro magn\u00e9tico:<\/h2>\n<ol>\n<li>\n<p>Assist\u00eancia \u00e0 instala\u00e7\u00e3o: Fornecer orienta\u00e7\u00e3o e apoio \u00e0 instala\u00e7\u00e3o de filtros magn\u00e9ticos para garantir que s\u00e3o instalados corretamente e desempenham fun\u00e7\u00f5es \u00f3ptimas.<\/p>\n<\/li>\n<li>\n<p>Pe\u00e7as de substitui\u00e7\u00e3o: Est\u00e1 dispon\u00edvel uma gama de pe\u00e7as sobresselentes originais para garantir uma substitui\u00e7\u00e3o r\u00e1pida e f\u00e1cil, quando necess\u00e1rio, para minimizar o tempo de inatividade.<\/p>\n<\/li>\n<li>\n<p>Apoio p\u00f3s-venda: Apoio cont\u00ednuo e ajuda para que o filtro magn\u00e9tico seja utilizado sem problemas na linha de produ\u00e7\u00e3o.<\/p>\n<\/li>\n<\/ol>","protected":false},"featured_media":3695,"template":"","meta":{"_acf_changed":false},"product_brand":[],"product_cat":[54],"product_tag":[],"class_list":{"0":"post-3694","1":"product","2":"type-product","3":"status-publish","4":"has-post-thumbnail","6":"product_cat-clay-making-machine","8":"first","9":"instock","10":"shipping-taxable","11":"product-type-simple"},"acf":{"customization_content":"<h2><\/h2>\r\n<div><\/div>","customization_content_source":{"label":"Customization Content","type":"wysiwyg","formatted_value":"<h2><\/h2>\n<div><\/div>\n"},"why_choose_us_content":"<h2 style=\"text-align: center;\">Why Choose Us as Your <strong>Magnetic Filter<\/strong> Supplier<\/h2>\r\n\r\n<hr \/>\r\n<p style=\"text-align: center;\">Yutai as a ceramic tableware manufacturer, maintains strict quality standards and excellent service. Revolutionize your manufacturing processes with cutting-edge automation technology that streamlines forming and enhances efficiency.<\/p>","why_choose_us_content_source":{"label":"Why Choose Us Content","type":"wysiwyg","formatted_value":"<h2 style=\"text-align: center;\">Why Choose Us as Your <strong>Magnetic Filter<\/strong> Supplier<\/h2>\n<hr \/>\n<p style=\"text-align: center;\">Yutai as a ceramic tableware manufacturer, maintains strict quality standards and excellent service. Revolutionize your manufacturing processes with cutting-edge automation technology that streamlines forming and enhances efficiency.<\/p>\n"}},"_links":{"self":[{"href":"https:\/\/yutaimachinery.com\/pt\/wp-json\/wp\/v2\/product\/3694","targetHints":{"allow":["GET"]}}],"collection":[{"href":"https:\/\/yutaimachinery.com\/pt\/wp-json\/wp\/v2\/product"}],"about":[{"href":"https:\/\/yutaimachinery.com\/pt\/wp-json\/wp\/v2\/types\/product"}],"version-history":[{"count":0,"href":"https:\/\/yutaimachinery.com\/pt\/wp-json\/wp\/v2\/product\/3694\/revisions"}],"wp:featuredmedia":[{"embeddable":true,"href":"https:\/\/yutaimachinery.com\/pt\/wp-json\/wp\/v2\/media\/3695"}],"wp:attachment":[{"href":"https:\/\/yutaimachinery.com\/pt\/wp-json\/wp\/v2\/media?parent=3694"}],"wp:term":[{"taxonomy":"product_brand","embeddable":true,"href":"https:\/\/yutaimachinery.com\/pt\/wp-json\/wp\/v2\/product_brand?post=3694"},{"taxonomy":"product_cat","embeddable":true,"href":"https:\/\/yutaimachinery.com\/pt\/wp-json\/wp\/v2\/product_cat?post=3694"},{"taxonomy":"product_tag","embeddable":true,"href":"https:\/\/yutaimachinery.com\/pt\/wp-json\/wp\/v2\/product_tag?post=3694"}],"curies":[{"name":"wp","href":"https:\/\/api.w.org\/{rel}","templated":true}]}}