{"id":3678,"date":"2024-04-11T20:06:36","date_gmt":"2024-04-11T12:06:36","guid":{"rendered":"https:\/\/yutaimachinery.com\/?post_type=product&#038;p=3678"},"modified":"2024-04-12T23:17:47","modified_gmt":"2024-04-12T15:17:47","slug":"peneira-vibratoria-2","status":"publish","type":"product","link":"https:\/\/yutaimachinery.com\/pt\/product\/vibrating-sieve\/","title":{"rendered":"Peneira vibrat\u00f3ria de a\u00e7o inoxid\u00e1vel personalizada 80cm 100cm"},"content":{"rendered":"<div class=\"wp-block-columns is-layout-flex wp-container-core-columns-is-layout-9d6595d7 wp-block-columns-is-layout-flex\">\n<div class=\"wp-block-column is-layout-flow wp-block-column-is-layout-flow\">\n<figure class=\"wp-block-image size-full\"><img fetchpriority=\"high\" decoding=\"async\" width=\"600\" height=\"600\" src=\"https:\/\/yutaimachinery.com\/wp-content\/uploads\/2024\/04\/Vibrating-Sieve.webp\" alt=\"Peneira vibrat\u00f3ria\" class=\"wp-image-3681\" title=\"\" srcset=\"https:\/\/yutaimachinery.com\/wp-content\/uploads\/2024\/04\/Vibrating-Sieve.webp 600w, https:\/\/yutaimachinery.com\/wp-content\/uploads\/2024\/04\/Vibrating-Sieve-300x300.webp 300w, https:\/\/yutaimachinery.com\/wp-content\/uploads\/2024\/04\/Vibrating-Sieve-150x150.webp 150w, https:\/\/yutaimachinery.com\/wp-content\/uploads\/2024\/04\/Vibrating-Sieve-285x285.webp 285w, https:\/\/yutaimachinery.com\/wp-content\/uploads\/2024\/04\/Vibrating-Sieve-270x270.webp 270w, https:\/\/yutaimachinery.com\/wp-content\/uploads\/2024\/04\/Vibrating-Sieve-540x540.webp 540w\" sizes=\"(max-width: 600px) 100vw, 600px\" \/><\/figure>\n<\/div>\n\n\n\n<div class=\"wp-block-column is-layout-flow wp-block-column-is-layout-flow\">\n<h2 class=\"wp-block-heading\"><strong>Carater\u00edsticas da peneira vibrat\u00f3ria<\/strong><\/h2>\n\n\n\n<p>Constru\u00e7\u00e3o em a\u00e7o inoxid\u00e1vel: O ecr\u00e3 possui uma estrutura robusta em a\u00e7o inoxid\u00e1vel que garante durabilidade e \u00e9 adequado para uma variedade de aplica\u00e7\u00f5es industriais.<\/p>\n\n\n\n<p>Grande di\u00e2metro do orif\u00edcio do crivo: O di\u00e2metro do orif\u00edcio do crivo \u00e9 de 80 ~ 100 cm, e a \u00e1rea de superf\u00edcie do orif\u00edcio do crivo \u00e9 grande, o que permite um crivo de grande capacidade e uma separa\u00e7\u00e3o eficiente das part\u00edculas.<\/p>\n\n\n\n<p>Malhagem personaliz\u00e1vel: O crivo pode acomodar uma vasta gama de tamanhos de malha, personalizando o tamanho da malha para tamanhos de part\u00edculas espec\u00edficos. Pode filtrar part\u00edculas t\u00e3o finas como 7 microns.<\/p>\n\n\n\n<p>Eficiente: Equipado com um potente motor de vibra\u00e7\u00e3o, as part\u00edculas peneiradas s\u00e3o eficientes e uniformes, melhorando a produtividade das opera\u00e7\u00f5es de manuseamento de materiais.<\/p>\n<\/div>\n<\/div>\n\n\n\n<div class=\"wp-block-columns is-layout-flex wp-container-core-columns-is-layout-9d6595d7 wp-block-columns-is-layout-flex\">\n<div class=\"wp-block-column is-layout-flow wp-block-column-is-layout-flow\"><div class=\"wp-block-image\">\n<figure class=\"aligncenter size-full is-resized\"><img decoding=\"async\" width=\"600\" height=\"600\" src=\"https:\/\/yutaimachinery.com\/wp-content\/uploads\/2024\/04\/Vibrating-Sieve5.webp\" alt=\"Peneira vibrat\u00f3ria\" class=\"wp-image-3686\" style=\"width:404px;height:auto\" title=\"\" srcset=\"https:\/\/yutaimachinery.com\/wp-content\/uploads\/2024\/04\/Vibrating-Sieve5.webp 600w, https:\/\/yutaimachinery.com\/wp-content\/uploads\/2024\/04\/Vibrating-Sieve5-300x300.webp 300w, https:\/\/yutaimachinery.com\/wp-content\/uploads\/2024\/04\/Vibrating-Sieve5-150x150.webp 150w, https:\/\/yutaimachinery.com\/wp-content\/uploads\/2024\/04\/Vibrating-Sieve5-285x285.webp 285w, https:\/\/yutaimachinery.com\/wp-content\/uploads\/2024\/04\/Vibrating-Sieve5-270x270.webp 270w, https:\/\/yutaimachinery.com\/wp-content\/uploads\/2024\/04\/Vibrating-Sieve5-540x540.webp 540w\" sizes=\"(max-width: 600px) 100vw, 600px\" \/><\/figure>\n<\/div><\/div>\n\n\n\n<div class=\"wp-block-column is-layout-flow wp-block-column-is-layout-flow\">\n<h2 class=\"wp-block-heading\"><strong>Par\u00e2metro da peneira vibrat\u00f3ria<\/strong><\/h2>\n\n\n\n<figure class=\"wp-block-table\"><table><tbody><tr><td>Modelo<\/td><td colspan=\"3\">80<\/td><td colspan=\"3\">100<\/td><\/tr><tr><td>Di\u00e2metro da malha (cm)<\/td><td colspan=\"3\">80 cm<\/td><td colspan=\"3\">100cm<\/td><\/tr><tr><td>Pot\u00eancia (kw)<\/td><td colspan=\"3\">1.5KW<\/td><td colspan=\"3\">2,2kw<\/td><\/tr><tr><td>Capacidade<\/td><td colspan=\"3\">8t\/h<\/td><td colspan=\"3\">12t\/h<\/td><\/tr><\/tbody><\/table><\/figure>\n<\/div>\n<\/div>","protected":false},"excerpt":{"rendered":"<p>A peneira vibrat\u00f3ria de a\u00e7o inoxid\u00e1vel \u00e9 usada para peneirar as mat\u00e9rias-primas das ind\u00fastrias de cer\u00e2mica. O dispositivo de tens\u00e3o de a\u00e7o inoxid\u00e1vel \u00e9 adequado, tem baixo ru\u00eddo e grande capacidade. O tamanho da malha \u00e9 personalizado.<\/p>\n<h2>Solu\u00e7\u00e3o \u00fanica para peneira vibrat\u00f3ria :<\/h2>\n<ol>\n<li>Instala\u00e7\u00e3o e configura\u00e7\u00e3o: A nossa equipa fornece servi\u00e7os profissionais de instala\u00e7\u00e3o e configura\u00e7\u00e3o, assegurando que o crivo vibrat\u00f3rio \u00e9 corretamente instalado e configurado para um desempenho \u00f3timo.<\/li>\n<li>Pe\u00e7as de reposi\u00e7\u00e3o: Fornecemos uma gama completa de pe\u00e7as sobresselentes e componentes de alta qualidade para o crivo vibrat\u00f3rio, garantindo uma substitui\u00e7\u00e3o r\u00e1pida e f\u00e1cil sempre que necess\u00e1rio para minimizar o tempo de inatividade.<\/li>\n<li>Personaliza\u00e7\u00e3o: Oferecemos servi\u00e7os de personaliza\u00e7\u00e3o para adaptar a peneira vibrat\u00f3ria \u00e0s necessidades espec\u00edficas do cliente, incluindo tamanhos personalizados, op\u00e7\u00f5es de malha e recursos adicionais.<\/li>\n<\/ol>","protected":false},"featured_media":3681,"template":"","meta":{"_acf_changed":false},"product_brand":[],"product_cat":[54],"product_tag":[74],"class_list":{"0":"post-3678","1":"product","2":"type-product","3":"status-publish","4":"has-post-thumbnail","6":"product_cat-clay-making-machine","7":"product_tag-vibrating-sieve","9":"first","10":"instock","11":"shipping-taxable","12":"product-type-simple"},"acf":{"customization_content":"<h2><\/h2>\r\n<div><\/div>","customization_content_source":{"label":"Customization Content","type":"wysiwyg","formatted_value":"<h2><\/h2>\n<div><\/div>\n"},"why_choose_us_content":"<h2 style=\"text-align: center;\">Why Choose Us as Your <strong>Vibrating Sieve<\/strong> Supplier<\/h2>\r\n\r\n<hr \/>\r\n<p style=\"text-align: center;\">Yutai as a ceramic tableware manufacturer, maintains strict quality standards and excellent service. Revolutionize your manufacturing processes with cutting-edge automation technology that streamlines forming and enhances efficiency.<\/p>","why_choose_us_content_source":{"label":"Why Choose Us Content","type":"wysiwyg","formatted_value":"<h2 style=\"text-align: center;\">Why Choose Us as Your <strong>Vibrating Sieve<\/strong> Supplier<\/h2>\n<hr \/>\n<p style=\"text-align: center;\">Yutai as a ceramic tableware manufacturer, maintains strict quality standards and excellent service. Revolutionize your manufacturing processes with cutting-edge automation technology that streamlines forming and enhances efficiency.<\/p>\n"}},"_links":{"self":[{"href":"https:\/\/yutaimachinery.com\/pt\/wp-json\/wp\/v2\/product\/3678","targetHints":{"allow":["GET"]}}],"collection":[{"href":"https:\/\/yutaimachinery.com\/pt\/wp-json\/wp\/v2\/product"}],"about":[{"href":"https:\/\/yutaimachinery.com\/pt\/wp-json\/wp\/v2\/types\/product"}],"version-history":[{"count":0,"href":"https:\/\/yutaimachinery.com\/pt\/wp-json\/wp\/v2\/product\/3678\/revisions"}],"wp:featuredmedia":[{"embeddable":true,"href":"https:\/\/yutaimachinery.com\/pt\/wp-json\/wp\/v2\/media\/3681"}],"wp:attachment":[{"href":"https:\/\/yutaimachinery.com\/pt\/wp-json\/wp\/v2\/media?parent=3678"}],"wp:term":[{"taxonomy":"product_brand","embeddable":true,"href":"https:\/\/yutaimachinery.com\/pt\/wp-json\/wp\/v2\/product_brand?post=3678"},{"taxonomy":"product_cat","embeddable":true,"href":"https:\/\/yutaimachinery.com\/pt\/wp-json\/wp\/v2\/product_cat?post=3678"},{"taxonomy":"product_tag","embeddable":true,"href":"https:\/\/yutaimachinery.com\/pt\/wp-json\/wp\/v2\/product_tag?post=3678"}],"curies":[{"name":"wp","href":"https:\/\/api.w.org\/{rel}","templated":true}]}}