{"id":3677,"date":"2024-04-11T20:04:46","date_gmt":"2024-04-11T12:04:46","guid":{"rendered":"https:\/\/yutaimachinery.com\/?post_type=product&#038;p=3677"},"modified":"2025-12-14T14:54:15","modified_gmt":"2025-12-14T06:54:15","slug":"maquina-de-jiggering","status":"publish","type":"product","link":"https:\/\/yutaimachinery.com\/pt\/product\/jiggering-machine\/","title":{"rendered":"M\u00e1quina autom\u00e1tica para fabricar canecas de cer\u00e2mica, m\u00e1quina de moldagem"},"content":{"rendered":"<div class=\"wp-block-columns is-layout-flex wp-container-core-columns-is-layout-9d6595d7 wp-block-columns-is-layout-flex\">\n<div class=\"wp-block-column is-layout-flow wp-block-column-is-layout-flow\">\n<figure class=\"wp-block-embed is-type-video is-provider-youtube wp-block-embed-youtube wp-embed-aspect-16-9 wp-has-aspect-ratio\"><div class=\"wp-block-embed__wrapper\">\n<iframe title=\"M\u00e1quina para produ\u00e7\u00e3o de canecas de cer\u00e2mica com al\u00e7a\" width=\"940\" height=\"529\" src=\"https:\/\/www.youtube.com\/embed\/BHIx1WBU9Tc?feature=oembed\" frameborder=\"0\" allow=\"accelerometer; autoplay; clipboard-write; encrypted-media; gyroscope; picture-in-picture; web-share\" referrerpolicy=\"strict-origin-when-cross-origin\" allowfullscreen><\/iframe>\n<\/div><\/figure>\n<\/div>\n\n\n\n<div class=\"wp-block-column is-layout-flow wp-block-column-is-layout-flow\">\n<h2 class=\"wp-block-heading\">Caracter\u00edsticas da m\u00e1quina de jiggering<\/h2>\n\n\n\n<p><strong>Concebido para f\u00e1bricas de lou\u00e7as:<\/strong> Otimizado especificamente para a produ\u00e7\u00e3o de pratos, tigelas e canecas, com forma\u00e7\u00e3o est\u00e1vel e resultados repet\u00edveis.<\/p>\n\n\n\n<p><strong>Conforma\u00e7\u00e3o automatizada por jiggering: <\/strong>Garante espessura uniforme, superf\u00edcies lisas e dimens\u00f5es precisas para a produ\u00e7\u00e3o em massa de lou\u00e7as de mesa.<\/p>\n\n\n\n<p><strong>Secagem e desmoldagem integradas:<\/strong> Otimiza o fluxo de produ\u00e7\u00e3o e reduz o tempo de ciclo para uma maior efici\u00eancia geral.<\/p>\n\n\n\n<p><strong>F\u00e1cil opera\u00e7\u00e3o e manuten\u00e7\u00e3o: <\/strong>O sistema de controlo simples e a estrutura dur\u00e1vel permitem uma opera\u00e7\u00e3o f\u00e1cil e baixos custos de manuten\u00e7\u00e3o.<\/p>\n\n\n\n<p><strong>Produ\u00e7\u00e3o econ\u00f3mica: <\/strong>Reduz as necessidades de m\u00e3o de obra, mantendo uma produ\u00e7\u00e3o consistente, ajudando a diminuir os custos gerais de fabrico.<\/p>\n\n\n\n<p><strong>Estabilidade de n\u00edvel industrial: <\/strong>Constru\u00eddo para opera\u00e7\u00e3o cont\u00ednua em f\u00e1brica, com longa vida \u00fatil e desempenho confi\u00e1vel.<\/p>\n<\/div>\n<\/div>\n\n\n\n<div class=\"wp-block-columns is-layout-flex wp-container-core-columns-is-layout-9d6595d7 wp-block-columns-is-layout-flex\">\n<div class=\"wp-block-column is-layout-flow wp-block-column-is-layout-flow\">\n<figure class=\"wp-block-image size-full\"><img fetchpriority=\"high\" decoding=\"async\" width=\"1276\" height=\"1276\" src=\"https:\/\/yutaimachinery.com\/wp-content\/uploads\/2024\/04\/jiggering-machine4.webp\" alt=\"m\u00e1quina de jiggering\" class=\"wp-image-3701\" title=\"\" srcset=\"https:\/\/yutaimachinery.com\/wp-content\/uploads\/2024\/04\/jiggering-machine4.webp 1276w, https:\/\/yutaimachinery.com\/wp-content\/uploads\/2024\/04\/jiggering-machine4-300x300.webp 300w, https:\/\/yutaimachinery.com\/wp-content\/uploads\/2024\/04\/jiggering-machine4-150x150.webp 150w, https:\/\/yutaimachinery.com\/wp-content\/uploads\/2024\/04\/jiggering-machine4-768x768.webp 768w, https:\/\/yutaimachinery.com\/wp-content\/uploads\/2024\/04\/jiggering-machine4-285x285.webp 285w, https:\/\/yutaimachinery.com\/wp-content\/uploads\/2024\/04\/jiggering-machine4-270x270.webp 270w, https:\/\/yutaimachinery.com\/wp-content\/uploads\/2024\/04\/jiggering-machine4-540x540.webp 540w, https:\/\/yutaimachinery.com\/wp-content\/uploads\/2024\/04\/jiggering-machine4-660x660.webp 660w\" sizes=\"(max-width: 1276px) 100vw, 1276px\" \/><\/figure>\n<\/div>\n\n\n\n<div class=\"wp-block-column is-layout-flow wp-block-column-is-layout-flow\">\n<figure class=\"wp-block-image size-full\"><img decoding=\"async\" width=\"3024\" height=\"3024\" src=\"https:\/\/yutaimachinery.com\/wp-content\/uploads\/2024\/04\/jiggering-machine3.webp\" alt=\"m\u00e1quina de jiggering\" class=\"wp-image-3700\" title=\"\" srcset=\"https:\/\/yutaimachinery.com\/wp-content\/uploads\/2024\/04\/jiggering-machine3.webp 3024w, https:\/\/yutaimachinery.com\/wp-content\/uploads\/2024\/04\/jiggering-machine3-300x300.webp 300w, https:\/\/yutaimachinery.com\/wp-content\/uploads\/2024\/04\/jiggering-machine3-150x150.webp 150w, https:\/\/yutaimachinery.com\/wp-content\/uploads\/2024\/04\/jiggering-machine3-768x768.webp 768w, https:\/\/yutaimachinery.com\/wp-content\/uploads\/2024\/04\/jiggering-machine3-285x285.webp 285w, https:\/\/yutaimachinery.com\/wp-content\/uploads\/2024\/04\/jiggering-machine3-1600x1600.webp 1600w, https:\/\/yutaimachinery.com\/wp-content\/uploads\/2024\/04\/jiggering-machine3-270x270.webp 270w, https:\/\/yutaimachinery.com\/wp-content\/uploads\/2024\/04\/jiggering-machine3-540x540.webp 540w, https:\/\/yutaimachinery.com\/wp-content\/uploads\/2024\/04\/jiggering-machine3-660x660.webp 660w\" sizes=\"(max-width: 3024px) 100vw, 3024px\" \/><\/figure>\n<\/div>\n<\/div>","protected":false},"excerpt":{"rendered":"<p>A M\u00e1quina Autom\u00e1tica para Fabrica\u00e7\u00e3o de Lou\u00e7as de Cer\u00e2mica \u00e9 uma solu\u00e7\u00e3o pr\u00e1tica e econ\u00f4mica projetada para a produ\u00e7\u00e3o de lou\u00e7as de uso di\u00e1rio. \u00c9 ideal para f\u00e1bricas de cer\u00e2mica que buscam produ\u00e7\u00e3o est\u00e1vel, baixo consumo de m\u00e3o de obra e custos de fabrica\u00e7\u00e3o controlados. Entre em contato conosco agora para obter um or\u00e7amento!<\/p>\n<h2>Solu\u00e7\u00e3o completa para m\u00e1quina de fabrico de canecas e ch\u00e1venas de cer\u00e2mica:<\/h2>\n<ol>\n<li><strong>Solu\u00e7\u00f5es completas para linhas de cer\u00e2mica:<\/strong> Suporte completo desde a sele\u00e7\u00e3o de equipamentos, planeamento do layout da linha at\u00e9 a integra\u00e7\u00e3o completa da linha de produ\u00e7\u00e3o.<\/li>\n<li><strong>Personaliza\u00e7\u00e3o do equipamento:<\/strong> Configura\u00e7\u00f5es de m\u00e1quinas adaptadas a diferentes produtos cer\u00e2micos, como pratos, tigelas, canecas e ch\u00e1venas, com base no tamanho, formato e capacidade de produ\u00e7\u00e3o.<\/li>\n<li><strong>Instala\u00e7\u00e3o e coloca\u00e7\u00e3o em funcionamento:<\/strong> Orienta\u00e7\u00e3o t\u00e9cnica no local ou remota para garantir uma opera\u00e7\u00e3o est\u00e1vel e resultados de fundi\u00e7\u00e3o precisos.<\/li>\n<li><strong>Forma\u00e7\u00e3o de operadores e suporte t\u00e9cnico:<\/strong> Forma\u00e7\u00e3o abrangente que cobre a opera\u00e7\u00e3o da m\u00e1quina, manuten\u00e7\u00e3o e controlo de qualidade.<\/li>\n<li><strong>Servi\u00e7o p\u00f3s-venda e fornecimento de pe\u00e7as sobressalentes:<\/strong> Servi\u00e7o t\u00e9cnico de resposta r\u00e1pida, programas de manuten\u00e7\u00e3o preventiva e disponibilidade confi\u00e1vel de pe\u00e7as sobressalentes.<\/li>\n<li><strong>Melhoria da qualidade e otimiza\u00e7\u00e3o do rendimento:<\/strong> Solu\u00e7\u00f5es para reduzir defeitos, melhorar a consist\u00eancia da fundi\u00e7\u00e3o e aumentar a efici\u00eancia da produ\u00e7\u00e3o.<\/li>\n<\/ol>","protected":false},"featured_media":3701,"template":"","meta":{"_acf_changed":false},"product_brand":[],"product_cat":[55],"product_tag":[76],"class_list":{"0":"post-3677","1":"product","2":"type-product","3":"status-publish","4":"has-post-thumbnail","6":"product_cat-ceramic-forming-machine","7":"product_tag-jiggering-machine","9":"first","10":"instock","11":"shipping-taxable","12":"product-type-simple"},"acf":{"customization_content":"<h2><\/h2>\r\n<div><\/div>","customization_content_source":{"label":"Customization Content","type":"wysiwyg","formatted_value":"<h2><\/h2>\n<div><\/div>\n"},"why_choose_us_content":"<h2 style=\"text-align: center;\">Why Choose Us as Your <strong>Jiggering Machine<\/strong> Supplier<\/h2>\r\n\r\n<hr \/>\r\n<p style=\"text-align: center;\">Yutai as a ceramic tableware manufacturer, maintains strict quality standards and excellent service. Revolutionize your manufacturing processes with cutting-edge automation technology that streamlines forming and enhances efficiency.<\/p>","why_choose_us_content_source":{"label":"Why Choose Us Content","type":"wysiwyg","formatted_value":"<h2 style=\"text-align: center;\">Why Choose Us as Your <strong>Jiggering Machine<\/strong> Supplier<\/h2>\n<hr \/>\n<p style=\"text-align: center;\">Yutai as a ceramic tableware manufacturer, maintains strict quality standards and excellent service. Revolutionize your manufacturing processes with cutting-edge automation technology that streamlines forming and enhances efficiency.<\/p>\n"}},"_links":{"self":[{"href":"https:\/\/yutaimachinery.com\/pt\/wp-json\/wp\/v2\/product\/3677","targetHints":{"allow":["GET"]}}],"collection":[{"href":"https:\/\/yutaimachinery.com\/pt\/wp-json\/wp\/v2\/product"}],"about":[{"href":"https:\/\/yutaimachinery.com\/pt\/wp-json\/wp\/v2\/types\/product"}],"version-history":[{"count":0,"href":"https:\/\/yutaimachinery.com\/pt\/wp-json\/wp\/v2\/product\/3677\/revisions"}],"wp:featuredmedia":[{"embeddable":true,"href":"https:\/\/yutaimachinery.com\/pt\/wp-json\/wp\/v2\/media\/3701"}],"wp:attachment":[{"href":"https:\/\/yutaimachinery.com\/pt\/wp-json\/wp\/v2\/media?parent=3677"}],"wp:term":[{"taxonomy":"product_brand","embeddable":true,"href":"https:\/\/yutaimachinery.com\/pt\/wp-json\/wp\/v2\/product_brand?post=3677"},{"taxonomy":"product_cat","embeddable":true,"href":"https:\/\/yutaimachinery.com\/pt\/wp-json\/wp\/v2\/product_cat?post=3677"},{"taxonomy":"product_tag","embeddable":true,"href":"https:\/\/yutaimachinery.com\/pt\/wp-json\/wp\/v2\/product_tag?post=3677"}],"curies":[{"name":"wp","href":"https:\/\/api.w.org\/{rel}","templated":true}]}}