{"id":3664,"date":"2024-04-11T15:18:18","date_gmt":"2024-04-11T07:18:18","guid":{"rendered":"https:\/\/yutaimachinery.com\/?post_type=product&#038;p=3664"},"modified":"2024-04-11T20:12:22","modified_gmt":"2024-04-11T12:12:22","slug":"ceramic-pad-printer","status":"publish","type":"product","link":"https:\/\/yutaimachinery.com\/pt\/product\/ceramic-pad-printer\/","title":{"rendered":"Impressora para almofada de cer\u00e2mica autom\u00e1tica personalizada de 2-4 cores para impress\u00e3o em cer\u00e2mica"},"content":{"rendered":"<div class=\"wp-block-columns is-layout-flex wp-container-core-columns-is-layout-9d6595d7 wp-block-columns-is-layout-flex\">\n<div class=\"wp-block-column is-layout-flow wp-block-column-is-layout-flow\">\n<figure class=\"wp-block-embed is-type-video is-provider-youtube wp-block-embed-youtube wp-embed-aspect-16-9 wp-has-aspect-ratio\"><div class=\"wp-block-embed__wrapper\">\n<iframe title=\"tampografia de placas de cer\u00e2mica\" width=\"940\" height=\"529\" src=\"https:\/\/www.youtube.com\/embed\/TkmTveFmIrY?feature=oembed\" frameborder=\"0\" allow=\"accelerometer; autoplay; clipboard-write; encrypted-media; gyroscope; picture-in-picture; web-share\" referrerpolicy=\"strict-origin-when-cross-origin\" allowfullscreen><\/iframe>\n<\/div><\/figure>\n<\/div>\n\n\n\n<div class=\"wp-block-column is-layout-flow wp-block-column-is-layout-flow\">\n<h2 class=\"wp-block-heading\"><strong>Carater\u00edsticas da impressora de almofada<\/strong><\/h2>\n\n\n\n<p>Versatilidade: Adequado para imprimir numa variedade de superf\u00edcies de cer\u00e2mica, incluindo formas planas, curvas e irregulares, dentro e fora da cer\u00e2mica. E pode ser aplicado em copos de cer\u00e2mica impressos, pratos, sopros e qualquer loi\u00e7a.<\/p>\n\n\n\n<p>Impress\u00e3o multicolorida e personaliz\u00e1vel: Suporta capacidades de impress\u00e3o a v\u00e1rias cores, incluindo op\u00e7\u00f5es de 2 e 4 cores. Bem como desenhos e padr\u00f5es de impress\u00e3o personaliz\u00e1veis para satisfazer as necessidades dos clientes e as tend\u00eancias do mercado.<\/p>\n<\/div>\n<\/div>\n\n\n\n<div class=\"wp-block-columns is-layout-flex wp-container-core-columns-is-layout-9d6595d7 wp-block-columns-is-layout-flex\">\n<div class=\"wp-block-column is-layout-flow wp-block-column-is-layout-flow\"><div class=\"wp-block-image\">\n<figure class=\"aligncenter size-full is-resized\"><img fetchpriority=\"high\" decoding=\"async\" width=\"1276\" height=\"1276\" src=\"https:\/\/yutaimachinery.com\/wp-content\/uploads\/2024\/04\/pad-printer5.webp\" alt=\"impressora de almofadas\" class=\"wp-image-3674\" style=\"width:404px;height:auto\" title=\"\" srcset=\"https:\/\/yutaimachinery.com\/wp-content\/uploads\/2024\/04\/pad-printer5.webp 1276w, https:\/\/yutaimachinery.com\/wp-content\/uploads\/2024\/04\/pad-printer5-300x300.webp 300w, https:\/\/yutaimachinery.com\/wp-content\/uploads\/2024\/04\/pad-printer5-150x150.webp 150w, https:\/\/yutaimachinery.com\/wp-content\/uploads\/2024\/04\/pad-printer5-768x768.webp 768w, https:\/\/yutaimachinery.com\/wp-content\/uploads\/2024\/04\/pad-printer5-285x285.webp 285w, https:\/\/yutaimachinery.com\/wp-content\/uploads\/2024\/04\/pad-printer5-270x270.webp 270w, https:\/\/yutaimachinery.com\/wp-content\/uploads\/2024\/04\/pad-printer5-540x540.webp 540w, https:\/\/yutaimachinery.com\/wp-content\/uploads\/2024\/04\/pad-printer5-660x660.webp 660w\" sizes=\"(max-width: 1276px) 100vw, 1276px\" \/><\/figure>\n<\/div><\/div>\n\n\n\n<div class=\"wp-block-column is-layout-flow wp-block-column-is-layout-flow\">\n<h2 class=\"wp-block-heading\"><strong>Par\u00e2metro da impressora de almofada<\/strong><\/h2>\n\n\n\n<figure class=\"wp-block-table\"><table><tbody><tr><td>Modelo<\/td><td>2 cores<\/td><td>4 cores<\/td><td><\/td><\/tr><tr><td>Altura de impress\u00e3o<\/td><td>25-35cm<\/td><td>25-35cm<\/td><td><\/td><\/tr><tr><td>\u00c1rea m\u00e1xima de impress\u00e3o<\/td><td>40x40cm<\/td><td>40x40cm<\/td><td><\/td><\/tr><tr><td>Tamanho da placa de tinta<\/td><td>75\u00d755 cm<\/td><td>75\u00d755 cm<\/td><td><\/td><\/tr><tr><td>Pot\u00eancia (kw)<\/td><td>1,5kw\/22ov<\/td><td>1,5kw<\/td><td><\/td><\/tr><tr><td>Dimens\u00e3o (lxwxh)<\/td><td>200x65x220cm(h)<\/td><td>220x130x220cm(h)<\/td><td><\/td><\/tr><tr><td>Velocidade<\/td><td>600-800pcs\/h<\/td><td>600-800pcs\/h<\/td><td><\/td><\/tr><tr><td>Peso (kg)<\/td><td>500 kg<\/td><td>1200 kg<\/td><td><\/td><\/tr><\/tbody><\/table><\/figure>\n<\/div>\n<\/div>","protected":false},"excerpt":{"rendered":"<p>M\u00e1quina de tampografia para cer\u00e2mica com 2-4 op\u00e7\u00f5es de cores, adequada para copos de cer\u00e2mica, tigelas e impress\u00e3o de placas. Oferecemos pre\u00e7os de f\u00e1brica e servi\u00e7os t\u00e9cnicos personalizados para si.<\/p>\n<h2>Solu\u00e7\u00e3o \u00fanica para impressoras de almofadas :<\/h2>\n<ol>\n<li>Personaliza\u00e7\u00e3o: Suporta pe\u00e7as de equipamento personalizadas, acess\u00f3rios personalizados e aplica\u00e7\u00f5es personalizadas<\/li>\n<li>Aconselhamento sobre a disposi\u00e7\u00e3o do suporte:  De acordo com a \u00e1rea da f\u00e1brica, o plano de produ\u00e7\u00e3o e o investimento de capital, fornecemos aconselhamento profissional sobre o layout do equipamento de impress\u00e3o.<\/li>\n<li>Assist\u00eancia t\u00e9cnica: Oferecemos apoio t\u00e9cnico permanente para resolver quaisquer problemas ou quest\u00f5es que possam surgir durante o funcionamento da m\u00e1quina.<\/li>\n<\/ol>","protected":false},"featured_media":3674,"template":"","meta":{"_acf_changed":false},"product_brand":[],"product_cat":[59],"product_tag":[73],"class_list":{"0":"post-3664","1":"product","2":"type-product","3":"status-publish","4":"has-post-thumbnail","6":"product_cat-ceramic-printing-machine","7":"product_tag-pad-printer","9":"first","10":"instock","11":"shipping-taxable","12":"product-type-simple"},"acf":{"customization_content":"<h2><\/h2>\r\n<div><\/div>","customization_content_source":{"label":"Customization Content","type":"wysiwyg","formatted_value":"<h2><\/h2>\n<div><\/div>\n"},"why_choose_us_content":"<h2 style=\"text-align: center;\">Why Choose Us as Your Pad Printer Supplier<\/h2>\r\n\r\n<hr \/>\r\n<p style=\"text-align: center;\">Yutai as a ceramic tableware manufacturer, maintains strict quality standards and excellent service. Revolutionize your manufacturing processes with cutting-edge automation technology that streamlines forming and enhances efficiency.<\/p>","why_choose_us_content_source":{"label":"Why Choose Us Content","type":"wysiwyg","formatted_value":"<h2 style=\"text-align: center;\">Why Choose Us as Your Pad Printer Supplier<\/h2>\n<hr \/>\n<p style=\"text-align: center;\">Yutai as a ceramic tableware manufacturer, maintains strict quality standards and excellent service. Revolutionize your manufacturing processes with cutting-edge automation technology that streamlines forming and enhances efficiency.<\/p>\n"}},"_links":{"self":[{"href":"https:\/\/yutaimachinery.com\/pt\/wp-json\/wp\/v2\/product\/3664","targetHints":{"allow":["GET"]}}],"collection":[{"href":"https:\/\/yutaimachinery.com\/pt\/wp-json\/wp\/v2\/product"}],"about":[{"href":"https:\/\/yutaimachinery.com\/pt\/wp-json\/wp\/v2\/types\/product"}],"version-history":[{"count":0,"href":"https:\/\/yutaimachinery.com\/pt\/wp-json\/wp\/v2\/product\/3664\/revisions"}],"wp:featuredmedia":[{"embeddable":true,"href":"https:\/\/yutaimachinery.com\/pt\/wp-json\/wp\/v2\/media\/3674"}],"wp:attachment":[{"href":"https:\/\/yutaimachinery.com\/pt\/wp-json\/wp\/v2\/media?parent=3664"}],"wp:term":[{"taxonomy":"product_brand","embeddable":true,"href":"https:\/\/yutaimachinery.com\/pt\/wp-json\/wp\/v2\/product_brand?post=3664"},{"taxonomy":"product_cat","embeddable":true,"href":"https:\/\/yutaimachinery.com\/pt\/wp-json\/wp\/v2\/product_cat?post=3664"},{"taxonomy":"product_tag","embeddable":true,"href":"https:\/\/yutaimachinery.com\/pt\/wp-json\/wp\/v2\/product_tag?post=3664"}],"curies":[{"name":"wp","href":"https:\/\/api.w.org\/{rel}","templated":true}]}}