{"id":3654,"date":"2024-04-10T18:58:46","date_gmt":"2024-04-10T10:58:46","guid":{"rendered":"https:\/\/yutaimachinery.com\/?post_type=product&#038;p=3654"},"modified":"2024-04-11T15:23:45","modified_gmt":"2024-04-11T07:23:45","slug":"maquina-de-impressao-de-decalques-em-ceramica","status":"publish","type":"product","link":"https:\/\/yutaimachinery.com\/pt\/product\/ceramic-decal-printing-machine\/","title":{"rendered":"M\u00e1quina de impress\u00e3o autom\u00e1tica de decalque para cer\u00e2mica dur\u00e1vel"},"content":{"rendered":"<div class=\"wp-block-columns is-layout-flex wp-container-core-columns-is-layout-9d6595d7 wp-block-columns-is-layout-flex\">\n<div class=\"wp-block-column is-layout-flow wp-block-column-is-layout-flow\">\n<figure class=\"wp-block-embed is-type-video is-provider-youtube wp-block-embed-youtube wp-embed-aspect-16-9 wp-has-aspect-ratio\"><div class=\"wp-block-embed__wrapper\">\n<iframe title=\"M\u00e1quina de impress\u00e3o autom\u00e1tica de decalques por transfer\u00eancia de l\u00e2mina de \u00e1gua\" width=\"940\" height=\"529\" src=\"https:\/\/www.youtube.com\/embed\/uKsopM37BKE?feature=oembed\" frameborder=\"0\" allow=\"accelerometer; autoplay; clipboard-write; encrypted-media; gyroscope; picture-in-picture; web-share\" referrerpolicy=\"strict-origin-when-cross-origin\" allowfullscreen><\/iframe>\n<\/div><\/figure>\n<\/div>\n\n\n\n<div class=\"wp-block-column is-layout-flow wp-block-column-is-layout-flow\">\n<h2 class=\"wp-block-heading\"><strong>Caracter\u00edsticas da M\u00e1quina de impress\u00e3o de decalque para cer\u00e2mica<\/strong><\/h2>\n\n\n\n<p>Versatilidade: \u00c9 compat\u00edvel com uma vasta gama de produtos cer\u00e2micos, incluindo azulejos, lou\u00e7a de mesa, lou\u00e7a sanit\u00e1ria e artigos decorativos, proporcionando versatilidade nas aplica\u00e7\u00f5es de impress\u00e3o.<\/p>\n\n\n\n<p>Personaliza\u00e7\u00e3o: A m\u00e1quina permite desenhos e padr\u00f5es personaliz\u00e1veis, satisfazendo as prefer\u00eancias individuais dos clientes e as exig\u00eancias espec\u00edficas do mercado.<\/p>\n\n\n\n<p>Impress\u00e3o a alta velocidade: Com velocidades de impress\u00e3o r\u00e1pidas, a m\u00e1quina aumenta a efici\u00eancia e o rendimento da produ\u00e7\u00e3o, permitindo a conclus\u00e3o r\u00e1pida de grandes encomendas de impress\u00e3o.<\/p>\n<\/div>\n<\/div>\n\n\n\n<div class=\"wp-block-columns is-layout-flex wp-container-core-columns-is-layout-9d6595d7 wp-block-columns-is-layout-flex\">\n<div class=\"wp-block-column is-layout-flow wp-block-column-is-layout-flow\">\n<h2 class=\"wp-block-heading\">Par\u00e2metro da M\u00e1quina de impress\u00e3o de decalque para cer\u00e2mica<\/h2>\n\n\n\n<figure class=\"wp-block-table\"><table><tbody><tr><td>Modelo<\/td><td>Max.printingArea<\/td><td>Tamanho m\u00e1ximo do papel (cm)<\/td><td>Tamanho m\u00ednimo do papel<\/td><td>Espessura do papel<\/td><td>Peso (kg)<\/td><\/tr><tr><td>720<\/td><td>720x500mm<\/td><td>720x520mm<\/td><td>350x270mm<\/td><td>80-350g\/\u33a1<\/td><td>3500<\/td><\/tr><tr><td>780<\/td><td>780x520mm<\/td><td>780x520mm<\/td><td>350x270mm<\/td><td>80-350g\/\u33a1<\/td><td>3800<\/td><\/tr><tr><td>1020<\/td><td>1020x700mm<\/td><td>1020x720mm<\/td><td>350x560mm<\/td><td>80-350g\/m<\/td><td>5000<\/td><\/tr><\/tbody><\/table><\/figure>\n<\/div>\n<\/div>\n\n\n\n<figure class=\"wp-block-table\"><table><tbody><tr><td>Tamanho do quadro<\/td><td>Pot\u00eancia (kw)<\/td><td>Dimens\u00e3o (lxwxh)<\/td><\/tr><tr><td>880x880mm<\/td><td>7,3kw<\/td><td>4700x1960x1270mm<\/td><\/tr><tr><td>940x940mm<\/td><td>7,8kw<\/td><td>4900x2080x1270mm<\/td><\/tr><tr><td>1280x1140mm<\/td><td>8,2kw<\/td><td>5300x2720x1430mm<\/td><\/tr><\/tbody><\/table><\/figure>","protected":false},"excerpt":{"rendered":"<p>M\u00e1quina de impress\u00e3o autom\u00e1tica de decalques em cer\u00e2mica de alta qualidade, fabricada na China, adequada para a reorienta\u00e7\u00e3o de decalques em ta\u00e7as de vidro de placas de cer\u00e2mica com clipes de papel 1360 pec e opera\u00e7\u00e3o de alta velocidade.<\/p>\n<h2>Solu\u00e7\u00e3o completa para m\u00e1quina de impress\u00e3o de decalque em cer\u00e2mica :<\/h2>\n<ol>\n<li>Personaliza\u00e7\u00e3o: Suporta pe\u00e7as de equipamento personalizadas, acess\u00f3rios personalizados e aplica\u00e7\u00f5es personalizadas<\/li>\n<li>Apoio \u00e0 conce\u00e7\u00e3o da disposi\u00e7\u00e3o:  De acordo com a \u00e1rea da f\u00e1brica, o plano de produ\u00e7\u00e3o e o investimento de capital, fornecemos servi\u00e7os profissionais de design e layout.<\/li>\n<li>Assist\u00eancia t\u00e9cnica e servi\u00e7o: T\u00e9cnicos altamente qualificados montam as suas m\u00e1quinas e fornecem forma\u00e7\u00e3o em v\u00eddeo e apoio t\u00e9cnico.<\/li>\n<\/ol>","protected":false},"featured_media":3661,"template":"","meta":{"_acf_changed":false},"product_brand":[],"product_cat":[59],"product_tag":[72],"class_list":{"0":"post-3654","1":"product","2":"type-product","3":"status-publish","4":"has-post-thumbnail","6":"product_cat-ceramic-printing-machine","7":"product_tag-ceramic-decal-printing-machine","9":"first","10":"instock","11":"shipping-taxable","12":"product-type-simple"},"acf":{"customization_content":"<h2><\/h2>\r\n<div><\/div>","customization_content_source":{"label":"Customization Content","type":"wysiwyg","formatted_value":"<h2><\/h2>\n<div><\/div>\n"},"why_choose_us_content":"<h2 style=\"text-align: center;\">Why Choose Us as Your Ceramic Printing Machine Supplier<\/h2>\r\n\r\n<hr \/>\r\n<p style=\"text-align: center;\">Yutai as a ceramic tableware manufacturer, maintains strict quality standards and excellent service. Revolutionize your manufacturing processes with cutting-edge automation technology that streamlines forming and enhances efficiency.<\/p>","why_choose_us_content_source":{"label":"Why Choose Us Content","type":"wysiwyg","formatted_value":"<h2 style=\"text-align: center;\">Why Choose Us as Your Ceramic Printing Machine Supplier<\/h2>\n<hr \/>\n<p style=\"text-align: center;\">Yutai as a ceramic tableware manufacturer, maintains strict quality standards and excellent service. Revolutionize your manufacturing processes with cutting-edge automation technology that streamlines forming and enhances efficiency.<\/p>\n"}},"_links":{"self":[{"href":"https:\/\/yutaimachinery.com\/pt\/wp-json\/wp\/v2\/product\/3654","targetHints":{"allow":["GET"]}}],"collection":[{"href":"https:\/\/yutaimachinery.com\/pt\/wp-json\/wp\/v2\/product"}],"about":[{"href":"https:\/\/yutaimachinery.com\/pt\/wp-json\/wp\/v2\/types\/product"}],"version-history":[{"count":0,"href":"https:\/\/yutaimachinery.com\/pt\/wp-json\/wp\/v2\/product\/3654\/revisions"}],"wp:featuredmedia":[{"embeddable":true,"href":"https:\/\/yutaimachinery.com\/pt\/wp-json\/wp\/v2\/media\/3661"}],"wp:attachment":[{"href":"https:\/\/yutaimachinery.com\/pt\/wp-json\/wp\/v2\/media?parent=3654"}],"wp:term":[{"taxonomy":"product_brand","embeddable":true,"href":"https:\/\/yutaimachinery.com\/pt\/wp-json\/wp\/v2\/product_brand?post=3654"},{"taxonomy":"product_cat","embeddable":true,"href":"https:\/\/yutaimachinery.com\/pt\/wp-json\/wp\/v2\/product_cat?post=3654"},{"taxonomy":"product_tag","embeddable":true,"href":"https:\/\/yutaimachinery.com\/pt\/wp-json\/wp\/v2\/product_tag?post=3654"}],"curies":[{"name":"wp","href":"https:\/\/api.w.org\/{rel}","templated":true}]}}