{"id":3639,"date":"2024-04-09T16:14:31","date_gmt":"2024-04-09T08:14:31","guid":{"rendered":"https:\/\/yutaimachinery.com\/?post_type=product&#038;p=3639"},"modified":"2025-12-14T14:09:18","modified_gmt":"2025-12-14T06:09:18","slug":"maquina-de-prensagem-de-ceramica-2","status":"publish","type":"product","link":"https:\/\/yutaimachinery.com\/pt\/product\/ceramic-press-machine\/","title":{"rendered":"M\u00e1quina de Prensa Cer\u00e2mica 30T de Alta Qualidade para Forma\u00e7\u00e3o de Lou\u00e7a Cer\u00e2mica"},"content":{"rendered":"<div class=\"wp-block-columns is-layout-flex wp-container-core-columns-is-layout-9d6595d7 wp-block-columns-is-layout-flex\">\n<div class=\"wp-block-column is-layout-flow wp-block-column-is-layout-flow\">\n<h2 class=\"wp-block-heading\">Par\u00e2metros da m\u00e1quina de prensagem cer\u00e2mica<\/h2>\n\n\n\n<figure class=\"wp-block-table\"><table><tbody><tr><td><strong>Capacidade<\/strong><\/td><td>5-6 unidades\/minuto<\/td><\/tr><tr><td><strong>Guia de trabalho eficaz<\/strong><\/td><td>60x48cm<\/td><\/tr><tr><td><strong>Curso de trabalho<\/strong><\/td><td>40 cm<\/td><\/tr><tr><td><strong>Press\u00e3o de trabalho<\/strong><\/td><td>\u22646,3 MPa<\/td><\/tr><tr><td><strong>Dimens\u00e3o externa (mm)<\/strong><\/td><td>110*64*170 cm\/85*65*105 cm<\/td><\/tr><\/tbody><\/table><\/figure>\n\n\n\n<h2 class=\"wp-block-heading\">Caracter\u00edsticas da m\u00e1quina de prensagem cer\u00e2mica<\/h2>\n\n\n\n<p><strong>Capacidade de alta press\u00e3o:<\/strong> A m\u00e1quina est\u00e1 equipada com uma capacidade de prensagem de 30 toneladas, permitindo a compress\u00e3o eficiente e eficaz de materiais cer\u00e2micos nas formas e formatos desejados.<\/p>\n\n\n\n<p><strong>Controlo de precis\u00e3o:<\/strong> Oferece controlo preciso sobre par\u00e2metros de prensagem, como press\u00e3o, velocidade e tempo, garantindo uniformidade e consist\u00eancia na produ\u00e7\u00e3o de produtos cer\u00e2micos.<\/p>\n\n\n\n<p><strong>Durabilidade de n\u00edvel industrial:<\/strong> Constru\u00eddo com a\u00e7o de alta resist\u00eancia e componentes premium para uma opera\u00e7\u00e3o duradoura e confi\u00e1vel.<\/p>\n\n\n\n<p><strong>Qualidade consistente do produto:<\/strong> Garante espessura uniforme, superf\u00edcies lisas e dimens\u00f5es precisas para produ\u00e7\u00e3o em massa.<\/p>\n\n\n\n<p><strong>Eficiente e economiza trabalho:<\/strong> Reduz o manuseamento manual e aumenta a efici\u00eancia da produ\u00e7\u00e3o para fabrica\u00e7\u00e3o em grande volume.<\/p>\n<\/div>\n\n\n\n<div class=\"wp-block-column is-layout-flow wp-block-column-is-layout-flow\">\n<figure class=\"wp-block-image size-full\"><img fetchpriority=\"high\" decoding=\"async\" width=\"678\" height=\"678\" src=\"https:\/\/yutaimachinery.com\/wp-content\/uploads\/2024\/04\/Ceramic-Press-Machine.webp\" alt=\"M\u00e1quina de prensagem de cer\u00e2mica\" class=\"wp-image-3640\" title=\"\" srcset=\"https:\/\/yutaimachinery.com\/wp-content\/uploads\/2024\/04\/Ceramic-Press-Machine.webp 678w, https:\/\/yutaimachinery.com\/wp-content\/uploads\/2024\/04\/Ceramic-Press-Machine-300x300.webp 300w, https:\/\/yutaimachinery.com\/wp-content\/uploads\/2024\/04\/Ceramic-Press-Machine-150x150.webp 150w, https:\/\/yutaimachinery.com\/wp-content\/uploads\/2024\/04\/Ceramic-Press-Machine-285x285.webp 285w, https:\/\/yutaimachinery.com\/wp-content\/uploads\/2024\/04\/Ceramic-Press-Machine-270x270.webp 270w, https:\/\/yutaimachinery.com\/wp-content\/uploads\/2024\/04\/Ceramic-Press-Machine-540x540.webp 540w, https:\/\/yutaimachinery.com\/wp-content\/uploads\/2024\/04\/Ceramic-Press-Machine-660x660.webp 660w\" sizes=\"(max-width: 678px) 100vw, 678px\" \/><\/figure>\n<\/div>\n<\/div>","protected":false},"excerpt":{"rendered":"<p>Esta m\u00e1quina de prensagem cer\u00e2mica \u00e9 uma solu\u00e7\u00e3o de moldagem robusta, dur\u00e1vel e extremamente precisa, adequada para a produ\u00e7\u00e3o de v\u00e1rias placas cer\u00e2micas de formas irregulares. A sua press\u00e3o m\u00e1xima de 30 toneladas garante uma moldagem consistente e densidade uniforme em todos os produtos cer\u00e2micos. Solicite hoje mesmo mais informa\u00e7\u00f5es sobre as nossas solu\u00e7\u00f5es de maquinaria!<\/p>\n<h2>Solu\u00e7\u00e3o completa para a m\u00e1quina de prensagem cer\u00e2mica:<\/h2>\n<ol>\n<li><strong>Personaliza\u00e7\u00e3o do equipamento:<\/strong> Adapte a for\u00e7a de prensagem, o design do molde, o n\u00edvel de automa\u00e7\u00e3o e a configura\u00e7\u00e3o da m\u00e1quina aos seus tipos de produtos e volume de produ\u00e7\u00e3o.<\/li>\n<li><strong>Suporte ao design e ferramentas de moldagem:<\/strong> Desenvolvimento de moldes de precis\u00e3o para v\u00e1rias placas cer\u00e2micas de formato irregular, lou\u00e7as de mesa ou cer\u00e2micas decorativas.<\/li>\n<li><strong>Instala\u00e7\u00e3o e coloca\u00e7\u00e3o em funcionamento:<\/strong> Orienta\u00e7\u00e3o no local ou remota para garantir uma opera\u00e7\u00e3o est\u00e1vel e uma produ\u00e7\u00e3o eficiente.<\/li>\n<li><strong>Forma\u00e7\u00e3o de operadores e orienta\u00e7\u00e3o t\u00e9cnica:<\/strong> Forma\u00e7\u00e3o sobre opera\u00e7\u00e3o, manuten\u00e7\u00e3o e controlo de qualidade das m\u00e1quinas para maximizar o tempo de atividade e a produ\u00e7\u00e3o.<\/li>\n<li><strong>Servi\u00e7o p\u00f3s-venda e fornecimento de pe\u00e7as sobressalentes:<\/strong> Suporte t\u00e9cnico de resposta r\u00e1pida, manuten\u00e7\u00e3o preventiva e disponibilidade confi\u00e1vel de pe\u00e7as sobressalentes.<\/li>\n<li><strong>Solu\u00e7\u00f5es de atualiza\u00e7\u00e3o e dimensionamento da produ\u00e7\u00e3o:<\/strong> Assist\u00eancia para futura expans\u00e3o da capacidade, atualiza\u00e7\u00f5es de automa\u00e7\u00e3o da linha ou integra\u00e7\u00e3o com outros equipamentos de moldagem de cer\u00e2mica.<\/li>\n<\/ol>","protected":false},"featured_media":3640,"template":"","meta":{"_acf_changed":false},"product_brand":[],"product_cat":[55],"product_tag":[],"class_list":{"0":"post-3639","1":"product","2":"type-product","3":"status-publish","4":"has-post-thumbnail","6":"product_cat-ceramic-forming-machine","8":"first","9":"instock","10":"shipping-taxable","11":"product-type-simple"},"acf":{"customization_content":"<h2><\/h2>\r\n<div><\/div>","customization_content_source":{"label":"Customization Content","type":"wysiwyg","formatted_value":"<h2><\/h2>\n<div><\/div>\n"},"why_choose_us_content":"<h2 style=\"text-align: center;\">Why Choose Us as Your <strong>Ceramic Press Machine<\/strong> Supplier<\/h2>\r\n\r\n<hr \/>\r\n<p style=\"text-align: center;\">Yutai as a ceramic tableware manufacturer, maintains strict quality standards and excellent service. Revolutionize your manufacturing processes with cutting-edge automation technology that streamlines forming and enhances efficiency.<\/p>","why_choose_us_content_source":{"label":"Why Choose Us Content","type":"wysiwyg","formatted_value":"<h2 style=\"text-align: center;\">Why Choose Us as Your <strong>Ceramic Press Machine<\/strong> Supplier<\/h2>\n<hr \/>\n<p style=\"text-align: center;\">Yutai as a ceramic tableware manufacturer, maintains strict quality standards and excellent service. Revolutionize your manufacturing processes with cutting-edge automation technology that streamlines forming and enhances efficiency.<\/p>\n"}},"_links":{"self":[{"href":"https:\/\/yutaimachinery.com\/pt\/wp-json\/wp\/v2\/product\/3639","targetHints":{"allow":["GET"]}}],"collection":[{"href":"https:\/\/yutaimachinery.com\/pt\/wp-json\/wp\/v2\/product"}],"about":[{"href":"https:\/\/yutaimachinery.com\/pt\/wp-json\/wp\/v2\/types\/product"}],"version-history":[{"count":0,"href":"https:\/\/yutaimachinery.com\/pt\/wp-json\/wp\/v2\/product\/3639\/revisions"}],"wp:featuredmedia":[{"embeddable":true,"href":"https:\/\/yutaimachinery.com\/pt\/wp-json\/wp\/v2\/media\/3640"}],"wp:attachment":[{"href":"https:\/\/yutaimachinery.com\/pt\/wp-json\/wp\/v2\/media?parent=3639"}],"wp:term":[{"taxonomy":"product_brand","embeddable":true,"href":"https:\/\/yutaimachinery.com\/pt\/wp-json\/wp\/v2\/product_brand?post=3639"},{"taxonomy":"product_cat","embeddable":true,"href":"https:\/\/yutaimachinery.com\/pt\/wp-json\/wp\/v2\/product_cat?post=3639"},{"taxonomy":"product_tag","embeddable":true,"href":"https:\/\/yutaimachinery.com\/pt\/wp-json\/wp\/v2\/product_tag?post=3639"}],"curies":[{"name":"wp","href":"https:\/\/api.w.org\/{rel}","templated":true}]}}