{"id":3630,"date":"2024-04-09T14:44:12","date_gmt":"2024-04-09T06:44:12","guid":{"rendered":"https:\/\/yutaimachinery.com\/?post_type=product&#038;p=3630"},"modified":"2024-04-16T16:35:25","modified_gmt":"2024-04-16T08:35:25","slug":"ceramic-glazing-wiping-machine","status":"publish","type":"product","link":"https:\/\/yutaimachinery.com\/pt\/product\/ceramic-glazing-wiping-machine\/","title":{"rendered":"M\u00e1quina de limpeza de vidros cer\u00e2micos por atacado para esponja de limpeza inferior"},"content":{"rendered":"<div class=\"wp-block-columns is-layout-flex wp-container-core-columns-is-layout-9d6595d7 wp-block-columns-is-layout-flex\">\n<div class=\"wp-block-column is-layout-flow wp-block-column-is-layout-flow\">\n<h2 class=\"wp-block-heading\">Par\u00e2metro da m\u00e1quina de limpeza de vidros cer\u00e2micos<\/h2>\n\n\n\n<figure class=\"wp-block-table\"><table><tbody><tr><td>Modelo<\/td><td>Cm Tamanho do cinto<\/td><td>Dimens\u00e3o (lxwxh)<\/td><td>Cor<\/td><\/tr><tr><td>Cinto \u00fanico<\/td><td>30x90cm<\/td><td>55x100x90cm(h)<\/td><td>laranja<\/td><\/tr><tr><td>Cinto duplo<\/td><td>40x90cm<\/td><td>65x100x90cm<\/td><td>preto<\/td><\/tr><\/tbody><\/table><\/figure>\n<\/div>\n\n\n\n<div class=\"wp-block-column is-layout-flow wp-block-column-is-layout-flow\">\n<h2 class=\"wp-block-heading\"><strong>Carater\u00edsticas da M\u00e1quina de limpeza de vidros cer\u00e2micos<\/strong><\/h2>\n\n\n\n<p>Tapete transportador de esponja Remo\u00e7\u00e3o eficaz do vidrado: O tapete transportador possui uma esponja de alta qualidade que pode remover eficazmente o excesso de vidrado do fundo dos produtos cer\u00e2micos ap\u00f3s a vitrifica\u00e7\u00e3o, garantindo acabamentos limpos e suaves.<\/p>\n\n\n\n<p>Fun\u00e7\u00e3o de auto-limpeza: A esponja tem uma fun\u00e7\u00e3o de auto-limpeza, enxaguando continuamente os res\u00edduos de esmalte durante o funcionamento para manter um desempenho de limpeza \u00f3timo.<\/p>\n\n\n\n<p>Aplica\u00e7\u00e3o vers\u00e1til: A m\u00e1quina \u00e9 adequada para v\u00e1rios tipos e tamanhos de produtos cer\u00e2micos, proporcionando versatilidade na remo\u00e7\u00e3o do vidrado para diferentes requisitos de produ\u00e7\u00e3o.<\/p>\n<\/div>\n<\/div>\n\n\n\n<div class=\"wp-block-columns is-layout-flex wp-container-core-columns-is-layout-9d6595d7 wp-block-columns-is-layout-flex\">\n<div class=\"wp-block-column is-layout-flow wp-block-column-is-layout-flow\">\n<div class=\"wp-block-columns is-layout-flex wp-container-core-columns-is-layout-9d6595d7 wp-block-columns-is-layout-flex\">\n<div class=\"wp-block-column is-layout-flow wp-block-column-is-layout-flow\" style=\"flex-basis:100%\">\n<div class=\"wp-block-columns is-layout-flex wp-container-core-columns-is-layout-9d6595d7 wp-block-columns-is-layout-flex\">\n<div class=\"wp-block-column is-layout-flow wp-block-column-is-layout-flow\">\n<figure class=\"wp-block-image size-full\"><img fetchpriority=\"high\" decoding=\"async\" width=\"1170\" height=\"1170\" src=\"https:\/\/yutaimachinery.com\/wp-content\/uploads\/2024\/04\/Wiping-Machine-for-Ceramic-Glazing-Wiping3.webp\" alt=\"M\u00e1quina de limpeza de vidros cer\u00e2micos\" class=\"wp-image-3631\" title=\"\" srcset=\"https:\/\/yutaimachinery.com\/wp-content\/uploads\/2024\/04\/Wiping-Machine-for-Ceramic-Glazing-Wiping3.webp 1170w, https:\/\/yutaimachinery.com\/wp-content\/uploads\/2024\/04\/Wiping-Machine-for-Ceramic-Glazing-Wiping3-300x300.webp 300w, https:\/\/yutaimachinery.com\/wp-content\/uploads\/2024\/04\/Wiping-Machine-for-Ceramic-Glazing-Wiping3-150x150.webp 150w, https:\/\/yutaimachinery.com\/wp-content\/uploads\/2024\/04\/Wiping-Machine-for-Ceramic-Glazing-Wiping3-768x768.webp 768w, https:\/\/yutaimachinery.com\/wp-content\/uploads\/2024\/04\/Wiping-Machine-for-Ceramic-Glazing-Wiping3-285x285.webp 285w, https:\/\/yutaimachinery.com\/wp-content\/uploads\/2024\/04\/Wiping-Machine-for-Ceramic-Glazing-Wiping3-270x270.webp 270w, https:\/\/yutaimachinery.com\/wp-content\/uploads\/2024\/04\/Wiping-Machine-for-Ceramic-Glazing-Wiping3-540x540.webp 540w, https:\/\/yutaimachinery.com\/wp-content\/uploads\/2024\/04\/Wiping-Machine-for-Ceramic-Glazing-Wiping3-660x660.webp 660w\" sizes=\"(max-width: 1170px) 100vw, 1170px\" \/><\/figure>\n<\/div>\n\n\n\n<div class=\"wp-block-column is-layout-flow wp-block-column-is-layout-flow\">\n<figure class=\"wp-block-image size-full\"><img decoding=\"async\" width=\"1080\" height=\"1080\" src=\"https:\/\/yutaimachinery.com\/wp-content\/uploads\/2024\/04\/Ceramic-Glazing-Wiping-Machine2.webp\" alt=\"M\u00e1quina de limpeza de vidros cer\u00e2micos\" class=\"wp-image-3636\" title=\"\" srcset=\"https:\/\/yutaimachinery.com\/wp-content\/uploads\/2024\/04\/Ceramic-Glazing-Wiping-Machine2.webp 1080w, https:\/\/yutaimachinery.com\/wp-content\/uploads\/2024\/04\/Ceramic-Glazing-Wiping-Machine2-300x300.webp 300w, https:\/\/yutaimachinery.com\/wp-content\/uploads\/2024\/04\/Ceramic-Glazing-Wiping-Machine2-150x150.webp 150w, https:\/\/yutaimachinery.com\/wp-content\/uploads\/2024\/04\/Ceramic-Glazing-Wiping-Machine2-768x768.webp 768w, https:\/\/yutaimachinery.com\/wp-content\/uploads\/2024\/04\/Ceramic-Glazing-Wiping-Machine2-285x285.webp 285w, https:\/\/yutaimachinery.com\/wp-content\/uploads\/2024\/04\/Ceramic-Glazing-Wiping-Machine2-270x270.webp 270w, https:\/\/yutaimachinery.com\/wp-content\/uploads\/2024\/04\/Ceramic-Glazing-Wiping-Machine2-540x540.webp 540w, https:\/\/yutaimachinery.com\/wp-content\/uploads\/2024\/04\/Ceramic-Glazing-Wiping-Machine2-660x660.webp 660w\" sizes=\"(max-width: 1080px) 100vw, 1080px\" \/><\/figure>\n<\/div>\n\n\n\n<div class=\"wp-block-column is-layout-flow wp-block-column-is-layout-flow\">\n<figure class=\"wp-block-image size-full\"><img decoding=\"async\" width=\"1080\" height=\"1080\" src=\"https:\/\/yutaimachinery.com\/wp-content\/uploads\/2024\/04\/Wiping-Machine-for-Ceramic-Glazing-Wiping2.webp\" alt=\"M\u00e1quina de limpeza de vidros cer\u00e2micos\" class=\"wp-image-3632\" title=\"\" srcset=\"https:\/\/yutaimachinery.com\/wp-content\/uploads\/2024\/04\/Wiping-Machine-for-Ceramic-Glazing-Wiping2.webp 1080w, https:\/\/yutaimachinery.com\/wp-content\/uploads\/2024\/04\/Wiping-Machine-for-Ceramic-Glazing-Wiping2-300x300.webp 300w, https:\/\/yutaimachinery.com\/wp-content\/uploads\/2024\/04\/Wiping-Machine-for-Ceramic-Glazing-Wiping2-150x150.webp 150w, https:\/\/yutaimachinery.com\/wp-content\/uploads\/2024\/04\/Wiping-Machine-for-Ceramic-Glazing-Wiping2-768x768.webp 768w, https:\/\/yutaimachinery.com\/wp-content\/uploads\/2024\/04\/Wiping-Machine-for-Ceramic-Glazing-Wiping2-285x285.webp 285w, https:\/\/yutaimachinery.com\/wp-content\/uploads\/2024\/04\/Wiping-Machine-for-Ceramic-Glazing-Wiping2-270x270.webp 270w, https:\/\/yutaimachinery.com\/wp-content\/uploads\/2024\/04\/Wiping-Machine-for-Ceramic-Glazing-Wiping2-540x540.webp 540w, https:\/\/yutaimachinery.com\/wp-content\/uploads\/2024\/04\/Wiping-Machine-for-Ceramic-Glazing-Wiping2-660x660.webp 660w\" sizes=\"(max-width: 1080px) 100vw, 1080px\" \/><\/figure>\n<\/div>\n<\/div>\n<\/div>\n<\/div>\n<\/div>\n<\/div>","protected":false},"excerpt":{"rendered":"<p>A Factory Diret oferece pre\u00e7os de f\u00e1brica por grosso. A m\u00e1quina de limpeza de vidros cer\u00e2micos utiliza uma esponja de alta qualidade para limpar o fundo. A esponja tem uma fun\u00e7\u00e3o de auto-limpeza. Tem uma correia simples e uma correia dupla.<\/p>\n<h2>Solu\u00e7\u00e3o \u00fanica para c<strong>m\u00e1quina de limpeza de vidros cer\u00e2micos<\/strong> :<\/h2>\n<ol>\n<li>Design personalizado: Oferecemos solu\u00e7\u00f5es de design \u00e0 medida para satisfazer as necessidades espec\u00edficas e os requisitos de produ\u00e7\u00e3o dos nossos clientes, assegurando uma integra\u00e7\u00e3o perfeita do produto na sua linha de produ\u00e7\u00e3o.<\/li>\n<li>Apoio t\u00e9cnico e forma\u00e7\u00e3o operacional: Oferecemos suporte t\u00e9cnico 24 horas por dia e treinamento operacional para garantir que os clientes entendam os m\u00e9todos de opera\u00e7\u00e3o do equipamento e as t\u00e9cnicas de manuten\u00e7\u00e3o.<\/li>\n<li>Fornecimento de pe\u00e7as sobressalentes: Fornecemos os componentes e pe\u00e7as sobressalentes necess\u00e1rios para o equipamento, garantindo um funcionamento est\u00e1vel a longo prazo.<\/li>\n<\/ol>","protected":false},"featured_media":3634,"template":"","meta":{"_acf_changed":false},"product_brand":[],"product_cat":[57],"product_tag":[69],"class_list":{"0":"post-3630","1":"product","2":"type-product","3":"status-publish","4":"has-post-thumbnail","6":"product_cat-ceramic-glazing-machine","7":"product_tag-ceramic-glazing-wiping-machine","9":"first","10":"instock","11":"shipping-taxable","12":"product-type-simple"},"acf":{"customization_content":"<h2><\/h2>\r\n<div><\/div>","customization_content_source":{"label":"Customization Content","type":"wysiwyg","formatted_value":"<h2><\/h2>\n<div><\/div>\n"},"why_choose_us_content":"<h2 style=\"text-align: center;\">Why Choose Us as Your Glazing Wiping Machine\u00a0Supplier<\/h2>\r\n\r\n<hr \/>\r\n<p style=\"text-align: center;\">Yutai as a ceramic tableware manufacturer, maintains strict quality standards and excellent service. Revolutionize your manufacturing processes with cutting-edge automation technology that streamlines forming and enhances efficiency.<\/p>","why_choose_us_content_source":{"label":"Why Choose Us Content","type":"wysiwyg","formatted_value":"<h2 style=\"text-align: center;\">Why Choose Us as Your Glazing Wiping Machine\u00a0Supplier<\/h2>\n<hr \/>\n<p style=\"text-align: center;\">Yutai as a ceramic tableware manufacturer, maintains strict quality standards and excellent service. Revolutionize your manufacturing processes with cutting-edge automation technology that streamlines forming and enhances efficiency.<\/p>\n"}},"_links":{"self":[{"href":"https:\/\/yutaimachinery.com\/pt\/wp-json\/wp\/v2\/product\/3630","targetHints":{"allow":["GET"]}}],"collection":[{"href":"https:\/\/yutaimachinery.com\/pt\/wp-json\/wp\/v2\/product"}],"about":[{"href":"https:\/\/yutaimachinery.com\/pt\/wp-json\/wp\/v2\/types\/product"}],"version-history":[{"count":0,"href":"https:\/\/yutaimachinery.com\/pt\/wp-json\/wp\/v2\/product\/3630\/revisions"}],"wp:featuredmedia":[{"embeddable":true,"href":"https:\/\/yutaimachinery.com\/pt\/wp-json\/wp\/v2\/media\/3634"}],"wp:attachment":[{"href":"https:\/\/yutaimachinery.com\/pt\/wp-json\/wp\/v2\/media?parent=3630"}],"wp:term":[{"taxonomy":"product_brand","embeddable":true,"href":"https:\/\/yutaimachinery.com\/pt\/wp-json\/wp\/v2\/product_brand?post=3630"},{"taxonomy":"product_cat","embeddable":true,"href":"https:\/\/yutaimachinery.com\/pt\/wp-json\/wp\/v2\/product_cat?post=3630"},{"taxonomy":"product_tag","embeddable":true,"href":"https:\/\/yutaimachinery.com\/pt\/wp-json\/wp\/v2\/product_tag?post=3630"}],"curies":[{"name":"wp","href":"https:\/\/api.w.org\/{rel}","templated":true}]}}