{"id":3616,"date":"2024-04-07T19:59:10","date_gmt":"2024-04-07T11:59:10","guid":{"rendered":"https:\/\/yutaimachinery.com\/?post_type=product&#038;p=3616"},"modified":"2025-10-29T10:52:14","modified_gmt":"2025-10-29T02:52:14","slug":"forno-de-rolos","status":"publish","type":"product","link":"https:\/\/yutaimachinery.com\/pt\/product\/roller-kiln\/","title":{"rendered":"M\u00e1quina autom\u00e1tica para forno de rolos de cer\u00e2mica Pre\u00e7o de F\u00e1brica"},"content":{"rendered":"<div class=\"wp-block-columns is-layout-flex wp-container-core-columns-is-layout-9d6595d7 wp-block-columns-is-layout-flex\">\n<div class=\"wp-block-column is-layout-flow wp-block-column-is-layout-flow\">\n<figure class=\"wp-block-image size-full\"><img fetchpriority=\"high\" decoding=\"async\" width=\"872\" height=\"651\" src=\"https:\/\/yutaimachinery.com\/wp-content\/uploads\/2024\/04\/roller-kiln-1.webp\" alt=\"forno de rolos\" class=\"wp-image-5989\" title=\"\" srcset=\"https:\/\/yutaimachinery.com\/wp-content\/uploads\/2024\/04\/roller-kiln-1.webp 872w, https:\/\/yutaimachinery.com\/wp-content\/uploads\/2024\/04\/roller-kiln-1-300x224.webp 300w, https:\/\/yutaimachinery.com\/wp-content\/uploads\/2024\/04\/roller-kiln-1-768x573.webp 768w, https:\/\/yutaimachinery.com\/wp-content\/uploads\/2024\/04\/roller-kiln-1-16x12.webp 16w, https:\/\/yutaimachinery.com\/wp-content\/uploads\/2024\/04\/roller-kiln-1-285x213.webp 285w, https:\/\/yutaimachinery.com\/wp-content\/uploads\/2024\/04\/roller-kiln-1-660x493.webp 660w, https:\/\/yutaimachinery.com\/wp-content\/uploads\/2024\/04\/roller-kiln-1-150x112.webp 150w\" sizes=\"(max-width: 872px) 100vw, 872px\" \/><\/figure>\n<\/div>\n\n\n\n<div class=\"wp-block-column is-layout-flow wp-block-column-is-layout-flow\">\n<h2 class=\"wp-block-heading\"><strong>Caracter\u00edsticas do forno de rolos<\/strong><\/h2>\n\n\n\n<p>Controlo preciso da temperatura: A integra\u00e7\u00e3o da tecnologia de controlo de temperatura PID (Proporcional-Integral-Derivativo) do microcomputador assegura uma regula\u00e7\u00e3o precisa e est\u00e1vel da temperatura durante todo o processo de cozedura.<\/p>\n\n\n\n<p>Elevada efici\u00eancia: Com um funcionamento cont\u00ednuo e ciclos de cozedura controlados, os fornos de rolos oferecem um elevado rendimento e produtividade, permitindo uma produ\u00e7\u00e3o em grande escala com um tempo de paragem m\u00ednimo.<\/p>\n<\/div>\n<\/div>","protected":false},"excerpt":{"rendered":"<p>Como fabricante de fornos de rolos, a Yutai fornece suporte t\u00e9cnico e servi\u00e7os de solu\u00e7\u00f5es personalizadas. A maquinaria dur\u00e1vel de alta qualidade e a automa\u00e7\u00e3o do programa PID garantem um controlo preciso da temperatura e uma produ\u00e7\u00e3o eficiente.<\/p>\n<h2>Solu\u00e7\u00e3o \u00fanica para forno de rolos :<\/h2>\n<ol>\n<li>Personalizado: Suporta pe\u00e7as de equipamento personalizadas, acess\u00f3rios personalizados e aplica\u00e7\u00f5es personalizadas<\/li>\n<li>Apoio \u00e0 conce\u00e7\u00e3o da disposi\u00e7\u00e3o:  De acordo com a \u00e1rea da f\u00e1brica, o plano de produ\u00e7\u00e3o e o investimento de capital, fornecemos servi\u00e7os profissionais de design e layout.<\/li>\n<li>Assist\u00eancia t\u00e9cnica e servi\u00e7o: T\u00e9cnicos altamente qualificados montam as suas m\u00e1quinas e fornecem forma\u00e7\u00e3o em v\u00eddeo e apoio t\u00e9cnico.<\/li>\n<\/ol>","protected":false},"featured_media":5988,"template":"","meta":{"_acf_changed":false},"product_brand":[],"product_cat":[58],"product_tag":[68],"class_list":{"0":"post-3616","1":"product","2":"type-product","3":"status-publish","4":"has-post-thumbnail","6":"product_cat-ceramic-kiln","7":"product_tag-roller-kiln","9":"first","10":"instock","11":"shipping-taxable","12":"product-type-simple"},"acf":{"customization_content":"<h2><\/h2>\r\n<div><\/div>","customization_content_source":{"label":"Customization Content","type":"wysiwyg","formatted_value":"<h2><\/h2>\n<div><\/div>\n"},"why_choose_us_content":"<h2 style=\"text-align: center;\">Why Choose Us as Your <strong>Roller Kiln<\/strong>\u00a0Supplier<\/h2>\r\n\r\n<hr \/>\r\n<p style=\"text-align: center;\">Yutai as a ceramic tableware manufacturer, maintains strict quality standards and excellent service. Revolutionize your manufacturing processes with cutting-edge automation technology that streamlines forming and enhances efficiency.<\/p>","why_choose_us_content_source":{"label":"Why Choose Us Content","type":"wysiwyg","formatted_value":"<h2 style=\"text-align: center;\">Why Choose Us as Your <strong>Roller Kiln<\/strong>\u00a0Supplier<\/h2>\n<hr \/>\n<p style=\"text-align: center;\">Yutai as a ceramic tableware manufacturer, maintains strict quality standards and excellent service. Revolutionize your manufacturing processes with cutting-edge automation technology that streamlines forming and enhances efficiency.<\/p>\n"}},"_links":{"self":[{"href":"https:\/\/yutaimachinery.com\/pt\/wp-json\/wp\/v2\/product\/3616","targetHints":{"allow":["GET"]}}],"collection":[{"href":"https:\/\/yutaimachinery.com\/pt\/wp-json\/wp\/v2\/product"}],"about":[{"href":"https:\/\/yutaimachinery.com\/pt\/wp-json\/wp\/v2\/types\/product"}],"version-history":[{"count":0,"href":"https:\/\/yutaimachinery.com\/pt\/wp-json\/wp\/v2\/product\/3616\/revisions"}],"wp:featuredmedia":[{"embeddable":true,"href":"https:\/\/yutaimachinery.com\/pt\/wp-json\/wp\/v2\/media\/5988"}],"wp:attachment":[{"href":"https:\/\/yutaimachinery.com\/pt\/wp-json\/wp\/v2\/media?parent=3616"}],"wp:term":[{"taxonomy":"product_brand","embeddable":true,"href":"https:\/\/yutaimachinery.com\/pt\/wp-json\/wp\/v2\/product_brand?post=3616"},{"taxonomy":"product_cat","embeddable":true,"href":"https:\/\/yutaimachinery.com\/pt\/wp-json\/wp\/v2\/product_cat?post=3616"},{"taxonomy":"product_tag","embeddable":true,"href":"https:\/\/yutaimachinery.com\/pt\/wp-json\/wp\/v2\/product_tag?post=3616"}],"curies":[{"name":"wp","href":"https:\/\/api.w.org\/{rel}","templated":true}]}}