{"id":3596,"date":"2024-04-07T19:04:42","date_gmt":"2024-04-07T11:04:42","guid":{"rendered":"https:\/\/yutaimachinery.com\/?post_type=product&#038;p=3596"},"modified":"2024-04-07T20:14:12","modified_gmt":"2024-04-07T12:14:12","slug":"moinho-de-bolas","status":"publish","type":"product","link":"https:\/\/yutaimachinery.com\/pt\/product\/ball-mill\/","title":{"rendered":"Moinho de Bolas para Moagem de Mat\u00e9rias-Primas Cer\u00e2micas"},"content":{"rendered":"<div class=\"wp-block-columns is-layout-flex wp-container-core-columns-is-layout-9d6595d7 wp-block-columns-is-layout-flex\">\n<div class=\"wp-block-column is-layout-flow wp-block-column-is-layout-flow\">\n<figure class=\"wp-block-embed is-type-video is-provider-youtube wp-block-embed-youtube wp-embed-aspect-16-9 wp-has-aspect-ratio\"><div class=\"wp-block-embed__wrapper\">\n<iframe title=\"MOINHO DE BOLAS\" width=\"940\" height=\"529\" src=\"https:\/\/www.youtube.com\/embed\/54ySjxX3mpU?feature=oembed\" frameborder=\"0\" allow=\"accelerometer; autoplay; clipboard-write; encrypted-media; gyroscope; picture-in-picture; web-share\" referrerpolicy=\"strict-origin-when-cross-origin\" allowfullscreen><\/iframe>\n<\/div><\/figure>\n<\/div>\n\n\n\n<div class=\"wp-block-column is-layout-flow wp-block-column-is-layout-flow\">\n<h2 class=\"wp-block-heading\"><strong>Carater\u00edsticas do moinho de bolas<\/strong><\/h2>\n\n\n\n<p>O moinho de bolas \u00e9 utilizado para moer mat\u00e9rias-primas cer\u00e2micas. O moinho de bolas intermitente depende da rota\u00e7\u00e3o e do deslizamento relativo da pedra de moer bolas para satisfazer os requisitos de finura do material.<\/p>\n\n\n\n<p>Versatilidade: Oferecendo uma ampla gama de op\u00e7\u00f5es de 35 kg a 2 toneladas. Quer se trate de um processamento em pequena escala ou de uma produ\u00e7\u00e3o em grande escala, o nosso moinho de bolas adapta-se a v\u00e1rias capacidades.<\/p>\n\n\n\n<p>Durabilidade: Tijolos de alumina com alto teor de corindo ou tijolos de m\u00e1rmore, os tijolos de alumina no interior do moinho de bolas t\u00eam uma estrutura mais forte, garantindo a durabilidade<\/p>\n<\/div>\n<\/div>\n\n\n\n<div class=\"wp-block-columns is-layout-flex wp-container-core-columns-is-layout-9d6595d7 wp-block-columns-is-layout-flex\">\n<div class=\"wp-block-column is-layout-flow wp-block-column-is-layout-flow\">\n<h2 class=\"wp-block-heading\"><strong>Par\u00e2metro do moinho de bolas<\/strong><\/h2>\n\n\n\n<figure class=\"wp-block-table\"><table><tbody><tr><td>Nome<\/td><td>Dimens\u00e3o (l x w x h)mm<\/td><td>Capacidade<\/td><td>Pot\u00eancia (kw)<\/td><\/tr><tr><td>moinho de bolas de 35 kg<\/td><td>950x800x1160mm<\/td><td>35kgs\/tempo<\/td><td>1,5kw\/380v<\/td><\/tr><tr><td>moinho de bolas de 50 kg<\/td><td>1055x880x1230mm<\/td><td>50kgs\/tempo<\/td><td>1,5kw\/380v<\/td><\/tr><tr><td>moinho de bolas de 100 kg<\/td><td>1170x1100x1300mm<\/td><td>100kgs\/tempo<\/td><td>1,5kw\/380v<\/td><\/tr><tr><td>moinho de bolas de 150 kg<\/td><td>1200x1150x1350mm<\/td><td>150kgs\/tempo<\/td><td>2kw\/380v<\/td><\/tr><tr><td>moinho de bolas de 200kgs<\/td><td>1500x1950x1160mm<\/td><td>200kgs\/tempo<\/td><td>2,2kw\/380v<\/td><\/tr><tr><td>moinho de bolas de 300 kg<\/td><td>2150x1600x1700mm<\/td><td>300kgs\/tempo<\/td><td>3kw\/380v<\/td><\/tr><tr><td>moinho de bolas de 500 kg<\/td><td>2330x1660x1700mm<\/td><td>500kgs\/tempo<\/td><td>5,5kw\/380v<\/td><\/tr><tr><td>moinho de bolas 1t<\/td><td>2400x2200x2100mm<\/td><td>1 t\/tempo<\/td><td>11kw\/380v<\/td><\/tr><tr><td>moinho de bolas 2t<\/td><td>3000x1800x2200mm<\/td><td>2t\/tempo<\/td><td>18kw\/380v<\/td><\/tr><tr><td>moinho de bolas 3t<\/td><td>3500x2200x2300mm<\/td><td>3t\/tempo<\/td><td>30kw\/380v<\/td><\/tr><\/tbody><\/table><\/figure>\n<\/div>\n<\/div>","protected":false},"excerpt":{"rendered":"<p>O nosso moinho de bolas para cer\u00e2mica tem op\u00e7\u00f5es de 35kg-2t e \u00e9 utilizado para moer mat\u00e9rias-primas cer\u00e2micas. As vendas diretas da f\u00e1brica e a distribui\u00e7\u00e3o global fornecem solu\u00e7\u00f5es completas para garantir uma efici\u00eancia de produ\u00e7\u00e3o \u00f3ptima para v\u00e1rias aplica\u00e7\u00f5es.<\/p>\n<h2>Solu\u00e7\u00e3o \u00fanica para b<strong>todos os moinhos<\/strong> :<\/h2>\n<ol>\n<li>Personaliza\u00e7\u00e3o: Servi\u00e7os de personaliza\u00e7\u00e3o para adaptar o moinho de bolas \u00e0s necessidades e aplica\u00e7\u00f5es espec\u00edficas do cliente.<\/li>\n<li>Apoio \u00e0 forma\u00e7\u00e3o: Fornecer forma\u00e7\u00e3o operacional e apoio t\u00e9cnico para garantir que os clientes possam operar e manter o equipamento de forma eficiente.<\/li>\n<li>Fornecimento de pe\u00e7as sobressalentes: Fornecer servi\u00e7os de fornecimento de pe\u00e7as sobressalentes originais para garantir que os clientes possam aceder a pe\u00e7as sobressalentes e consum\u00edveis de alta qualidade em qualquer altura.<\/li>\n<\/ol>","protected":false},"featured_media":3605,"template":"","meta":{"_acf_changed":false},"product_brand":[],"product_cat":[54],"product_tag":[67],"class_list":{"0":"post-3596","1":"product","2":"type-product","3":"status-publish","4":"has-post-thumbnail","6":"product_cat-clay-making-machine","7":"product_tag-ball-mill","9":"first","10":"instock","11":"shipping-taxable","12":"product-type-simple"},"acf":{"customization_content":"<h2><\/h2>\r\n<div><\/div>","customization_content_source":{"label":"Customization Content","type":"wysiwyg","formatted_value":"<h2><\/h2>\n<div><\/div>\n"},"why_choose_us_content":"<h2 style=\"text-align: center;\">Why Choose Us as Your <strong>Ball Mill<\/strong> Supplier<\/h2>\r\n\r\n<hr \/>\r\n<p style=\"text-align: center;\">Yutai as a ceramic tableware manufacturer, maintains strict quality standards and excellent service. Revolutionize your manufacturing processes with cutting-edge automation technology that streamlines forming and enhances efficiency.<\/p>","why_choose_us_content_source":{"label":"Why Choose Us Content","type":"wysiwyg","formatted_value":"<h2 style=\"text-align: center;\">Why Choose Us as Your <strong>Ball Mill<\/strong> Supplier<\/h2>\n<hr \/>\n<p style=\"text-align: center;\">Yutai as a ceramic tableware manufacturer, maintains strict quality standards and excellent service. Revolutionize your manufacturing processes with cutting-edge automation technology that streamlines forming and enhances efficiency.<\/p>\n"}},"_links":{"self":[{"href":"https:\/\/yutaimachinery.com\/pt\/wp-json\/wp\/v2\/product\/3596","targetHints":{"allow":["GET"]}}],"collection":[{"href":"https:\/\/yutaimachinery.com\/pt\/wp-json\/wp\/v2\/product"}],"about":[{"href":"https:\/\/yutaimachinery.com\/pt\/wp-json\/wp\/v2\/types\/product"}],"version-history":[{"count":0,"href":"https:\/\/yutaimachinery.com\/pt\/wp-json\/wp\/v2\/product\/3596\/revisions"}],"wp:featuredmedia":[{"embeddable":true,"href":"https:\/\/yutaimachinery.com\/pt\/wp-json\/wp\/v2\/media\/3605"}],"wp:attachment":[{"href":"https:\/\/yutaimachinery.com\/pt\/wp-json\/wp\/v2\/media?parent=3596"}],"wp:term":[{"taxonomy":"product_brand","embeddable":true,"href":"https:\/\/yutaimachinery.com\/pt\/wp-json\/wp\/v2\/product_brand?post=3596"},{"taxonomy":"product_cat","embeddable":true,"href":"https:\/\/yutaimachinery.com\/pt\/wp-json\/wp\/v2\/product_cat?post=3596"},{"taxonomy":"product_tag","embeddable":true,"href":"https:\/\/yutaimachinery.com\/pt\/wp-json\/wp\/v2\/product_tag?post=3596"}],"curies":[{"name":"wp","href":"https:\/\/api.w.org\/{rel}","templated":true}]}}