{"id":3583,"date":"2024-04-07T17:50:57","date_gmt":"2024-04-07T09:50:57","guid":{"rendered":"https:\/\/yutaimachinery.com\/?post_type=product&#038;p=3583"},"modified":"2024-04-07T19:19:25","modified_gmt":"2024-04-07T11:19:25","slug":"moinho-de-fundo-ceramico","status":"publish","type":"product","link":"https:\/\/yutaimachinery.com\/pt\/product\/ceramic-bottom-grinder\/","title":{"rendered":"Moedor de fundo cer\u00e2mico direto da f\u00e1brica Canecas Ta\u00e7as Polidor suave"},"content":{"rendered":"<div class=\"wp-block-columns is-layout-flex wp-container-core-columns-is-layout-9d6595d7 wp-block-columns-is-layout-flex\">\n<div class=\"wp-block-column is-layout-flow wp-block-column-is-layout-flow\">\n<figure class=\"wp-block-embed is-type-video is-provider-youtube wp-block-embed-youtube wp-embed-aspect-16-9 wp-has-aspect-ratio\"><div class=\"wp-block-embed__wrapper\">\n<iframe title=\"como tornar o fundo de cer\u00e2mica liso?\" width=\"940\" height=\"529\" src=\"https:\/\/www.youtube.com\/embed\/W_4sH7umxI0?feature=oembed\" frameborder=\"0\" allow=\"accelerometer; autoplay; clipboard-write; encrypted-media; gyroscope; picture-in-picture; web-share\" referrerpolicy=\"strict-origin-when-cross-origin\" allowfullscreen><\/iframe>\n<\/div><\/figure>\n<\/div>\n\n\n\n<div class=\"wp-block-column is-layout-flow wp-block-column-is-layout-flow\">\n<h2 class=\"wp-block-heading\"><strong>Caracter\u00edsticas do moinho de fundo de cer\u00e2mica<\/strong><\/h2>\n\n\n\n<p>Retifica\u00e7\u00e3o de precis\u00e3o: Especificamente concebido para fundos de cer\u00e2mica para garantir superf\u00edcies lisas e uniformes, melhorando a qualidade e o aspeto do produto.<\/p>\n\n\n\n<p>Elevada efici\u00eancia de produ\u00e7\u00e3o: O processo de moagem automatizado melhora a efici\u00eancia da produ\u00e7\u00e3o, reduzindo a interven\u00e7\u00e3o manual e os custos de tempo.<\/p>\n\n\n\n<p>Ajustabilidade: Profundidade e velocidade de moagem ajust\u00e1veis para satisfazer os requisitos individuais dos clientes para diferentes produtos.<\/p>\n<\/div>\n<\/div>\n\n\n\n<div class=\"wp-block-columns is-layout-flex wp-container-core-columns-is-layout-9d6595d7 wp-block-columns-is-layout-flex\">\n<div class=\"wp-block-column is-layout-flow wp-block-column-is-layout-flow\">\n<div class=\"wp-block-columns is-layout-flex wp-container-core-columns-is-layout-9d6595d7 wp-block-columns-is-layout-flex\">\n<div class=\"wp-block-column is-layout-flow wp-block-column-is-layout-flow\">\n<figure class=\"wp-block-image size-full\"><img fetchpriority=\"high\" decoding=\"async\" width=\"640\" height=\"640\" src=\"https:\/\/yutaimachinery.com\/wp-content\/uploads\/2024\/04\/ceramic-bottom-grinder7.webp\" alt=\"moinho de fundo cer\u00e2mico\" class=\"wp-image-3592\" title=\"\" srcset=\"https:\/\/yutaimachinery.com\/wp-content\/uploads\/2024\/04\/ceramic-bottom-grinder7.webp 640w, https:\/\/yutaimachinery.com\/wp-content\/uploads\/2024\/04\/ceramic-bottom-grinder7-300x300.webp 300w, https:\/\/yutaimachinery.com\/wp-content\/uploads\/2024\/04\/ceramic-bottom-grinder7-150x150.webp 150w, https:\/\/yutaimachinery.com\/wp-content\/uploads\/2024\/04\/ceramic-bottom-grinder7-285x285.webp 285w, https:\/\/yutaimachinery.com\/wp-content\/uploads\/2024\/04\/ceramic-bottom-grinder7-270x270.webp 270w, https:\/\/yutaimachinery.com\/wp-content\/uploads\/2024\/04\/ceramic-bottom-grinder7-540x540.webp 540w\" sizes=\"(max-width: 640px) 100vw, 640px\" \/><\/figure>\n<\/div>\n\n\n\n<div class=\"wp-block-column is-layout-flow wp-block-column-is-layout-flow\">\n<h2 class=\"wp-block-heading\">Par\u00e2metro de <strong>Moinho de fundo em cer\u00e2mica<\/strong><\/h2>\n\n\n\n<figure class=\"wp-block-table\"><table><tbody><tr><td colspan=\"2\">Modelo<\/td><td>400<\/td><\/tr><tr><td colspan=\"2\">Di\u00e2metro da malha (cm)<\/td><td>75x90x80cm(h)<\/td><\/tr><tr><td colspan=\"2\">Pot\u00eancia (kw)<\/td><td>200W<\/td><\/tr><tr><td colspan=\"2\">Peso (kg)<\/td><td>50 kg<\/td><\/tr><\/tbody><\/table><\/figure>\n<\/div>\n<\/div>\n<\/div>\n<\/div>","protected":false},"excerpt":{"rendered":"<p>O moinho manual de fundo de cer\u00e2mica \u00e9 utilizado para moer e aparar o fundo de pratos, tigelas, canecas, ch\u00e1venas e pires de cer\u00e2mica cozida, etc., com dispositivo de circula\u00e7\u00e3o de \u00e1gua para evitar o p\u00f3.<\/p>\n<h2>Solu\u00e7\u00e3o \u00fanica para moinho de fundo de cer\u00e2mica :<\/h2>\n<ol>\n<li>Personalizado: Suporta pe\u00e7as de equipamento personalizadas, acess\u00f3rios personalizados e aplica\u00e7\u00f5es personalizadas<\/li>\n<li>Apoio \u00e0 forma\u00e7\u00e3o: Fornecer forma\u00e7\u00e3o operacional e apoio t\u00e9cnico para garantir que os clientes possam operar e manter o equipamento de forma eficiente.<\/li>\n<li>Fornecimento de pe\u00e7as sobressalentes: Fornecer servi\u00e7os de fornecimento de pe\u00e7as sobressalentes originais para garantir que os clientes possam aceder a pe\u00e7as sobressalentes e consum\u00edveis de alta qualidade em qualquer altura.<\/li>\n<\/ol>","protected":false},"featured_media":3592,"template":"","meta":{"_acf_changed":false},"product_brand":[],"product_cat":[60],"product_tag":[],"class_list":{"0":"post-3583","1":"product","2":"type-product","3":"status-publish","4":"has-post-thumbnail","6":"product_cat-ceramic-bottom-grinder","8":"first","9":"instock","10":"shipping-taxable","11":"product-type-simple"},"acf":{"customization_content":"<h2><\/h2>\r\n<div><\/div>","customization_content_source":{"label":"Customization Content","type":"wysiwyg","formatted_value":"<h2><\/h2>\n<div><\/div>\n"},"why_choose_us_content":"<h2 style=\"text-align: center;\">Why Choose Us as Your Ceramic Bottom Grinder Supplier<\/h2>\r\n\r\n<hr \/>\r\n<p style=\"text-align: center;\">Yutai as a ceramic tableware manufacturer, maintains strict quality standards and excellent service. Revolutionize your manufacturing processes with cutting-edge automation technology that streamlines forming and enhances efficiency.<\/p>","why_choose_us_content_source":{"label":"Why Choose Us Content","type":"wysiwyg","formatted_value":"<h2 style=\"text-align: center;\">Why Choose Us as Your Ceramic Bottom Grinder Supplier<\/h2>\n<hr \/>\n<p style=\"text-align: center;\">Yutai as a ceramic tableware manufacturer, maintains strict quality standards and excellent service. Revolutionize your manufacturing processes with cutting-edge automation technology that streamlines forming and enhances efficiency.<\/p>\n"}},"_links":{"self":[{"href":"https:\/\/yutaimachinery.com\/pt\/wp-json\/wp\/v2\/product\/3583","targetHints":{"allow":["GET"]}}],"collection":[{"href":"https:\/\/yutaimachinery.com\/pt\/wp-json\/wp\/v2\/product"}],"about":[{"href":"https:\/\/yutaimachinery.com\/pt\/wp-json\/wp\/v2\/types\/product"}],"version-history":[{"count":0,"href":"https:\/\/yutaimachinery.com\/pt\/wp-json\/wp\/v2\/product\/3583\/revisions"}],"wp:featuredmedia":[{"embeddable":true,"href":"https:\/\/yutaimachinery.com\/pt\/wp-json\/wp\/v2\/media\/3592"}],"wp:attachment":[{"href":"https:\/\/yutaimachinery.com\/pt\/wp-json\/wp\/v2\/media?parent=3583"}],"wp:term":[{"taxonomy":"product_brand","embeddable":true,"href":"https:\/\/yutaimachinery.com\/pt\/wp-json\/wp\/v2\/product_brand?post=3583"},{"taxonomy":"product_cat","embeddable":true,"href":"https:\/\/yutaimachinery.com\/pt\/wp-json\/wp\/v2\/product_cat?post=3583"},{"taxonomy":"product_tag","embeddable":true,"href":"https:\/\/yutaimachinery.com\/pt\/wp-json\/wp\/v2\/product_tag?post=3583"}],"curies":[{"name":"wp","href":"https:\/\/api.w.org\/{rel}","templated":true}]}}