{"id":3575,"date":"2024-04-07T16:56:21","date_gmt":"2024-04-07T08:56:21","guid":{"rendered":"https:\/\/yutaimachinery.com\/?post_type=product&#038;p=3575"},"modified":"2024-04-07T19:19:04","modified_gmt":"2024-04-07T11:19:04","slug":"ceramic-line-drawing-machine","status":"publish","type":"product","link":"https:\/\/yutaimachinery.com\/pt\/product\/ceramic-line-drawing-machine\/","title":{"rendered":"M\u00e1quina de desenho de linha para cer\u00e2mica para decora\u00e7\u00e3o de borda de lou\u00e7a de mesa"},"content":{"rendered":"<div class=\"wp-block-columns is-layout-flex wp-container-core-columns-is-layout-9d6595d7 wp-block-columns-is-layout-flex\">\n<div class=\"wp-block-column is-layout-flow wp-block-column-is-layout-flow\">\n<figure class=\"wp-block-embed is-type-video is-provider-youtube wp-block-embed-youtube wp-embed-aspect-4-3 wp-has-aspect-ratio\"><div class=\"wp-block-embed__wrapper\">\n<iframe title=\"M\u00e1quina de rebordar pratos de cer\u00e2mica tigelas canecas\" width=\"940\" height=\"705\" src=\"https:\/\/www.youtube.com\/embed\/wIm7uIqTYLA?feature=oembed\" frameborder=\"0\" allow=\"accelerometer; autoplay; clipboard-write; encrypted-media; gyroscope; picture-in-picture; web-share\" referrerpolicy=\"strict-origin-when-cross-origin\" allowfullscreen><\/iframe>\n<\/div><\/figure>\n<\/div>\n\n\n\n<div class=\"wp-block-column is-layout-flow wp-block-column-is-layout-flow\">\n<h2 class=\"wp-block-heading\"><strong>Carater\u00edsticas da M\u00e1quina de desenho de linha para cer\u00e2mica<\/strong><\/h2>\n\n\n\n<p>Precis\u00e3o: Assegura um desenho preciso e exato das linhas de cer\u00e2mica, melhorando a qualidade e o aspeto do produto. <\/p>\n\n\n\n<p>Efici\u00eancia: Aumenta a efici\u00eancia da produ\u00e7\u00e3o atrav\u00e9s da automatiza\u00e7\u00e3o do processo de desenho em linha, reduzindo o trabalho manual e o consumo de tempo. <\/p>\n\n\n\n<p>Consist\u00eancia: Mant\u00e9m a espessura e a qualidade consistentes da linha ao longo do processo de produ\u00e7\u00e3o, resultando na uniformidade dos produtos cer\u00e2micos. <\/p>\n\n\n\n<p>Versatilidade: Pode ser ajustado para acomodar v\u00e1rios designs e padr\u00f5es de linha, proporcionando flexibilidade na personaliza\u00e7\u00e3o do produto.<\/p>\n<\/div>\n<\/div>\n\n\n\n<div class=\"wp-block-columns is-layout-flex wp-container-core-columns-is-layout-9d6595d7 wp-block-columns-is-layout-flex\">\n<div class=\"wp-block-column is-layout-flow wp-block-column-is-layout-flow\">\n<figure class=\"wp-block-image size-full\"><img fetchpriority=\"high\" decoding=\"async\" width=\"1280\" height=\"1280\" src=\"https:\/\/yutaimachinery.com\/wp-content\/uploads\/2024\/04\/Ceramic-Line-Drawing-Machine3.webp\" alt=\"M\u00e1quina de desenho de linha para cer\u00e2mica\" class=\"wp-image-3578\" title=\"\" srcset=\"https:\/\/yutaimachinery.com\/wp-content\/uploads\/2024\/04\/Ceramic-Line-Drawing-Machine3.webp 1280w, https:\/\/yutaimachinery.com\/wp-content\/uploads\/2024\/04\/Ceramic-Line-Drawing-Machine3-300x300.webp 300w, https:\/\/yutaimachinery.com\/wp-content\/uploads\/2024\/04\/Ceramic-Line-Drawing-Machine3-150x150.webp 150w, https:\/\/yutaimachinery.com\/wp-content\/uploads\/2024\/04\/Ceramic-Line-Drawing-Machine3-768x768.webp 768w, https:\/\/yutaimachinery.com\/wp-content\/uploads\/2024\/04\/Ceramic-Line-Drawing-Machine3-285x285.webp 285w, https:\/\/yutaimachinery.com\/wp-content\/uploads\/2024\/04\/Ceramic-Line-Drawing-Machine3-270x270.webp 270w, https:\/\/yutaimachinery.com\/wp-content\/uploads\/2024\/04\/Ceramic-Line-Drawing-Machine3-540x540.webp 540w, https:\/\/yutaimachinery.com\/wp-content\/uploads\/2024\/04\/Ceramic-Line-Drawing-Machine3-660x660.webp 660w\" sizes=\"(max-width: 1280px) 100vw, 1280px\" \/><\/figure>\n<\/div>\n\n\n\n<div class=\"wp-block-column is-layout-flow wp-block-column-is-layout-flow\">\n<h2 class=\"wp-block-heading\">Par\u00e2metro da m\u00e1quina de desenho de linha para cer\u00e2mica<\/h2>\n\n\n\n<figure class=\"wp-block-table\"><table><tbody><tr><td>Modelo<\/td><td>YT-HXJ<\/td><\/tr><tr><td>Capacidade<\/td><td>30-50 por hora<\/td><\/tr><tr><td>Pot\u00eancia (kw)<\/td><td>2kw<\/td><\/tr><tr><td>Dimens\u00e3o (lxwxh)<\/td><td>80x100x150(h)<\/td><\/tr><tr><td>Peso (kg)<\/td><td>100<\/td><\/tr><\/tbody><\/table><\/figure>\n<\/div>\n<\/div>","protected":false},"excerpt":{"rendered":"<p>Yutai como um fabricante de m\u00e1quinas de cer\u00e2mica, oferece uma gama completa de m\u00e1quinas de impress\u00e3o de cer\u00e2mica. As nossas m\u00e1quinas de desenho de linha s\u00e3o precisas e adequadas para desenhar linhas de v\u00e1rias cores na parte superior de tigelas, lados, bocas e lados de placas e todos os tipos de cer\u00e2mica.<\/p>\n<h2>Solu\u00e7\u00e3o \u00fanica de m\u00e1quina de desenho de linha de cer\u00e2mica :<\/h2>\n<ol>\n<li>Personalizado: Suporta pe\u00e7as de equipamento personalizadas, acess\u00f3rios personalizados e aplica\u00e7\u00f5es personalizadas<\/li>\n<li>Apoio \u00e0 forma\u00e7\u00e3o: Fornecer forma\u00e7\u00e3o operacional e apoio t\u00e9cnico para garantir que os clientes possam operar e manter o equipamento de forma eficiente.<\/li>\n<li>Fornecimento de pe\u00e7as sobressalentes: Fornecer servi\u00e7os de fornecimento de pe\u00e7as sobressalentes originais para garantir que os clientes possam aceder a pe\u00e7as sobressalentes e consum\u00edveis de alta qualidade em qualquer altura.<\/li>\n<\/ol>","protected":false},"featured_media":3577,"template":"","meta":{"_acf_changed":false},"product_brand":[],"product_cat":[59],"product_tag":[66],"class_list":{"0":"post-3575","1":"product","2":"type-product","3":"status-publish","4":"has-post-thumbnail","6":"product_cat-ceramic-printing-machine","7":"product_tag-ceramic-line-drawing-machine","9":"first","10":"instock","11":"shipping-taxable","12":"product-type-simple"},"acf":{"customization_content":"<h2><\/h2>\r\n<div><\/div>","customization_content_source":{"label":"Customization Content","type":"wysiwyg","formatted_value":"<h2><\/h2>\n<div><\/div>\n"},"why_choose_us_content":"<h2 style=\"text-align: center;\">Why Choose Us as Your Ceramic Line Drawing Machine Supplier<\/h2>\r\n\r\n<hr \/>\r\n<p style=\"text-align: center;\">Yutai as a ceramic tableware manufacturer, maintains strict quality standards and excellent service. Revolutionize your manufacturing processes with cutting-edge automation technology that streamlines forming and enhances efficiency.<\/p>","why_choose_us_content_source":{"label":"Why Choose Us Content","type":"wysiwyg","formatted_value":"<h2 style=\"text-align: center;\">Why Choose Us as Your Ceramic Line Drawing Machine Supplier<\/h2>\n<hr \/>\n<p style=\"text-align: center;\">Yutai as a ceramic tableware manufacturer, maintains strict quality standards and excellent service. Revolutionize your manufacturing processes with cutting-edge automation technology that streamlines forming and enhances efficiency.<\/p>\n"}},"_links":{"self":[{"href":"https:\/\/yutaimachinery.com\/pt\/wp-json\/wp\/v2\/product\/3575","targetHints":{"allow":["GET"]}}],"collection":[{"href":"https:\/\/yutaimachinery.com\/pt\/wp-json\/wp\/v2\/product"}],"about":[{"href":"https:\/\/yutaimachinery.com\/pt\/wp-json\/wp\/v2\/types\/product"}],"version-history":[{"count":0,"href":"https:\/\/yutaimachinery.com\/pt\/wp-json\/wp\/v2\/product\/3575\/revisions"}],"wp:featuredmedia":[{"embeddable":true,"href":"https:\/\/yutaimachinery.com\/pt\/wp-json\/wp\/v2\/media\/3577"}],"wp:attachment":[{"href":"https:\/\/yutaimachinery.com\/pt\/wp-json\/wp\/v2\/media?parent=3575"}],"wp:term":[{"taxonomy":"product_brand","embeddable":true,"href":"https:\/\/yutaimachinery.com\/pt\/wp-json\/wp\/v2\/product_brand?post=3575"},{"taxonomy":"product_cat","embeddable":true,"href":"https:\/\/yutaimachinery.com\/pt\/wp-json\/wp\/v2\/product_cat?post=3575"},{"taxonomy":"product_tag","embeddable":true,"href":"https:\/\/yutaimachinery.com\/pt\/wp-json\/wp\/v2\/product_tag?post=3575"}],"curies":[{"name":"wp","href":"https:\/\/api.w.org\/{rel}","templated":true}]}}