{"id":3438,"date":"2024-04-06T14:18:08","date_gmt":"2024-04-06T06:18:08","guid":{"rendered":"https:\/\/yutaimachinery.com\/?post_type=product&#038;p=3438"},"modified":"2024-04-17T09:35:21","modified_gmt":"2024-04-17T01:35:21","slug":"forno-de-tunel","status":"publish","type":"product","link":"https:\/\/yutaimachinery.com\/pt\/product\/tunnel-kiln\/","title":{"rendered":"Forno de t\u00fanel autom\u00e1tico altamente eficiente para a ind\u00fastria"},"content":{"rendered":"<div class=\"wp-block-columns is-layout-flex wp-container-core-columns-is-layout-9d6595d7 wp-block-columns-is-layout-flex\">\n<div class=\"wp-block-column is-layout-flow wp-block-column-is-layout-flow\">\n<figure class=\"wp-block-embed is-type-video is-provider-youtube wp-block-embed-youtube wp-embed-aspect-4-3 wp-has-aspect-ratio\"><div class=\"wp-block-embed__wrapper\">\n<iframe title=\"forno de t\u00fanel para decora\u00e7\u00e3o em cer\u00e2mica\" width=\"940\" height=\"705\" src=\"https:\/\/www.youtube.com\/embed\/yTTW1kYA210?feature=oembed\" frameborder=\"0\" allow=\"accelerometer; autoplay; clipboard-write; encrypted-media; gyroscope; picture-in-picture; web-share\" referrerpolicy=\"strict-origin-when-cross-origin\" allowfullscreen><\/iframe>\n<\/div><\/figure>\n<\/div>\n\n\n\n<div class=\"wp-block-column is-layout-flow wp-block-column-is-layout-flow\">\n<h2 class=\"wp-block-heading\"><strong>Caracter\u00edsticas do forno de t\u00fanel<\/strong><\/h2>\n\n\n\n<p>Elevado n\u00edvel de automatiza\u00e7\u00e3o: O forno de t\u00fanel \u00e9 controlado automaticamente por um microcomputador PID, permitindo um controlo preciso do processo de aquecimento e reduzindo a interven\u00e7\u00e3o manual.<\/p>\n\n\n\n<p>Controlo uniforme da temperatura: Durante o processo de cozedura, a quantidade de g\u00e1s pode ser ajustada automaticamente, resultando em diferen\u00e7as m\u00ednimas de temperatura em diferentes sec\u00e7\u00f5es do forno, redu\u00e7\u00e3o do consumo de g\u00e1s e elevada taxa de passagem.<\/p>\n\n\n\n<p>Ampla aplicabilidade: Os fornos de t\u00fanel podem ser utilizados n\u00e3o s\u00f3 para a cozedura de produtos cer\u00e2micos, mas tamb\u00e9m para a cozedura e processamento de outros materiais, demonstrando versatilidade e flexibilidade.<\/p>\n\n\n\n<p>Poupan\u00e7a de energia e prote\u00e7\u00e3o ambiental: Equipado com uma m\u00e1quina de combust\u00e3o eficiente. A combust\u00e3o \u00e9 completa e n\u00e3o \u00e9 produzida qualquer polui\u00e7\u00e3o por gases residuais, o que est\u00e1 em conformidade com os requisitos de prote\u00e7\u00e3o ambiental.<\/p>\n<\/div>\n<\/div>","protected":false},"excerpt":{"rendered":"<p>O nosso forno de t\u00fanel utiliza materiais refract\u00e1rios de alta qualidade e est\u00e1 equipado com um sistema de controlo automatizado avan\u00e7ado para controlar a temperatura de forma uniforme e alcan\u00e7ar uma elevada capacidade de produ\u00e7\u00e3o. \u00c9 adequado para queima espessa e queima de vidros de dolomita, porcelana, cer\u00e2mica, produtos de argila, etc.<\/p>\n<h2>Solu\u00e7\u00e3o completa para forno de t\u00fanel:<\/h2>\n<ol>\n<li>Personalizado: Suporta pe\u00e7as de equipamento personalizadas, acess\u00f3rios personalizados e aplica\u00e7\u00f5es personalizadas<\/li>\n<li>Apoio \u00e0 conce\u00e7\u00e3o da disposi\u00e7\u00e3o:  De acordo com a \u00e1rea da f\u00e1brica, o plano de produ\u00e7\u00e3o e o investimento de capital, fornecemos servi\u00e7os profissionais de design e layout.<\/li>\n<li>Assist\u00eancia t\u00e9cnica e servi\u00e7o: T\u00e9cnicos altamente qualificados montam as suas m\u00e1quinas e fornecem forma\u00e7\u00e3o em v\u00eddeo e apoio t\u00e9cnico.<\/li>\n<\/ol>","protected":false},"featured_media":3552,"template":"","meta":{"_acf_changed":false},"product_brand":[],"product_cat":[58],"product_tag":[65],"class_list":{"0":"post-3438","1":"product","2":"type-product","3":"status-publish","4":"has-post-thumbnail","6":"product_cat-ceramic-kiln","7":"product_tag-tunnel-kiln","9":"first","10":"instock","11":"shipping-taxable","12":"product-type-simple"},"acf":{"customization_content":"<h2><\/h2>\r\n<div><\/div>","customization_content_source":{"label":"Customization Content","type":"wysiwyg","formatted_value":"<h2><\/h2>\n<div><\/div>\n"},"why_choose_us_content":"<h2 style=\"text-align: center;\">Why Choose Us as Your Automatic Tunnel Kiln Supplier<\/h2>\r\n\r\n<hr \/>\r\n<p style=\"text-align: center;\">Yutai as a ceramic tableware manufacturer, maintains strict quality standards and excellent service. Revolutionize your manufacturing processes with cutting-edge automation technology that streamlines forming and enhances efficiency.<\/p>","why_choose_us_content_source":{"label":"Why Choose Us Content","type":"wysiwyg","formatted_value":"<h2 style=\"text-align: center;\">Why Choose Us as Your Automatic Tunnel Kiln Supplier<\/h2>\n<hr \/>\n<p style=\"text-align: center;\">Yutai as a ceramic tableware manufacturer, maintains strict quality standards and excellent service. Revolutionize your manufacturing processes with cutting-edge automation technology that streamlines forming and enhances efficiency.<\/p>\n"}},"_links":{"self":[{"href":"https:\/\/yutaimachinery.com\/pt\/wp-json\/wp\/v2\/product\/3438","targetHints":{"allow":["GET"]}}],"collection":[{"href":"https:\/\/yutaimachinery.com\/pt\/wp-json\/wp\/v2\/product"}],"about":[{"href":"https:\/\/yutaimachinery.com\/pt\/wp-json\/wp\/v2\/types\/product"}],"version-history":[{"count":0,"href":"https:\/\/yutaimachinery.com\/pt\/wp-json\/wp\/v2\/product\/3438\/revisions"}],"wp:featuredmedia":[{"embeddable":true,"href":"https:\/\/yutaimachinery.com\/pt\/wp-json\/wp\/v2\/media\/3552"}],"wp:attachment":[{"href":"https:\/\/yutaimachinery.com\/pt\/wp-json\/wp\/v2\/media?parent=3438"}],"wp:term":[{"taxonomy":"product_brand","embeddable":true,"href":"https:\/\/yutaimachinery.com\/pt\/wp-json\/wp\/v2\/product_brand?post=3438"},{"taxonomy":"product_cat","embeddable":true,"href":"https:\/\/yutaimachinery.com\/pt\/wp-json\/wp\/v2\/product_cat?post=3438"},{"taxonomy":"product_tag","embeddable":true,"href":"https:\/\/yutaimachinery.com\/pt\/wp-json\/wp\/v2\/product_tag?post=3438"}],"curies":[{"name":"wp","href":"https:\/\/api.w.org\/{rel}","templated":true}]}}