{"id":3294,"date":"2024-04-05T15:17:39","date_gmt":"2024-04-05T07:17:39","guid":{"rendered":"https:\/\/yutaimachinery.com\/?post_type=product&#038;p=3294"},"modified":"2024-04-09T18:04:43","modified_gmt":"2024-04-09T10:04:43","slug":"maquina-de-secagem-de-ceramica","status":"publish","type":"product","link":"https:\/\/yutaimachinery.com\/pt\/product\/ceramic-drying-machine\/","title":{"rendered":"M\u00e1quina de Secagem de Cer\u00e2mica de Cadeia de Alta Efici\u00eancia para Secagem de Cer\u00e2mica"},"content":{"rendered":"<div class=\"wp-block-columns is-layout-flex wp-container-core-columns-is-layout-9d6595d7 wp-block-columns-is-layout-flex\">\n<div class=\"wp-block-column is-layout-flow wp-block-column-is-layout-flow\">\n<figure class=\"wp-block-image size-large\"><img fetchpriority=\"high\" decoding=\"async\" width=\"1024\" height=\"1024\" src=\"https:\/\/yutaimachinery.com\/wp-content\/uploads\/2024\/04\/ceramic-drying-machine-1024x1024.webp\" alt=\"m\u00e1quina de secagem de cer\u00e2mica\" class=\"wp-image-3295\" title=\"\" srcset=\"https:\/\/yutaimachinery.com\/wp-content\/uploads\/2024\/04\/ceramic-drying-machine-1024x1024.webp 1024w, https:\/\/yutaimachinery.com\/wp-content\/uploads\/2024\/04\/ceramic-drying-machine-300x300.webp 300w, https:\/\/yutaimachinery.com\/wp-content\/uploads\/2024\/04\/ceramic-drying-machine-150x150.webp 150w, https:\/\/yutaimachinery.com\/wp-content\/uploads\/2024\/04\/ceramic-drying-machine-768x768.webp 768w, https:\/\/yutaimachinery.com\/wp-content\/uploads\/2024\/04\/ceramic-drying-machine-1536x1536.webp 1536w, https:\/\/yutaimachinery.com\/wp-content\/uploads\/2024\/04\/ceramic-drying-machine-2048x2048.webp 2048w, https:\/\/yutaimachinery.com\/wp-content\/uploads\/2024\/04\/ceramic-drying-machine-285x285.webp 285w, https:\/\/yutaimachinery.com\/wp-content\/uploads\/2024\/04\/ceramic-drying-machine-1600x1600.webp 1600w, https:\/\/yutaimachinery.com\/wp-content\/uploads\/2024\/04\/ceramic-drying-machine-270x270.webp 270w, https:\/\/yutaimachinery.com\/wp-content\/uploads\/2024\/04\/ceramic-drying-machine-540x540.webp 540w, https:\/\/yutaimachinery.com\/wp-content\/uploads\/2024\/04\/ceramic-drying-machine-660x660.webp 660w\" sizes=\"(max-width: 1024px) 100vw, 1024px\" \/><\/figure>\n<\/div>\n\n\n\n<div class=\"wp-block-column is-layout-flow wp-block-column-is-layout-flow\">\n<h2 class=\"wp-block-heading\">Caracter\u00edsticas da M\u00e1quina autom\u00e1tica de secagem de cer\u00e2mica<\/h2>\n\n\n\n<ol class=\"wp-block-list\">\n<li>Elevada efici\u00eancia: O design do tipo corrente permite a secagem cont\u00ednua e automatizada de produtos cer\u00e2micos, maximizando a efici\u00eancia e o rendimento da produ\u00e7\u00e3o.<\/li>\n\n\n\n<li>Secagem uniforme: O processo de secagem \u00e9 uniforme em todos os produtos cer\u00e2micos, garantindo uma remo\u00e7\u00e3o consistente da humidade e evitando a secagem irregular ou a forma\u00e7\u00e3o de fissuras.<\/li>\n\n\n\n<li>Capacidades de integra\u00e7\u00e3o: A linha de secagem pode ser perfeitamente integrada com outro equipamento de produ\u00e7\u00e3o, como m\u00e1quinas de moldagem, linhas de vidragem e fornos, criando um processo de produ\u00e7\u00e3o de cer\u00e2mica totalmente automatizado.<\/li>\n<\/ol>\n<\/div>\n<\/div>","protected":false},"excerpt":{"rendered":"<p>Escolha o fabricante de m\u00e1quinas de cer\u00e2mica Yutai para a sua solu\u00e7\u00e3o \u00fanica. Fornecemos suporte t\u00e9cnico de personaliza\u00e7\u00e3o e instala\u00e7\u00e3o para ajudar a sua linha de secagem de cer\u00e2mica em cadeia a integrar-se com outros equipamentos de produ\u00e7\u00e3o para obter um processo de produ\u00e7\u00e3o de cer\u00e2mica totalmente automatizado.<\/p>\n<h2>Solu\u00e7\u00e3o completa para m\u00e1quinas de secagem de cer\u00e2mica:<\/h2>\n<ol>\n<li>Personalizado: Suporta pe\u00e7as de equipamento personalizadas, acess\u00f3rios personalizados e aplica\u00e7\u00f5es personalizadas<\/li>\n<li>Apoio \u00e0 conce\u00e7\u00e3o da disposi\u00e7\u00e3o:  De acordo com a \u00e1rea da f\u00e1brica, o plano de produ\u00e7\u00e3o e o investimento de capital, fornecemos servi\u00e7os profissionais de design e layout.<\/li>\n<li>Assist\u00eancia t\u00e9cnica e servi\u00e7o: T\u00e9cnicos altamente qualificados montam as suas m\u00e1quinas e fornecem forma\u00e7\u00e3o em v\u00eddeo e apoio t\u00e9cnico.<\/li>\n<\/ol>","protected":false},"featured_media":3295,"template":"","meta":{"_acf_changed":false},"product_brand":[],"product_cat":[56],"product_tag":[71],"class_list":{"0":"post-3294","1":"product","2":"type-product","3":"status-publish","4":"has-post-thumbnail","6":"product_cat-ceramic-drying-machine","7":"product_tag-ceramic-drying-machine","9":"first","10":"instock","11":"shipping-taxable","12":"product-type-simple"},"acf":{"customization_content":"<h2><\/h2>\r\n<div><\/div>","customization_content_source":{"label":"Customization Content","type":"wysiwyg","formatted_value":"<h2><\/h2>\n<div><\/div>\n"},"why_choose_us_content":"<h2 style=\"text-align: center;\">Why Choose Us as Your Ceramic Drying Machine Supplier<\/h2>\r\n\r\n<hr \/>\r\n<p style=\"text-align: center;\">Yutai as a ceramic tableware manufacturer, maintains strict quality standards and excellent service. Revolutionize your manufacturing processes with cutting-edge automation technology that streamlines forming and enhances efficiency.<\/p>","why_choose_us_content_source":{"label":"Why Choose Us Content","type":"wysiwyg","formatted_value":"<h2 style=\"text-align: center;\">Why Choose Us as Your Ceramic Drying Machine Supplier<\/h2>\n<hr \/>\n<p style=\"text-align: center;\">Yutai as a ceramic tableware manufacturer, maintains strict quality standards and excellent service. Revolutionize your manufacturing processes with cutting-edge automation technology that streamlines forming and enhances efficiency.<\/p>\n"}},"_links":{"self":[{"href":"https:\/\/yutaimachinery.com\/pt\/wp-json\/wp\/v2\/product\/3294","targetHints":{"allow":["GET"]}}],"collection":[{"href":"https:\/\/yutaimachinery.com\/pt\/wp-json\/wp\/v2\/product"}],"about":[{"href":"https:\/\/yutaimachinery.com\/pt\/wp-json\/wp\/v2\/types\/product"}],"version-history":[{"count":0,"href":"https:\/\/yutaimachinery.com\/pt\/wp-json\/wp\/v2\/product\/3294\/revisions"}],"wp:featuredmedia":[{"embeddable":true,"href":"https:\/\/yutaimachinery.com\/pt\/wp-json\/wp\/v2\/media\/3295"}],"wp:attachment":[{"href":"https:\/\/yutaimachinery.com\/pt\/wp-json\/wp\/v2\/media?parent=3294"}],"wp:term":[{"taxonomy":"product_brand","embeddable":true,"href":"https:\/\/yutaimachinery.com\/pt\/wp-json\/wp\/v2\/product_brand?post=3294"},{"taxonomy":"product_cat","embeddable":true,"href":"https:\/\/yutaimachinery.com\/pt\/wp-json\/wp\/v2\/product_cat?post=3294"},{"taxonomy":"product_tag","embeddable":true,"href":"https:\/\/yutaimachinery.com\/pt\/wp-json\/wp\/v2\/product_tag?post=3294"}],"curies":[{"name":"wp","href":"https:\/\/api.w.org\/{rel}","templated":true}]}}