{"id":3280,"date":"2024-04-05T04:25:21","date_gmt":"2024-04-04T20:25:21","guid":{"rendered":"https:\/\/yutaimachinery.com\/?post_type=product&#038;p=3280"},"modified":"2024-04-06T18:57:02","modified_gmt":"2024-04-06T10:57:02","slug":"maquina-automatica-de-esmaltagem-de-ceramica-20m","status":"publish","type":"product","link":"https:\/\/yutaimachinery.com\/pt\/product\/20m-automatic-ceramic-glazing-machine\/","title":{"rendered":"M\u00e1quina autom\u00e1tica para vitrifica\u00e7\u00e3o de cer\u00e2mica 20M"},"content":{"rendered":"<div class=\"wp-block-columns is-layout-flex wp-container-core-columns-is-layout-9d6595d7 wp-block-columns-is-layout-flex\">\n<div class=\"wp-block-column is-layout-flow wp-block-column-is-layout-flow\">\n<figure class=\"wp-block-embed is-type-video is-provider-youtube wp-block-embed-youtube wp-embed-aspect-4-3 wp-has-aspect-ratio\"><div class=\"wp-block-embed__wrapper\">\n<iframe title=\"M\u00e1quina autom\u00e1tica para vitrifica\u00e7\u00e3o de placas cer\u00e2micas\" width=\"940\" height=\"705\" src=\"https:\/\/www.youtube.com\/embed\/-_xJOZt_byQ?start=59&#038;feature=oembed\" frameborder=\"0\" allow=\"accelerometer; autoplay; clipboard-write; encrypted-media; gyroscope; picture-in-picture; web-share\" referrerpolicy=\"strict-origin-when-cross-origin\" allowfullscreen><\/iframe>\n<\/div><\/figure>\n<\/div>\n\n\n\n<div class=\"wp-block-column is-layout-flow wp-block-column-is-layout-flow\">\n<h2 class=\"wp-block-heading\">Caracter\u00edsticas da m\u00e1quina autom\u00e1tica para vitrifica\u00e7\u00e3o de cer\u00e2mica<\/h2>\n\n\n\n<ol class=\"wp-block-list\">\n<li>A linha de envidra\u00e7amento integra sopro de p\u00f3, humidifica\u00e7\u00e3o, envidra\u00e7amento, limpeza do fundo e secagem, reduzindo a intensidade do trabalho manual e aumentando significativamente a efici\u00eancia da produ\u00e7\u00e3o.<\/li>\n\n\n\n<li>O funcionamento da linha de envidra\u00e7amento adopta um controlo de velocidade sem etapas e a produ\u00e7\u00e3o (8 horas) pode ser ajustada entre 25.000 e 46.000 pe\u00e7as, satisfazendo os requisitos de produ\u00e7\u00e3o individuais de diferentes fabricantes.<\/li>\n\n\n\n<li>O envidra\u00e7amento adopta o mais recente dispositivo de envidra\u00e7amento de alta precis\u00e3o do tipo sino, tornando a superf\u00edcie do envidra\u00e7amento lisa e consistente em termos de cor, e melhorando consideravelmente a qualidade da superf\u00edcie do envidra\u00e7amento.<\/li>\n<\/ol>\n<\/div>\n<\/div>\n\n\n\n<div class=\"wp-block-columns is-layout-flex wp-container-core-columns-is-layout-9d6595d7 wp-block-columns-is-layout-flex\">\n<div class=\"wp-block-column is-layout-flow wp-block-column-is-layout-flow\">\n<figure class=\"wp-block-image size-full\"><img fetchpriority=\"high\" decoding=\"async\" width=\"849\" height=\"513\" src=\"https:\/\/yutaimachinery.com\/wp-content\/uploads\/2024\/04\/auto-ceramic-glazing-machine2.webp\" alt=\"m\u00e1quina de esmaltar cer\u00e2mica autom\u00e1tica\" class=\"wp-image-3284\" title=\"\" srcset=\"https:\/\/yutaimachinery.com\/wp-content\/uploads\/2024\/04\/auto-ceramic-glazing-machine2.webp 849w, https:\/\/yutaimachinery.com\/wp-content\/uploads\/2024\/04\/auto-ceramic-glazing-machine2-300x181.webp 300w, https:\/\/yutaimachinery.com\/wp-content\/uploads\/2024\/04\/auto-ceramic-glazing-machine2-768x464.webp 768w, https:\/\/yutaimachinery.com\/wp-content\/uploads\/2024\/04\/auto-ceramic-glazing-machine2-285x172.webp 285w, https:\/\/yutaimachinery.com\/wp-content\/uploads\/2024\/04\/auto-ceramic-glazing-machine2-660x399.webp 660w, https:\/\/yutaimachinery.com\/wp-content\/uploads\/2024\/04\/auto-ceramic-glazing-machine2-150x91.webp 150w\" sizes=\"(max-width: 849px) 100vw, 849px\" \/><\/figure>\n<\/div>\n\n\n\n<div class=\"wp-block-column is-layout-flow wp-block-column-is-layout-flow\">\n<h2 class=\"wp-block-heading\">Par\u00e2metro da m\u00e1quina autom\u00e1tica para vitrifica\u00e7\u00e3o de cer\u00e2mica<\/h2>\n\n\n\n<figure class=\"wp-block-table\"><table><tbody><tr><td>Capacidade de produ\u00e7\u00e3o<\/td><td>20-50 Pc\/Munite<\/td><\/tr><tr><td>Pot\u00eancia total<\/td><td>8.15Kw 3 Fases<\/td><\/tr><tr><td>Dimens\u00e3o<\/td><td>20X2X1 M<\/td><\/tr><tr><td>Peso<\/td><td>4500Kgs<\/td><\/tr><tr><td>Tamanho da placa<\/td><td>Placa de 6~12<\/td><\/tr><tr><td>Stander<\/td><td>160 unidades<\/td><\/tr><tr><td>Velocidade de transporte<\/td><td>20M\/Minuto<\/td><\/tr><\/tbody><\/table><\/figure>\n<\/div>\n<\/div>\n\n\n\n<p> <\/p>","protected":false},"excerpt":{"rendered":"<p>Esta m\u00e1quina autom\u00e1tica para vitrifica\u00e7\u00e3o de cer\u00e2mica tem uma sec\u00e7\u00e3o de sopro de p\u00f3, sec\u00e7\u00e3o de humidifica\u00e7\u00e3o, sec\u00e7\u00e3o de vitrifica\u00e7\u00e3o, sec\u00e7\u00e3o de fundo de chicoteamento e sec\u00e7\u00e3o de secagem. Melhora consideravelmente a qualidade e a capacidade de produ\u00e7\u00e3o e reduz o custo de m\u00e3o de obra.<\/p>\n<h2>Solu\u00e7\u00e3o completa para m\u00e1quinas de esmaltagem de cer\u00e2mica:<\/h2>\n<ol>\n<li>Personalizado: Suporta pe\u00e7as de equipamento personalizadas, acess\u00f3rios personalizados e aplica\u00e7\u00f5es personalizadas<\/li>\n<li>Apoio \u00e0 conce\u00e7\u00e3o da disposi\u00e7\u00e3o:  De acordo com a \u00e1rea da f\u00e1brica, o plano de produ\u00e7\u00e3o e o investimento de capital, fornecemos servi\u00e7os profissionais de design e layout.<\/li>\n<li>Assist\u00eancia t\u00e9cnica e servi\u00e7o: T\u00e9cnicos altamente qualificados montam as suas m\u00e1quinas e fornecem forma\u00e7\u00e3o em v\u00eddeo e apoio t\u00e9cnico.<\/li>\n<\/ol>","protected":false},"featured_media":3283,"template":"","meta":{"_acf_changed":false},"product_brand":[],"product_cat":[57],"product_tag":[],"class_list":{"0":"post-3280","1":"product","2":"type-product","3":"status-publish","4":"has-post-thumbnail","6":"product_cat-ceramic-glazing-machine","8":"first","9":"instock","10":"shipping-taxable","11":"product-type-simple"},"acf":{"customization_content":"<h2><\/h2>\r\n<div><\/div>","customization_content_source":{"label":"Customization Content","type":"wysiwyg","formatted_value":"<h2><\/h2>\n<div><\/div>\n"},"why_choose_us_content":"<h2 style=\"text-align: center;\">Why Choose Us as Your Automatic Ceramic Glazing Machine Supplier<\/h2>\r\n\r\n<hr \/>\r\n<p style=\"text-align: center;\">Yutai as a ceramic tableware manufacturer, maintains strict quality standards and excellent service. Revolutionize your manufacturing processes with cutting-edge automation technology that streamlines forming and enhances efficiency.<\/p>","why_choose_us_content_source":{"label":"Why Choose Us Content","type":"wysiwyg","formatted_value":"<h2 style=\"text-align: center;\">Why Choose Us as Your Automatic Ceramic Glazing Machine Supplier<\/h2>\n<hr \/>\n<p style=\"text-align: center;\">Yutai as a ceramic tableware manufacturer, maintains strict quality standards and excellent service. Revolutionize your manufacturing processes with cutting-edge automation technology that streamlines forming and enhances efficiency.<\/p>\n"}},"_links":{"self":[{"href":"https:\/\/yutaimachinery.com\/pt\/wp-json\/wp\/v2\/product\/3280","targetHints":{"allow":["GET"]}}],"collection":[{"href":"https:\/\/yutaimachinery.com\/pt\/wp-json\/wp\/v2\/product"}],"about":[{"href":"https:\/\/yutaimachinery.com\/pt\/wp-json\/wp\/v2\/types\/product"}],"version-history":[{"count":0,"href":"https:\/\/yutaimachinery.com\/pt\/wp-json\/wp\/v2\/product\/3280\/revisions"}],"wp:featuredmedia":[{"embeddable":true,"href":"https:\/\/yutaimachinery.com\/pt\/wp-json\/wp\/v2\/media\/3283"}],"wp:attachment":[{"href":"https:\/\/yutaimachinery.com\/pt\/wp-json\/wp\/v2\/media?parent=3280"}],"wp:term":[{"taxonomy":"product_brand","embeddable":true,"href":"https:\/\/yutaimachinery.com\/pt\/wp-json\/wp\/v2\/product_brand?post=3280"},{"taxonomy":"product_cat","embeddable":true,"href":"https:\/\/yutaimachinery.com\/pt\/wp-json\/wp\/v2\/product_cat?post=3280"},{"taxonomy":"product_tag","embeddable":true,"href":"https:\/\/yutaimachinery.com\/pt\/wp-json\/wp\/v2\/product_tag?post=3280"}],"curies":[{"name":"wp","href":"https:\/\/api.w.org\/{rel}","templated":true}]}}