{"id":3152,"date":"2024-04-01T08:33:34","date_gmt":"2024-04-01T00:33:34","guid":{"rendered":"https:\/\/yutaimachinery.com\/?post_type=product&#038;p=3152"},"modified":"2024-04-07T16:48:00","modified_gmt":"2024-04-07T08:48:00","slug":"filtro-prensa-2","status":"publish","type":"product","link":"https:\/\/yutaimachinery.com\/pt\/product\/filter-press\/","title":{"rendered":"M\u00e1quina de processamento de argila com filtro prensa de placa redonda"},"content":{"rendered":"<div class=\"wp-block-columns is-layout-flex wp-container-core-columns-is-layout-9d6595d7 wp-block-columns-is-layout-flex\">\n<div class=\"wp-block-column is-layout-flow wp-block-column-is-layout-flow\" style=\"flex-basis:50%\">\n<figure class=\"wp-block-embed is-type-video is-provider-youtube wp-block-embed-youtube wp-embed-aspect-16-9 wp-has-aspect-ratio\"><div class=\"wp-block-embed__wrapper\">\n<iframe title=\"como fazer argila para cer\u00e2mica? como fazer materiais para lou\u00e7a de cer\u00e2mica? filtro prensa, moinho de pug\" width=\"940\" height=\"529\" src=\"https:\/\/www.youtube.com\/embed\/jgu1eH8ANHc?feature=oembed\" frameborder=\"0\" allow=\"accelerometer; autoplay; clipboard-write; encrypted-media; gyroscope; picture-in-picture; web-share\" referrerpolicy=\"strict-origin-when-cross-origin\" allowfullscreen><\/iframe>\n<\/div><\/figure>\n<\/div>\n\n\n\n<div class=\"wp-block-column is-layout-flow wp-block-column-is-layout-flow\">\n<h2 class=\"wp-block-heading\">Carater\u00edsticas do Filtro Prensa<\/h2>\n\n\n\n<ol class=\"wp-block-list\">\n<li>Processo de desidrata\u00e7\u00e3o eficaz:<br>O seu mecanismo de filtragem avan\u00e7ado permite uma desidrata\u00e7\u00e3o r\u00e1pida, minimizando o tempo de processamento e maximizando a produtividade no fabrico de cer\u00e2mica.<\/li>\n\n\n\n<li>Teor de \u00e1gua regul\u00e1vel:<br>O filtro prensa proporciona um controlo flex\u00edvel do teor de \u00e1gua dos biletes, normalmente entre 17% e 26%, com defini\u00e7\u00f5es ajust\u00e1veis para satisfazer requisitos de produ\u00e7\u00e3o espec\u00edficos<\/li>\n\n\n\n<li>Solu\u00e7\u00f5es econ\u00f3micas:<br>A sua efici\u00eancia na remo\u00e7\u00e3o de \u00e1gua traduz-se num menor consumo de energia e na redu\u00e7\u00e3o de res\u00edduos, ajudando os fabricantes de cer\u00e2mica a poupar custos globais.<\/li>\n\n\n\n<li>Aplica\u00e7\u00f5es comuns:<br>Desde a prepara\u00e7\u00e3o inicial da lama at\u00e9 \u00e0 forma\u00e7\u00e3o do lingote final, o filtro prensa tem uma vasta gama de aplica\u00e7\u00f5es em todas as fases da produ\u00e7\u00e3o de cer\u00e2mica.<\/li>\n<\/ol>\n<\/div>\n<\/div>\n\n\n<h2>Tabela de par\u00e2metros do filtro prensa<\/h2>\n<hr \/>\n<table width=\"946\">\n<tbody>\n<tr>\n<td width=\"145\">Modelo<\/td>\n<td width=\"199\">Di\u00e2metro da t\u00e1bua (cm)<\/td>\n<td width=\"199\">Capacidade<\/td>\n<td width=\"257\">Pot\u00eancia (kw)<\/td>\n<td width=\"73\">Dimens\u00e3o (lxwxh)<\/td>\n<td width=\"73\">Peso (kg)<\/td>\n<\/tr>\n<tr>\n<td width=\"145\">80-80<\/td>\n<td width=\"199\">80cm x80pcs<\/td>\n<td width=\"199\">2t\/tempo<\/td>\n<td width=\"257\">3kw<\/td>\n<td width=\"73\">680x110x160cm(h)<\/td>\n<td width=\"73\">5000<\/td>\n<\/tr>\n<tr>\n<td width=\"145\">80-100<\/td>\n<td width=\"199\">80cmx100pcs<\/td>\n<td width=\"199\">2,5t\/tempo<\/td>\n<td width=\"257\">4kw<\/td>\n<td width=\"73\">780x110xx160cm(h)<\/td>\n<td width=\"73\">6000<\/td>\n<\/tr>\n<tr>\n<td width=\"145\">100-100<\/td>\n<td width=\"199\">100cmx100pcs<\/td>\n<td width=\"199\">3-4t\/tempo<\/td>\n<td width=\"257\">5,5kw<\/td>\n<td width=\"73\">865x136x150cm(h)<\/td>\n<td width=\"73\">7000<\/td>\n<\/tr>\n<\/tbody>\n<\/table>\n\n\n<div class=\"wp-block-columns is-layout-flex wp-container-core-columns-is-layout-9d6595d7 wp-block-columns-is-layout-flex\">\n<div class=\"wp-block-column is-layout-flow wp-block-column-is-layout-flow\"><\/div>\n\n\n\n<div class=\"wp-block-column is-layout-flow wp-block-column-is-layout-flow\"><\/div>\n<\/div>","protected":false},"excerpt":{"rendered":"<p>Esta m\u00e1quina \u00e9 utilizada para a desidrata\u00e7\u00e3o de lama na ind\u00fastria cer\u00e2mica, com 17%-26% (ajust\u00e1vel) teor de \u00e1gua do tarugo.<\/p>\n<h2>Solu\u00e7\u00e3o completa de filtro prensa:<\/h2>\n<ol>\n<li>Personalizado: Suporta pe\u00e7as de equipamento personalizadas, acess\u00f3rios personalizados e aplica\u00e7\u00f5es personalizadas<\/li>\n<li>Apoio \u00e0 conce\u00e7\u00e3o da disposi\u00e7\u00e3o:  De acordo com a \u00e1rea da f\u00e1brica, o plano de produ\u00e7\u00e3o e o investimento de capital, fornecemos servi\u00e7os profissionais de design e layout.<\/li>\n<li>Assist\u00eancia t\u00e9cnica e servi\u00e7o: T\u00e9cnicos altamente qualificados montam as suas m\u00e1quinas e fornecem forma\u00e7\u00e3o em v\u00eddeo e apoio t\u00e9cnico.<\/li>\n<\/ol>","protected":false},"featured_media":3154,"template":"","meta":{"_acf_changed":false},"product_brand":[],"product_cat":[54],"product_tag":[],"class_list":{"0":"post-3152","1":"product","2":"type-product","3":"status-publish","4":"has-post-thumbnail","6":"product_cat-clay-making-machine","8":"first","9":"instock","10":"shipping-taxable","11":"product-type-simple"},"acf":{"customization_content":"","customization_content_source":{"label":"Customization Content","type":"wysiwyg","formatted_value":""},"why_choose_us_content":"<h2 style=\"text-align: center;\">Why Choose Us as Your Filter Press Supplier<\/h2>\r\n\r\n<hr \/>\r\n<p style=\"text-align: center;\">Yutai as a ceramic tableware manufacturer, maintains strict quality standards and excellent service. Revolutionize your manufacturing processes with cutting-edge automation technology that streamlines forming and enhances efficiency.<\/p>","why_choose_us_content_source":{"label":"Why Choose Us Content","type":"wysiwyg","formatted_value":"<h2 style=\"text-align: center;\">Why Choose Us as Your Filter Press Supplier<\/h2>\n<hr \/>\n<p style=\"text-align: center;\">Yutai as a ceramic tableware manufacturer, maintains strict quality standards and excellent service. Revolutionize your manufacturing processes with cutting-edge automation technology that streamlines forming and enhances efficiency.<\/p>\n"}},"_links":{"self":[{"href":"https:\/\/yutaimachinery.com\/pt\/wp-json\/wp\/v2\/product\/3152","targetHints":{"allow":["GET"]}}],"collection":[{"href":"https:\/\/yutaimachinery.com\/pt\/wp-json\/wp\/v2\/product"}],"about":[{"href":"https:\/\/yutaimachinery.com\/pt\/wp-json\/wp\/v2\/types\/product"}],"version-history":[{"count":0,"href":"https:\/\/yutaimachinery.com\/pt\/wp-json\/wp\/v2\/product\/3152\/revisions"}],"wp:featuredmedia":[{"embeddable":true,"href":"https:\/\/yutaimachinery.com\/pt\/wp-json\/wp\/v2\/media\/3154"}],"wp:attachment":[{"href":"https:\/\/yutaimachinery.com\/pt\/wp-json\/wp\/v2\/media?parent=3152"}],"wp:term":[{"taxonomy":"product_brand","embeddable":true,"href":"https:\/\/yutaimachinery.com\/pt\/wp-json\/wp\/v2\/product_brand?post=3152"},{"taxonomy":"product_cat","embeddable":true,"href":"https:\/\/yutaimachinery.com\/pt\/wp-json\/wp\/v2\/product_cat?post=3152"},{"taxonomy":"product_tag","embeddable":true,"href":"https:\/\/yutaimachinery.com\/pt\/wp-json\/wp\/v2\/product_tag?post=3152"}],"curies":[{"name":"wp","href":"https:\/\/api.w.org\/{rel}","templated":true}]}}