{"id":3114,"date":"2025-12-10T22:20:02","date_gmt":"2025-12-10T14:20:02","guid":{"rendered":"https:\/\/yutaimachinery.com\/?post_type=product&#038;p=3114"},"modified":"2026-01-15T11:38:47","modified_gmt":"2026-01-15T03:38:47","slug":"linha-de-moldagem-automatica-de-ceramica-2","status":"publish","type":"product","link":"https:\/\/yutaimachinery.com\/pt\/product\/ceramic-automatic-forming-line\/","title":{"rendered":"Linha Formadora de Rolos de Cer\u00e2mica Autom\u00e1tica,M\u00e1quina para fabricar pratos, copos, canecas"},"content":{"rendered":"<figure class=\"wp-block-image size-full\"><img fetchpriority=\"high\" decoding=\"async\" width=\"2000\" height=\"1366\" src=\"https:\/\/yutaimachinery.com\/wp-content\/uploads\/2024\/03\/ceramic-automatic-forming-line-1-1.webp\" alt=\"linha de moldagem autom\u00e1tica de cer\u00e2mica \" class=\"wp-image-3119\" title=\"\" srcset=\"https:\/\/yutaimachinery.com\/wp-content\/uploads\/2024\/03\/ceramic-automatic-forming-line-1-1.webp 2000w, https:\/\/yutaimachinery.com\/wp-content\/uploads\/2024\/03\/ceramic-automatic-forming-line-1-1-300x205.webp 300w, https:\/\/yutaimachinery.com\/wp-content\/uploads\/2024\/03\/ceramic-automatic-forming-line-1-1-768x525.webp 768w, https:\/\/yutaimachinery.com\/wp-content\/uploads\/2024\/03\/ceramic-automatic-forming-line-1-1-285x195.webp 285w, https:\/\/yutaimachinery.com\/wp-content\/uploads\/2024\/03\/ceramic-automatic-forming-line-1-1-1600x1093.webp 1600w, https:\/\/yutaimachinery.com\/wp-content\/uploads\/2024\/03\/ceramic-automatic-forming-line-1-1-660x451.webp 660w, https:\/\/yutaimachinery.com\/wp-content\/uploads\/2024\/03\/ceramic-automatic-forming-line-1-1-150x102.webp 150w\" sizes=\"(max-width: 2000px) 100vw, 2000px\" \/><\/figure>\n\n\n\n<div class=\"wp-block-columns is-layout-flex wp-container-core-columns-is-layout-9d6595d7 wp-block-columns-is-layout-flex\">\n<div class=\"wp-block-column is-layout-flow wp-block-column-is-layout-flow\">\n<h2 class=\"wp-block-heading\">Linha de forma\u00e7\u00e3o de cer\u00e2mica Carater\u00edsticas:<\/h2>\n\n\n\n<h3 class=\"wp-block-heading\">1. Opera\u00e7\u00e3o totalmente automatizada e controlada por PLC<\/h3>\n\n\n\n<p>Toda a linha funciona sob um sistema de controlo PLC integrado com uma interface HMI, permitindo um controlo preciso e sincronizado de todos os processos. A tecnologia de transmiss\u00e3o avan\u00e7ada garante um desempenho est\u00e1vel, baixas taxas de falhas e f\u00e1cil manuten\u00e7\u00e3o.<\/p>\n\n\n\n<h3 class=\"wp-block-heading\">2. Componentes de pot\u00eancia importados de alta qualidade<\/h3>\n\n\n\n<p>Equipado com marcas globais premium para garantir confiabilidade e longa vida \u00fatil:<\/p>\n\n\n\n<ul class=\"wp-block-list\">\n<li>Toshiba Motors (Jap\u00e3o)<\/li>\n\n\n\n<li>Redutores Sumitomo (Jap\u00e3o)<\/li>\n\n\n\n<li>Servomotores Yaskawa<\/li>\n\n\n\n<li>Inversores Mitsubishi ou Panasonic<\/li>\n<\/ul>\n\n\n\n<h3 class=\"wp-block-heading\">3. Rolamentos e pe\u00e7as mec\u00e2nicas premium<\/h3>\n\n\n\n<p>Todos os rolamentos s\u00e3o da NTN, NSK ou SKF, garantindo alta precis\u00e3o, funcionamento suave e estabilidade a longo prazo.<\/p>\n\n\n\n<h3 class=\"wp-block-heading\">4. Sistema pneum\u00e1tico e de movimento linear fi\u00e1vel<\/h3>\n\n\n\n<ul class=\"wp-block-list\">\n<li>Componentes pneum\u00e1ticos da SMC ou TEC<\/li>\n\n\n\n<li>Trilhos de guia linear da HIWIN (Taiwan), TBI ou CSK<br>Isso garante um posicionamento preciso, um movimento suave e uma qualidade de moldagem consistente.<\/li>\n<\/ul>\n\n\n\n<h3 class=\"wp-block-heading\">5. Sistema de secagem avan\u00e7ado<\/h3>\n\n\n\n<p>A conduta de ar de secagem apresenta uma estrutura de a\u00e7o inoxid\u00e1vel de camada dupla com desumidifica\u00e7\u00e3o, proporcionando uma secagem uniforme e controlada para satisfazer os diferentes requisitos do processo cer\u00e2mico.<\/p>\n\n\n\n<h3 class=\"wp-block-heading\">6. Misturador a v\u00e1cuo em a\u00e7o inoxid\u00e1vel 304<\/h3>\n\n\n\n<p>Um moinho de v\u00e1cuo de a\u00e7o inoxid\u00e1vel 304 completo garante uma alimenta\u00e7\u00e3o est\u00e1vel da argila, uma qualidade uniforme do material e um desempenho de forma\u00e7\u00e3o fi\u00e1vel.<\/p>\n\n\n\n<h3 class=\"wp-block-heading\">7. Controlo pneum\u00e1tico de alta estabilidade<\/h3>\n\n\n\n<p>O sistema pneum\u00e1tico utiliza filtragem de camada dupla e fontes de ar de alta qualidade, melhorando significativamente a estabilidade do equipamento e a consist\u00eancia operacional.<\/p>\n<\/div>\n\n\n\n<div class=\"wp-block-column is-layout-flow wp-block-column-is-layout-flow\">\n<figure class=\"wp-block-embed is-type-video is-provider-youtube wp-block-embed-youtube wp-embed-aspect-16-9 wp-has-aspect-ratio\"><div class=\"wp-block-embed__wrapper\">\n<iframe title=\"M\u00e1quina perfiladeira autom\u00e1tica de cabe\u00e7a dupla para placa cearense\" width=\"940\" height=\"529\" src=\"https:\/\/www.youtube.com\/embed\/vae_S931OYI?feature=oembed\" frameborder=\"0\" allow=\"accelerometer; autoplay; clipboard-write; encrypted-media; gyroscope; picture-in-picture; web-share\" referrerpolicy=\"strict-origin-when-cross-origin\" allowfullscreen><\/iframe>\n<\/div><\/figure>\n\n\n\n<figure class=\"wp-block-image size-full\"><img decoding=\"async\" width=\"500\" height=\"500\" src=\"https:\/\/yutaimachinery.com\/wp-content\/uploads\/2025\/12\/ceramic-dinnerware-making-machine.webp\" alt=\"m\u00e1quina de fabrico de lou\u00e7a de cer\u00e2mica\" class=\"wp-image-6300\" title=\"\" srcset=\"https:\/\/yutaimachinery.com\/wp-content\/uploads\/2025\/12\/ceramic-dinnerware-making-machine.webp 500w, https:\/\/yutaimachinery.com\/wp-content\/uploads\/2025\/12\/ceramic-dinnerware-making-machine-300x300.webp 300w, https:\/\/yutaimachinery.com\/wp-content\/uploads\/2025\/12\/ceramic-dinnerware-making-machine-150x150.webp 150w, https:\/\/yutaimachinery.com\/wp-content\/uploads\/2025\/12\/ceramic-dinnerware-making-machine-12x12.webp 12w, https:\/\/yutaimachinery.com\/wp-content\/uploads\/2025\/12\/ceramic-dinnerware-making-machine-285x285.webp 285w, https:\/\/yutaimachinery.com\/wp-content\/uploads\/2025\/12\/ceramic-dinnerware-making-machine-270x270.webp 270w\" sizes=\"(max-width: 500px) 100vw, 500px\" \/><\/figure>\n<\/div>\n<\/div>\n\n\n\n<h2 class=\"wp-block-heading\">Par\u00e2metros da linha de forma\u00e7\u00e3o de cer\u00e2mica:<\/h2>\n\n\n\n<figure class=\"wp-block-table\"><table class=\"has-fixed-layout\"><tbody><tr><td><strong>MODELO<\/strong><\/td><td><strong>250 MODELO<\/strong><\/td><td><strong>MODELO 35O<\/strong><\/td><\/tr><tr><td class=\"has-text-align-left\" data-align=\"left\"><strong>Max concluiu o tamanho do produto<\/strong><\/td><td>Dentro de uma tigela de 15 cm e um prato de 18 cm (principalmente devido \u00e0 diferen\u00e7a na taxa de encolhimento real, a taxa de encolhimento de refer\u00eancia deste produto \u00e9 1,16)<\/td><td>Numa tigela de 25 cm e num prato de 26,5 cm (principalmente devido \u00e0 diferen\u00e7a na taxa de encolhimento real, a taxa de encolhimento de refer\u00eancia deste produto \u00e9 1,16)<\/td><\/tr><tr><td><strong>Tipo Forder (tarugo moldado)<\/strong><\/td><td>Tamanho m\u00e1ximo da ch\u00e1vena, tigela m\u00e9dia e prato: \u03c6190 mm<\/td><td>Tamanho m\u00e1ximo da ch\u00e1vena, tigela m\u00e9dia e prato at\u00e9 \u03c6290 mm<\/td><\/tr><tr><td><strong>Tamanho m\u00e1ximo do molde de gesso (standard)<\/strong><\/td><td>Modo Yin \u03c6240 mm H150 mm<\/td><td>Modo Yin \u03c6340mm H150mm, modo Yang modo Yin \u03c6340mmH80mm<\/td><\/tr><tr><td><strong>Capacidade (PCS\/ hora)<\/strong><\/td><td>1200<\/td><td>600-720De acordo com as necessidades efectivas de produ\u00e7\u00e3o)<\/td><\/tr><tr><td><strong>Pot\u00eancia<\/strong><\/td><td>35KW<\/td><td>40KW<\/td><\/tr><tr><td><strong>Calor do queimador<\/strong><\/td><td>50.000Kcal\/hr<\/td><td>60.000Kcal\/hr<\/td><\/tr><tr><td><strong>Ar<\/strong><\/td><td>1000L\/min<\/td><td>1000L\/min<\/td><\/tr><tr><td><strong>\u00c1gua<\/strong><\/td><td>200L\/hr<\/td><td>200L\/hr<\/td><\/tr><tr><td><strong>Moldes<\/strong><\/td><td>160 PCS<\/td><td>160 PCS<\/td><\/tr><tr><td><strong>Dimens\u00e3o<\/strong><\/td><td>L23000\u00d7W4300\u00d7H1800<\/td><td>L31500\u00d7W4500\u00d7H1800<\/td><\/tr><\/tbody><\/table><\/figure>","protected":false},"excerpt":{"rendered":"<p>Esta linha de produ\u00e7\u00e3o totalmente autom\u00e1tica de lou\u00e7as de cer\u00e2mica integra misturadores, corte de argila, moldagem, secagem, desmoldagem e corte de bordas em um fluxo de trabalho cont\u00ednuo. O sistema pode ser conectado a uma linha de esmalta\u00e7\u00e3o, permitindo uma produ\u00e7\u00e3o precisa, de alta efici\u00eancia e baixo custo de m\u00e3o de obra. \u00c9 adequado para a fabrica\u00e7\u00e3o de pratos, tigelas, canecas, x\u00edcaras, pires e lou\u00e7as de cer\u00e2mica e porcelana.<\/p>\n<h2 data-start=\"595\" data-end=\"614\">Aplica\u00e7\u00f5es da linha de moldagem autom\u00e1tica de cer\u00e2mica:<\/h2>\n<ul>\n<li data-start=\"617\" data-end=\"661\">Produ\u00e7\u00e3o de lou\u00e7as de cer\u00e2mica e porcelana<\/li>\n<li data-start=\"617\" data-end=\"661\">Pratos, ta\u00e7as, ch\u00e1venas, canecas e pires<\/li>\n<li data-start=\"617\" data-end=\"661\">Cer\u00e2mica e lou\u00e7as de uso di\u00e1rio<\/li>\n<li data-start=\"617\" data-end=\"661\">Cer\u00e2mica para hot\u00e9is, catering e uso dom\u00e9stico<\/li>\n<li data-start=\"617\" data-end=\"661\">Linhas de produ\u00e7\u00e3o de lou\u00e7as de cer\u00e2mica OEM\/ODM<\/li>\n<\/ul>\n<h2>Solu\u00e7\u00e3o completa para linha de moldagem autom\u00e1tica de cer\u00e2mica:<\/h2>\n<ol>\n<li><strong>Solu\u00e7\u00f5es completas para linhas de produ\u00e7\u00e3o:<\/strong> Suporte completo desde a sele\u00e7\u00e3o de equipamentos, planeamento do layout at\u00e9 a integra\u00e7\u00e3o completa da linha.<\/li>\n<li><strong>Concep\u00e7\u00e3o e otimiza\u00e7\u00e3o de processos:<\/strong> Fluxos de trabalho personalizados de moldagem, secagem, corte e esmaltagem para atender \u00e0s necessidades do seu produto.<\/li>\n<li><strong>Personaliza\u00e7\u00e3o do equipamento:<\/strong> Configura\u00e7\u00f5es de m\u00e1quinas personalizadas, capacidade, n\u00edvel de automa\u00e7\u00e3o e layout da linha com base no espa\u00e7o da sua f\u00e1brica e nas metas de produ\u00e7\u00e3o.<\/li>\n<li><strong>Instala\u00e7\u00e3o e coloca\u00e7\u00e3o em funcionamento:<\/strong> Orienta\u00e7\u00e3o no local ou remota para garantir uma configura\u00e7\u00e3o tranquila e um funcionamento est\u00e1vel.<\/li>\n<li><strong>Forma\u00e7\u00e3o de operadores e suporte t\u00e9cnico:<\/strong> Forma\u00e7\u00e3o abrangente para operadores e pessoal de manuten\u00e7\u00e3o, para maximizar a efici\u00eancia e o tempo de atividade.<\/li>\n<li><strong>Servi\u00e7o p\u00f3s-venda e fornecimento de pe\u00e7as sobressalentes:<\/strong> Resposta t\u00e9cnica r\u00e1pida, suporte \u00e0 manuten\u00e7\u00e3o preventiva e disponibilidade confi\u00e1vel de pe\u00e7as sobressalentes.<\/li>\n<li><strong>Solu\u00e7\u00f5es para atualiza\u00e7\u00e3o e expans\u00e3o da produ\u00e7\u00e3o:<\/strong> Solu\u00e7\u00f5es flex\u00edveis para futura expans\u00e3o da capacidade ou integra\u00e7\u00e3o com sistemas de vidragem e queima.<\/li>\n<\/ol>","protected":false},"featured_media":6265,"template":"","meta":{"_acf_changed":false},"product_brand":[],"product_cat":[55],"product_tag":[],"class_list":{"0":"post-3114","1":"product","2":"type-product","3":"status-publish","4":"has-post-thumbnail","6":"product_cat-ceramic-forming-machine","8":"first","9":"instock","10":"shipping-taxable","11":"product-type-simple"},"acf":{"customization_content":"","customization_content_source":{"label":"Customization Content","type":"wysiwyg","formatted_value":""},"why_choose_us_content":"<h2 style=\"text-align: center;\">Why Choose Us as Your Ceramic Automatic Forming Line Supplier<\/h2>\r\n\r\n<hr \/>\r\n<p style=\"text-align: center;\">Yutai as a ceramic tableware manufacturer, maintains strict quality standards and excellent service. Revolutionize your manufacturing processes with cutting-edge automation technology that streamlines forming and enhances efficiency.<\/p>","why_choose_us_content_source":{"label":"Why Choose Us Content","type":"wysiwyg","formatted_value":"<h2 style=\"text-align: center;\">Why Choose Us as Your Ceramic Automatic Forming Line Supplier<\/h2>\n<hr \/>\n<p style=\"text-align: center;\">Yutai as a ceramic tableware manufacturer, maintains strict quality standards and excellent service. Revolutionize your manufacturing processes with cutting-edge automation technology that streamlines forming and enhances efficiency.<\/p>\n"}},"_links":{"self":[{"href":"https:\/\/yutaimachinery.com\/pt\/wp-json\/wp\/v2\/product\/3114","targetHints":{"allow":["GET"]}}],"collection":[{"href":"https:\/\/yutaimachinery.com\/pt\/wp-json\/wp\/v2\/product"}],"about":[{"href":"https:\/\/yutaimachinery.com\/pt\/wp-json\/wp\/v2\/types\/product"}],"version-history":[{"count":0,"href":"https:\/\/yutaimachinery.com\/pt\/wp-json\/wp\/v2\/product\/3114\/revisions"}],"wp:featuredmedia":[{"embeddable":true,"href":"https:\/\/yutaimachinery.com\/pt\/wp-json\/wp\/v2\/media\/6265"}],"wp:attachment":[{"href":"https:\/\/yutaimachinery.com\/pt\/wp-json\/wp\/v2\/media?parent=3114"}],"wp:term":[{"taxonomy":"product_brand","embeddable":true,"href":"https:\/\/yutaimachinery.com\/pt\/wp-json\/wp\/v2\/product_brand?post=3114"},{"taxonomy":"product_cat","embeddable":true,"href":"https:\/\/yutaimachinery.com\/pt\/wp-json\/wp\/v2\/product_cat?post=3114"},{"taxonomy":"product_tag","embeddable":true,"href":"https:\/\/yutaimachinery.com\/pt\/wp-json\/wp\/v2\/product_tag?post=3114"}],"curies":[{"name":"wp","href":"https:\/\/api.w.org\/{rel}","templated":true}]}}