{"id":6471,"date":"2026-04-30T17:45:19","date_gmt":"2026-04-30T09:45:19","guid":{"rendered":"https:\/\/yutaimachinery.com\/?post_type=product&#038;p=6471"},"modified":"2026-04-30T18:51:06","modified_gmt":"2026-04-30T10:51:06","slug":"ceramic-dry-machine","status":"publish","type":"product","link":"https:\/\/yutaimachinery.com\/fr\/product\/ceramic-dry-machine\/","title":{"rendered":"Machine industrielle de s\u00e9chage de la c\u00e9ramique pour l'\u00e9lectrod\u00e9position de la c\u00e9ramique de table"},"content":{"rendered":"<div class=\"wp-block-columns is-layout-flex wp-container-core-columns-is-layout-9d6595d7 wp-block-columns-is-layout-flex\">\n<div class=\"wp-block-column is-layout-flow wp-block-column-is-layout-flow\">\n<h2 class=\"wp-block-heading\">Machine de s\u00e9chage c\u00e9ramique Caract\u00e9ristiques :<\/h2>\n\n\n\n<p><strong>Optimis\u00e9 pour les flux de travail de l'\u00e9lectrod\u00e9position :<\/strong> Con\u00e7u pour r\u00e9pondre aux exigences de s\u00e9chage d\u00e9licates des ions m\u00e9talliques et des gla\u00e7ures conductrices, en \u00e9vitant l'oxydation ou la formation de taches pendant le processus de durcissement.<\/p>\n\n\n\n<p><strong>Contr\u00f4le pr\u00e9cis de la temp\u00e9rature :<\/strong> \u00c9quip\u00e9 d'un syst\u00e8me de contr\u00f4le num\u00e9rique PID intelligent, il assure une distribution uniforme de la chaleur pour garantir une couleur et une adh\u00e9rence constantes sur toutes les pi\u00e8ces.<\/p>\n\n\n\n<p><strong>Rack rotatif \u00e0 haut volume Compatibilit\u00e9 :<\/strong> L'int\u00e9rieur spacieux est con\u00e7u pour accueillir des racks industriels rotatifs (comme le montrent les images), ce qui permet une circulation de l'air \u00e0 360\u00b0 et un d\u00e9bit maximal.<\/p>\n\n\n\n<p><strong>Isolation \u00e0 haut rendement \u00e9nerg\u00e9tique :<\/strong> Des panneaux isolants robustes et de haute densit\u00e9 minimisent les pertes de chaleur, r\u00e9duisant ainsi les co\u00fbts d'exploitation tout en maintenant un environnement interne stable.<\/p>\n\n\n\n<p><strong>Construction industrielle robuste :<\/strong> Dot\u00e9 d'un cadre en acier renforc\u00e9 et d'un m\u00e9canisme de verrouillage s\u00e9curis\u00e9, il est con\u00e7u pour les environnements de production continue 24\/7.<\/p>\n\n\n\n<h2 class=\"wp-block-heading\">Application de la machine de s\u00e9chage de la c\u00e9ramique<\/h2>\n\n\n\n<ul class=\"wp-block-list\">\n<li>Tasses \u00e0 espresso bord\u00e9es d'or<\/li>\n\n\n\n<li>Service de table en \u00e9meraude \u00e0 gla\u00e7ure m\u00e9tallique<\/li>\n\n\n\n<li>Bols et plateaux Luster-Ware<\/li>\n\n\n\n<li>Durcissement de la couche conductrice pour l'\u00e9lectrod\u00e9position de la c\u00e9ramique<\/li>\n<\/ul>\n<\/div>\n\n\n\n<div class=\"wp-block-column is-layout-flow wp-block-column-is-layout-flow\"><div class=\"wp-block-image\">\n<figure class=\"aligncenter size-full\"><img fetchpriority=\"high\" decoding=\"async\" width=\"800\" height=\"800\" src=\"https:\/\/yutaimachinery.com\/wp-content\/uploads\/2026\/04\/Ceramic-Drying-Machine-for-Electroplated-Tableware-Ceramics-1.webp\" alt=\"Machine de s\u00e9chage de c\u00e9ramique industrielle pour la c\u00e9ramique de table \u00e9lectrod\u00e9pos\u00e9e\" class=\"wp-image-6472\" title=\"\" srcset=\"https:\/\/yutaimachinery.com\/wp-content\/uploads\/2026\/04\/Ceramic-Drying-Machine-for-Electroplated-Tableware-Ceramics-1.webp 800w, https:\/\/yutaimachinery.com\/wp-content\/uploads\/2026\/04\/Ceramic-Drying-Machine-for-Electroplated-Tableware-Ceramics-1-300x300.webp 300w, https:\/\/yutaimachinery.com\/wp-content\/uploads\/2026\/04\/Ceramic-Drying-Machine-for-Electroplated-Tableware-Ceramics-1-150x150.webp 150w, https:\/\/yutaimachinery.com\/wp-content\/uploads\/2026\/04\/Ceramic-Drying-Machine-for-Electroplated-Tableware-Ceramics-1-768x768.webp 768w, https:\/\/yutaimachinery.com\/wp-content\/uploads\/2026\/04\/Ceramic-Drying-Machine-for-Electroplated-Tableware-Ceramics-1-12x12.webp 12w, https:\/\/yutaimachinery.com\/wp-content\/uploads\/2026\/04\/Ceramic-Drying-Machine-for-Electroplated-Tableware-Ceramics-1-285x285.webp 285w, https:\/\/yutaimachinery.com\/wp-content\/uploads\/2026\/04\/Ceramic-Drying-Machine-for-Electroplated-Tableware-Ceramics-1-270x270.webp 270w, https:\/\/yutaimachinery.com\/wp-content\/uploads\/2026\/04\/Ceramic-Drying-Machine-for-Electroplated-Tableware-Ceramics-1-540x540.webp 540w, https:\/\/yutaimachinery.com\/wp-content\/uploads\/2026\/04\/Ceramic-Drying-Machine-for-Electroplated-Tableware-Ceramics-1-660x660.webp 660w\" sizes=\"(max-width: 800px) 100vw, 800px\" \/><\/figure>\n<\/div><\/div>\n<\/div>\n\n\n\n<div class=\"wp-block-columns is-layout-flex wp-container-core-columns-is-layout-9d6595d7 wp-block-columns-is-layout-flex\">\n<div class=\"wp-block-column is-layout-flow wp-block-column-is-layout-flow\">\n<figure class=\"wp-block-image size-full\"><img decoding=\"async\" width=\"800\" height=\"800\" src=\"https:\/\/yutaimachinery.com\/wp-content\/uploads\/2026\/04\/Ceramic-Drying-Machine-for-Electroplated-Tableware-Ceramics-4.webp\" alt=\"Machine de s\u00e9chage de c\u00e9ramique industrielle pour la c\u00e9ramique de table \u00e9lectrod\u00e9pos\u00e9e\" class=\"wp-image-6475\" title=\"\" srcset=\"https:\/\/yutaimachinery.com\/wp-content\/uploads\/2026\/04\/Ceramic-Drying-Machine-for-Electroplated-Tableware-Ceramics-4.webp 800w, https:\/\/yutaimachinery.com\/wp-content\/uploads\/2026\/04\/Ceramic-Drying-Machine-for-Electroplated-Tableware-Ceramics-4-300x300.webp 300w, https:\/\/yutaimachinery.com\/wp-content\/uploads\/2026\/04\/Ceramic-Drying-Machine-for-Electroplated-Tableware-Ceramics-4-150x150.webp 150w, https:\/\/yutaimachinery.com\/wp-content\/uploads\/2026\/04\/Ceramic-Drying-Machine-for-Electroplated-Tableware-Ceramics-4-768x768.webp 768w, https:\/\/yutaimachinery.com\/wp-content\/uploads\/2026\/04\/Ceramic-Drying-Machine-for-Electroplated-Tableware-Ceramics-4-12x12.webp 12w, https:\/\/yutaimachinery.com\/wp-content\/uploads\/2026\/04\/Ceramic-Drying-Machine-for-Electroplated-Tableware-Ceramics-4-285x285.webp 285w, https:\/\/yutaimachinery.com\/wp-content\/uploads\/2026\/04\/Ceramic-Drying-Machine-for-Electroplated-Tableware-Ceramics-4-270x270.webp 270w, https:\/\/yutaimachinery.com\/wp-content\/uploads\/2026\/04\/Ceramic-Drying-Machine-for-Electroplated-Tableware-Ceramics-4-540x540.webp 540w, https:\/\/yutaimachinery.com\/wp-content\/uploads\/2026\/04\/Ceramic-Drying-Machine-for-Electroplated-Tableware-Ceramics-4-660x660.webp 660w\" sizes=\"(max-width: 800px) 100vw, 800px\" \/><\/figure>\n<\/div>\n\n\n\n<div class=\"wp-block-column is-layout-flow wp-block-column-is-layout-flow\">\n<figure class=\"wp-block-image size-full\"><img decoding=\"async\" width=\"800\" height=\"800\" src=\"https:\/\/yutaimachinery.com\/wp-content\/uploads\/2026\/04\/Ceramic-Drying-Machine-for-Electroplated-Tableware-Ceramics-5.webp\" alt=\"Machine de s\u00e9chage de c\u00e9ramique industrielle pour la c\u00e9ramique de table \u00e9lectrod\u00e9pos\u00e9e\" class=\"wp-image-6476\" title=\"\" srcset=\"https:\/\/yutaimachinery.com\/wp-content\/uploads\/2026\/04\/Ceramic-Drying-Machine-for-Electroplated-Tableware-Ceramics-5.webp 800w, https:\/\/yutaimachinery.com\/wp-content\/uploads\/2026\/04\/Ceramic-Drying-Machine-for-Electroplated-Tableware-Ceramics-5-300x300.webp 300w, https:\/\/yutaimachinery.com\/wp-content\/uploads\/2026\/04\/Ceramic-Drying-Machine-for-Electroplated-Tableware-Ceramics-5-150x150.webp 150w, https:\/\/yutaimachinery.com\/wp-content\/uploads\/2026\/04\/Ceramic-Drying-Machine-for-Electroplated-Tableware-Ceramics-5-768x768.webp 768w, https:\/\/yutaimachinery.com\/wp-content\/uploads\/2026\/04\/Ceramic-Drying-Machine-for-Electroplated-Tableware-Ceramics-5-12x12.webp 12w, https:\/\/yutaimachinery.com\/wp-content\/uploads\/2026\/04\/Ceramic-Drying-Machine-for-Electroplated-Tableware-Ceramics-5-285x285.webp 285w, https:\/\/yutaimachinery.com\/wp-content\/uploads\/2026\/04\/Ceramic-Drying-Machine-for-Electroplated-Tableware-Ceramics-5-270x270.webp 270w, https:\/\/yutaimachinery.com\/wp-content\/uploads\/2026\/04\/Ceramic-Drying-Machine-for-Electroplated-Tableware-Ceramics-5-540x540.webp 540w, https:\/\/yutaimachinery.com\/wp-content\/uploads\/2026\/04\/Ceramic-Drying-Machine-for-Electroplated-Tableware-Ceramics-5-660x660.webp 660w\" sizes=\"(max-width: 800px) 100vw, 800px\" \/><\/figure>\n<\/div>\n<\/div>\n\n\n\n<div class=\"wp-block-columns is-layout-flex wp-container-core-columns-is-layout-9d6595d7 wp-block-columns-is-layout-flex\">\n<div class=\"wp-block-column is-layout-flow wp-block-column-is-layout-flow\">\n<figure class=\"wp-block-image size-full\"><img loading=\"lazy\" decoding=\"async\" width=\"800\" height=\"800\" src=\"https:\/\/yutaimachinery.com\/wp-content\/uploads\/2026\/04\/Ceramic-Drying-Machine-for-Electroplated-Tableware-Ceramics-6.webp\" alt=\"Machine de s\u00e9chage de c\u00e9ramique industrielle pour la c\u00e9ramique de table \u00e9lectrod\u00e9pos\u00e9e\" class=\"wp-image-6477\" title=\"\" srcset=\"https:\/\/yutaimachinery.com\/wp-content\/uploads\/2026\/04\/Ceramic-Drying-Machine-for-Electroplated-Tableware-Ceramics-6.webp 800w, https:\/\/yutaimachinery.com\/wp-content\/uploads\/2026\/04\/Ceramic-Drying-Machine-for-Electroplated-Tableware-Ceramics-6-300x300.webp 300w, https:\/\/yutaimachinery.com\/wp-content\/uploads\/2026\/04\/Ceramic-Drying-Machine-for-Electroplated-Tableware-Ceramics-6-150x150.webp 150w, https:\/\/yutaimachinery.com\/wp-content\/uploads\/2026\/04\/Ceramic-Drying-Machine-for-Electroplated-Tableware-Ceramics-6-768x768.webp 768w, https:\/\/yutaimachinery.com\/wp-content\/uploads\/2026\/04\/Ceramic-Drying-Machine-for-Electroplated-Tableware-Ceramics-6-12x12.webp 12w, https:\/\/yutaimachinery.com\/wp-content\/uploads\/2026\/04\/Ceramic-Drying-Machine-for-Electroplated-Tableware-Ceramics-6-285x285.webp 285w, https:\/\/yutaimachinery.com\/wp-content\/uploads\/2026\/04\/Ceramic-Drying-Machine-for-Electroplated-Tableware-Ceramics-6-270x270.webp 270w, https:\/\/yutaimachinery.com\/wp-content\/uploads\/2026\/04\/Ceramic-Drying-Machine-for-Electroplated-Tableware-Ceramics-6-540x540.webp 540w, https:\/\/yutaimachinery.com\/wp-content\/uploads\/2026\/04\/Ceramic-Drying-Machine-for-Electroplated-Tableware-Ceramics-6-660x660.webp 660w\" sizes=\"(max-width: 800px) 100vw, 800px\" \/><\/figure>\n<\/div>\n\n\n\n<div class=\"wp-block-column is-layout-flow wp-block-column-is-layout-flow\">\n<figure class=\"wp-block-image size-full\"><img loading=\"lazy\" decoding=\"async\" width=\"800\" height=\"800\" src=\"https:\/\/yutaimachinery.com\/wp-content\/uploads\/2026\/04\/Ceramic-Drying-Machine-for-Electroplated-Tableware-Ceramics-7.webp\" alt=\"Machine de s\u00e9chage de c\u00e9ramique industrielle pour la c\u00e9ramique de table \u00e9lectrod\u00e9pos\u00e9e\" class=\"wp-image-6478\" title=\"\" srcset=\"https:\/\/yutaimachinery.com\/wp-content\/uploads\/2026\/04\/Ceramic-Drying-Machine-for-Electroplated-Tableware-Ceramics-7.webp 800w, https:\/\/yutaimachinery.com\/wp-content\/uploads\/2026\/04\/Ceramic-Drying-Machine-for-Electroplated-Tableware-Ceramics-7-300x300.webp 300w, https:\/\/yutaimachinery.com\/wp-content\/uploads\/2026\/04\/Ceramic-Drying-Machine-for-Electroplated-Tableware-Ceramics-7-150x150.webp 150w, https:\/\/yutaimachinery.com\/wp-content\/uploads\/2026\/04\/Ceramic-Drying-Machine-for-Electroplated-Tableware-Ceramics-7-768x768.webp 768w, https:\/\/yutaimachinery.com\/wp-content\/uploads\/2026\/04\/Ceramic-Drying-Machine-for-Electroplated-Tableware-Ceramics-7-12x12.webp 12w, https:\/\/yutaimachinery.com\/wp-content\/uploads\/2026\/04\/Ceramic-Drying-Machine-for-Electroplated-Tableware-Ceramics-7-285x285.webp 285w, https:\/\/yutaimachinery.com\/wp-content\/uploads\/2026\/04\/Ceramic-Drying-Machine-for-Electroplated-Tableware-Ceramics-7-270x270.webp 270w, https:\/\/yutaimachinery.com\/wp-content\/uploads\/2026\/04\/Ceramic-Drying-Machine-for-Electroplated-Tableware-Ceramics-7-540x540.webp 540w, https:\/\/yutaimachinery.com\/wp-content\/uploads\/2026\/04\/Ceramic-Drying-Machine-for-Electroplated-Tableware-Ceramics-7-660x660.webp 660w\" sizes=\"(max-width: 800px) 100vw, 800px\" \/><\/figure>\n<\/div>\n<\/div>","protected":false},"excerpt":{"rendered":"<p>Sp\u00e9cialement con\u00e7ue pour l'industrie de la galvanoplastie, cette machine industrielle de s\u00e9chage de c\u00e9ramique de grande capacit\u00e9 (four de s\u00e9chage) est le compagnon indispensable pour produire de la vaisselle de qualit\u00e9 sup\u00e9rieure, dor\u00e9e et \u00e0 finition m\u00e9tallique. Qu'il s'agisse de durcir des \u00e9maux de base ou de s\u00e9cher des couches de galvanoplastie de luxe, cette machine garantit une finition impeccable et brillante \u00e0 chaque fois. Contactez-nous d\u00e8s maintenant pour obtenir un devis et des solutions techniques !<\/p>\n<h2>Machine \u00e0 s\u00e9cher la c\u00e9ramique Param\u00e8tres<\/h2>\n<table border=\"0\" width=\"144\" cellspacing=\"0\" cellpadding=\"0\">\n<tbody>\n<tr>\n<td width=\"72\" height=\"18\">Fonctionnalit\u00e9<\/td>\n<td width=\"72\">Description<\/td>\n<\/tr>\n<tr>\n<td height=\"18\">Application<\/td>\n<td>Articles de table en c\u00e9ramique, articles en verre \u00e9lectrod\u00e9pos\u00e9s, durcissement m\u00e9tallique<\/td>\n<\/tr>\n<tr>\n<td height=\"18\">Source de chauffage<\/td>\n<td>Compatible avec l'\u00e9lectricit\u00e9 et le gaz (configurable)<\/td>\n<\/tr>\n<tr>\n<td height=\"18\">Syst\u00e8me de contr\u00f4le<\/td>\n<td>R\u00e9gulateur de temp\u00e9rature num\u00e9rique PLC \/ PID<\/td>\n<\/tr>\n<tr>\n<td height=\"18\">Type de porte<\/td>\n<td>Pivotement manuel robuste avec joint d'\u00e9tanch\u00e9it\u00e9 industriel<\/td>\n<\/tr>\n<tr>\n<td height=\"18\">Circulation<\/td>\n<td>Convection d'air forc\u00e9 pour l'uniformit\u00e9<\/td>\n<\/tr>\n<tr>\n<td height=\"18\">S\u00e9curit\u00e9<\/td>\n<td>Alarme de surchauffe et arr\u00eat automatique<\/td>\n<\/tr>\n<\/tbody>\n<\/table>\n<h2>Solutions personnalis\u00e9es pour les machines de nettoyage par ultrasons :<\/h2>\n<p><strong>Dimensions personnalis\u00e9es<\/strong>: Les dimensions des bo\u00eetes sont personnalis\u00e9es en fonction de la hauteur de l'usine du client et des exigences de production quotidiennes.<\/p>\n<p><strong>Solutions logistiques<\/strong>: Pour le commerce transfrontalier B2B, nous fournissons un emballage renforc\u00e9 conforme aux normes internationales afin d'\u00e9viter tout dommage pendant le transport maritime.<\/p>\n<p><strong>Approvisionnement \u00e0 long terme en pi\u00e8ces d\u00e9tach\u00e9es<\/strong>: Nous fournissons un stock standardis\u00e9 de pi\u00e8ces facilement endommag\u00e9es telles que les \u00e9l\u00e9ments chauffants, les moteurs de circulation et les bandes d'\u00e9tanch\u00e9it\u00e9 afin de garantir un fonctionnement ininterrompu 24 heures sur 24 et 7 jours sur 7 de la cha\u00eene de production du client.<\/p>","protected":false},"featured_media":6473,"template":"","meta":{"_acf_changed":false},"product_brand":[],"product_cat":[56],"product_tag":[],"class_list":{"0":"post-6471","1":"product","2":"type-product","3":"status-publish","4":"has-post-thumbnail","6":"product_cat-ceramic-drying-machine","8":"first","9":"instock","10":"shipping-taxable","11":"product-type-simple"},"acf":{"customization_content":"<h2><\/h2>\r\n<div><\/div>","customization_content_source":{"label":"Customization Content","type":"wysiwyg","formatted_value":"<h2><\/h2>\n<div><\/div>\n"},"why_choose_us_content":"<h2 style=\"text-align: center;\">Why Choose Us as Your Ceramic Machine Supplier<\/h2>\r\n\r\n<hr \/>\r\n<p style=\"text-align: center;\">Yutai as a ceramic machine manufacturer, maintains strict quality standards and excellent service. Revolutionize your manufacturing processes with cutting-edge automation technology that streamlines forming and enhances efficiency.<\/p>","why_choose_us_content_source":{"label":"Why Choose Us Content","type":"wysiwyg","formatted_value":"<h2 style=\"text-align: center;\">Why Choose Us as Your Ceramic Machine Supplier<\/h2>\n<hr \/>\n<p style=\"text-align: center;\">Yutai as a ceramic machine manufacturer, maintains strict quality standards and excellent service. Revolutionize your manufacturing processes with cutting-edge automation technology that streamlines forming and enhances efficiency.<\/p>\n"}},"_links":{"self":[{"href":"https:\/\/yutaimachinery.com\/fr\/wp-json\/wp\/v2\/product\/6471","targetHints":{"allow":["GET"]}}],"collection":[{"href":"https:\/\/yutaimachinery.com\/fr\/wp-json\/wp\/v2\/product"}],"about":[{"href":"https:\/\/yutaimachinery.com\/fr\/wp-json\/wp\/v2\/types\/product"}],"version-history":[{"count":2,"href":"https:\/\/yutaimachinery.com\/fr\/wp-json\/wp\/v2\/product\/6471\/revisions"}],"predecessor-version":[{"id":6480,"href":"https:\/\/yutaimachinery.com\/fr\/wp-json\/wp\/v2\/product\/6471\/revisions\/6480"}],"wp:featuredmedia":[{"embeddable":true,"href":"https:\/\/yutaimachinery.com\/fr\/wp-json\/wp\/v2\/media\/6473"}],"wp:attachment":[{"href":"https:\/\/yutaimachinery.com\/fr\/wp-json\/wp\/v2\/media?parent=6471"}],"wp:term":[{"taxonomy":"product_brand","embeddable":true,"href":"https:\/\/yutaimachinery.com\/fr\/wp-json\/wp\/v2\/product_brand?post=6471"},{"taxonomy":"product_cat","embeddable":true,"href":"https:\/\/yutaimachinery.com\/fr\/wp-json\/wp\/v2\/product_cat?post=6471"},{"taxonomy":"product_tag","embeddable":true,"href":"https:\/\/yutaimachinery.com\/fr\/wp-json\/wp\/v2\/product_tag?post=6471"}],"curies":[{"name":"wp","href":"https:\/\/api.w.org\/{rel}","templated":true}]}}