{"id":6445,"date":"2026-04-23T15:43:37","date_gmt":"2026-04-23T07:43:37","guid":{"rendered":"https:\/\/yutaimachinery.com\/?post_type=product&#038;p=6445"},"modified":"2026-04-23T17:05:19","modified_gmt":"2026-04-23T09:05:19","slug":"industrial-ultrasonic-cleaning-machine","status":"publish","type":"product","link":"https:\/\/yutaimachinery.com\/fr\/product\/industrial-ultrasonic-cleaning-machine\/","title":{"rendered":"Machine industrielle de nettoyage par ultrasons pour pi\u00e8ces c\u00e9ramiques \u00e9lectrod\u00e9pos\u00e9es"},"content":{"rendered":"<div class=\"wp-block-columns is-layout-flex wp-container-core-columns-is-layout-9d6595d7 wp-block-columns-is-layout-flex\">\n<div class=\"wp-block-column is-layout-flow wp-block-column-is-layout-flow\">\n<h2 class=\"wp-block-heading\">Machine de nettoyage industrielle \u00e0 ultrasons Caract\u00e9ristiques :<\/h2>\n\n\n\n<p><strong>Nettoyage de haute pr\u00e9cision sans angles morts :<\/strong> La cavitation ultrasonique p\u00e9n\u00e8tre profond\u00e9ment dans les micropores, les trous borgnes, les rainures et les filets, assurant un nettoyage complet des pi\u00e8ces c\u00e9ramiques complexes que les m\u00e9thodes conventionnelles ne peuvent atteindre.<\/p>\n\n\n\n<p><strong>Processus de nettoyage sans dommage : <\/strong>Le nettoyage sans contact \u00e9vite les rayures ou les dommages au rev\u00eatement, prot\u00e9geant ainsi les substrats c\u00e9ramiques fragiles et les fines couches de galvanoplastie, garantissant des surfaces c\u00e9ramiques sans rayures et aucun d\u00e9collement ou endommagement de la couche de galvanoplastie.<\/p>\n\n\n\n<p><strong>Efficacit\u00e9 \u00e9lev\u00e9e pour la production de masse : <\/strong>Le syst\u00e8me de convoyage automatis\u00e9 \u00e0 r\u00e9servoirs multiples permet un nettoyage par lots, ce qui am\u00e9liore consid\u00e9rablement l'efficacit\u00e9 de la production.<\/p>\n\n\n\n<p><strong>Compatibilit\u00e9 avec les processus flexibles :<\/strong> La fr\u00e9quence, la puissance et la temp\u00e9rature r\u00e9glables permettent de s'adapter aux diff\u00e9rentes \u00e9tapes de la galvanoplastie sans affecter les propri\u00e9t\u00e9s des mat\u00e9riaux.<\/p>\n\n\n\n<h2 class=\"wp-block-heading\">Application de la machine industrielle de nettoyage par ultrasons<\/h2>\n\n\n\n<p>Ce nettoyeur ultrasonique industriel est largement utilis\u00e9 dans :<\/p>\n\n\n\n<ul class=\"wp-block-list\">\n<li>Appareils sanitaires en c\u00e9ramique galvanis\u00e9e<\/li>\n\n\n\n<li>Quincaillerie de salle de bains en c\u00e9ramique<\/li>\n\n\n\n<li>Artisanat d\u00e9coratif en c\u00e9ramique<\/li>\n\n\n\n<li>Composants \u00e9lectroniques en c\u00e9ramique<\/li>\n\n\n\n<li>Pi\u00e8ces c\u00e9ramiques \u00e0 structure complexe (poreuses, filet\u00e9es, creuses)<\/li>\n<\/ul>\n<\/div>\n\n\n\n<div class=\"wp-block-column is-layout-flow wp-block-column-is-layout-flow\"><div class=\"wp-block-image\">\n<figure class=\"aligncenter size-full\"><img fetchpriority=\"high\" decoding=\"async\" width=\"800\" height=\"800\" src=\"https:\/\/yutaimachinery.com\/wp-content\/uploads\/2026\/04\/Industrial-Ultrasonic-Cleaning-Machine-for-Electroplated-Ceramic-Parts-3.webp\" alt=\"Machine industrielle de nettoyage par ultrasons pour pi\u00e8ces c\u00e9ramiques \u00e9lectrod\u00e9pos\u00e9es\" class=\"wp-image-6451\" title=\"\" srcset=\"https:\/\/yutaimachinery.com\/wp-content\/uploads\/2026\/04\/Industrial-Ultrasonic-Cleaning-Machine-for-Electroplated-Ceramic-Parts-3.webp 800w, https:\/\/yutaimachinery.com\/wp-content\/uploads\/2026\/04\/Industrial-Ultrasonic-Cleaning-Machine-for-Electroplated-Ceramic-Parts-3-300x300.webp 300w, https:\/\/yutaimachinery.com\/wp-content\/uploads\/2026\/04\/Industrial-Ultrasonic-Cleaning-Machine-for-Electroplated-Ceramic-Parts-3-150x150.webp 150w, https:\/\/yutaimachinery.com\/wp-content\/uploads\/2026\/04\/Industrial-Ultrasonic-Cleaning-Machine-for-Electroplated-Ceramic-Parts-3-768x768.webp 768w, https:\/\/yutaimachinery.com\/wp-content\/uploads\/2026\/04\/Industrial-Ultrasonic-Cleaning-Machine-for-Electroplated-Ceramic-Parts-3-12x12.webp 12w, https:\/\/yutaimachinery.com\/wp-content\/uploads\/2026\/04\/Industrial-Ultrasonic-Cleaning-Machine-for-Electroplated-Ceramic-Parts-3-285x285.webp 285w, https:\/\/yutaimachinery.com\/wp-content\/uploads\/2026\/04\/Industrial-Ultrasonic-Cleaning-Machine-for-Electroplated-Ceramic-Parts-3-270x270.webp 270w, https:\/\/yutaimachinery.com\/wp-content\/uploads\/2026\/04\/Industrial-Ultrasonic-Cleaning-Machine-for-Electroplated-Ceramic-Parts-3-540x540.webp 540w, https:\/\/yutaimachinery.com\/wp-content\/uploads\/2026\/04\/Industrial-Ultrasonic-Cleaning-Machine-for-Electroplated-Ceramic-Parts-3-660x660.webp 660w\" sizes=\"(max-width: 800px) 100vw, 800px\" \/><\/figure>\n<\/div><\/div>\n<\/div>\n\n\n\n<div class=\"wp-block-columns is-layout-flex wp-container-core-columns-is-layout-9d6595d7 wp-block-columns-is-layout-flex\">\n<div class=\"wp-block-column is-layout-flow wp-block-column-is-layout-flow\"><div class=\"wp-block-image\">\n<figure class=\"aligncenter size-full\"><img decoding=\"async\" width=\"800\" height=\"800\" src=\"https:\/\/yutaimachinery.com\/wp-content\/uploads\/2026\/04\/Industrial-Ultrasonic-Cleaning-Machine-for-Electroplated-Ceramic-Parts-7.webp\" alt=\"Machine industrielle de nettoyage par ultrasons pour pi\u00e8ces c\u00e9ramiques \u00e9lectrod\u00e9pos\u00e9es\" class=\"wp-image-6455\" title=\"\" srcset=\"https:\/\/yutaimachinery.com\/wp-content\/uploads\/2026\/04\/Industrial-Ultrasonic-Cleaning-Machine-for-Electroplated-Ceramic-Parts-7.webp 800w, https:\/\/yutaimachinery.com\/wp-content\/uploads\/2026\/04\/Industrial-Ultrasonic-Cleaning-Machine-for-Electroplated-Ceramic-Parts-7-300x300.webp 300w, https:\/\/yutaimachinery.com\/wp-content\/uploads\/2026\/04\/Industrial-Ultrasonic-Cleaning-Machine-for-Electroplated-Ceramic-Parts-7-150x150.webp 150w, https:\/\/yutaimachinery.com\/wp-content\/uploads\/2026\/04\/Industrial-Ultrasonic-Cleaning-Machine-for-Electroplated-Ceramic-Parts-7-768x768.webp 768w, https:\/\/yutaimachinery.com\/wp-content\/uploads\/2026\/04\/Industrial-Ultrasonic-Cleaning-Machine-for-Electroplated-Ceramic-Parts-7-12x12.webp 12w, https:\/\/yutaimachinery.com\/wp-content\/uploads\/2026\/04\/Industrial-Ultrasonic-Cleaning-Machine-for-Electroplated-Ceramic-Parts-7-285x285.webp 285w, https:\/\/yutaimachinery.com\/wp-content\/uploads\/2026\/04\/Industrial-Ultrasonic-Cleaning-Machine-for-Electroplated-Ceramic-Parts-7-270x270.webp 270w, https:\/\/yutaimachinery.com\/wp-content\/uploads\/2026\/04\/Industrial-Ultrasonic-Cleaning-Machine-for-Electroplated-Ceramic-Parts-7-540x540.webp 540w, https:\/\/yutaimachinery.com\/wp-content\/uploads\/2026\/04\/Industrial-Ultrasonic-Cleaning-Machine-for-Electroplated-Ceramic-Parts-7-660x660.webp 660w\" sizes=\"(max-width: 800px) 100vw, 800px\" \/><\/figure>\n<\/div><\/div>\n\n\n\n<div class=\"wp-block-column is-layout-flow wp-block-column-is-layout-flow\">\n<h2 class=\"wp-block-heading\">Fonctions et structure du syst\u00e8me<\/h2>\n\n\n\n<h3 class=\"wp-block-heading\">Syst\u00e8me de nettoyage \u00e0 r\u00e9servoirs multiples<\/h3>\n\n\n\n<ul class=\"wp-block-list\">\n<li>R\u00e9servoir de nettoyage<\/li>\n\n\n\n<li>R\u00e9servoir de pulv\u00e9risation<\/li>\n\n\n\n<li>Cuve de rin\u00e7age<\/li>\n\n\n\n<li>Section de s\u00e9chage \u00e0 l'air<\/li>\n<\/ul>\n\n\n\n<h3 class=\"wp-block-heading\">Convoyeur et syst\u00e8me de panier<\/h3>\n\n\n\n<ul class=\"wp-block-list\">\n<li>Capacit\u00e9 de 23 paniers<\/li>\n\n\n\n<li>Charge maximale par panier : 65kg<\/li>\n\n\n\n<li>Syst\u00e8me de transmission par cha\u00eene stable<\/li>\n<\/ul>\n\n\n\n<h3 class=\"wp-block-heading\">Panneau de contr\u00f4le intelligent<\/h3>\n\n\n\n<ul class=\"wp-block-list\">\n<li>Fr\u00e9quence r\u00e9glable (28kHz standard)<\/li>\n\n\n\n<li>Contr\u00f4le de la puissance (0-100%)<\/li>\n\n\n\n<li>Minuterie et contr\u00f4le du courant<\/li>\n\n\n\n<li>Fonction de balayage pour un nettoyage uniforme<\/li>\n<\/ul>\n<\/div>\n<\/div>\n\n\n\n<div class=\"wp-block-columns is-layout-flex wp-container-core-columns-is-layout-9d6595d7 wp-block-columns-is-layout-flex\">\n<div class=\"wp-block-column is-layout-flow wp-block-column-is-layout-flow\">\n<figure class=\"wp-block-image size-full\"><img decoding=\"async\" width=\"721\" height=\"559\" src=\"https:\/\/yutaimachinery.com\/wp-content\/uploads\/2026\/04\/Industrial-Ultrasonic-Cleaning-Machine-for-Electroplated-Ceramic-Parts-1.webp\" alt=\"Machine industrielle de nettoyage par ultrasons pour pi\u00e8ces c\u00e9ramiques \u00e9lectrod\u00e9pos\u00e9es\" class=\"wp-image-6446\" title=\"\" srcset=\"https:\/\/yutaimachinery.com\/wp-content\/uploads\/2026\/04\/Industrial-Ultrasonic-Cleaning-Machine-for-Electroplated-Ceramic-Parts-1.webp 721w, https:\/\/yutaimachinery.com\/wp-content\/uploads\/2026\/04\/Industrial-Ultrasonic-Cleaning-Machine-for-Electroplated-Ceramic-Parts-1-300x233.webp 300w, https:\/\/yutaimachinery.com\/wp-content\/uploads\/2026\/04\/Industrial-Ultrasonic-Cleaning-Machine-for-Electroplated-Ceramic-Parts-1-15x12.webp 15w, https:\/\/yutaimachinery.com\/wp-content\/uploads\/2026\/04\/Industrial-Ultrasonic-Cleaning-Machine-for-Electroplated-Ceramic-Parts-1-285x221.webp 285w, https:\/\/yutaimachinery.com\/wp-content\/uploads\/2026\/04\/Industrial-Ultrasonic-Cleaning-Machine-for-Electroplated-Ceramic-Parts-1-360x280.webp 360w, https:\/\/yutaimachinery.com\/wp-content\/uploads\/2026\/04\/Industrial-Ultrasonic-Cleaning-Machine-for-Electroplated-Ceramic-Parts-1-660x512.webp 660w, https:\/\/yutaimachinery.com\/wp-content\/uploads\/2026\/04\/Industrial-Ultrasonic-Cleaning-Machine-for-Electroplated-Ceramic-Parts-1-150x116.webp 150w\" sizes=\"(max-width: 721px) 100vw, 721px\" \/><\/figure>\n<\/div>\n\n\n\n<div class=\"wp-block-column is-layout-flow wp-block-column-is-layout-flow\">\n<figure class=\"wp-block-image size-full\"><img loading=\"lazy\" decoding=\"async\" width=\"721\" height=\"559\" src=\"https:\/\/yutaimachinery.com\/wp-content\/uploads\/2026\/04\/Industrial-Ultrasonic-Cleaning-Machine-for-Electroplated-Ceramic-Parts-2.webp\" alt=\"Machine industrielle de nettoyage par ultrasons pour pi\u00e8ces c\u00e9ramiques \u00e9lectrod\u00e9pos\u00e9es\" class=\"wp-image-6447\" title=\"\" srcset=\"https:\/\/yutaimachinery.com\/wp-content\/uploads\/2026\/04\/Industrial-Ultrasonic-Cleaning-Machine-for-Electroplated-Ceramic-Parts-2.webp 721w, https:\/\/yutaimachinery.com\/wp-content\/uploads\/2026\/04\/Industrial-Ultrasonic-Cleaning-Machine-for-Electroplated-Ceramic-Parts-2-300x233.webp 300w, https:\/\/yutaimachinery.com\/wp-content\/uploads\/2026\/04\/Industrial-Ultrasonic-Cleaning-Machine-for-Electroplated-Ceramic-Parts-2-15x12.webp 15w, https:\/\/yutaimachinery.com\/wp-content\/uploads\/2026\/04\/Industrial-Ultrasonic-Cleaning-Machine-for-Electroplated-Ceramic-Parts-2-285x221.webp 285w, https:\/\/yutaimachinery.com\/wp-content\/uploads\/2026\/04\/Industrial-Ultrasonic-Cleaning-Machine-for-Electroplated-Ceramic-Parts-2-360x280.webp 360w, https:\/\/yutaimachinery.com\/wp-content\/uploads\/2026\/04\/Industrial-Ultrasonic-Cleaning-Machine-for-Electroplated-Ceramic-Parts-2-660x512.webp 660w, https:\/\/yutaimachinery.com\/wp-content\/uploads\/2026\/04\/Industrial-Ultrasonic-Cleaning-Machine-for-Electroplated-Ceramic-Parts-2-150x116.webp 150w\" sizes=\"(max-width: 721px) 100vw, 721px\" \/><\/figure>\n<\/div>\n<\/div>\n\n\n<div class=\"wp-block-image\">\n<figure class=\"aligncenter size-full\"><img loading=\"lazy\" decoding=\"async\" width=\"726\" height=\"520\" src=\"https:\/\/yutaimachinery.com\/wp-content\/uploads\/2026\/04\/Industrial-Ultrasonic-Cleaning-Machine-for-Electroplated-Ceramic-Parts.webp\" alt=\"Machine industrielle de nettoyage par ultrasons pour pi\u00e8ces c\u00e9ramiques \u00e9lectrod\u00e9pos\u00e9es\" class=\"wp-image-6448\" title=\"\" srcset=\"https:\/\/yutaimachinery.com\/wp-content\/uploads\/2026\/04\/Industrial-Ultrasonic-Cleaning-Machine-for-Electroplated-Ceramic-Parts.webp 726w, https:\/\/yutaimachinery.com\/wp-content\/uploads\/2026\/04\/Industrial-Ultrasonic-Cleaning-Machine-for-Electroplated-Ceramic-Parts-300x215.webp 300w, https:\/\/yutaimachinery.com\/wp-content\/uploads\/2026\/04\/Industrial-Ultrasonic-Cleaning-Machine-for-Electroplated-Ceramic-Parts-18x12.webp 18w, https:\/\/yutaimachinery.com\/wp-content\/uploads\/2026\/04\/Industrial-Ultrasonic-Cleaning-Machine-for-Electroplated-Ceramic-Parts-285x204.webp 285w, https:\/\/yutaimachinery.com\/wp-content\/uploads\/2026\/04\/Industrial-Ultrasonic-Cleaning-Machine-for-Electroplated-Ceramic-Parts-660x473.webp 660w, https:\/\/yutaimachinery.com\/wp-content\/uploads\/2026\/04\/Industrial-Ultrasonic-Cleaning-Machine-for-Electroplated-Ceramic-Parts-150x107.webp 150w\" sizes=\"(max-width: 726px) 100vw, 726px\" \/><\/figure>\n<\/div>\n\n\n<p><\/p>","protected":false},"excerpt":{"rendered":"<p>Notre nettoyeur industriel \u00e0 ultrasons est con\u00e7u pour le nettoyage de haute pr\u00e9cision des produits c\u00e9ramiques \u00e9lectrod\u00e9pos\u00e9s. Gr\u00e2ce \u00e0 la cavitation ultrasonique avanc\u00e9e, il atteint les plus petites fissures pour \u00e9liminer les pores, les rainures, les fils et les structures en relief que le nettoyage manuel ne peut pas toucher. Construite dans un souci de durabilit\u00e9 et de convivialit\u00e9, cette machine est un \u00e9l\u00e9ment essentiel de la production industrielle de c\u00e9ramiques. Contactez-nous pour un devis et des sp\u00e9cifications techniques !<\/p>\n<h2>Machine de nettoyage par ultrasons Param\u00e8tres :<\/h2>\n<table border=\"0\" width=\"370\" cellspacing=\"0\" cellpadding=\"0\">\n<tbody>\n<tr>\n<td width=\"185\" height=\"19\"><strong>Mat\u00e9riau<\/strong><\/td>\n<td width=\"185\">Acier inoxydable<\/td>\n<\/tr>\n<tr>\n<td width=\"185\" height=\"19\"><strong>Fr\u00e9quence des ultrasons<\/strong><\/td>\n<td width=\"185\">28 kHz<\/td>\n<\/tr>\n<tr>\n<td width=\"185\" height=\"38\"><strong>Puissance des g\u00e9n\u00e9rateurs<\/strong><\/td>\n<td width=\"185\">3000W \u00d7 6 ensembles<\/td>\n<\/tr>\n<tr>\n<td width=\"185\" height=\"19\"><strong>Tension<\/strong><\/td>\n<td width=\"185\">AC 220V<\/td>\n<\/tr>\n<tr>\n<td width=\"185\" height=\"38\"><strong>Quantit\u00e9 de panier<\/strong><\/td>\n<td width=\"185\">23 pi\u00e8ces<\/td>\n<\/tr>\n<tr>\n<td width=\"185\" height=\"57\"><strong>Charge maximale par panier<\/strong><\/td>\n<td width=\"185\">65 kg<\/td>\n<\/tr>\n<tr>\n<td width=\"185\" height=\"57\"><strong>Taille du panier<\/strong><\/td>\n<td width=\"185\">420 \u00d7 420 \u00d7 100 mm<\/td>\n<\/tr>\n<tr>\n<td width=\"185\" height=\"38\"><strong>Puissance du ventilateur<\/strong><\/td>\n<td width=\"185\">330W<\/td>\n<\/tr>\n<tr>\n<td width=\"185\" height=\"76\"><strong>Structure de la machine<\/strong><\/td>\n<td width=\"185\">Ligne automatique multir\u00e9servoirs<\/td>\n<\/tr>\n<\/tbody>\n<\/table>\n<h2>Solutions OEM et personnalis\u00e9es pour les machines de nettoyage par ultrasons :<\/h2>\n<ol>\n<li>Personnalisation de la quantit\u00e9 et de la disposition des r\u00e9servoirs<\/li>\n<li>R\u00e9glage de la fr\u00e9quence et de la puissance<\/li>\n<li>Mise \u00e0 niveau du niveau d'automatisation<\/li>\n<li>Int\u00e9gration de la cha\u00eene de production<\/li>\n<li>Conception d'exigences particuli\u00e8res en mati\u00e8re de nettoyage<\/li>\n<\/ol>","protected":false},"featured_media":6460,"template":"","meta":{"_acf_changed":false},"product_brand":[],"product_cat":[61],"product_tag":[],"class_list":{"0":"post-6445","1":"product","2":"type-product","3":"status-publish","4":"has-post-thumbnail","6":"product_cat-ceramic-machine-tool","8":"first","9":"instock","10":"shipping-taxable","11":"product-type-simple"},"acf":{"customization_content":"<h2><\/h2>\r\n<div><\/div>","customization_content_source":{"label":"Customization Content","type":"wysiwyg","formatted_value":"<h2><\/h2>\n<div><\/div>\n"},"why_choose_us_content":"<h2 style=\"text-align: center;\">Why Choose Us as Your Ceramic Machine Supplier<\/h2>\r\n\r\n<hr \/>\r\n<p style=\"text-align: center;\">Yutai as a ceramic machine manufacturer, maintains strict quality standards and excellent service. Revolutionize your manufacturing processes with cutting-edge automation technology that streamlines forming and enhances efficiency.<\/p>","why_choose_us_content_source":{"label":"Why Choose Us Content","type":"wysiwyg","formatted_value":"<h2 style=\"text-align: center;\">Why Choose Us as Your Ceramic Machine Supplier<\/h2>\n<hr \/>\n<p style=\"text-align: center;\">Yutai as a ceramic machine manufacturer, maintains strict quality standards and excellent service. Revolutionize your manufacturing processes with cutting-edge automation technology that streamlines forming and enhances efficiency.<\/p>\n"}},"_links":{"self":[{"href":"https:\/\/yutaimachinery.com\/fr\/wp-json\/wp\/v2\/product\/6445","targetHints":{"allow":["GET"]}}],"collection":[{"href":"https:\/\/yutaimachinery.com\/fr\/wp-json\/wp\/v2\/product"}],"about":[{"href":"https:\/\/yutaimachinery.com\/fr\/wp-json\/wp\/v2\/types\/product"}],"version-history":[{"count":3,"href":"https:\/\/yutaimachinery.com\/fr\/wp-json\/wp\/v2\/product\/6445\/revisions"}],"predecessor-version":[{"id":6464,"href":"https:\/\/yutaimachinery.com\/fr\/wp-json\/wp\/v2\/product\/6445\/revisions\/6464"}],"wp:featuredmedia":[{"embeddable":true,"href":"https:\/\/yutaimachinery.com\/fr\/wp-json\/wp\/v2\/media\/6460"}],"wp:attachment":[{"href":"https:\/\/yutaimachinery.com\/fr\/wp-json\/wp\/v2\/media?parent=6445"}],"wp:term":[{"taxonomy":"product_brand","embeddable":true,"href":"https:\/\/yutaimachinery.com\/fr\/wp-json\/wp\/v2\/product_brand?post=6445"},{"taxonomy":"product_cat","embeddable":true,"href":"https:\/\/yutaimachinery.com\/fr\/wp-json\/wp\/v2\/product_cat?post=6445"},{"taxonomy":"product_tag","embeddable":true,"href":"https:\/\/yutaimachinery.com\/fr\/wp-json\/wp\/v2\/product_tag?post=6445"}],"curies":[{"name":"wp","href":"https:\/\/api.w.org\/{rel}","templated":true}]}}