{"id":5837,"date":"2025-10-20T15:39:20","date_gmt":"2025-10-20T07:39:20","guid":{"rendered":"https:\/\/yutaimachinery.com\/?post_type=product&#038;p=5837"},"modified":"2025-10-20T18:21:48","modified_gmt":"2025-10-20T10:21:48","slug":"custom-decals-for-ceramic-mugs","status":"publish","type":"product","link":"https:\/\/yutaimachinery.com\/fr\/product\/custom-decals-for-ceramic-mugs\/","title":{"rendered":"D\u00e9calcomanies personnalis\u00e9es pour tasses en c\u00e9ramique, set de th\u00e9 vintage, impression de fleurs D\u00e9calcomanies \u00e0 l'eau"},"content":{"rendered":"<div class=\"wp-block-columns is-layout-flex wp-container-core-columns-is-layout-9d6595d7 wp-block-columns-is-layout-flex\">\n<div class=\"wp-block-column is-layout-flow wp-block-column-is-layout-flow\">\n<h2 class=\"wp-block-heading\">Caract\u00e9ristiques des d\u00e9calcomanies pour tasses en c\u00e9ramique :<\/h2>\n\n\n\n<p><strong>Looks floraux \u00e9l\u00e9gants<\/strong>: Des roses tendres et des motifs doux conf\u00e8rent \u00e0 tous les produits en c\u00e9ramique une saveur europ\u00e9enne d'antan.<\/p>\n\n\n\n<p><strong>Meilleure r\u00e9sistance \u00e0 la chaleur<\/strong>: Con\u00e7us pour \u00eatre cuits \u00e0 des temp\u00e9ratures \u00e9lev\u00e9es, ils conservent des teintes vibrantes, des joints \u00e9maill\u00e9s et une surface r\u00e9sistante \u00e0 l'usure.<\/p>\n\n\n\n<p><strong>Qualit\u00e9 d'impression am\u00e9lior\u00e9e<\/strong>: L'impression haute d\u00e9finition des d\u00e9calcomanies permet d'obtenir des d\u00e9tails floraux pr\u00e9cis et des tons d\u00e9grad\u00e9s naturels, mettant en valeur la beaut\u00e9 de la porcelaine fine.<\/p>\n\n\n\n<p><strong>Une couverture mat\u00e9rielle \u00e9tendue<\/strong>: Convient pour les tasses, les assiettes, les bols et les pi\u00e8ces comm\u00e9moratives, tant pour les collections de porcelaine \u00e0 usage fonctionnel que pour celles \u00e0 usage design.<\/p>\n\n\n\n<p><strong>Personnalisation flexible :<\/strong> Yutai propose des services OEM\/ODM flexibles, y compris le d\u00e9veloppement de mod\u00e8les, la correspondance des couleurs et l'ajustement de la taille des d\u00e9calcomanies pour la production \u00e0 l'\u00e9chelle industrielle.<\/p>\n<\/div>\n\n\n\n<div class=\"wp-block-column is-layout-flow wp-block-column-is-layout-flow\">\n<figure class=\"wp-block-image size-full\"><img fetchpriority=\"high\" decoding=\"async\" width=\"1080\" height=\"1080\" src=\"https:\/\/yutaimachinery.com\/wp-content\/uploads\/2025\/10\/custom-decals-for-ceramic-mugs-6.webp\" alt=\"D\u00e9calcomanies personnalis\u00e9es pour tasses en c\u00e9ramique (6)\" class=\"wp-image-5846\" title=\"\" srcset=\"https:\/\/yutaimachinery.com\/wp-content\/uploads\/2025\/10\/custom-decals-for-ceramic-mugs-6.webp 1080w, https:\/\/yutaimachinery.com\/wp-content\/uploads\/2025\/10\/custom-decals-for-ceramic-mugs-6-300x300.webp 300w, https:\/\/yutaimachinery.com\/wp-content\/uploads\/2025\/10\/custom-decals-for-ceramic-mugs-6-150x150.webp 150w, https:\/\/yutaimachinery.com\/wp-content\/uploads\/2025\/10\/custom-decals-for-ceramic-mugs-6-768x768.webp 768w, https:\/\/yutaimachinery.com\/wp-content\/uploads\/2025\/10\/custom-decals-for-ceramic-mugs-6-12x12.webp 12w, https:\/\/yutaimachinery.com\/wp-content\/uploads\/2025\/10\/custom-decals-for-ceramic-mugs-6-285x285.webp 285w, https:\/\/yutaimachinery.com\/wp-content\/uploads\/2025\/10\/custom-decals-for-ceramic-mugs-6-270x270.webp 270w, https:\/\/yutaimachinery.com\/wp-content\/uploads\/2025\/10\/custom-decals-for-ceramic-mugs-6-540x540.webp 540w, https:\/\/yutaimachinery.com\/wp-content\/uploads\/2025\/10\/custom-decals-for-ceramic-mugs-6-660x660.webp 660w\" sizes=\"(max-width: 1080px) 100vw, 1080px\" \/><\/figure>\n<\/div>\n<\/div>","protected":false},"excerpt":{"rendered":"<p>D\u00e9calcomanies personnalis\u00e9es pour tasses en c\u00e9ramique d'une \u00e9l\u00e9gance intemporelle et aux performances de cuisson stables. Id\u00e9al pour les fabricants de porcelaine de qualit\u00e9 sup\u00e9rieure \u00e0 la recherche de motifs floraux personnalis\u00e9s et de d\u00e9calcomanies en vrac. N'h\u00e9sitez pas \u00e0 nous contacter pour obtenir un devis et des \u00e9chantillons gratuits !<\/p>\n<h2>Solution unique pour les d\u00e9calcomanies quotidiennes en c\u00e9ramique \u00e0 haute temp\u00e9rature :<\/h2>\n<ul>\n<li style=\"list-style-type: none;\">\n<ul>\n<li><strong>Options personnalis\u00e9es<\/strong>: Les d\u00e9calcomanies haute temp\u00e9rature peuvent \u00eatre personnalis\u00e9es, avec des motifs, des tailles et des couleurs adapt\u00e9s \u00e0 vos collections de vaisselle et \u00e0 l'esth\u00e9tique de votre marque.<\/li>\n<li><strong>Soutien \u00e0 la conception et \u00e0 l'application<\/strong>: Fournir des conseils d'expert sur l'emplacement des d\u00e9calcomanies, la coordination des motifs et les param\u00e8tres de cuisson adapt\u00e9s \u00e0 divers produits c\u00e9ramiques d'usage quotidien.<\/li>\n<li><strong>Qualit\u00e9 et support technique<\/strong>: Garantit une excellente stabilit\u00e9 des couleurs, une r\u00e9sistance aux temp\u00e9ratures \u00e9lev\u00e9es et une adh\u00e9rence durable pour des r\u00e9sultats durables, lavables au lave-vaisselle.<\/li>\n<li><strong>Service d\u00e9di\u00e9 :\u00a0 <\/strong> En tant que fabricant de confiance de d\u00e9calcomanies c\u00e9ramiques, Yutai propose des solutions fiables, personnalisables et efficaces pour la production \u00e0 grande \u00e9chelle d'articles de table et de c\u00e9ramiques \u00e0 usage domestique.<\/li>\n<\/ul>\n<\/li>\n<\/ul>","protected":false},"featured_media":5845,"template":"","meta":{"_acf_changed":false},"product_brand":[],"product_cat":[59,108],"product_tag":[],"class_list":{"0":"post-5837","1":"product","2":"type-product","3":"status-publish","4":"has-post-thumbnail","6":"product_cat-ceramic-printing-machine","7":"product_cat-custom-ceramic-decals-manufacturer","9":"first","10":"instock","11":"shipping-taxable","12":"product-type-simple"},"acf":{"customization_content":"","customization_content_source":{"label":"Customization Content","type":"wysiwyg","formatted_value":""},"why_choose_us_content":"<h2 style=\"text-align: center;\">Why Choose Us as Your Ceramic Decals Supplier<\/h2>\r\n\r\n<hr \/>\r\n<p style=\"text-align: center;\">We have advanced fully automatic decals printing machines that can mass-produce high-quality decals for daily ceramics, bathroom ceramics, glass tableware, etc., suitable for different processes, and provide customized services<\/p>","why_choose_us_content_source":{"label":"Why Choose Us Content","type":"wysiwyg","formatted_value":"<h2 style=\"text-align: center;\">Why Choose Us as Your Ceramic Decals Supplier<\/h2>\n<hr \/>\n<p style=\"text-align: center;\">We have advanced fully automatic decals printing machines that can mass-produce high-quality decals for daily ceramics, bathroom ceramics, glass tableware, etc., suitable for different processes, and provide customized services<\/p>\n"}},"_links":{"self":[{"href":"https:\/\/yutaimachinery.com\/fr\/wp-json\/wp\/v2\/product\/5837","targetHints":{"allow":["GET"]}}],"collection":[{"href":"https:\/\/yutaimachinery.com\/fr\/wp-json\/wp\/v2\/product"}],"about":[{"href":"https:\/\/yutaimachinery.com\/fr\/wp-json\/wp\/v2\/types\/product"}],"version-history":[{"count":0,"href":"https:\/\/yutaimachinery.com\/fr\/wp-json\/wp\/v2\/product\/5837\/revisions"}],"wp:featuredmedia":[{"embeddable":true,"href":"https:\/\/yutaimachinery.com\/fr\/wp-json\/wp\/v2\/media\/5845"}],"wp:attachment":[{"href":"https:\/\/yutaimachinery.com\/fr\/wp-json\/wp\/v2\/media?parent=5837"}],"wp:term":[{"taxonomy":"product_brand","embeddable":true,"href":"https:\/\/yutaimachinery.com\/fr\/wp-json\/wp\/v2\/product_brand?post=5837"},{"taxonomy":"product_cat","embeddable":true,"href":"https:\/\/yutaimachinery.com\/fr\/wp-json\/wp\/v2\/product_cat?post=5837"},{"taxonomy":"product_tag","embeddable":true,"href":"https:\/\/yutaimachinery.com\/fr\/wp-json\/wp\/v2\/product_tag?post=5837"}],"curies":[{"name":"wp","href":"https:\/\/api.w.org\/{rel}","templated":true}]}}