{"id":5832,"date":"2025-10-20T15:22:12","date_gmt":"2025-10-20T07:22:12","guid":{"rendered":"https:\/\/yutaimachinery.com\/?post_type=product&#038;p=5832"},"modified":"2025-10-21T10:56:28","modified_gmt":"2025-10-21T02:56:28","slug":"custom-floral-ceramic-decals","status":"publish","type":"product","link":"https:\/\/yutaimachinery.com\/fr\/product\/custom-floral-ceramic-decals\/","title":{"rendered":"D\u00e9calcomanies florales personnalis\u00e9es en c\u00e9ramique pour assiettes Multiples couleurs D\u00e9calcomanies peintes \u00e0 la main"},"content":{"rendered":"<div class=\"wp-block-columns is-layout-flex wp-container-core-columns-is-layout-9d6595d7 wp-block-columns-is-layout-flex\">\n<div class=\"wp-block-column is-layout-flow wp-block-column-is-layout-flow\">\n<h2 class=\"wp-block-heading\">D\u00e9calcomanies florales en c\u00e9ramique Caract\u00e9ristiques :<\/h2>\n\n\n\n<p><strong>Motif multicolore vibrant<\/strong>: Un m\u00e9lange luxueux de pivoines, de gerberas et de fleurs tropicales avec des d\u00e9grad\u00e9s vibrants et des effets de p\u00e9tales de style naturel, offrant un aspect artistique et luxueux.<\/p>\n\n\n\n<p><strong>Durabilit\u00e9 \u00e0 haute temp\u00e9rature<\/strong>: Gr\u00e2ce \u00e0 la cuisson \u00e0 haute temp\u00e9rature, il offre une adh\u00e9rence ferme, une finition uniforme et une r\u00e9tention durable de la couleur, sans d\u00e9coloration ni d\u00e9collement.<\/p>\n\n\n\n<p><strong>Qualit\u00e9 d'impression exceptionnelle<\/strong>: La technologie d'impression sophistiqu\u00e9e pr\u00e9serve les lignes fines et les d\u00e9grad\u00e9s de couleurs naturels pour des r\u00e9sultats \u00e9tonnants et r\u00e9alistes.<\/p>\n\n\n\n<p><strong>Utilisation polyvalente<\/strong>: Convient \u00e0 la fabrication d'assiettes, de bols, de tasses et de pi\u00e8ces d\u00e9coratives en c\u00e9ramique, pour la production de tables destin\u00e9es \u00e0 des applications domestiques et h\u00f4teli\u00e8res.<\/p>\n\n\n\n<p><strong>OEM et personnalisation de masse<\/strong>: Yutai propose des conceptions, des tailles et des couleurs personnalis\u00e9es, avec un soutien technologique pour la production de masse, un contr\u00f4le de qualit\u00e9 stable et des conseils.<\/p>\n<\/div>\n\n\n\n<div class=\"wp-block-column is-layout-flow wp-block-column-is-layout-flow\">\n<figure class=\"wp-block-image size-full\"><img fetchpriority=\"high\" decoding=\"async\" width=\"1080\" height=\"1080\" src=\"https:\/\/yutaimachinery.com\/wp-content\/uploads\/2025\/10\/custom-floral-ceramic-decals-2-1.webp\" alt=\"D\u00e9calcomanies florales personnalis\u00e9es en c\u00e9ramique (2)\" class=\"wp-image-5860\" title=\"\" srcset=\"https:\/\/yutaimachinery.com\/wp-content\/uploads\/2025\/10\/custom-floral-ceramic-decals-2-1.webp 1080w, https:\/\/yutaimachinery.com\/wp-content\/uploads\/2025\/10\/custom-floral-ceramic-decals-2-1-300x300.webp 300w, https:\/\/yutaimachinery.com\/wp-content\/uploads\/2025\/10\/custom-floral-ceramic-decals-2-1-150x150.webp 150w, https:\/\/yutaimachinery.com\/wp-content\/uploads\/2025\/10\/custom-floral-ceramic-decals-2-1-768x768.webp 768w, https:\/\/yutaimachinery.com\/wp-content\/uploads\/2025\/10\/custom-floral-ceramic-decals-2-1-12x12.webp 12w, https:\/\/yutaimachinery.com\/wp-content\/uploads\/2025\/10\/custom-floral-ceramic-decals-2-1-285x285.webp 285w, https:\/\/yutaimachinery.com\/wp-content\/uploads\/2025\/10\/custom-floral-ceramic-decals-2-1-270x270.webp 270w, https:\/\/yutaimachinery.com\/wp-content\/uploads\/2025\/10\/custom-floral-ceramic-decals-2-1-540x540.webp 540w, https:\/\/yutaimachinery.com\/wp-content\/uploads\/2025\/10\/custom-floral-ceramic-decals-2-1-660x660.webp 660w\" sizes=\"(max-width: 1080px) 100vw, 1080px\" \/><\/figure>\n<\/div>\n<\/div>","protected":false},"excerpt":{"rendered":"<p>D\u00e9calcomanies florales en c\u00e9ramique personnalis\u00e9es avec des motifs vifs, r\u00e9sistants \u00e0 la d\u00e9coloration et des finitions lisses. Parfaits pour la vaisselle et les c\u00e9ramiques d\u00e9coratives, ils sont personnalisables par les fabricants d'\u00e9quipement d'origine (OEM), disponibles en grandes quantit\u00e9s et offrent des performances de cuisson fiables. Contactez-nous pour obtenir des \u00e9chantillons et des devis !<\/p>\n<h2>Solution unique pour les d\u00e9calcomanies quotidiennes en c\u00e9ramique \u00e0 haute temp\u00e9rature :<\/h2>\n<ul>\n<li style=\"list-style-type: none;\">\n<ul>\n<li><strong>Options personnalis\u00e9es<\/strong>: Les d\u00e9calcomanies haute temp\u00e9rature peuvent \u00eatre personnalis\u00e9es, avec des motifs, des tailles et des couleurs adapt\u00e9s \u00e0 vos collections de vaisselle et \u00e0 l'esth\u00e9tique de votre marque.<\/li>\n<li><strong>Soutien \u00e0 la conception et \u00e0 l'application<\/strong>: Fournir des conseils d'expert sur l'emplacement des d\u00e9calcomanies, la coordination des motifs et les param\u00e8tres de cuisson adapt\u00e9s \u00e0 divers produits c\u00e9ramiques d'usage quotidien.<\/li>\n<li><strong>Qualit\u00e9 et support technique<\/strong>: Garantit une excellente stabilit\u00e9 des couleurs, une r\u00e9sistance aux temp\u00e9ratures \u00e9lev\u00e9es et une adh\u00e9rence durable pour des r\u00e9sultats durables, lavables au lave-vaisselle.<\/li>\n<li><strong>Service d\u00e9di\u00e9 :\u00a0 <\/strong> En tant que fabricant de confiance de d\u00e9calcomanies c\u00e9ramiques, Yutai propose des solutions fiables, personnalisables et efficaces pour la production \u00e0 grande \u00e9chelle d'articles de table et de c\u00e9ramiques \u00e0 usage domestique.<\/li>\n<\/ul>\n<\/li>\n<\/ul>","protected":false},"featured_media":5834,"template":"","meta":{"_acf_changed":false},"product_brand":[],"product_cat":[59,108],"product_tag":[],"class_list":{"0":"post-5832","1":"product","2":"type-product","3":"status-publish","4":"has-post-thumbnail","6":"product_cat-ceramic-printing-machine","7":"product_cat-custom-ceramic-decals-manufacturer","9":"first","10":"instock","11":"shipping-taxable","12":"product-type-simple"},"acf":{"customization_content":"","customization_content_source":{"label":"Customization Content","type":"wysiwyg","formatted_value":""},"why_choose_us_content":"<h2 style=\"text-align: center;\">Why Choose Us as Your Ceramic Decals Supplier<\/h2>\r\n\r\n<hr \/>\r\n<p style=\"text-align: center;\">We have advanced fully automatic decals printing machines that can mass-produce high-quality decals for daily ceramics, bathroom ceramics, glass tableware, etc., suitable for different processes, and provide customized services<\/p>","why_choose_us_content_source":{"label":"Why Choose Us Content","type":"wysiwyg","formatted_value":"<h2 style=\"text-align: center;\">Why Choose Us as Your Ceramic Decals Supplier<\/h2>\n<hr \/>\n<p style=\"text-align: center;\">We have advanced fully automatic decals printing machines that can mass-produce high-quality decals for daily ceramics, bathroom ceramics, glass tableware, etc., suitable for different processes, and provide customized services<\/p>\n"}},"_links":{"self":[{"href":"https:\/\/yutaimachinery.com\/fr\/wp-json\/wp\/v2\/product\/5832","targetHints":{"allow":["GET"]}}],"collection":[{"href":"https:\/\/yutaimachinery.com\/fr\/wp-json\/wp\/v2\/product"}],"about":[{"href":"https:\/\/yutaimachinery.com\/fr\/wp-json\/wp\/v2\/types\/product"}],"version-history":[{"count":0,"href":"https:\/\/yutaimachinery.com\/fr\/wp-json\/wp\/v2\/product\/5832\/revisions"}],"wp:featuredmedia":[{"embeddable":true,"href":"https:\/\/yutaimachinery.com\/fr\/wp-json\/wp\/v2\/media\/5834"}],"wp:attachment":[{"href":"https:\/\/yutaimachinery.com\/fr\/wp-json\/wp\/v2\/media?parent=5832"}],"wp:term":[{"taxonomy":"product_brand","embeddable":true,"href":"https:\/\/yutaimachinery.com\/fr\/wp-json\/wp\/v2\/product_brand?post=5832"},{"taxonomy":"product_cat","embeddable":true,"href":"https:\/\/yutaimachinery.com\/fr\/wp-json\/wp\/v2\/product_cat?post=5832"},{"taxonomy":"product_tag","embeddable":true,"href":"https:\/\/yutaimachinery.com\/fr\/wp-json\/wp\/v2\/product_tag?post=5832"}],"curies":[{"name":"wp","href":"https:\/\/api.w.org\/{rel}","templated":true}]}}