{"id":5824,"date":"2025-10-20T14:41:02","date_gmt":"2025-10-20T06:41:02","guid":{"rendered":"https:\/\/yutaimachinery.com\/?post_type=product&#038;p=5824"},"modified":"2025-10-20T18:21:48","modified_gmt":"2025-10-20T10:21:48","slug":"custom-floral-decals-for-ceramics","status":"publish","type":"product","link":"https:\/\/yutaimachinery.com\/fr\/product\/custom-floral-decals-for-ceramics\/","title":{"rendered":"D\u00e9calcomanies florales personnalis\u00e9es pour c\u00e9ramiques D\u00e9calcomanies \u00e0 l'eau Rose rose"},"content":{"rendered":"<div class=\"wp-block-columns is-layout-flex wp-container-core-columns-is-layout-9d6595d7 wp-block-columns-is-layout-flex\">\n<div class=\"wp-block-column is-layout-flow wp-block-column-is-layout-flow\">\n<h2 class=\"wp-block-heading\">Caract\u00e9ristiques des D\u00e9calcomanies florales pour la c\u00e9ramique :<\/h2>\n\n\n\n<p><strong>Elegant Rose Decal<\/strong>: Avec ses p\u00e9tales d\u00e9grad\u00e9s et ses roses \u00e9clatantes, cette d\u00e9calcomanie ajoute un air d'\u00e9l\u00e9gance et de romantisme \u00e0 la vaisselle en c\u00e9ramique et aux pi\u00e8ces d\u00e9coratives.<\/p>\n\n\n\n<p><strong>Durabilit\u00e9 \u00e0 haute temp\u00e9rature<\/strong>: Cuisson \u00e0 haute temp\u00e9rature, garantissant une adh\u00e9rence durable, une texture lisse et une r\u00e9sistance \u00e0 la d\u00e9coloration ou \u00e0 l'\u00e9caillage.<\/p>\n\n\n\n<p><strong>Qualit\u00e9 d'impression<\/strong>: Les contours fins et les d\u00e9tails d\u00e9licats du texte conservent une grande clart\u00e9 m\u00eame apr\u00e8s la cuisson, ce qui am\u00e9liore la profondeur visuelle et le r\u00e9alisme.<\/p>\n\n\n\n<p><strong>Polyvalence des applications<\/strong>: Convient pour les assiettes, les bols, les tasses et les articles cadeaux en c\u00e9ramique, tant pour les applications domestiques que pour celles du secteur de l'h\u00f4tellerie.<\/p>\n\n\n\n<p><strong>Service OEM et ODM<\/strong>: Des mod\u00e8les, styles et couleurs personnalis\u00e9s sont \u00e9galement propos\u00e9s pour les commandes en gros des producteurs de vaisselle et de produits en c\u00e9ramique.<\/p>\n<\/div>\n\n\n\n<div class=\"wp-block-column is-layout-flow wp-block-column-is-layout-flow\">\n<figure class=\"wp-block-image size-full\"><img fetchpriority=\"high\" decoding=\"async\" width=\"1080\" height=\"1080\" src=\"https:\/\/yutaimachinery.com\/wp-content\/uploads\/2025\/10\/Custom-Floral-Decals-for-Ceramics-1-1.webp\" alt=\"D\u00e9calcomanies florales personnalis\u00e9es pour c\u00e9ramiques (1)\" class=\"wp-image-5854\" title=\"\" srcset=\"https:\/\/yutaimachinery.com\/wp-content\/uploads\/2025\/10\/Custom-Floral-Decals-for-Ceramics-1-1.webp 1080w, https:\/\/yutaimachinery.com\/wp-content\/uploads\/2025\/10\/Custom-Floral-Decals-for-Ceramics-1-1-300x300.webp 300w, https:\/\/yutaimachinery.com\/wp-content\/uploads\/2025\/10\/Custom-Floral-Decals-for-Ceramics-1-1-150x150.webp 150w, https:\/\/yutaimachinery.com\/wp-content\/uploads\/2025\/10\/Custom-Floral-Decals-for-Ceramics-1-1-768x768.webp 768w, https:\/\/yutaimachinery.com\/wp-content\/uploads\/2025\/10\/Custom-Floral-Decals-for-Ceramics-1-1-12x12.webp 12w, https:\/\/yutaimachinery.com\/wp-content\/uploads\/2025\/10\/Custom-Floral-Decals-for-Ceramics-1-1-285x285.webp 285w, https:\/\/yutaimachinery.com\/wp-content\/uploads\/2025\/10\/Custom-Floral-Decals-for-Ceramics-1-1-270x270.webp 270w, https:\/\/yutaimachinery.com\/wp-content\/uploads\/2025\/10\/Custom-Floral-Decals-for-Ceramics-1-1-540x540.webp 540w, https:\/\/yutaimachinery.com\/wp-content\/uploads\/2025\/10\/Custom-Floral-Decals-for-Ceramics-1-1-660x660.webp 660w\" sizes=\"(max-width: 1080px) 100vw, 1080px\" \/><\/figure>\n<\/div>\n<\/div>","protected":false},"excerpt":{"rendered":"<p>D\u00e9calcomanies florales personnalis\u00e9es Yutai pour la c\u00e9ramique, avec des motifs de roses vives et des finitions lisses. Parfaits pour la vaisselle et les c\u00e9ramiques d\u00e9coratives, ils garantissent une adh\u00e9sion durable, des couleurs vives et des motifs personnalisables. Contactez-nous pour le service OEM et l'approvisionnement en vrac.<\/p>\n<h2>Solution unique pour les d\u00e9calcomanies quotidiennes en c\u00e9ramique \u00e0 haute temp\u00e9rature :<\/h2>\n<ul>\n<li style=\"list-style-type: none;\">\n<ul>\n<li><strong>Options personnalis\u00e9es<\/strong>: Les d\u00e9calcomanies haute temp\u00e9rature peuvent \u00eatre personnalis\u00e9es, avec des motifs, des tailles et des couleurs adapt\u00e9s \u00e0 vos collections de vaisselle et \u00e0 l'esth\u00e9tique de votre marque.<\/li>\n<li><strong>Soutien \u00e0 la conception et \u00e0 l'application<\/strong>: Fournir des conseils d'expert sur l'emplacement des d\u00e9calcomanies, la coordination des motifs et les param\u00e8tres de cuisson adapt\u00e9s \u00e0 divers produits c\u00e9ramiques d'usage quotidien.<\/li>\n<li><strong>Qualit\u00e9 et support technique<\/strong>: Garantit une excellente stabilit\u00e9 des couleurs, une r\u00e9sistance aux temp\u00e9ratures \u00e9lev\u00e9es et une adh\u00e9rence durable pour des r\u00e9sultats durables, lavables au lave-vaisselle.<\/li>\n<li><strong>Service d\u00e9di\u00e9 :\u00a0 <\/strong> En tant que fabricant de confiance de d\u00e9calcomanies c\u00e9ramiques, Yutai propose des solutions fiables, personnalisables et efficaces pour la production \u00e0 grande \u00e9chelle d'articles de table et de c\u00e9ramiques \u00e0 usage domestique.<\/li>\n<\/ul>\n<\/li>\n<\/ul>","protected":false},"featured_media":5827,"template":"","meta":{"_acf_changed":false},"product_brand":[],"product_cat":[59,108],"product_tag":[],"class_list":{"0":"post-5824","1":"product","2":"type-product","3":"status-publish","4":"has-post-thumbnail","6":"product_cat-ceramic-printing-machine","7":"product_cat-custom-ceramic-decals-manufacturer","9":"first","10":"instock","11":"shipping-taxable","12":"product-type-simple"},"acf":{"customization_content":"","customization_content_source":{"label":"Customization Content","type":"wysiwyg","formatted_value":""},"why_choose_us_content":"<h2 style=\"text-align: center;\">Why Choose Us as Your Ceramic Decals Supplier<\/h2>\r\n\r\n<hr \/>\r\n<p style=\"text-align: center;\">We have advanced fully automatic decals printing machines that can mass-produce high-quality decals for daily ceramics, bathroom ceramics, glass tableware, etc., suitable for different processes, and provide customized services<\/p>","why_choose_us_content_source":{"label":"Why Choose Us Content","type":"wysiwyg","formatted_value":"<h2 style=\"text-align: center;\">Why Choose Us as Your Ceramic Decals Supplier<\/h2>\n<hr \/>\n<p style=\"text-align: center;\">We have advanced fully automatic decals printing machines that can mass-produce high-quality decals for daily ceramics, bathroom ceramics, glass tableware, etc., suitable for different processes, and provide customized services<\/p>\n"}},"_links":{"self":[{"href":"https:\/\/yutaimachinery.com\/fr\/wp-json\/wp\/v2\/product\/5824","targetHints":{"allow":["GET"]}}],"collection":[{"href":"https:\/\/yutaimachinery.com\/fr\/wp-json\/wp\/v2\/product"}],"about":[{"href":"https:\/\/yutaimachinery.com\/fr\/wp-json\/wp\/v2\/types\/product"}],"version-history":[{"count":0,"href":"https:\/\/yutaimachinery.com\/fr\/wp-json\/wp\/v2\/product\/5824\/revisions"}],"wp:featuredmedia":[{"embeddable":true,"href":"https:\/\/yutaimachinery.com\/fr\/wp-json\/wp\/v2\/media\/5827"}],"wp:attachment":[{"href":"https:\/\/yutaimachinery.com\/fr\/wp-json\/wp\/v2\/media?parent=5824"}],"wp:term":[{"taxonomy":"product_brand","embeddable":true,"href":"https:\/\/yutaimachinery.com\/fr\/wp-json\/wp\/v2\/product_brand?post=5824"},{"taxonomy":"product_cat","embeddable":true,"href":"https:\/\/yutaimachinery.com\/fr\/wp-json\/wp\/v2\/product_cat?post=5824"},{"taxonomy":"product_tag","embeddable":true,"href":"https:\/\/yutaimachinery.com\/fr\/wp-json\/wp\/v2\/product_tag?post=5824"}],"curies":[{"name":"wp","href":"https:\/\/api.w.org\/{rel}","templated":true}]}}