{"id":5812,"date":"2025-10-20T14:15:25","date_gmt":"2025-10-20T06:15:25","guid":{"rendered":"https:\/\/yutaimachinery.com\/?post_type=product&#038;p=5812"},"modified":"2025-10-20T18:21:48","modified_gmt":"2025-10-20T10:21:48","slug":"custom-decals-for-ceramic-plates","status":"publish","type":"product","link":"https:\/\/yutaimachinery.com\/fr\/product\/custom-decals-for-ceramic-plates\/","title":{"rendered":"D\u00e9calcomanies pour assiettes en c\u00e9ramique avec fleur D\u00e9calcomanies \u00e0 l'eau"},"content":{"rendered":"<div class=\"wp-block-columns is-layout-flex wp-container-core-columns-is-layout-9d6595d7 wp-block-columns-is-layout-flex\">\n<div class=\"wp-block-column is-layout-flow wp-block-column-is-layout-flow\">\n<h2 class=\"wp-block-heading\">Caract\u00e9ristiques des d\u00e9calcomanies pour plaques en c\u00e9ramique :<\/h2>\n\n\n\n<p><strong>Design europ\u00e9en de style romantique<\/strong>: Avec des natures mortes florales et des sc\u00e8nes de jardin, le design incorpore des \u00e9l\u00e9ments europ\u00e9ens, cr\u00e9ant un style d\u00e9coratif chaleureux, \u00e9l\u00e9gant et artistique.<\/p>\n\n\n\n<p><strong>D\u00e9tail exquis<\/strong>: Le design incorpore des \u00e9l\u00e9ments tels que des fleurs, des livres, des services \u00e0 th\u00e9, des papillons et des rubans, cr\u00e9ant ainsi de riches d\u00e9tails qui rehaussent l'exp\u00e9rience d\u00e9corative globale et le raffinement.<\/p>\n\n\n\n<p><strong>Couleur douce et rafra\u00eechissante<\/strong>: Utilisant des teintes douces telles que le rose, le bleu, le vert et le jaune, la combinaison harmonieuse des couleurs cr\u00e9e une exp\u00e9rience visuelle agr\u00e9able et une atmosph\u00e8re romantique et chaleureuse.<\/p>\n\n\n\n<p><strong>Processus \u00e0 haute temp\u00e9rature<\/strong>: L'application de d\u00e9calcomanies \u00e0 haute temp\u00e9rature permet d'obtenir des couleurs durables. S\u00fbr et respectueux de l'environnement, il convient aussi bien aux repas quotidiens qu'\u00e0 l'usage domestique.<\/p>\n\n\n\n<p><strong>Convient \u00e0 une vari\u00e9t\u00e9 de formes c\u00e9ramiques<\/strong>: Ce mod\u00e8le convient aux assiettes carr\u00e9es, aux assiettes rondes, aux plateaux, aux mugs et \u00e0 d'autres objets d\u00e9coratifs. Il r\u00e9pond aux besoins d\u00e9coratifs d'une grande vari\u00e9t\u00e9 de porcelaines \u00e0 usage quotidien et d'objets-cadeaux.<\/p>\n<\/div>\n\n\n\n<div class=\"wp-block-column is-layout-flow wp-block-column-is-layout-flow\">\n<figure class=\"wp-block-image size-full\"><img fetchpriority=\"high\" decoding=\"async\" width=\"530\" height=\"529\" src=\"https:\/\/yutaimachinery.com\/wp-content\/uploads\/2025\/10\/custom-decals-for-ceramic-plates-1-1.webp\" alt=\"d\u00e9calcomanies personnalis\u00e9es pour plaques c\u00e9ramiques (1)\" class=\"wp-image-5849\" title=\"\" srcset=\"https:\/\/yutaimachinery.com\/wp-content\/uploads\/2025\/10\/custom-decals-for-ceramic-plates-1-1.webp 530w, https:\/\/yutaimachinery.com\/wp-content\/uploads\/2025\/10\/custom-decals-for-ceramic-plates-1-1-300x300.webp 300w, https:\/\/yutaimachinery.com\/wp-content\/uploads\/2025\/10\/custom-decals-for-ceramic-plates-1-1-150x150.webp 150w, https:\/\/yutaimachinery.com\/wp-content\/uploads\/2025\/10\/custom-decals-for-ceramic-plates-1-1-12x12.webp 12w, https:\/\/yutaimachinery.com\/wp-content\/uploads\/2025\/10\/custom-decals-for-ceramic-plates-1-1-285x284.webp 285w, https:\/\/yutaimachinery.com\/wp-content\/uploads\/2025\/10\/custom-decals-for-ceramic-plates-1-1-270x270.webp 270w\" sizes=\"(max-width: 530px) 100vw, 530px\" \/><\/figure>\n<\/div>\n<\/div>","protected":false},"excerpt":{"rendered":"<p>D\u00e9calcomanies personnalis\u00e9es pour assiettes en c\u00e9ramique avec un style romantique europ\u00e9en, des motifs exquis et des couleurs douces et chaudes, combinant l'art et la praticit\u00e9. Convient pour les d\u00e9calcomanies \u00e0 haute temp\u00e9rature sur les assiettes, les plateaux, la porcelaine d\u00e9corative, et plus encore, il est s\u00fbr, durable et \u00e9l\u00e9gant. Pour toute question concernant les mat\u00e9riaux, les tailles ou la personnalisation, n'h\u00e9sitez pas \u00e0 nous contacter !<\/p>\n<h2>Solution unique pour les d\u00e9calcomanies quotidiennes en c\u00e9ramique \u00e0 haute temp\u00e9rature :<\/h2>\n<ul>\n<li style=\"list-style-type: none;\">\n<ul>\n<li><strong>Options personnalis\u00e9es<\/strong>: Les d\u00e9calcomanies haute temp\u00e9rature peuvent \u00eatre personnalis\u00e9es, avec des motifs, des tailles et des couleurs adapt\u00e9s \u00e0 vos collections de vaisselle et \u00e0 l'esth\u00e9tique de votre marque.<\/li>\n<li><strong>Soutien \u00e0 la conception et \u00e0 l'application<\/strong>: Fournir des conseils d'expert sur l'emplacement des d\u00e9calcomanies, la coordination des motifs et les param\u00e8tres de cuisson adapt\u00e9s \u00e0 divers produits c\u00e9ramiques d'usage quotidien.<\/li>\n<li><strong>Qualit\u00e9 et support technique<\/strong>: Garantit une excellente stabilit\u00e9 des couleurs, une r\u00e9sistance aux temp\u00e9ratures \u00e9lev\u00e9es et une adh\u00e9rence durable pour des r\u00e9sultats durables, lavables au lave-vaisselle.<\/li>\n<li><strong>Service d\u00e9di\u00e9 :\u00a0 <\/strong> En tant que fabricant de confiance de d\u00e9calcomanies c\u00e9ramiques, Yutai propose des solutions fiables, personnalisables et efficaces pour la production \u00e0 grande \u00e9chelle d'articles de table et de c\u00e9ramiques \u00e0 usage domestique.<\/li>\n<\/ul>\n<\/li>\n<\/ul>","protected":false},"featured_media":5814,"template":"","meta":{"_acf_changed":false},"product_brand":[],"product_cat":[59,108],"product_tag":[],"class_list":{"0":"post-5812","1":"product","2":"type-product","3":"status-publish","4":"has-post-thumbnail","6":"product_cat-ceramic-printing-machine","7":"product_cat-custom-ceramic-decals-manufacturer","9":"first","10":"instock","11":"shipping-taxable","12":"product-type-simple"},"acf":{"customization_content":"","customization_content_source":{"label":"Customization Content","type":"wysiwyg","formatted_value":""},"why_choose_us_content":"<h2 style=\"text-align: center;\">Why Choose Us as Your Ceramic Decals Supplier<\/h2>\r\n\r\n<hr \/>\r\n<p style=\"text-align: center;\">We have advanced fully automatic decals printing machines that can mass-produce high-quality decals for daily ceramics, bathroom ceramics, glass tableware, etc., suitable for different processes, and provide customized services<\/p>","why_choose_us_content_source":{"label":"Why Choose Us Content","type":"wysiwyg","formatted_value":"<h2 style=\"text-align: center;\">Why Choose Us as Your Ceramic Decals Supplier<\/h2>\n<hr \/>\n<p style=\"text-align: center;\">We have advanced fully automatic decals printing machines that can mass-produce high-quality decals for daily ceramics, bathroom ceramics, glass tableware, etc., suitable for different processes, and provide customized services<\/p>\n"}},"_links":{"self":[{"href":"https:\/\/yutaimachinery.com\/fr\/wp-json\/wp\/v2\/product\/5812","targetHints":{"allow":["GET"]}}],"collection":[{"href":"https:\/\/yutaimachinery.com\/fr\/wp-json\/wp\/v2\/product"}],"about":[{"href":"https:\/\/yutaimachinery.com\/fr\/wp-json\/wp\/v2\/types\/product"}],"version-history":[{"count":0,"href":"https:\/\/yutaimachinery.com\/fr\/wp-json\/wp\/v2\/product\/5812\/revisions"}],"wp:featuredmedia":[{"embeddable":true,"href":"https:\/\/yutaimachinery.com\/fr\/wp-json\/wp\/v2\/media\/5814"}],"wp:attachment":[{"href":"https:\/\/yutaimachinery.com\/fr\/wp-json\/wp\/v2\/media?parent=5812"}],"wp:term":[{"taxonomy":"product_brand","embeddable":true,"href":"https:\/\/yutaimachinery.com\/fr\/wp-json\/wp\/v2\/product_brand?post=5812"},{"taxonomy":"product_cat","embeddable":true,"href":"https:\/\/yutaimachinery.com\/fr\/wp-json\/wp\/v2\/product_cat?post=5812"},{"taxonomy":"product_tag","embeddable":true,"href":"https:\/\/yutaimachinery.com\/fr\/wp-json\/wp\/v2\/product_tag?post=5812"}],"curies":[{"name":"wp","href":"https:\/\/api.w.org\/{rel}","templated":true}]}}