{"id":5795,"date":"2025-10-18T15:26:59","date_gmt":"2025-10-18T07:26:59","guid":{"rendered":"https:\/\/yutaimachinery.com\/?post_type=product&#038;p=5795"},"modified":"2025-10-20T18:21:49","modified_gmt":"2025-10-20T10:21:49","slug":"custom-decals-for-ceramics","status":"publish","type":"product","link":"https:\/\/yutaimachinery.com\/fr\/product\/custom-decals-for-ceramics\/","title":{"rendered":"D\u00e9calcomanies pour C\u00e9ramique Vase Assiettes Poterie, D\u00e9calcomanies El\u00e9gant Arbre Dor\u00e9 Cerf Naturel"},"content":{"rendered":"<div class=\"wp-block-columns is-layout-flex wp-container-core-columns-is-layout-9d6595d7 wp-block-columns-is-layout-flex\">\n<div class=\"wp-block-column is-layout-flow wp-block-column-is-layout-flow\">\n<h2 class=\"wp-block-heading\">Caract\u00e9ristiques des d\u00e9calcomanies pour la c\u00e9ramique :<\/h2>\n\n\n\n<p><strong>D\u00e9calcomanies de premi\u00e8re qualit\u00e9 :<\/strong> Un motif d'arbre aux lignes noires d\u00e9licates et aux accents dor\u00e9s sur le tronc cr\u00e9e une conception artistique unique, soulignant un sentiment de luxe dans sa simplicit\u00e9.<\/p>\n\n\n\n<p><strong>Dynamic Blue Deer Design :<\/strong> Le corps d'un cerf bleu orn\u00e9 de fleurs orange, ses bois en forme de branches, cr\u00e9e une sc\u00e8ne harmonieuse et naturelle avec le tronc rouge p\u00e2le, cr\u00e9ant ainsi une forte impression artistique.<\/p>\n\n\n\n<p><strong>Une ligne de fabrication exquise :<\/strong> Les lignes fines et douces de l'arbre, du corps du cerf et des motifs floraux cr\u00e9ent un dessin tr\u00e8s r\u00e9aliste.<\/p>\n\n\n\n<p><strong>Compatibilit\u00e9 multi-sc\u00e8ne :<\/strong> Les d\u00e9calcomanies en c\u00e9ramique repr\u00e9sentant un arbre et un cerf sont tr\u00e8s polyvalentes et conviennent \u00e0 la c\u00e9ramique, au verre et \u00e0 d'autres mat\u00e9riaux, r\u00e9pondant ainsi \u00e0 divers besoins en mati\u00e8re de d\u00e9coration et de cadeaux.<\/p>\n\n\n\n<p><strong>Couleurs vives et durables :<\/strong> Gr\u00e2ce \u00e0 des encres hautement satur\u00e9es et respectueuses de l'environnement, les couleurs marron, or, vert et orange restent vives et r\u00e9sistent \u00e0 la d\u00e9coloration, m\u00eame apr\u00e8s une cuisson \u00e0 basse temp\u00e9rature, ce qui garantit un attrait visuel durable.<\/p>\n<\/div>\n\n\n\n<div class=\"wp-block-column is-layout-flow wp-block-column-is-layout-flow\">\n<figure class=\"wp-block-image size-full\"><img fetchpriority=\"high\" decoding=\"async\" width=\"800\" height=\"800\" src=\"https:\/\/yutaimachinery.com\/wp-content\/uploads\/2025\/10\/Custom-Decals-for-Ceramics-1.webp\" alt=\"D\u00e9calcomanies personnalis\u00e9es pour la c\u00e9ramique (1)\" class=\"wp-image-5797\" title=\"\" srcset=\"https:\/\/yutaimachinery.com\/wp-content\/uploads\/2025\/10\/Custom-Decals-for-Ceramics-1.webp 800w, https:\/\/yutaimachinery.com\/wp-content\/uploads\/2025\/10\/Custom-Decals-for-Ceramics-1-300x300.webp 300w, https:\/\/yutaimachinery.com\/wp-content\/uploads\/2025\/10\/Custom-Decals-for-Ceramics-1-150x150.webp 150w, https:\/\/yutaimachinery.com\/wp-content\/uploads\/2025\/10\/Custom-Decals-for-Ceramics-1-768x768.webp 768w, https:\/\/yutaimachinery.com\/wp-content\/uploads\/2025\/10\/Custom-Decals-for-Ceramics-1-12x12.webp 12w, https:\/\/yutaimachinery.com\/wp-content\/uploads\/2025\/10\/Custom-Decals-for-Ceramics-1-285x285.webp 285w, https:\/\/yutaimachinery.com\/wp-content\/uploads\/2025\/10\/Custom-Decals-for-Ceramics-1-270x270.webp 270w, https:\/\/yutaimachinery.com\/wp-content\/uploads\/2025\/10\/Custom-Decals-for-Ceramics-1-540x540.webp 540w, https:\/\/yutaimachinery.com\/wp-content\/uploads\/2025\/10\/Custom-Decals-for-Ceramics-1-660x660.webp 660w\" sizes=\"(max-width: 800px) 100vw, 800px\" \/><\/figure>\n<\/div>\n<\/div>","protected":false},"excerpt":{"rendered":"<p>D\u00e9calcomanies personnalis\u00e9es Yutai pour la c\u00e9ramique, d\u00e9calcomanies de qualit\u00e9 sup\u00e9rieure pour la c\u00e9ramique et le verre \u00e0 basse temp\u00e9rature, pr\u00e9sentant d'\u00e9l\u00e9gants motifs de cerfs et d'arbres avec des couleurs vives et r\u00e9sistantes \u00e0 la d\u00e9coloration. Id\u00e9al pour la vaisselle, la c\u00e9ramique d\u00e9corative et la verrerie. Nous assurons la personnalisation OEM, l'approvisionnement en vrac et l'assistance technique. Contactez-nous pour obtenir des \u00e9chantillons et des devis.<\/p>\n<h2>Solution unique pour les d\u00e9calcomanies c\u00e9ramiques \u00e0 basse temp\u00e9rature :<\/h2>\n<ul>\n<li data-start=\"641\" data-end=\"1313\"><strong data-start=\"688\" data-end=\"707\">Options personnalis\u00e9es :<\/strong> Prise en charge des conceptions personnalis\u00e9es, des mod\u00e8les, des tailles et des applications \u00e0 basse temp\u00e9rature pour les produits en c\u00e9ramique et en verre.<\/li>\n<li data-start=\"641\" data-end=\"1313\"><strong data-start=\"821\" data-end=\"854\">Soutien \u00e0 la conception et \u00e0 l'application :<\/strong> Offrir des conseils d'experts sur la s\u00e9lection des d\u00e9calcomanies, le processus de transfert et les conditions de cuisson optimales pour s'adapter \u00e0 votre ligne de production.<\/li>\n<li data-start=\"641\" data-end=\"1313\"><strong data-start=\"978\" data-end=\"1012\">Assurance qualit\u00e9 et technique :<\/strong> Garantit une adh\u00e9sion stable, des couleurs vives et une excellente durabilit\u00e9 lors de la cuisson \u00e0 basse temp\u00e9rature.<\/li>\n<li data-start=\"641\" data-end=\"1313\"><strong data-start=\"1108\" data-end=\"1130\">Service d\u00e9di\u00e9 :<\/strong> Yutai, en tant que fabricant professionnel de machines pour la c\u00e9ramique et de d\u00e9calcomanies, renforce votre production de d\u00e9coration de la c\u00e9ramique et du verre avec des solutions de d\u00e9calcomanies fiables, personnalisables et efficaces.<\/li>\n<\/ul>","protected":false},"featured_media":5796,"template":"","meta":{"_acf_changed":false},"product_brand":[],"product_cat":[59,108],"product_tag":[],"class_list":{"0":"post-5795","1":"product","2":"type-product","3":"status-publish","4":"has-post-thumbnail","6":"product_cat-ceramic-printing-machine","7":"product_cat-custom-ceramic-decals-manufacturer","9":"first","10":"instock","11":"shipping-taxable","12":"product-type-simple"},"acf":{"customization_content":"","customization_content_source":{"label":"Customization Content","type":"wysiwyg","formatted_value":""},"why_choose_us_content":"<h2 style=\"text-align: center;\">Why Choose Us as Your Ceramic Decals Supplier<\/h2>\r\n\r\n<hr \/>\r\n<p style=\"text-align: center;\">We have advanced fully automatic decals printing machines that can mass-produce high-quality decals for daily ceramics, bathroom ceramics, glass tableware, etc., suitable for different processes, and provide customized services<\/p>","why_choose_us_content_source":{"label":"Why Choose Us Content","type":"wysiwyg","formatted_value":"<h2 style=\"text-align: center;\">Why Choose Us as Your Ceramic Decals Supplier<\/h2>\n<hr \/>\n<p style=\"text-align: center;\">We have advanced fully automatic decals printing machines that can mass-produce high-quality decals for daily ceramics, bathroom ceramics, glass tableware, etc., suitable for different processes, and provide customized services<\/p>\n"}},"_links":{"self":[{"href":"https:\/\/yutaimachinery.com\/fr\/wp-json\/wp\/v2\/product\/5795","targetHints":{"allow":["GET"]}}],"collection":[{"href":"https:\/\/yutaimachinery.com\/fr\/wp-json\/wp\/v2\/product"}],"about":[{"href":"https:\/\/yutaimachinery.com\/fr\/wp-json\/wp\/v2\/types\/product"}],"version-history":[{"count":0,"href":"https:\/\/yutaimachinery.com\/fr\/wp-json\/wp\/v2\/product\/5795\/revisions"}],"wp:featuredmedia":[{"embeddable":true,"href":"https:\/\/yutaimachinery.com\/fr\/wp-json\/wp\/v2\/media\/5796"}],"wp:attachment":[{"href":"https:\/\/yutaimachinery.com\/fr\/wp-json\/wp\/v2\/media?parent=5795"}],"wp:term":[{"taxonomy":"product_brand","embeddable":true,"href":"https:\/\/yutaimachinery.com\/fr\/wp-json\/wp\/v2\/product_brand?post=5795"},{"taxonomy":"product_cat","embeddable":true,"href":"https:\/\/yutaimachinery.com\/fr\/wp-json\/wp\/v2\/product_cat?post=5795"},{"taxonomy":"product_tag","embeddable":true,"href":"https:\/\/yutaimachinery.com\/fr\/wp-json\/wp\/v2\/product_tag?post=5795"}],"curies":[{"name":"wp","href":"https:\/\/api.w.org\/{rel}","templated":true}]}}