{"id":5786,"date":"2025-10-18T14:40:19","date_gmt":"2025-10-18T06:40:19","guid":{"rendered":"https:\/\/yutaimachinery.com\/?post_type=product&#038;p=5786"},"modified":"2025-10-20T18:21:49","modified_gmt":"2025-10-20T10:21:49","slug":"custom-ceramic-decal-paper","status":"publish","type":"product","link":"https:\/\/yutaimachinery.com\/fr\/product\/custom-ceramic-decal-paper\/","title":{"rendered":"Papier D\u00e9calque C\u00e9ramique Personnalis\u00e9 Fournisseur D\u00e9calques Floraux Color\u00e9s Pour C\u00e9ramique Quotidienne"},"content":{"rendered":"<div class=\"wp-block-columns is-layout-flex wp-container-core-columns-is-layout-9d6595d7 wp-block-columns-is-layout-flex\">\n<div class=\"wp-block-column is-layout-flow wp-block-column-is-layout-flow\">\n<h2 class=\"wp-block-heading\">Papier D\u00e9calque C\u00e9ramique Caract\u00e9ristiques :<\/h2>\n\n\n\n<p><strong>Riches motifs floraux :<\/strong> Repr\u00e9sentant principalement des roses, des pivoines et des marguerites, ces motifs pr\u00e9sentent des textures de p\u00e9tales claires et des transitions de couleurs naturelles. Certains motifs incluent des feuilles vertes, des fruits et des lignes d\u00e9coratives, cr\u00e9ant une atmosph\u00e8re vibrante, romantique et naturelle qui rehausse l'attrait d\u00e9coratif des produits en c\u00e9ramique.<\/p>\n\n\n\n<p><strong>Couleurs brillantes :<\/strong> De <strong>roses et violets doux<\/strong> \u00e0 <strong>des rouges et des jaunes vifs<\/strong>Cette s\u00e9rie offre une <strong>riche spectre de couleurs<\/strong> s'adaptent \u00e0 diff\u00e9rents styles de c\u00e9ramiques et de d\u00e9cors.<\/p>\n\n\n\n<p><strong>Flexibilit\u00e9 et adaptabilit\u00e9 :<\/strong> Disponibles en plusieurs tailles et dispositions, allant de la fleur unique \u00e0 la grappe florale, ces d\u00e9calcomanies conviennent aux vases en c\u00e9ramique, aux assiettes et aux objets d\u00e9coratifs de diff\u00e9rentes formes.<\/p>\n\n\n\n<p><strong>Impression de haute pr\u00e9cision :<\/strong> Chaque d\u00e9calque pr\u00e9serve les d\u00e9tails des p\u00e9tales et les lignes d\u00e9coratives d\u00e9licates. Produites \u00e0 l'aide d'un proc\u00e9d\u00e9 \u00e0 basse temp\u00e9rature, elles sont compatibles avec les lignes de production standard de c\u00e9ramiques et de d\u00e9calcomanies artisanales, ce qui garantit des couleurs durables et r\u00e9sistantes \u00e0 la d\u00e9coloration.<\/p>\n\n\n\n<p><strong>Contr\u00f4le stable de la production de masse :<\/strong> Cette s\u00e9rie prend en charge la d\u00e9coupe par lots et l'impression typographique, garantissant un espacement constant, des bords nets et un alignement sans faille. Id\u00e9ale pour les achats \u00e0 grande \u00e9chelle, elle permet de r\u00e9duire les co\u00fbts de production unitaires tout en maintenant une qualit\u00e9 constante.<\/p>\n<\/div>\n\n\n\n<div class=\"wp-block-column is-layout-flow wp-block-column-is-layout-flow\">\n<figure class=\"wp-block-image size-full\"><img fetchpriority=\"high\" decoding=\"async\" width=\"800\" height=\"800\" src=\"https:\/\/yutaimachinery.com\/wp-content\/uploads\/2025\/10\/Custom-Ceramic-Paper-Colorful-Floral-Decals-3.webp\" alt=\"Papier c\u00e9ramique personnalis\u00e9 D\u00e9calcomanies florales color\u00e9es (3)\" class=\"wp-image-5789\" title=\"\" srcset=\"https:\/\/yutaimachinery.com\/wp-content\/uploads\/2025\/10\/Custom-Ceramic-Paper-Colorful-Floral-Decals-3.webp 800w, https:\/\/yutaimachinery.com\/wp-content\/uploads\/2025\/10\/Custom-Ceramic-Paper-Colorful-Floral-Decals-3-300x300.webp 300w, https:\/\/yutaimachinery.com\/wp-content\/uploads\/2025\/10\/Custom-Ceramic-Paper-Colorful-Floral-Decals-3-150x150.webp 150w, https:\/\/yutaimachinery.com\/wp-content\/uploads\/2025\/10\/Custom-Ceramic-Paper-Colorful-Floral-Decals-3-768x768.webp 768w, https:\/\/yutaimachinery.com\/wp-content\/uploads\/2025\/10\/Custom-Ceramic-Paper-Colorful-Floral-Decals-3-12x12.webp 12w, https:\/\/yutaimachinery.com\/wp-content\/uploads\/2025\/10\/Custom-Ceramic-Paper-Colorful-Floral-Decals-3-285x285.webp 285w, https:\/\/yutaimachinery.com\/wp-content\/uploads\/2025\/10\/Custom-Ceramic-Paper-Colorful-Floral-Decals-3-270x270.webp 270w, https:\/\/yutaimachinery.com\/wp-content\/uploads\/2025\/10\/Custom-Ceramic-Paper-Colorful-Floral-Decals-3-540x540.webp 540w, https:\/\/yutaimachinery.com\/wp-content\/uploads\/2025\/10\/Custom-Ceramic-Paper-Colorful-Floral-Decals-3-660x660.webp 660w\" sizes=\"(max-width: 800px) 100vw, 800px\" \/><\/figure>\n<\/div>\n<\/div>","protected":false},"excerpt":{"rendered":"<p data-start=\"46\" data-end=\"401\">Les d\u00e9calcomanies c\u00e9ramiques personnalis\u00e9es de Yutai sont parfaites pour la d\u00e9coration de la c\u00e9ramique et du verre. Avec des motifs floraux vifs et des couleurs durables et r\u00e9sistantes \u00e0 la d\u00e9coloration, il est id\u00e9al pour les vases, les assiettes et les objets artisanaux. Contactez-nous pour obtenir des \u00e9chantillons et des devis !<\/p>\n<h2>Solution unique pour les d\u00e9calcomanies c\u00e9ramiques \u00e0 basse temp\u00e9rature :<\/h2>\n<ul>\n<li data-start=\"641\" data-end=\"1313\"><strong data-start=\"688\" data-end=\"707\">Options personnalis\u00e9es :<\/strong> Prise en charge des conceptions personnalis\u00e9es, des mod\u00e8les, des tailles et des applications \u00e0 basse temp\u00e9rature pour les produits en c\u00e9ramique et en verre.<\/li>\n<li data-start=\"641\" data-end=\"1313\"><strong data-start=\"821\" data-end=\"854\">Soutien \u00e0 la conception et \u00e0 l'application :<\/strong> Offrir des conseils d'experts sur la s\u00e9lection des d\u00e9calcomanies, le processus de transfert et les conditions de cuisson optimales pour s'adapter \u00e0 votre ligne de production.<\/li>\n<li data-start=\"641\" data-end=\"1313\"><strong data-start=\"978\" data-end=\"1012\">Assurance qualit\u00e9 et technique :<\/strong> Garantit une adh\u00e9sion stable, des couleurs vives et une excellente durabilit\u00e9 lors de la cuisson \u00e0 basse temp\u00e9rature.<\/li>\n<li data-start=\"641\" data-end=\"1313\"><strong data-start=\"1108\" data-end=\"1130\">Service d\u00e9di\u00e9 :<\/strong> Yutai, en tant que fabricant professionnel de machines pour la c\u00e9ramique et de d\u00e9calcomanies, renforce votre production de d\u00e9coration de la c\u00e9ramique et du verre avec des solutions de d\u00e9calcomanies fiables, personnalisables et efficaces.<\/li>\n<\/ul>","protected":false},"featured_media":5788,"template":"","meta":{"_acf_changed":false},"product_brand":[],"product_cat":[59,108],"product_tag":[],"class_list":{"0":"post-5786","1":"product","2":"type-product","3":"status-publish","4":"has-post-thumbnail","6":"product_cat-ceramic-printing-machine","7":"product_cat-custom-ceramic-decals-manufacturer","9":"first","10":"instock","11":"shipping-taxable","12":"product-type-simple"},"acf":{"customization_content":"","customization_content_source":{"label":"Customization Content","type":"wysiwyg","formatted_value":""},"why_choose_us_content":"<h2 style=\"text-align: center;\">Why Choose Us as Your Ceramic Decals Supplier<\/h2>\r\n\r\n<hr \/>\r\n<p style=\"text-align: center;\">We have advanced fully automatic decals printing machines that can mass-produce high-quality decals for daily ceramics, bathroom ceramics, glass tableware, etc., suitable for different processes, and provide customized services<\/p>","why_choose_us_content_source":{"label":"Why Choose Us Content","type":"wysiwyg","formatted_value":"<h2 style=\"text-align: center;\">Why Choose Us as Your Ceramic Decals Supplier<\/h2>\n<hr \/>\n<p style=\"text-align: center;\">We have advanced fully automatic decals printing machines that can mass-produce high-quality decals for daily ceramics, bathroom ceramics, glass tableware, etc., suitable for different processes, and provide customized services<\/p>\n"}},"_links":{"self":[{"href":"https:\/\/yutaimachinery.com\/fr\/wp-json\/wp\/v2\/product\/5786","targetHints":{"allow":["GET"]}}],"collection":[{"href":"https:\/\/yutaimachinery.com\/fr\/wp-json\/wp\/v2\/product"}],"about":[{"href":"https:\/\/yutaimachinery.com\/fr\/wp-json\/wp\/v2\/types\/product"}],"version-history":[{"count":0,"href":"https:\/\/yutaimachinery.com\/fr\/wp-json\/wp\/v2\/product\/5786\/revisions"}],"wp:featuredmedia":[{"embeddable":true,"href":"https:\/\/yutaimachinery.com\/fr\/wp-json\/wp\/v2\/media\/5788"}],"wp:attachment":[{"href":"https:\/\/yutaimachinery.com\/fr\/wp-json\/wp\/v2\/media?parent=5786"}],"wp:term":[{"taxonomy":"product_brand","embeddable":true,"href":"https:\/\/yutaimachinery.com\/fr\/wp-json\/wp\/v2\/product_brand?post=5786"},{"taxonomy":"product_cat","embeddable":true,"href":"https:\/\/yutaimachinery.com\/fr\/wp-json\/wp\/v2\/product_cat?post=5786"},{"taxonomy":"product_tag","embeddable":true,"href":"https:\/\/yutaimachinery.com\/fr\/wp-json\/wp\/v2\/product_tag?post=5786"}],"curies":[{"name":"wp","href":"https:\/\/api.w.org\/{rel}","templated":true}]}}