{"id":5776,"date":"2025-10-18T11:45:27","date_gmt":"2025-10-18T03:45:27","guid":{"rendered":"https:\/\/yutaimachinery.com\/?post_type=product&#038;p=5776"},"modified":"2025-10-20T18:21:49","modified_gmt":"2025-10-20T10:21:49","slug":"custom-transfer-decals-for-ceramics","status":"publish","type":"product","link":"https:\/\/yutaimachinery.com\/fr\/product\/custom-transfer-decals-for-ceramics\/","title":{"rendered":"D\u00e9calcomanies de transfert personnalis\u00e9es pour la d\u00e9coration de c\u00e9ramiques, Oiseau Sc\u00e8ne naturelle Style chinois D\u00e9calcomanies Fournisseur"},"content":{"rendered":"<div class=\"wp-block-columns is-layout-flex wp-container-core-columns-is-layout-9d6595d7 wp-block-columns-is-layout-flex\">\n<div class=\"wp-block-column is-layout-flow wp-block-column-is-layout-flow\">\n<h2 class=\"wp-block-heading\">Caract\u00e9ristiques des d\u00e9calcomanies de transfert pour la c\u00e9ramique :<\/h2>\n\n\n\n<p><strong>Oiseaux et fleurs exquis au pinceau fin<\/strong>: Le papier floral est peint \u00e0 l'aide de techniques de pinceau fines, avec des plumes d\u00e9licates, des d\u00e9grad\u00e9s naturels de p\u00e9tales et des veines claires dans les branches et les feuilles. Agr\u00e9ment\u00e9 de papillons, il cr\u00e9e une qualit\u00e9 artistique peinte \u00e0 la main qui rehausse la qualit\u00e9 du produit en c\u00e9ramique.<\/p>\n\n\n\n<p><strong>Symbolisme auspicieux adapt\u00e9 \u00e0 de multiples sc\u00e8nes<\/strong>: Les \u00e9l\u00e9ments principaux sont les oiseaux qui repr\u00e9sentent la vitalit\u00e9, les fleurs qui repr\u00e9sentent la beaut\u00e9 et les paons qui repr\u00e9sentent l'\u00e9l\u00e9gance. Ces \u00e9l\u00e9ments incarnent l'esth\u00e9tique orientale et r\u00e9pondent directement \u00e0 la demande du march\u00e9 international en mati\u00e8re de \u201ccadeaux haut de gamme de style chinois\u201d. Ces articles conviennent \u00e0 la d\u00e9coration d'int\u00e9rieur, aux cadeaux de f\u00eate et aux ornements d'h\u00f4tel et s'adaptent \u00e0 une grande vari\u00e9t\u00e9 de contextes.<\/p>\n\n\n\n<p><strong>Compatibilit\u00e9 flexible<\/strong>: Adapt\u00e9 aux vases, aux assiettes et aux pots, le mod\u00e8le permet des combinaisons verticales, radiales et sym\u00e9triques, ce qui r\u00e9pond aux besoins des fabricants de c\u00e9ramiques qui souhaitent \u201cune image pour de multiples usages\u201d et r\u00e9duit les co\u00fbts de s\u00e9lection des produits.<\/p>\n\n\n\n<p><strong>Cuisson \u00e0 basse temp\u00e9rature<\/strong>: Ir permet d'obtenir des couleurs satur\u00e9es et r\u00e9sistantes \u00e0 la d\u00e9coloration, de s'adapter aux lignes de production existantes, d'\u00e9conomiser de l'\u00e9nergie et de r\u00e9duire les co\u00fbts tout en garantissant un gla\u00e7age lisse et des motifs durables. Il r\u00e9pond aux normes internationales de s\u00e9curit\u00e9 \u00e0 l'exportation.<\/p>\n<\/div>\n\n\n\n<div class=\"wp-block-column is-layout-flow wp-block-column-is-layout-flow\">\n<figure class=\"wp-block-image size-full\"><img fetchpriority=\"high\" decoding=\"async\" width=\"750\" height=\"750\" src=\"https:\/\/yutaimachinery.com\/wp-content\/uploads\/2025\/10\/custom-transfer-decals-for-ceramics-3.webp\" alt=\"d\u00e9calcomanies de transfert personnalis\u00e9es pour la c\u00e9ramique (3)\" class=\"wp-image-5779\" title=\"\" srcset=\"https:\/\/yutaimachinery.com\/wp-content\/uploads\/2025\/10\/custom-transfer-decals-for-ceramics-3.webp 750w, https:\/\/yutaimachinery.com\/wp-content\/uploads\/2025\/10\/custom-transfer-decals-for-ceramics-3-300x300.webp 300w, https:\/\/yutaimachinery.com\/wp-content\/uploads\/2025\/10\/custom-transfer-decals-for-ceramics-3-150x150.webp 150w, https:\/\/yutaimachinery.com\/wp-content\/uploads\/2025\/10\/custom-transfer-decals-for-ceramics-3-12x12.webp 12w, https:\/\/yutaimachinery.com\/wp-content\/uploads\/2025\/10\/custom-transfer-decals-for-ceramics-3-285x285.webp 285w, https:\/\/yutaimachinery.com\/wp-content\/uploads\/2025\/10\/custom-transfer-decals-for-ceramics-3-270x270.webp 270w, https:\/\/yutaimachinery.com\/wp-content\/uploads\/2025\/10\/custom-transfer-decals-for-ceramics-3-540x540.webp 540w, https:\/\/yutaimachinery.com\/wp-content\/uploads\/2025\/10\/custom-transfer-decals-for-ceramics-3-660x660.webp 660w\" sizes=\"(max-width: 750px) 100vw, 750px\" \/><\/figure>\n<\/div>\n<\/div>","protected":false},"excerpt":{"rendered":"<p>D\u00e9calcomanies personnalis\u00e9es pour c\u00e9ramiques, motifs de fleurs et d'oiseaux au pinceau fin, adapt\u00e9es aux vases, assiettes et autres formes, cuisson \u00e0 basse temp\u00e9rature pour r\u00e9duire les co\u00fbts, renforcement de la culture pour augmenter les primes, \u00e9preuvage rapide, cliquez pour vous renseigner et cr\u00e9er un succ\u00e8s !<\/p>\n<h2>Solution unique pour les d\u00e9calcomanies c\u00e9ramiques \u00e0 basse temp\u00e9rature :<\/h2>\n<ul>\n<li data-start=\"641\" data-end=\"1313\"><strong data-start=\"688\" data-end=\"707\">Options personnalis\u00e9es :<\/strong> Prise en charge des conceptions personnalis\u00e9es, des mod\u00e8les, des tailles et des applications \u00e0 basse temp\u00e9rature pour les produits en c\u00e9ramique et en verre.<\/li>\n<li data-start=\"641\" data-end=\"1313\"><strong data-start=\"821\" data-end=\"854\">Soutien \u00e0 la conception et \u00e0 l'application :<\/strong> Offrir des conseils d'experts sur la s\u00e9lection des d\u00e9calcomanies, le processus de transfert et les conditions de cuisson optimales pour s'adapter \u00e0 votre ligne de production.<\/li>\n<li data-start=\"641\" data-end=\"1313\"><strong data-start=\"978\" data-end=\"1012\">Assurance qualit\u00e9 et technique :<\/strong> Garantit une adh\u00e9sion stable, des couleurs vives et une excellente durabilit\u00e9 lors de la cuisson \u00e0 basse temp\u00e9rature.<\/li>\n<li data-start=\"641\" data-end=\"1313\"><strong data-start=\"1108\" data-end=\"1130\">Service d\u00e9di\u00e9 :<\/strong> Yutai, en tant que fabricant professionnel de machines pour la c\u00e9ramique et de d\u00e9calcomanies, renforce votre production de d\u00e9coration de la c\u00e9ramique et du verre avec des solutions de d\u00e9calcomanies fiables, personnalisables et efficaces.<\/li>\n<\/ul>","protected":false},"featured_media":5777,"template":"","meta":{"_acf_changed":false},"product_brand":[],"product_cat":[59,108],"product_tag":[],"class_list":{"0":"post-5776","1":"product","2":"type-product","3":"status-publish","4":"has-post-thumbnail","6":"product_cat-ceramic-printing-machine","7":"product_cat-custom-ceramic-decals-manufacturer","9":"first","10":"instock","11":"shipping-taxable","12":"product-type-simple"},"acf":{"customization_content":"","customization_content_source":{"label":"Customization Content","type":"wysiwyg","formatted_value":""},"why_choose_us_content":"<h2 style=\"text-align: center;\">Why Choose Us as Your Ceramic Decals Supplier<\/h2>\r\n\r\n<hr \/>\r\n<p style=\"text-align: center;\">We have advanced fully automatic decals printing machines that can mass-produce high-quality decals for daily ceramics, bathroom ceramics, glass tableware, etc., suitable for different processes, and provide customized services<\/p>","why_choose_us_content_source":{"label":"Why Choose Us Content","type":"wysiwyg","formatted_value":"<h2 style=\"text-align: center;\">Why Choose Us as Your Ceramic Decals Supplier<\/h2>\n<hr \/>\n<p style=\"text-align: center;\">We have advanced fully automatic decals printing machines that can mass-produce high-quality decals for daily ceramics, bathroom ceramics, glass tableware, etc., suitable for different processes, and provide customized services<\/p>\n"}},"_links":{"self":[{"href":"https:\/\/yutaimachinery.com\/fr\/wp-json\/wp\/v2\/product\/5776","targetHints":{"allow":["GET"]}}],"collection":[{"href":"https:\/\/yutaimachinery.com\/fr\/wp-json\/wp\/v2\/product"}],"about":[{"href":"https:\/\/yutaimachinery.com\/fr\/wp-json\/wp\/v2\/types\/product"}],"version-history":[{"count":0,"href":"https:\/\/yutaimachinery.com\/fr\/wp-json\/wp\/v2\/product\/5776\/revisions"}],"wp:featuredmedia":[{"embeddable":true,"href":"https:\/\/yutaimachinery.com\/fr\/wp-json\/wp\/v2\/media\/5777"}],"wp:attachment":[{"href":"https:\/\/yutaimachinery.com\/fr\/wp-json\/wp\/v2\/media?parent=5776"}],"wp:term":[{"taxonomy":"product_brand","embeddable":true,"href":"https:\/\/yutaimachinery.com\/fr\/wp-json\/wp\/v2\/product_brand?post=5776"},{"taxonomy":"product_cat","embeddable":true,"href":"https:\/\/yutaimachinery.com\/fr\/wp-json\/wp\/v2\/product_cat?post=5776"},{"taxonomy":"product_tag","embeddable":true,"href":"https:\/\/yutaimachinery.com\/fr\/wp-json\/wp\/v2\/product_tag?post=5776"}],"curies":[{"name":"wp","href":"https:\/\/api.w.org\/{rel}","templated":true}]}}