{"id":5767,"date":"2025-10-18T10:35:13","date_gmt":"2025-10-18T02:35:13","guid":{"rendered":"https:\/\/yutaimachinery.com\/?post_type=product&#038;p=5767"},"modified":"2025-10-20T18:21:49","modified_gmt":"2025-10-20T10:21:49","slug":"wholesale-ceramic-decal-transfers-pink-lotus","status":"publish","type":"product","link":"https:\/\/yutaimachinery.com\/fr\/product\/wholesale-ceramic-decal-transfers-pink-lotus\/","title":{"rendered":"Wholesale Ceramic Decal Transfers Pink Lotus Gold Line Stroke for Ceramic Vases Plates"},"content":{"rendered":"<div class=\"wp-block-columns is-layout-flex wp-container-core-columns-is-layout-9d6595d7 wp-block-columns-is-layout-flex\">\n<div class=\"wp-block-column is-layout-flow wp-block-column-is-layout-flow\">\n<h2 class=\"wp-block-heading\">Ceramic Decal Transfers Pink Lotus Caract\u00e9ristiques :<\/h2>\n\n\n\n<p><strong>Design esth\u00e9tique chinois classique<\/strong>: Gr\u00e2ce \u00e0 un travail de pinceau m\u00e9ticuleux, le dessin repr\u00e9sente des fleurs de lotus, des cosses de lotus, des libellules et des feuilles de lotus. Les p\u00e9tales se teintent d'un rose d\u00e9licat, tandis que les feuilles sont d'un vert \u00e9meraude \u00e9clatant. Les contours dor\u00e9s accentuent le dessin, tandis que le motif en forme de c\u0153ur encadre l'ext\u00e9rieur d'un cadre dor\u00e9. Ce motif \u00e9voque le charme \u00e9l\u00e9gant des peintures traditionnelles de fleurs et d'oiseaux. Il convient aux c\u00e9ramiques haut de gamme telles que les services \u00e0 th\u00e9, les vases et la vaisselle, dont il rehausse la valeur culturelle.<\/p>\n\n\n\n<p><strong>Adaptation pr\u00e9cise de la taille<\/strong>: Disponible dans des tailles standard telles que 17,5 cm (pour les petites bases\/cups) et 19,2 cm (pour les grands vases\/bases longues), il comprend \u00e0 la fois de grandes compositions de fleurs de lotus et de multiples rang\u00e9es de fleurs de lotus plus petites. Il prend en charge les d\u00e9calcomanies partielles ou totales pour diff\u00e9rentes formes de r\u00e9cipients, offrant ainsi une compatibilit\u00e9 flexible.<\/p>\n\n\n\n<p><strong>Processus d'\u00e9conomie d'\u00e9nergie<\/strong>: La cuisson \u00e0 basse temp\u00e9rature r\u00e9duit la consommation d'\u00e9nergie par rapport aux d\u00e9calcomanies conventionnelles \u00e0 haute temp\u00e9rature, r\u00e9duisant ainsi les co\u00fbts de production tout en garantissant la solidit\u00e9 des couleurs et une finition glac\u00e9e lisse, assurant une r\u00e9sistance \u00e0 long terme \u00e0 la d\u00e9coloration et \u00e0 l'\u00e9caillage.<\/p>\n\n\n\n<p><strong>Impression de haute pr\u00e9cision<\/strong>: La texture des p\u00e9tales et des feuilles de lotus est clairement visible, et le contour dor\u00e9 et la bordure en forme de c\u0153ur sont d\u00e9licats et exquis. La r\u00e9solution d'impression r\u00e9pond aux normes industrielles les plus \u00e9lev\u00e9es, ce qui conf\u00e8re aux produits en c\u00e9ramique une texture \"peinte \u00e0 la main\" apr\u00e8s l'application des d\u00e9calcomanies.<\/p>\n\n\n\n<p><strong>Garantie de conformit\u00e9 environnementale<\/strong>: Pas de lixiviation de plomb ou de cadmium, en conformit\u00e9 avec les normes internationales de s\u00e9curit\u00e9 des c\u00e9ramiques, ce qui permet aux grossistes et aux acheteurs d'\u00e9viter les risques li\u00e9s \u00e0 la conformit\u00e9 des exportations et d'\u00e9largir les march\u00e9s.<\/p>\n<\/div>\n\n\n\n<div class=\"wp-block-column is-layout-flow wp-block-column-is-layout-flow\">\n<figure class=\"wp-block-image size-full\"><img fetchpriority=\"high\" decoding=\"async\" width=\"1006\" height=\"1006\" src=\"https:\/\/yutaimachinery.com\/wp-content\/uploads\/2025\/10\/Ceramic-Decal-Transfers-Lotus-Wholesale-1.webp\" alt=\"D\u00e9calcomanies Lotus Wholesale (1)\" class=\"wp-image-5768\" title=\"\" srcset=\"https:\/\/yutaimachinery.com\/wp-content\/uploads\/2025\/10\/Ceramic-Decal-Transfers-Lotus-Wholesale-1.webp 1006w, https:\/\/yutaimachinery.com\/wp-content\/uploads\/2025\/10\/Ceramic-Decal-Transfers-Lotus-Wholesale-1-300x300.webp 300w, https:\/\/yutaimachinery.com\/wp-content\/uploads\/2025\/10\/Ceramic-Decal-Transfers-Lotus-Wholesale-1-150x150.webp 150w, https:\/\/yutaimachinery.com\/wp-content\/uploads\/2025\/10\/Ceramic-Decal-Transfers-Lotus-Wholesale-1-768x768.webp 768w, https:\/\/yutaimachinery.com\/wp-content\/uploads\/2025\/10\/Ceramic-Decal-Transfers-Lotus-Wholesale-1-12x12.webp 12w, https:\/\/yutaimachinery.com\/wp-content\/uploads\/2025\/10\/Ceramic-Decal-Transfers-Lotus-Wholesale-1-285x285.webp 285w, https:\/\/yutaimachinery.com\/wp-content\/uploads\/2025\/10\/Ceramic-Decal-Transfers-Lotus-Wholesale-1-270x270.webp 270w, https:\/\/yutaimachinery.com\/wp-content\/uploads\/2025\/10\/Ceramic-Decal-Transfers-Lotus-Wholesale-1-540x540.webp 540w, https:\/\/yutaimachinery.com\/wp-content\/uploads\/2025\/10\/Ceramic-Decal-Transfers-Lotus-Wholesale-1-660x660.webp 660w\" sizes=\"(max-width: 1006px) 100vw, 1006px\" \/><\/figure>\n<\/div>\n<\/div>","protected":false},"excerpt":{"rendered":"<p>Bienvenue sur le site de transfert de d\u00e9calcomanies en c\u00e9ramique, le motif de la gousse de lotus et de la libellule, m\u00e9ticuleusement travaill\u00e9, avec son esth\u00e9tique chinoise, rehausse la qualit\u00e9 du produit, parfait pour les services \u00e0 th\u00e9, la vaisselle, les vases d\u00e9coratifs, et bien plus encore. Disponible en plusieurs tailles, avec une \u00e9preuve rapide, contactez-nous pour une solution personnalis\u00e9e !<\/p>\n<h2>Solution unique pour les d\u00e9calcomanies c\u00e9ramiques \u00e0 basse temp\u00e9rature :<\/h2>\n<ul>\n<li data-start=\"641\" data-end=\"1313\"><strong data-start=\"688\" data-end=\"707\">Options personnalis\u00e9es :<\/strong> Prise en charge des conceptions personnalis\u00e9es, des mod\u00e8les, des tailles et des applications \u00e0 basse temp\u00e9rature pour les produits en c\u00e9ramique et en verre.<\/li>\n<li data-start=\"641\" data-end=\"1313\"><strong data-start=\"821\" data-end=\"854\">Soutien \u00e0 la conception et \u00e0 l'application :<\/strong> Offrir des conseils d'experts sur la s\u00e9lection des d\u00e9calcomanies, le processus de transfert et les conditions de cuisson optimales pour s'adapter \u00e0 votre ligne de production.<\/li>\n<li data-start=\"641\" data-end=\"1313\"><strong data-start=\"978\" data-end=\"1012\">Assurance qualit\u00e9 et technique :<\/strong> Garantit une adh\u00e9sion stable, des couleurs vives et une excellente durabilit\u00e9 lors de la cuisson \u00e0 basse temp\u00e9rature.<\/li>\n<li data-start=\"641\" data-end=\"1313\"><strong data-start=\"1108\" data-end=\"1130\">Service d\u00e9di\u00e9 :<\/strong> Yutai, en tant que fabricant professionnel de machines pour la c\u00e9ramique et de d\u00e9calcomanies, renforce votre production de d\u00e9coration de la c\u00e9ramique et du verre avec des solutions de d\u00e9calcomanies fiables, personnalisables et efficaces.<\/li>\n<\/ul>","protected":false},"featured_media":5768,"template":"","meta":{"_acf_changed":false},"product_brand":[],"product_cat":[59,108],"product_tag":[],"class_list":{"0":"post-5767","1":"product","2":"type-product","3":"status-publish","4":"has-post-thumbnail","6":"product_cat-ceramic-printing-machine","7":"product_cat-custom-ceramic-decals-manufacturer","9":"first","10":"instock","11":"shipping-taxable","12":"product-type-simple"},"acf":{"customization_content":"","customization_content_source":{"label":"Customization Content","type":"wysiwyg","formatted_value":""},"why_choose_us_content":"<h2 style=\"text-align: center;\">Why Choose Us as Your Ceramic Decals Supplier<\/h2>\r\n\r\n<hr \/>\r\n<p style=\"text-align: center;\">We have advanced fully automatic decals printing machines that can mass-produce high-quality decals for daily ceramics, bathroom ceramics, glass tableware, etc., suitable for different processes, and provide customized services<\/p>","why_choose_us_content_source":{"label":"Why Choose Us Content","type":"wysiwyg","formatted_value":"<h2 style=\"text-align: center;\">Why Choose Us as Your Ceramic Decals Supplier<\/h2>\n<hr \/>\n<p style=\"text-align: center;\">We have advanced fully automatic decals printing machines that can mass-produce high-quality decals for daily ceramics, bathroom ceramics, glass tableware, etc., suitable for different processes, and provide customized services<\/p>\n"}},"_links":{"self":[{"href":"https:\/\/yutaimachinery.com\/fr\/wp-json\/wp\/v2\/product\/5767","targetHints":{"allow":["GET"]}}],"collection":[{"href":"https:\/\/yutaimachinery.com\/fr\/wp-json\/wp\/v2\/product"}],"about":[{"href":"https:\/\/yutaimachinery.com\/fr\/wp-json\/wp\/v2\/types\/product"}],"version-history":[{"count":0,"href":"https:\/\/yutaimachinery.com\/fr\/wp-json\/wp\/v2\/product\/5767\/revisions"}],"wp:featuredmedia":[{"embeddable":true,"href":"https:\/\/yutaimachinery.com\/fr\/wp-json\/wp\/v2\/media\/5768"}],"wp:attachment":[{"href":"https:\/\/yutaimachinery.com\/fr\/wp-json\/wp\/v2\/media?parent=5767"}],"wp:term":[{"taxonomy":"product_brand","embeddable":true,"href":"https:\/\/yutaimachinery.com\/fr\/wp-json\/wp\/v2\/product_brand?post=5767"},{"taxonomy":"product_cat","embeddable":true,"href":"https:\/\/yutaimachinery.com\/fr\/wp-json\/wp\/v2\/product_cat?post=5767"},{"taxonomy":"product_tag","embeddable":true,"href":"https:\/\/yutaimachinery.com\/fr\/wp-json\/wp\/v2\/product_tag?post=5767"}],"curies":[{"name":"wp","href":"https:\/\/api.w.org\/{rel}","templated":true}]}}