{"id":5757,"date":"2025-10-18T09:57:08","date_gmt":"2025-10-18T01:57:08","guid":{"rendered":"https:\/\/yutaimachinery.com\/?post_type=product&#038;p=5757"},"modified":"2025-10-20T18:21:18","modified_gmt":"2025-10-20T10:21:18","slug":"custom-ceramic-transfer-decals-peacock","status":"publish","type":"product","link":"https:\/\/yutaimachinery.com\/fr\/product\/custom-ceramic-transfer-decals-peacock\/","title":{"rendered":"D\u00e9calcomanies de transfert c\u00e9ramique personnalis\u00e9es Motif floral de paon D\u00e9calcomanies \u00e0 basse temp\u00e9rature pour produits en c\u00e9ramique et en verre"},"content":{"rendered":"<div class=\"wp-block-columns is-layout-flex wp-container-core-columns-is-layout-9d6595d7 wp-block-columns-is-layout-flex\">\n<div class=\"wp-block-column is-layout-flow wp-block-column-is-layout-flow\">\n<h2 class=\"wp-block-heading\">Caract\u00e9ristiques des d\u00e9calcomanies de transfert en c\u00e9ramique avec motif de paon :<\/h2>\n\n\n\n<p><strong>Beaut\u00e9 orientale classique<\/strong>: Inspir\u00e9s par de m\u00e9ticuleuses peintures de fleurs et d'oiseaux, les motifs de paons et de fleurs incarnent la prosp\u00e9rit\u00e9, \u00e9voquent la beaut\u00e9 orientale et conviennent aux produits c\u00e9ramiques de luxe.<\/p>\n\n\n\n<p><strong>Reproduction de motifs de haute pr\u00e9cision<\/strong>: Gr\u00e2ce \u00e0 la technologie d'impression haute d\u00e9finition, les traits d\u00e9licats et les d\u00e9grad\u00e9s de couleurs des fleurs et des paons sont reproduits avec pr\u00e9cision, ce qui garantit la transparence et la richesse des couleurs de chaque d\u00e9calcomanie.<\/p>\n\n\n\n<p><strong>Technologie de polym\u00e9risation \u00e0 basse temp\u00e9rature<\/strong>: Il est \u00e9conome en \u00e9nergie et tr\u00e8s efficace, permettant d'\u00e9conomiser de l'\u00e9nergie tout en maintenant la gla\u00e7ure lisse et r\u00e9sistante \u00e0 la d\u00e9coloration.<\/p>\n\n\n\n<p><strong>Mat\u00e9riau \u00e0 forte adh\u00e9rence<\/strong>: Gr\u00e2ce \u00e0 une formule de gla\u00e7age exclusive, la d\u00e9calcomanie et le mat\u00e9riau de base de la c\u00e9ramique adh\u00e8rent fermement, ce qui garantit une r\u00e9sistance \u00e0 l'usure et aux rayures et r\u00e9pond aux exigences des exportations en mati\u00e8re de durabilit\u00e9.<\/p>\n\n\n\n<p><strong>Multi-usages<\/strong>: Convient aux vases, \u00e0 la vaisselle, \u00e0 la porcelaine d\u00e9corative et \u00e0 d'autres objets, ce qui conf\u00e8re une valeur ajout\u00e9e aux produits et r\u00e9pond aux besoins du march\u00e9 en mati\u00e8re de cadeaux de qualit\u00e9 et de d\u00e9coration d'int\u00e9rieur.<\/p>\n\n\n\n<p><strong>Polyvalence de la personnalisation<\/strong>: Permet d'ajuster la taille et la couleur du motif en fonction des exigences du client en mati\u00e8re de forme de la c\u00e9ramique, et fournit des services d'\u00e9preuvage rapides et en petites s\u00e9ries.<\/p>\n<\/div>\n\n\n\n<div class=\"wp-block-column is-layout-flow wp-block-column-is-layout-flow\">\n<figure class=\"wp-block-image size-full\"><img fetchpriority=\"high\" decoding=\"async\" width=\"1080\" height=\"1440\" src=\"https:\/\/yutaimachinery.com\/wp-content\/uploads\/2025\/10\/Custom-Ceramic-Transfer-Decals-Peacock2.webp\" alt=\"D\u00e9calcomanies c\u00e9ramiques personnalis\u00e9es Paon(2)\" class=\"wp-image-5759\" title=\"\" srcset=\"https:\/\/yutaimachinery.com\/wp-content\/uploads\/2025\/10\/Custom-Ceramic-Transfer-Decals-Peacock2.webp 1080w, https:\/\/yutaimachinery.com\/wp-content\/uploads\/2025\/10\/Custom-Ceramic-Transfer-Decals-Peacock2-225x300.webp 225w, https:\/\/yutaimachinery.com\/wp-content\/uploads\/2025\/10\/Custom-Ceramic-Transfer-Decals-Peacock2-768x1024.webp 768w, https:\/\/yutaimachinery.com\/wp-content\/uploads\/2025\/10\/Custom-Ceramic-Transfer-Decals-Peacock2-9x12.webp 9w, https:\/\/yutaimachinery.com\/wp-content\/uploads\/2025\/10\/Custom-Ceramic-Transfer-Decals-Peacock2-285x380.webp 285w, https:\/\/yutaimachinery.com\/wp-content\/uploads\/2025\/10\/Custom-Ceramic-Transfer-Decals-Peacock2-495x660.webp 495w, https:\/\/yutaimachinery.com\/wp-content\/uploads\/2025\/10\/Custom-Ceramic-Transfer-Decals-Peacock2-113x150.webp 113w\" sizes=\"(max-width: 1080px) 100vw, 1080px\" \/><\/figure>\n<\/div>\n<\/div>\n\n\n\n<p><\/p>","protected":false},"excerpt":{"rendered":"<p>Yutai propose des d\u00e9calcomanies c\u00e9ramiques personnalis\u00e9es avec une cuisson \u00e0 basse temp\u00e9rature, des motifs de paons vibrants, des finitions lisses et une forte adh\u00e9rence. Parfait pour les vases, les assiettes et les objets d\u00e9coratifs. Personnalisation compl\u00e8te et assistance technique disponibles, contactez-nous pour obtenir des \u00e9chantillons et des devis !<\/p>\n<h2>Solution unique pour les d\u00e9calcomanies c\u00e9ramiques \u00e0 basse temp\u00e9rature :<\/h2>\n<ul>\n<li data-start=\"641\" data-end=\"1313\"><strong data-start=\"688\" data-end=\"707\">Options personnalis\u00e9es :<\/strong> Prise en charge des conceptions personnalis\u00e9es, des mod\u00e8les, des tailles et des applications \u00e0 basse temp\u00e9rature pour les produits en c\u00e9ramique et en verre.<\/li>\n<li data-start=\"641\" data-end=\"1313\"><strong data-start=\"821\" data-end=\"854\">Soutien \u00e0 la conception et \u00e0 l'application :<\/strong> Offrir des conseils d'experts sur la s\u00e9lection des d\u00e9calcomanies, le processus de transfert et les conditions de cuisson optimales pour s'adapter \u00e0 votre ligne de production.<\/li>\n<li data-start=\"641\" data-end=\"1313\"><strong data-start=\"978\" data-end=\"1012\">Assurance qualit\u00e9 et technique :<\/strong> Garantit une adh\u00e9sion stable, des couleurs vives et une excellente durabilit\u00e9 lors de la cuisson \u00e0 basse temp\u00e9rature.<\/li>\n<li data-start=\"641\" data-end=\"1313\"><strong data-start=\"1108\" data-end=\"1130\">Service d\u00e9di\u00e9 :<\/strong> Yutai, en tant que fabricant professionnel de machines pour la c\u00e9ramique et de d\u00e9calcomanies, renforce votre production de d\u00e9coration de la c\u00e9ramique et du verre avec des solutions de d\u00e9calcomanies fiables, personnalisables et efficaces.<\/li>\n<\/ul>","protected":false},"featured_media":5760,"template":"","meta":{"_acf_changed":false},"product_brand":[],"product_cat":[59],"product_tag":[],"class_list":{"0":"post-5757","1":"product","2":"type-product","3":"status-publish","4":"has-post-thumbnail","6":"product_cat-ceramic-printing-machine","8":"first","9":"instock","10":"shipping-taxable","11":"product-type-simple"},"acf":{"customization_content":"","customization_content_source":{"label":"Customization Content","type":"wysiwyg","formatted_value":""},"why_choose_us_content":"<h2 style=\"text-align: center;\">Why Choose Us as Your Ceramic Decals Supplier<\/h2>\r\n\r\n<hr \/>\r\n<p style=\"text-align: center;\">We have advanced fully automatic decals printing machines that can mass-produce high-quality decals for daily ceramics, bathroom ceramics, glass tableware, etc., suitable for different processes, and provide customized services<\/p>","why_choose_us_content_source":{"label":"Why Choose Us Content","type":"wysiwyg","formatted_value":"<h2 style=\"text-align: center;\">Why Choose Us as Your Ceramic Decals Supplier<\/h2>\n<hr \/>\n<p style=\"text-align: center;\">We have advanced fully automatic decals printing machines that can mass-produce high-quality decals for daily ceramics, bathroom ceramics, glass tableware, etc., suitable for different processes, and provide customized services<\/p>\n"}},"_links":{"self":[{"href":"https:\/\/yutaimachinery.com\/fr\/wp-json\/wp\/v2\/product\/5757","targetHints":{"allow":["GET"]}}],"collection":[{"href":"https:\/\/yutaimachinery.com\/fr\/wp-json\/wp\/v2\/product"}],"about":[{"href":"https:\/\/yutaimachinery.com\/fr\/wp-json\/wp\/v2\/types\/product"}],"version-history":[{"count":0,"href":"https:\/\/yutaimachinery.com\/fr\/wp-json\/wp\/v2\/product\/5757\/revisions"}],"wp:featuredmedia":[{"embeddable":true,"href":"https:\/\/yutaimachinery.com\/fr\/wp-json\/wp\/v2\/media\/5760"}],"wp:attachment":[{"href":"https:\/\/yutaimachinery.com\/fr\/wp-json\/wp\/v2\/media?parent=5757"}],"wp:term":[{"taxonomy":"product_brand","embeddable":true,"href":"https:\/\/yutaimachinery.com\/fr\/wp-json\/wp\/v2\/product_brand?post=5757"},{"taxonomy":"product_cat","embeddable":true,"href":"https:\/\/yutaimachinery.com\/fr\/wp-json\/wp\/v2\/product_cat?post=5757"},{"taxonomy":"product_tag","embeddable":true,"href":"https:\/\/yutaimachinery.com\/fr\/wp-json\/wp\/v2\/product_tag?post=5757"}],"curies":[{"name":"wp","href":"https:\/\/api.w.org\/{rel}","templated":true}]}}