{"id":5724,"date":"2025-09-30T17:29:09","date_gmt":"2025-09-30T09:29:09","guid":{"rendered":"https:\/\/yutaimachinery.com\/?post_type=product&#038;p=5724"},"modified":"2025-10-20T18:21:49","modified_gmt":"2025-10-20T10:21:49","slug":"ceramic-decals-wholesale","status":"publish","type":"product","link":"https:\/\/yutaimachinery.com\/fr\/product\/ceramic-decals-wholesale\/","title":{"rendered":"D\u00e9calcomanies en c\u00e9ramique D\u00e9calcomanies en gros Rectangle Or Paysage Naturel D\u00e9calcomanies pour Toilettes Sanitaires Personnalis\u00e9es"},"content":{"rendered":"<div class=\"wp-block-columns is-layout-flex wp-container-core-columns-is-layout-9d6595d7 wp-block-columns-is-layout-flex\">\n<div class=\"wp-block-column is-layout-flow wp-block-column-is-layout-flow\">\n<h2 class=\"wp-block-heading\">Caract\u00e9ristiques des d\u00e9calcomanies c\u00e9ramiques en gros :<\/h2>\n\n\n\n<p><strong>Diff\u00e9rents motifs<\/strong>: Avec une vari\u00e9t\u00e9 de paysages naturels, d'animaux, de fleurs, de plantes et de motifs g\u00e9om\u00e9triques, ces d\u00e9calcomanies s'adapteront au style de votre salle de bains.<\/p>\n\n\n\n<p><strong>Service ODM\/OEM<\/strong>: Les clients peuvent fournir leurs propres dessins, photos et logos de marque, pour n'en citer que quelques-uns, et Yutai s'occupera professionnellement de la mise en page et de la conception de tous les dessins bas\u00e9s sur ces mat\u00e9riaux, en ajoutant leur cr\u00e9ativit\u00e9 unique \u00e0 leurs d\u00e9calcomanies en c\u00e9ramique.<\/p>\n\n\n\n<p><strong>Applicable \u00e0 divers articles en c\u00e9ramique<\/strong>: Il peut \u00eatre utilis\u00e9 pour les lavabos, les cuvettes de toilettes et les accessoires de salle de bains. Nous avons des d\u00e9calcomanies pour les formes vari\u00e9es de ces produits, y compris rondes, carr\u00e9es et certaines formes sp\u00e9ciales, pour s'adapter.<\/p>\n\n\n\n<p><strong>R\u00e9sistance \u00e0 l'usure et durabilit\u00e9<\/strong>: Sp\u00e9cialement trait\u00e9s pour r\u00e9sister \u00e0 l'usure, ces autocollants sont r\u00e9sistants \u00e0 l'usure due aux frottements quotidiens et aux chocs, ce qui garantit leur long\u00e9vit\u00e9.<\/p>\n\n\n\n<p><strong>Technologie d'impression avanc\u00e9e :<\/strong> La m\u00e9thode d'impression avanc\u00e9e permet de reproduire avec pr\u00e9cision les motifs et les couleurs des d\u00e9calcomanies.<\/p>\n\n\n\n<p><strong>Cuisson \u00e0 haute temp\u00e9rature<\/strong>: Les d\u00e9calcomanies sont coll\u00e9es sur le support c\u00e9ramique et ne se d\u00e9forment pas, ne se fissurent pas et ne s'\u00e9caillent pas, ce qui garantit un effet d\u00e9coratif stable.<\/p>\n<\/div>\n\n\n\n<div class=\"wp-block-column is-layout-flow wp-block-column-is-layout-flow\">\n<figure class=\"wp-block-image size-full\"><img fetchpriority=\"high\" decoding=\"async\" width=\"510\" height=\"511\" src=\"https:\/\/yutaimachinery.com\/wp-content\/uploads\/2025\/09\/ceramic-decals-wholesale-3.webp\" alt=\"D\u00e9calcomanies c\u00e9ramiques en gros (3)\" class=\"wp-image-5727\" title=\"\" srcset=\"https:\/\/yutaimachinery.com\/wp-content\/uploads\/2025\/09\/ceramic-decals-wholesale-3.webp 510w, https:\/\/yutaimachinery.com\/wp-content\/uploads\/2025\/09\/ceramic-decals-wholesale-3-300x300.webp 300w, https:\/\/yutaimachinery.com\/wp-content\/uploads\/2025\/09\/ceramic-decals-wholesale-3-150x150.webp 150w, https:\/\/yutaimachinery.com\/wp-content\/uploads\/2025\/09\/ceramic-decals-wholesale-3-12x12.webp 12w, https:\/\/yutaimachinery.com\/wp-content\/uploads\/2025\/09\/ceramic-decals-wholesale-3-285x286.webp 285w, https:\/\/yutaimachinery.com\/wp-content\/uploads\/2025\/09\/ceramic-decals-wholesale-3-270x270.webp 270w\" sizes=\"(max-width: 510px) 100vw, 510px\" \/><\/figure>\n<\/div>\n<\/div>\n\n\n\n<p><\/p>","protected":false},"excerpt":{"rendered":"<p>D\u00e9calcomanies en c\u00e9ramique en gros, disponibles dans des motifs naturels comme les arbres et les cerfs, adapt\u00e9es aux lavabos et aux c\u00e9ramiques de salle de bains. Gr\u00e2ce \u00e0 une technologie d'impression avanc\u00e9e, il est imperm\u00e9able et r\u00e9sistant \u00e0 l'usure, et facile \u00e0 utiliser ! Yutai factory direct supply, support custom drawings, contact us for a quote !<\/p>\n<h2>Solution unique de d\u00e9calcomanies c\u00e9ramiques pour le sanitaire :<\/h2>\n<ul>\n<li style=\"list-style-type: none;\">\n<ul>\n<li><strong>Options personnalis\u00e9es<\/strong>: Prise en charge des motifs, tailles et couleurs des d\u00e9calcomanies personnalis\u00e9es, ainsi que des applications \u00e0 haute temp\u00e9rature.<\/li>\n<li><strong>Soutien \u00e0 la conception et \u00e0 l'application<\/strong>: Offrir des conseils d'experts sur la s\u00e9lection et l'application des d\u00e9calcomanies en fonction de votre type de produit et de votre processus de production.<\/li>\n<li><strong>Qualit\u00e9 et support technique<\/strong>: Assurer la durabilit\u00e9 \u00e0 haute temp\u00e9rature, des motifs vifs et des performances fiables ; guider la cuisson et l'utilisation.<\/li>\n<li><strong>Service d\u00e9di\u00e9 :<\/strong> Yutai, en tant que fabricant leader de machines et de d\u00e9calcomanies pour la c\u00e9ramique, permet \u00e0 votre production d'articles sanitaires de b\u00e9n\u00e9ficier de d\u00e9calcomanies de haute qualit\u00e9 et de solutions sur mesure.<\/li>\n<\/ul>\n<\/li>\n<\/ul>","protected":false},"featured_media":5725,"template":"","meta":{"_acf_changed":false},"product_brand":[],"product_cat":[59,108],"product_tag":[],"class_list":{"0":"post-5724","1":"product","2":"type-product","3":"status-publish","4":"has-post-thumbnail","6":"product_cat-ceramic-printing-machine","7":"product_cat-custom-ceramic-decals-manufacturer","9":"first","10":"instock","11":"shipping-taxable","12":"product-type-simple"},"acf":{"customization_content":"","customization_content_source":{"label":"Customization Content","type":"wysiwyg","formatted_value":""},"why_choose_us_content":"<h2 style=\"text-align: center;\">Why Choose Us as Your Ceramic Decals Supplier<\/h2>\r\n\r\n<hr \/>\r\n<p style=\"text-align: center;\">We have advanced fully automatic decals printing machines that can mass-produce high-quality decals for daily ceramics, bathroom ceramics, glass tableware, etc., suitable for different processes, and provide customized services<\/p>","why_choose_us_content_source":{"label":"Why Choose Us Content","type":"wysiwyg","formatted_value":"<h2 style=\"text-align: center;\">Why Choose Us as Your Ceramic Decals Supplier<\/h2>\n<hr \/>\n<p style=\"text-align: center;\">We have advanced fully automatic decals printing machines that can mass-produce high-quality decals for daily ceramics, bathroom ceramics, glass tableware, etc., suitable for different processes, and provide customized services<\/p>\n"}},"_links":{"self":[{"href":"https:\/\/yutaimachinery.com\/fr\/wp-json\/wp\/v2\/product\/5724","targetHints":{"allow":["GET"]}}],"collection":[{"href":"https:\/\/yutaimachinery.com\/fr\/wp-json\/wp\/v2\/product"}],"about":[{"href":"https:\/\/yutaimachinery.com\/fr\/wp-json\/wp\/v2\/types\/product"}],"version-history":[{"count":0,"href":"https:\/\/yutaimachinery.com\/fr\/wp-json\/wp\/v2\/product\/5724\/revisions"}],"wp:featuredmedia":[{"embeddable":true,"href":"https:\/\/yutaimachinery.com\/fr\/wp-json\/wp\/v2\/media\/5725"}],"wp:attachment":[{"href":"https:\/\/yutaimachinery.com\/fr\/wp-json\/wp\/v2\/media?parent=5724"}],"wp:term":[{"taxonomy":"product_brand","embeddable":true,"href":"https:\/\/yutaimachinery.com\/fr\/wp-json\/wp\/v2\/product_brand?post=5724"},{"taxonomy":"product_cat","embeddable":true,"href":"https:\/\/yutaimachinery.com\/fr\/wp-json\/wp\/v2\/product_cat?post=5724"},{"taxonomy":"product_tag","embeddable":true,"href":"https:\/\/yutaimachinery.com\/fr\/wp-json\/wp\/v2\/product_tag?post=5724"}],"curies":[{"name":"wp","href":"https:\/\/api.w.org\/{rel}","templated":true}]}}