{"id":5713,"date":"2025-09-29T18:09:56","date_gmt":"2025-09-29T10:09:56","guid":{"rendered":"https:\/\/yutaimachinery.com\/?post_type=product&#038;p=5713"},"modified":"2025-10-20T18:21:50","modified_gmt":"2025-10-20T10:21:50","slug":"ceramic-decals-custom","status":"publish","type":"product","link":"https:\/\/yutaimachinery.com\/fr\/product\/ceramic-decals-custom\/","title":{"rendered":"D\u00e9calcomanies en c\u00e9ramique \u00e0 motif marbr\u00e9 personnalis\u00e9 pour comptoir de salle de bain"},"content":{"rendered":"<div class=\"wp-block-columns is-layout-flex wp-container-core-columns-is-layout-9d6595d7 wp-block-columns-is-layout-flex\">\n<div class=\"wp-block-column is-layout-flow wp-block-column-is-layout-flow\">\n<h2 class=\"wp-block-heading\">D\u00e9calcomanies en c\u00e9ramique de marbre pour le comptoir et le bassin de la salle de bain Caract\u00e9ristiques :<\/h2>\n\n\n\n<p><strong>Compatibilit\u00e9 avec une grande vari\u00e9t\u00e9 de c\u00e9ramiques<\/strong>: La d\u00e9calcomanie en c\u00e9ramique est sp\u00e9cialement con\u00e7ue pour les lavabos, et elle est compatible avec diff\u00e9rentes formes de c\u00e9ramique, comme les formes rondes et carr\u00e9es, pour s'adapter parfaitement \u00e0 la surface de votre produit.<\/p>\n\n\n\n<p><strong>Vari\u00e9t\u00e9 de textures artistiques<\/strong>: Elle pr\u00e9sente un \u00e9ventail de styles, dont le marbre, le bleu craquel\u00e9, les mouchetures d'or et l'art en noir et blanc. Cette collection s'harmonise avec un style minimaliste moderne, un style de luxe l\u00e9ger ou un style d'h\u00f4tel haut de gamme.<\/p>\n\n\n\n<p><strong>Impression de haute pr\u00e9cision des d\u00e9calcomanies<\/strong>: Nous combinons un papier autocollant de haute qualit\u00e9, des couleurs vives et une r\u00e9sistance \u00e0 l'usure et aux temp\u00e9ratures \u00e9lev\u00e9es. En tant qu'\u00e9cosyst\u00e8me, nous produisons une impression claire et durable, qui rehausse la valeur de vos produits c\u00e9ramiques.<\/p>\n\n\n\n<p><strong>Personnalisation possible<\/strong>: Les conceptions ou logos personnalis\u00e9s et les logos d'entreprise peuvent \u00eatre personnalis\u00e9s pour r\u00e9pondre aux besoins visuels et \u00e0 la comp\u00e9titivit\u00e9 de votre marque sur le march\u00e9.<\/p>\n\n\n\n<p><strong>Respectueux de l'environnement et s\u00fbr<\/strong>: Nous respectons les normes environnementales internationales ; nos produits sont donc non toxiques et sans danger. Nos produits peuvent \u00eatre utilis\u00e9s dans les c\u00e9ramiques domestiques, les h\u00f4tels, les salles de bains haut de gamme, etc.<\/p>\n<\/div>\n\n\n\n<div class=\"wp-block-column is-layout-flow wp-block-column-is-layout-flow\"><div class=\"wp-block-image\">\n<figure class=\"aligncenter size-full\"><img fetchpriority=\"high\" decoding=\"async\" width=\"320\" height=\"320\" src=\"https:\/\/yutaimachinery.com\/wp-content\/uploads\/2025\/09\/ceramic-decals-custom-4.webp\" alt=\"D\u00e9calcomanies c\u00e9ramiques personnalis\u00e9es (4)\" class=\"wp-image-5717\" title=\"\" srcset=\"https:\/\/yutaimachinery.com\/wp-content\/uploads\/2025\/09\/ceramic-decals-custom-4.webp 320w, https:\/\/yutaimachinery.com\/wp-content\/uploads\/2025\/09\/ceramic-decals-custom-4-300x300.webp 300w, https:\/\/yutaimachinery.com\/wp-content\/uploads\/2025\/09\/ceramic-decals-custom-4-150x150.webp 150w, https:\/\/yutaimachinery.com\/wp-content\/uploads\/2025\/09\/ceramic-decals-custom-4-12x12.webp 12w, https:\/\/yutaimachinery.com\/wp-content\/uploads\/2025\/09\/ceramic-decals-custom-4-285x285.webp 285w, https:\/\/yutaimachinery.com\/wp-content\/uploads\/2025\/09\/ceramic-decals-custom-4-270x270.webp 270w\" sizes=\"(max-width: 320px) 100vw, 320px\" \/><\/figure>\n<\/div><\/div>\n<\/div>","protected":false},"excerpt":{"rendered":"<p>Les d\u00e9calcomanies en c\u00e9ramique de haute qualit\u00e9 de Yutai sont personnalis\u00e9es et conviennent aux lavabos et aux accessoires de salle de bains. Disponibles dans une vari\u00e9t\u00e9 de styles, y compris le marbre, les textures artistiques et les accents dor\u00e9s, nous offrons des services de conception personnalis\u00e9s pour \u00e9lever votre produit ! Approvisionnement direct de l'usine, respectueux de l'environnement et durable, contactez-nous pour un devis !<\/p>\n<h2>Solution unique de d\u00e9calcomanies c\u00e9ramiques pour le sanitaire :<\/h2>\n<ul>\n<li style=\"list-style-type: none;\">\n<ul>\n<li><strong>Options personnalis\u00e9es<\/strong>: Prise en charge des motifs, tailles et couleurs des d\u00e9calcomanies personnalis\u00e9es, ainsi que des applications \u00e0 haute temp\u00e9rature.<\/li>\n<li><strong>Soutien \u00e0 la conception et \u00e0 l'application<\/strong>: Offrir des conseils d'experts sur la s\u00e9lection et l'application des d\u00e9calcomanies en fonction de votre type de produit et de votre processus de production.<\/li>\n<li><strong>Qualit\u00e9 et support technique<\/strong>: Assurer la durabilit\u00e9 \u00e0 haute temp\u00e9rature, des motifs vifs et des performances fiables ; guider la cuisson et l'utilisation.<\/li>\n<li><strong>Service d\u00e9di\u00e9 :<\/strong> Yutai, l'un des principaux fournisseurs de machines et de d\u00e9calcomanies pour la c\u00e9ramique, vous permet de produire des articles sanitaires gr\u00e2ce \u00e0 des d\u00e9calcomanies de haute qualit\u00e9 et \u00e0 des solutions sur mesure.<\/li>\n<\/ul>\n<\/li>\n<\/ul>","protected":false},"featured_media":5714,"template":"","meta":{"_acf_changed":false},"product_brand":[],"product_cat":[59,108],"product_tag":[],"class_list":{"0":"post-5713","1":"product","2":"type-product","3":"status-publish","4":"has-post-thumbnail","6":"product_cat-ceramic-printing-machine","7":"product_cat-custom-ceramic-decals-manufacturer","9":"first","10":"instock","11":"shipping-taxable","12":"product-type-simple"},"acf":{"customization_content":"","customization_content_source":{"label":"Customization Content","type":"wysiwyg","formatted_value":""},"why_choose_us_content":"<h2 style=\"text-align: center;\">Why Choose Us as Your Ceramic Decals Supplier<\/h2>\r\n\r\n<hr \/>\r\n<p style=\"text-align: center;\">We have advanced fully automatic decals printing machines that can mass-produce high-quality decals for daily ceramics, bathroom ceramics, glass tableware, etc., suitable for different processes, and provide customized services.<\/p>","why_choose_us_content_source":{"label":"Why Choose Us Content","type":"wysiwyg","formatted_value":"<h2 style=\"text-align: center;\">Why Choose Us as Your Ceramic Decals Supplier<\/h2>\n<hr \/>\n<p style=\"text-align: center;\">We have advanced fully automatic decals printing machines that can mass-produce high-quality decals for daily ceramics, bathroom ceramics, glass tableware, etc., suitable for different processes, and provide customized services.<\/p>\n"}},"_links":{"self":[{"href":"https:\/\/yutaimachinery.com\/fr\/wp-json\/wp\/v2\/product\/5713","targetHints":{"allow":["GET"]}}],"collection":[{"href":"https:\/\/yutaimachinery.com\/fr\/wp-json\/wp\/v2\/product"}],"about":[{"href":"https:\/\/yutaimachinery.com\/fr\/wp-json\/wp\/v2\/types\/product"}],"version-history":[{"count":0,"href":"https:\/\/yutaimachinery.com\/fr\/wp-json\/wp\/v2\/product\/5713\/revisions"}],"wp:featuredmedia":[{"embeddable":true,"href":"https:\/\/yutaimachinery.com\/fr\/wp-json\/wp\/v2\/media\/5714"}],"wp:attachment":[{"href":"https:\/\/yutaimachinery.com\/fr\/wp-json\/wp\/v2\/media?parent=5713"}],"wp:term":[{"taxonomy":"product_brand","embeddable":true,"href":"https:\/\/yutaimachinery.com\/fr\/wp-json\/wp\/v2\/product_brand?post=5713"},{"taxonomy":"product_cat","embeddable":true,"href":"https:\/\/yutaimachinery.com\/fr\/wp-json\/wp\/v2\/product_cat?post=5713"},{"taxonomy":"product_tag","embeddable":true,"href":"https:\/\/yutaimachinery.com\/fr\/wp-json\/wp\/v2\/product_tag?post=5713"}],"curies":[{"name":"wp","href":"https:\/\/api.w.org\/{rel}","templated":true}]}}