{"id":5697,"date":"2025-09-29T15:13:53","date_gmt":"2025-09-29T07:13:53","guid":{"rendered":"https:\/\/yutaimachinery.com\/?post_type=product&#038;p=5697"},"modified":"2025-10-20T18:21:50","modified_gmt":"2025-10-20T10:21:50","slug":"custom-ceramic-decals","status":"publish","type":"product","link":"https:\/\/yutaimachinery.com\/fr\/product\/custom-ceramic-decals\/","title":{"rendered":"D\u00e9calcomanies c\u00e9ramiques personnalis\u00e9es avec motif g\u00e9om\u00e9trique blanc vert bleu rouge pour sanitaires"},"content":{"rendered":"<div class=\"wp-block-columns is-layout-flex wp-container-core-columns-is-layout-9d6595d7 wp-block-columns-is-layout-flex\">\n<div class=\"wp-block-column is-layout-flow wp-block-column-is-layout-flow\">\n<h2 class=\"wp-block-heading\">Caract\u00e9ristiques des d\u00e9calcomanies en c\u00e9ramique \u00e0 motif g\u00e9om\u00e9trique blanc :<\/h2>\n\n\n\n<p><strong>Des motifs \u00e9l\u00e9gants et vari\u00e9s<\/strong>: Les motifs g\u00e9om\u00e9triques, radiaux, p\u00e9tales et sym\u00e9triques offrent un fort attrait visuel.<\/p>\n\n\n\n<p><strong>Des couleurs \u00e9l\u00e9gantes et harmonieuses<\/strong>: Le blanc avec les rouges, les noirs, les bleus et les verts donnent un fort impact visuel et une grande d\u00e9coration.<\/p>\n\n\n\n<p><strong>D\u00e9tails \u00e9l\u00e9gants<\/strong>: La conception \u00e0 plusieurs niveaux, le centre qui s'\u00e9tend vers l'ext\u00e9rieur et les bords sculpt\u00e9s t\u00e9moignent de l'attention port\u00e9e \u00e0 chaque d\u00e9tail.<\/p>\n\n\n\n<p>H<strong>a cuisson \u00e0 haute temp\u00e9rature<\/strong>: S'harmonise parfaitement avec le produit c\u00e9ramique, offrant une r\u00e9sistance \u00e0 l'usure, \u00e0 la corrosion et \u00e0 la d\u00e9coloration, convenant aux salles de bains humides.<\/p>\n\n\n\n<p><strong>Un ajustement s\u00fbr<\/strong>: Se d\u00e9forme et se d\u00e9tache, avec une durabilit\u00e9 soutenue et une utilisation \u00e0 long terme.<\/p>\n\n\n\n<p><strong>Personnalisable<\/strong>: Les motifs, les couleurs et les th\u00e8mes peuvent \u00eatre adapt\u00e9s pour r\u00e9pondre \u00e0 divers besoins.<\/p>\n<\/div>\n\n\n\n<div class=\"wp-block-column is-layout-flow wp-block-column-is-layout-flow\">\n<figure class=\"wp-block-image size-full\"><img fetchpriority=\"high\" decoding=\"async\" width=\"1279\" height=\"1166\" src=\"https:\/\/yutaimachinery.com\/wp-content\/uploads\/2025\/09\/custom-ceramic-decals-1.webp\" alt=\"D\u00e9calcomanies c\u00e9ramiques personnalis\u00e9es (1)\" class=\"wp-image-5698\" title=\"\" srcset=\"https:\/\/yutaimachinery.com\/wp-content\/uploads\/2025\/09\/custom-ceramic-decals-1.webp 1279w, https:\/\/yutaimachinery.com\/wp-content\/uploads\/2025\/09\/custom-ceramic-decals-1-300x273.webp 300w, https:\/\/yutaimachinery.com\/wp-content\/uploads\/2025\/09\/custom-ceramic-decals-1-768x700.webp 768w, https:\/\/yutaimachinery.com\/wp-content\/uploads\/2025\/09\/custom-ceramic-decals-1-13x12.webp 13w, https:\/\/yutaimachinery.com\/wp-content\/uploads\/2025\/09\/custom-ceramic-decals-1-396x360.webp 396w, https:\/\/yutaimachinery.com\/wp-content\/uploads\/2025\/09\/custom-ceramic-decals-1-285x260.webp 285w, https:\/\/yutaimachinery.com\/wp-content\/uploads\/2025\/09\/custom-ceramic-decals-1-660x602.webp 660w, https:\/\/yutaimachinery.com\/wp-content\/uploads\/2025\/09\/custom-ceramic-decals-1-150x137.webp 150w\" sizes=\"(max-width: 1279px) 100vw, 1279px\" \/><\/figure>\n<\/div>\n<\/div>\n\n\n\n<p><\/p>","protected":false},"excerpt":{"rendered":"<p>Les d\u00e9calcomanies en c\u00e9ramique personnalis\u00e9es avec des motifs g\u00e9om\u00e9triques artistiques, des couleurs vives et une cuisson \u00e0 haute temp\u00e9rature garantissent la durabilit\u00e9 et la r\u00e9sistance \u00e0 l'usure. Elles sont parfaites pour les lavabos de salle de bains et apportent une touche artistique \u00e0 l'espace salle de bains. Yutai propose des services personnalis\u00e9s. Contactez-nous pour obtenir rapidement des \u00e9chantillons et des devis !<\/p>\n<h2>Solution unique de d\u00e9calcomanies c\u00e9ramiques pour le sanitaire :<\/h2>\n<ul>\n<li style=\"list-style-type: none;\">\n<ul>\n<li><strong>Options personnalis\u00e9es<\/strong>: Prise en charge des motifs, tailles et couleurs des d\u00e9calcomanies personnalis\u00e9es, ainsi que des applications \u00e0 haute temp\u00e9rature.<\/li>\n<li><strong>Soutien \u00e0 la conception et \u00e0 l'application<\/strong>: Offrir des conseils d'experts sur la s\u00e9lection et l'application des d\u00e9calcomanies en fonction de votre type de produit et de votre processus de production.<\/li>\n<li><strong>Qualit\u00e9 et support technique<\/strong>: Assurer la durabilit\u00e9 \u00e0 haute temp\u00e9rature, des motifs vifs et des performances fiables ; guider la cuisson et l'utilisation.<\/li>\n<li><strong>Service d\u00e9di\u00e9 :<\/strong> Yutai, en tant que fabricant leader de machines et de d\u00e9calcomanies pour la c\u00e9ramique, permet \u00e0 votre production d'articles sanitaires de b\u00e9n\u00e9ficier de d\u00e9calcomanies de haute qualit\u00e9 et de solutions sur mesure.<\/li>\n<\/ul>\n<\/li>\n<\/ul>","protected":false},"featured_media":5708,"template":"","meta":{"_acf_changed":false},"product_brand":[],"product_cat":[59,108],"product_tag":[],"class_list":{"0":"post-5697","1":"product","2":"type-product","3":"status-publish","4":"has-post-thumbnail","6":"product_cat-ceramic-printing-machine","7":"product_cat-custom-ceramic-decals-manufacturer","9":"first","10":"instock","11":"shipping-taxable","12":"product-type-simple"},"acf":{"customization_content":"","customization_content_source":{"label":"Customization Content","type":"wysiwyg","formatted_value":""},"why_choose_us_content":"<h2 style=\"text-align: center;\">Why Choose Us as Your Ceramic Decals Supplier<\/h2>\r\n\r\n<hr \/>\r\n<p style=\"text-align: center;\">We have advanced fully automatic decals printing machines that can mass-produce high-quality decals for daily ceramics, bathroom ceramics, glass tableware, etc., suitable for different processes, and provide customized services<\/p>","why_choose_us_content_source":{"label":"Why Choose Us Content","type":"wysiwyg","formatted_value":"<h2 style=\"text-align: center;\">Why Choose Us as Your Ceramic Decals Supplier<\/h2>\n<hr \/>\n<p style=\"text-align: center;\">We have advanced fully automatic decals printing machines that can mass-produce high-quality decals for daily ceramics, bathroom ceramics, glass tableware, etc., suitable for different processes, and provide customized services<\/p>\n"}},"_links":{"self":[{"href":"https:\/\/yutaimachinery.com\/fr\/wp-json\/wp\/v2\/product\/5697","targetHints":{"allow":["GET"]}}],"collection":[{"href":"https:\/\/yutaimachinery.com\/fr\/wp-json\/wp\/v2\/product"}],"about":[{"href":"https:\/\/yutaimachinery.com\/fr\/wp-json\/wp\/v2\/types\/product"}],"version-history":[{"count":0,"href":"https:\/\/yutaimachinery.com\/fr\/wp-json\/wp\/v2\/product\/5697\/revisions"}],"wp:featuredmedia":[{"embeddable":true,"href":"https:\/\/yutaimachinery.com\/fr\/wp-json\/wp\/v2\/media\/5708"}],"wp:attachment":[{"href":"https:\/\/yutaimachinery.com\/fr\/wp-json\/wp\/v2\/media?parent=5697"}],"wp:term":[{"taxonomy":"product_brand","embeddable":true,"href":"https:\/\/yutaimachinery.com\/fr\/wp-json\/wp\/v2\/product_brand?post=5697"},{"taxonomy":"product_cat","embeddable":true,"href":"https:\/\/yutaimachinery.com\/fr\/wp-json\/wp\/v2\/product_cat?post=5697"},{"taxonomy":"product_tag","embeddable":true,"href":"https:\/\/yutaimachinery.com\/fr\/wp-json\/wp\/v2\/product_tag?post=5697"}],"curies":[{"name":"wp","href":"https:\/\/api.w.org\/{rel}","templated":true}]}}