{"id":5391,"date":"2025-09-09T18:32:55","date_gmt":"2025-09-09T10:32:55","guid":{"rendered":"https:\/\/yutaimachinery.com\/?post_type=product&#038;p=5391"},"modified":"2026-01-15T09:29:30","modified_gmt":"2026-01-15T01:29:30","slug":"ceramic-insulator-machine","status":"publish","type":"product","link":"https:\/\/yutaimachinery.com\/fr\/product\/ceramic-insulator-machine\/","title":{"rendered":"Machine \u00e0 isoler en c\u00e9ramique, \u00e9quipement de formage pour la production d'isolateurs \u00e9lectriques en porcelaine"},"content":{"rendered":"<div class=\"wp-block-columns is-layout-flex wp-container-core-columns-is-layout-9d6595d7 wp-block-columns-is-layout-flex\">\n<div class=\"wp-block-column is-layout-flow wp-block-column-is-layout-flow\">\n<h2 class=\"wp-block-heading\">Machine \u00e0 isoler la c\u00e9ramique Caract\u00e9ristiques :<\/h2>\n\n\n\n<p><strong>Moulage de haute pr\u00e9cision :<\/strong> Garantit une forme et une taille uniformes des isolateurs c\u00e9ramiques et des performances \u00e9lectriques fiables.<\/p>\n\n\n\n<p><strong>Syst\u00e8me de contr\u00f4le automatis\u00e9 : <\/strong>R\u00e9duit le travail manuel, am\u00e9liore l'efficacit\u00e9 et assure une production stable.<\/p>\n\n\n\n<p><strong>Construction durable :<\/strong> Fabriqu\u00e9 \u00e0 partir de mat\u00e9riaux tr\u00e8s r\u00e9sistants, il r\u00e9siste \u00e0 un fonctionnement continu et \u00e0 des environnements de production difficiles.<\/p>\n\n\n\n<p><strong>Conception flexible : <\/strong>Convient \u00e0 la production de divers types et tailles d'isolateurs c\u00e9ramiques utilis\u00e9s dans les transformateurs et les syst\u00e8mes de distribution d'\u00e9nergie.<\/p>\n\n\n\n<p><strong>Entretien facile : <\/strong>La conception conviviale permet un r\u00e9glage, un nettoyage et une r\u00e9paration rapides.<\/p>\n<\/div>\n\n\n\n<div class=\"wp-block-column is-vertically-aligned-top is-layout-flow wp-block-column-is-layout-flow\">\n<figure class=\"wp-block-embed is-type-video is-provider-youtube wp-block-embed-youtube wp-embed-aspect-16-9 wp-has-aspect-ratio\"><div class=\"wp-block-embed__wrapper\">\n<iframe title=\"Machine de fabrication d&#039;isolateurs en c\u00e9ramique #machine\" width=\"940\" height=\"529\" src=\"https:\/\/www.youtube.com\/embed\/d3dZH9CaWgQ?feature=oembed\" frameborder=\"0\" allow=\"accelerometer; autoplay; clipboard-write; encrypted-media; gyroscope; picture-in-picture; web-share\" referrerpolicy=\"strict-origin-when-cross-origin\" allowfullscreen><\/iframe>\n<\/div><\/figure>\n<\/div>\n<\/div>\n\n\n\n<div class=\"wp-block-columns is-layout-flex wp-container-core-columns-is-layout-9d6595d7 wp-block-columns-is-layout-flex\">\n<div class=\"wp-block-column is-layout-flow wp-block-column-is-layout-flow\">\n<figure class=\"wp-block-image size-full\"><img fetchpriority=\"high\" decoding=\"async\" width=\"800\" height=\"800\" src=\"https:\/\/yutaimachinery.com\/wp-content\/uploads\/2025\/09\/ceramic-insulator-machine-2.webp\" alt=\"machine \u00e0 isoler la c\u00e9ramique\" class=\"wp-image-5394\" title=\"\" srcset=\"https:\/\/yutaimachinery.com\/wp-content\/uploads\/2025\/09\/ceramic-insulator-machine-2.webp 800w, https:\/\/yutaimachinery.com\/wp-content\/uploads\/2025\/09\/ceramic-insulator-machine-2-300x300.webp 300w, https:\/\/yutaimachinery.com\/wp-content\/uploads\/2025\/09\/ceramic-insulator-machine-2-150x150.webp 150w, https:\/\/yutaimachinery.com\/wp-content\/uploads\/2025\/09\/ceramic-insulator-machine-2-768x768.webp 768w, https:\/\/yutaimachinery.com\/wp-content\/uploads\/2025\/09\/ceramic-insulator-machine-2-12x12.webp 12w, https:\/\/yutaimachinery.com\/wp-content\/uploads\/2025\/09\/ceramic-insulator-machine-2-285x285.webp 285w, https:\/\/yutaimachinery.com\/wp-content\/uploads\/2025\/09\/ceramic-insulator-machine-2-270x270.webp 270w, https:\/\/yutaimachinery.com\/wp-content\/uploads\/2025\/09\/ceramic-insulator-machine-2-540x540.webp 540w, https:\/\/yutaimachinery.com\/wp-content\/uploads\/2025\/09\/ceramic-insulator-machine-2-660x660.webp 660w\" sizes=\"(max-width: 800px) 100vw, 800px\" \/><\/figure>\n<\/div>\n\n\n\n<div class=\"wp-block-column is-layout-flow wp-block-column-is-layout-flow\">\n<figure class=\"wp-block-image size-full\"><img decoding=\"async\" width=\"800\" height=\"800\" src=\"https:\/\/yutaimachinery.com\/wp-content\/uploads\/2025\/09\/electrical-insulator-machine-2.webp\" alt=\"machine \u00e0 isoler \u00e9lectrique\" class=\"wp-image-5398\" style=\"aspect-ratio:1;object-fit:cover\" title=\"\" srcset=\"https:\/\/yutaimachinery.com\/wp-content\/uploads\/2025\/09\/electrical-insulator-machine-2.webp 800w, https:\/\/yutaimachinery.com\/wp-content\/uploads\/2025\/09\/electrical-insulator-machine-2-300x300.webp 300w, https:\/\/yutaimachinery.com\/wp-content\/uploads\/2025\/09\/electrical-insulator-machine-2-150x150.webp 150w, https:\/\/yutaimachinery.com\/wp-content\/uploads\/2025\/09\/electrical-insulator-machine-2-768x768.webp 768w, https:\/\/yutaimachinery.com\/wp-content\/uploads\/2025\/09\/electrical-insulator-machine-2-12x12.webp 12w, https:\/\/yutaimachinery.com\/wp-content\/uploads\/2025\/09\/electrical-insulator-machine-2-285x285.webp 285w, https:\/\/yutaimachinery.com\/wp-content\/uploads\/2025\/09\/electrical-insulator-machine-2-270x270.webp 270w, https:\/\/yutaimachinery.com\/wp-content\/uploads\/2025\/09\/electrical-insulator-machine-2-540x540.webp 540w, https:\/\/yutaimachinery.com\/wp-content\/uploads\/2025\/09\/electrical-insulator-machine-2-660x660.webp 660w\" sizes=\"(max-width: 800px) 100vw, 800px\" \/><\/figure>\n<\/div>\n<\/div>\n\n\n\n<div class=\"wp-block-columns is-layout-flex wp-container-core-columns-is-layout-9d6595d7 wp-block-columns-is-layout-flex\">\n<div class=\"wp-block-column is-layout-flow wp-block-column-is-layout-flow\">\n<figure class=\"wp-block-image size-full\"><img decoding=\"async\" width=\"511\" height=\"511\" src=\"https:\/\/yutaimachinery.com\/wp-content\/uploads\/2025\/09\/porcelain-insulator-production-machine-1.webp\" alt=\"machine de production d&#039;isolateurs en porcelaine\" class=\"wp-image-5401\" style=\"aspect-ratio:1;object-fit:cover\" title=\"\" srcset=\"https:\/\/yutaimachinery.com\/wp-content\/uploads\/2025\/09\/porcelain-insulator-production-machine-1.webp 511w, https:\/\/yutaimachinery.com\/wp-content\/uploads\/2025\/09\/porcelain-insulator-production-machine-1-300x300.webp 300w, https:\/\/yutaimachinery.com\/wp-content\/uploads\/2025\/09\/porcelain-insulator-production-machine-1-150x150.webp 150w, https:\/\/yutaimachinery.com\/wp-content\/uploads\/2025\/09\/porcelain-insulator-production-machine-1-12x12.webp 12w, https:\/\/yutaimachinery.com\/wp-content\/uploads\/2025\/09\/porcelain-insulator-production-machine-1-285x285.webp 285w, https:\/\/yutaimachinery.com\/wp-content\/uploads\/2025\/09\/porcelain-insulator-production-machine-1-270x270.webp 270w\" sizes=\"(max-width: 511px) 100vw, 511px\" \/><\/figure>\n<\/div>\n\n\n\n<div class=\"wp-block-column is-layout-flow wp-block-column-is-layout-flow\">\n<figure class=\"wp-block-image size-full\"><img loading=\"lazy\" decoding=\"async\" width=\"668\" height=\"668\" src=\"https:\/\/yutaimachinery.com\/wp-content\/uploads\/2025\/09\/ceramic-insulator-forming-machine-3.webp\" alt=\"machine de formage d&#039;isolateurs en c\u00e9ramique\" class=\"wp-image-5406\" title=\"\" srcset=\"https:\/\/yutaimachinery.com\/wp-content\/uploads\/2025\/09\/ceramic-insulator-forming-machine-3.webp 668w, https:\/\/yutaimachinery.com\/wp-content\/uploads\/2025\/09\/ceramic-insulator-forming-machine-3-300x300.webp 300w, https:\/\/yutaimachinery.com\/wp-content\/uploads\/2025\/09\/ceramic-insulator-forming-machine-3-150x150.webp 150w, https:\/\/yutaimachinery.com\/wp-content\/uploads\/2025\/09\/ceramic-insulator-forming-machine-3-12x12.webp 12w, https:\/\/yutaimachinery.com\/wp-content\/uploads\/2025\/09\/ceramic-insulator-forming-machine-3-285x285.webp 285w, https:\/\/yutaimachinery.com\/wp-content\/uploads\/2025\/09\/ceramic-insulator-forming-machine-3-270x270.webp 270w, https:\/\/yutaimachinery.com\/wp-content\/uploads\/2025\/09\/ceramic-insulator-forming-machine-3-540x540.webp 540w, https:\/\/yutaimachinery.com\/wp-content\/uploads\/2025\/09\/ceramic-insulator-forming-machine-3-660x660.webp 660w\" sizes=\"(max-width: 668px) 100vw, 668px\" \/><\/figure>\n<\/div>\n<\/div>\n\n\n\n<p><\/p>","protected":false},"excerpt":{"rendered":"<p>La machine de formage d'isolateurs en c\u00e9ramique est con\u00e7ue pour produire des isolateurs en c\u00e9ramique de haute qualit\u00e9 utilis\u00e9s dans les syst\u00e8mes \u00e9lectriques, en particulier pour les transformateurs et les applications \u00e0 haute tension. Gr\u00e2ce \u00e0 une technologie de formage avanc\u00e9e, \u00e0 un fonctionnement stable et \u00e0 un contr\u00f4le pr\u00e9cis, cette machine garantit des dimensions de produit coh\u00e9rentes, une r\u00e9sistance m\u00e9canique \u00e9lev\u00e9e et d'excellentes performances d'isolation \u00e9lectrique. Contactez-nous pour un devis et une assistance technique !<\/p>\n<h2>Solution unique pour les machines \u00e0 isolants c\u00e9ramiques :<\/h2>\n<ol>\n<li><strong>Personnalisation de l'\u00e9quipement :<\/strong> Conception de machines sur mesure en fonction du type d'isolateur, des dimensions, de la classe de tension et de la capacit\u00e9 de production.<\/li>\n<li><strong>Conception de moules et assistance \u00e0 l'outillage :<\/strong> D\u00e9veloppement de moules de pr\u00e9cision pour isolateurs \u00e0 broches, isolateurs \u00e0 tige, travers\u00e9es et isolateurs sp\u00e9ciaux.<\/li>\n<li><strong>Installation et mise en service :<\/strong> Assistance technique sur site ou \u00e0 distance pour garantir un fonctionnement stable et pr\u00e9cis des machines.<\/li>\n<li><strong>Formation des op\u00e9rateurs et conseils techniques :<\/strong> Programmes de formation couvrant les normes d'exploitation, de maintenance et de contr\u00f4le qualit\u00e9.<\/li>\n<li><strong>Service apr\u00e8s-vente et fourniture de pi\u00e8ces d\u00e9tach\u00e9es :<\/strong> Assistance technique rapide, maintenance pr\u00e9ventive et disponibilit\u00e9 fiable des pi\u00e8ces de rechange.<\/li>\n<li><strong>Solutions pour une qualit\u00e9 constante et une am\u00e9lioration du rendement :<\/strong> Aide \u00e0 r\u00e9duire les d\u00e9fauts, \u00e0 am\u00e9liorer la pr\u00e9cision dimensionnelle et \u00e0 renforcer la fiabilit\u00e9 \u00e0 long terme des produits.<\/li>\n<\/ol>","protected":false},"featured_media":6266,"template":"","meta":{"_acf_changed":false},"product_brand":[],"product_cat":[55],"product_tag":[],"class_list":{"0":"post-5391","1":"product","2":"type-product","3":"status-publish","4":"has-post-thumbnail","6":"product_cat-ceramic-forming-machine","8":"first","9":"instock","10":"shipping-taxable","11":"product-type-simple"},"acf":{"customization_content":"","customization_content_source":{"label":"Customization Content","type":"wysiwyg","formatted_value":""},"why_choose_us_content":"<h2 style=\"text-align: center;\">Why Choose Us as Your Ceramic Insulator Machine Supplier<\/h2>\r\n\r\n<hr \/>\r\n<p style=\"text-align: center;\">Yutai is a ceramic machine manufacturer that maintains strict quality standards and excellent service. Revolutionize your manufacturing processes with cutting-edge automation technology that streamlines forming and enhances efficiency.<\/p>","why_choose_us_content_source":{"label":"Why Choose Us Content","type":"wysiwyg","formatted_value":"<h2 style=\"text-align: center;\">Why Choose Us as Your Ceramic Insulator Machine Supplier<\/h2>\n<hr \/>\n<p style=\"text-align: center;\">Yutai is a ceramic machine manufacturer that maintains strict quality standards and excellent service. Revolutionize your manufacturing processes with cutting-edge automation technology that streamlines forming and enhances efficiency.<\/p>\n"}},"_links":{"self":[{"href":"https:\/\/yutaimachinery.com\/fr\/wp-json\/wp\/v2\/product\/5391","targetHints":{"allow":["GET"]}}],"collection":[{"href":"https:\/\/yutaimachinery.com\/fr\/wp-json\/wp\/v2\/product"}],"about":[{"href":"https:\/\/yutaimachinery.com\/fr\/wp-json\/wp\/v2\/types\/product"}],"version-history":[{"count":0,"href":"https:\/\/yutaimachinery.com\/fr\/wp-json\/wp\/v2\/product\/5391\/revisions"}],"wp:featuredmedia":[{"embeddable":true,"href":"https:\/\/yutaimachinery.com\/fr\/wp-json\/wp\/v2\/media\/6266"}],"wp:attachment":[{"href":"https:\/\/yutaimachinery.com\/fr\/wp-json\/wp\/v2\/media?parent=5391"}],"wp:term":[{"taxonomy":"product_brand","embeddable":true,"href":"https:\/\/yutaimachinery.com\/fr\/wp-json\/wp\/v2\/product_brand?post=5391"},{"taxonomy":"product_cat","embeddable":true,"href":"https:\/\/yutaimachinery.com\/fr\/wp-json\/wp\/v2\/product_cat?post=5391"},{"taxonomy":"product_tag","embeddable":true,"href":"https:\/\/yutaimachinery.com\/fr\/wp-json\/wp\/v2\/product_tag?post=5391"}],"curies":[{"name":"wp","href":"https:\/\/api.w.org\/{rel}","templated":true}]}}