{"id":5374,"date":"2025-09-03T18:48:21","date_gmt":"2025-09-03T10:48:21","guid":{"rendered":"https:\/\/yutaimachinery.com\/?post_type=product&#038;p=5374"},"modified":"2025-12-14T14:55:10","modified_gmt":"2025-12-14T06:55:10","slug":"slip-casting-machine-for-sanitary-ware","status":"publish","type":"product","link":"https:\/\/yutaimachinery.com\/fr\/product\/slip-casting-machine-for-sanitary-ware\/","title":{"rendered":"Machine de moulage par coulage pour la fabrication d'appareils sanitaires, de toilettes en c\u00e9ramique et de lavabos"},"content":{"rendered":"<div class=\"wp-block-columns is-layout-flex wp-container-core-columns-is-layout-9d6595d7 wp-block-columns-is-layout-flex\">\n<div class=\"wp-block-column is-layout-flow wp-block-column-is-layout-flow\">\n<h2 class=\"wp-block-heading\">Caract\u00e9ristiques de la machine de coul\u00e9e en barbotine pour articles sanitaires<\/h2>\n\n\n\n<p><strong>Processus de coul\u00e9e enti\u00e8rement automatis\u00e9 : <\/strong>Il int\u00e8gre l'injection de la boue, le d\u00e9chargement, la consolidation par micro-pression et le levage du moule. La commande \u00e9lectrique PLC et le syst\u00e8me de levage hydraulique par \u00e9lingue permettent un r\u00e9glage pr\u00e9cis des param\u00e8tres, garantissant une ouverture et une fermeture en douceur du moule et r\u00e9duisant au minimum les interventions manuelles.<\/p>\n\n\n\n<p><strong>Technologie de moulage sans soudure<\/strong>: La coul\u00e9e \u00e0 360\u00b0 et la r\u00e9partition uniforme de la pression garantissent des pi\u00e8ces sans bulles ni d\u00e9formations. Cela \u00e9limine les d\u00e9fauts caus\u00e9s par les joints de moule, am\u00e9liorant ainsi la finition de la surface et l'int\u00e9grit\u00e9 structurelle.<\/p>\n\n\n\n<p><strong>Longueur de l'\u00e9tabli r\u00e9glable (18-30 m\u00e8tres) :<\/strong> S'adapte \u00e0 divers agencements d'usine et \u00e9chelles de production.<\/p>\n\n\n\n<p><strong>Applications id\u00e9ales :<\/strong> Toilettes monoblocs (rebord et cuvette coul\u00e9s s\u00e9par\u00e9ment), Vasques et lavabos en c\u00e9ramique, Cuvettes et receveurs de douche, Articles sanitaires en c\u00e9ramique artistique<\/p>\n\n\n\n<p><strong>Faibles co\u00fbts d'entretien et de main-d'\u0153uvre :<\/strong> Des mat\u00e9riaux durables et un syst\u00e8me hydraulique et pneumatique r\u00e9duisent l'usure, prolongent la dur\u00e9e de vie de l'\u00e9quipement et minimisent l'utilisation de la main-d'\u0153uvre.<\/p>\n\n\n\n<p><strong>Personnalisation et \u00e9volutivit\u00e9 : <\/strong>Chaque \u00e9tabli supporte 25 \u00e0 30 moules de travail, s'adaptant ainsi \u00e0 diverses conceptions de produits.<\/p>\n<\/div>\n\n\n\n<div class=\"wp-block-column is-vertically-aligned-top is-layout-flow wp-block-column-is-layout-flow\">\n<figure class=\"wp-block-embed is-type-video is-provider-youtube wp-block-embed-youtube wp-embed-aspect-16-9 wp-has-aspect-ratio\"><div class=\"wp-block-embed__wrapper\">\n<iframe title=\"Comment pr\u00e9parer le Tolilet\" width=\"940\" height=\"529\" src=\"https:\/\/www.youtube.com\/embed\/VXMTyHb0gmA?feature=oembed\" frameborder=\"0\" allow=\"accelerometer; autoplay; clipboard-write; encrypted-media; gyroscope; picture-in-picture; web-share\" referrerpolicy=\"strict-origin-when-cross-origin\" allowfullscreen><\/iframe>\n<\/div><\/figure>\n<\/div>\n<\/div>","protected":false},"excerpt":{"rendered":"<p>La machine \u00e0 couler sans soudure est une solution de pointe con\u00e7ue pour la fabrication de toilettes, de bassins en c\u00e9ramique et d'autres articles sanitaires d'une seule pi\u00e8ce. S'appuyant sur la technologie des moules sans soudure et des syst\u00e8mes de levage hydraulique, cette machine garantit un moulage de haute pr\u00e9cision, une main-d'\u0153uvre r\u00e9duite et une qualit\u00e9 de produit sup\u00e9rieure. Contactez-nous pour un devis et une assistance technique !<\/p>\n<h2>Solution unique pour machine de moulage par coulage en barbotine d'appareils sanitaires :<\/h2>\n<ol>\n<li><strong>Solutions cl\u00e9s en main pour lignes de moulage d'appareils sanitaires :<\/strong> Assistance compl\u00e8te, depuis le choix des \u00e9quipements et la planification de l'agencement de la ligne jusqu'\u00e0 l'int\u00e9gration compl\u00e8te de la ligne de production.<\/li>\n<li><strong>Personnalisation de l'\u00e9quipement :<\/strong> Configurations de machines adapt\u00e9es \u00e0 diff\u00e9rents produits sanitaires, tels que les toilettes, les lavabos, les pi\u00e9destaux et les urinoirs, en fonction de leur taille, de leur forme et de leur capacit\u00e9 de production.<\/li>\n<li><strong>Conception de moules et assistance \u00e0 l'outillage :<\/strong> D\u00e9veloppement de moules de pr\u00e9cision pour structures creuses complexes et produits sanitaires de grande taille.<\/li>\n<li><strong>Installation et mise en service :<\/strong> Assistance technique sur site ou \u00e0 distance pour garantir un fonctionnement stable et des r\u00e9sultats de coul\u00e9e pr\u00e9cis.<\/li>\n<li><strong>Formation des op\u00e9rateurs et assistance technique :<\/strong> Formation compl\u00e8te couvrant le fonctionnement des machines, la maintenance et le contr\u00f4le qualit\u00e9.<\/li>\n<li><strong>Service apr\u00e8s-vente et fourniture de pi\u00e8ces d\u00e9tach\u00e9es :<\/strong> Service technique r\u00e9actif, programmes de maintenance pr\u00e9ventive et disponibilit\u00e9 fiable des pi\u00e8ces de rechange.<\/li>\n<li><strong>Am\u00e9lioration de la qualit\u00e9 et optimisation du rendement :<\/strong> Solutions pour r\u00e9duire les d\u00e9fauts, am\u00e9liorer la coh\u00e9rence du moulage et optimiser l'efficacit\u00e9 de la production.<\/li>\n<\/ol>","protected":false},"featured_media":5375,"template":"","meta":{"_acf_changed":false},"product_brand":[],"product_cat":[55],"product_tag":[],"class_list":{"0":"post-5374","1":"product","2":"type-product","3":"status-publish","4":"has-post-thumbnail","6":"product_cat-ceramic-forming-machine","8":"first","9":"instock","10":"shipping-taxable","11":"product-type-simple"},"acf":{"customization_content":"","customization_content_source":{"label":"Customization Content","type":"wysiwyg","formatted_value":""},"why_choose_us_content":"<h2 style=\"text-align: center;\">Why Choose Us as Your Ceramic Sanitary Ware Machine Supplier<\/h2>\r\n\r\n<hr \/>\r\n<p style=\"text-align: center;\">Yutai is a ceramic machine manufacturer, maintains strict quality standards and excellent service. Revolutionize your manufacturing processes with cutting-edge automation technology that streamlines forming and enhances efficiency.<\/p>","why_choose_us_content_source":{"label":"Why Choose Us Content","type":"wysiwyg","formatted_value":"<h2 style=\"text-align: center;\">Why Choose Us as Your Ceramic Sanitary Ware Machine Supplier<\/h2>\n<hr \/>\n<p style=\"text-align: center;\">Yutai is a ceramic machine manufacturer, maintains strict quality standards and excellent service. Revolutionize your manufacturing processes with cutting-edge automation technology that streamlines forming and enhances efficiency.<\/p>\n"}},"_links":{"self":[{"href":"https:\/\/yutaimachinery.com\/fr\/wp-json\/wp\/v2\/product\/5374","targetHints":{"allow":["GET"]}}],"collection":[{"href":"https:\/\/yutaimachinery.com\/fr\/wp-json\/wp\/v2\/product"}],"about":[{"href":"https:\/\/yutaimachinery.com\/fr\/wp-json\/wp\/v2\/types\/product"}],"version-history":[{"count":0,"href":"https:\/\/yutaimachinery.com\/fr\/wp-json\/wp\/v2\/product\/5374\/revisions"}],"wp:featuredmedia":[{"embeddable":true,"href":"https:\/\/yutaimachinery.com\/fr\/wp-json\/wp\/v2\/media\/5375"}],"wp:attachment":[{"href":"https:\/\/yutaimachinery.com\/fr\/wp-json\/wp\/v2\/media?parent=5374"}],"wp:term":[{"taxonomy":"product_brand","embeddable":true,"href":"https:\/\/yutaimachinery.com\/fr\/wp-json\/wp\/v2\/product_brand?post=5374"},{"taxonomy":"product_cat","embeddable":true,"href":"https:\/\/yutaimachinery.com\/fr\/wp-json\/wp\/v2\/product_cat?post=5374"},{"taxonomy":"product_tag","embeddable":true,"href":"https:\/\/yutaimachinery.com\/fr\/wp-json\/wp\/v2\/product_tag?post=5374"}],"curies":[{"name":"wp","href":"https:\/\/api.w.org\/{rel}","templated":true}]}}