{"id":5353,"date":"2025-09-03T15:21:36","date_gmt":"2025-09-03T07:21:36","guid":{"rendered":"https:\/\/yutaimachinery.com\/?post_type=product&#038;p=5353"},"modified":"2025-12-14T14:54:57","modified_gmt":"2025-12-14T06:54:57","slug":"sanitary-ware-casting-machine","status":"publish","type":"product","link":"https:\/\/yutaimachinery.com\/fr\/product\/sanitary-ware-casting-machine\/","title":{"rendered":"Machine de moulage \u00e0 haute pression pour appareils sanitaires, lavabos en c\u00e9ramique et machines de formage pour toilettes"},"content":{"rendered":"<div class=\"wp-block-columns is-layout-flex wp-container-core-columns-is-layout-9d6595d7 wp-block-columns-is-layout-flex\">\n<div class=\"wp-block-column is-layout-flow wp-block-column-is-layout-flow\">\n<h2 class=\"wp-block-heading\">Param\u00e8tres de la machine de moulage d'appareils sanitaires<\/h2>\n\n\n\n<figure class=\"wp-block-table\"><table class=\"has-fixed-layout\"><tbody><tr><td><strong>Mod\u00e8le<\/strong><\/td><td>YT-GYJ<\/td><\/tr><tr><td><strong>Capacit\u00e9<\/strong><\/td><td>20-30 pi\u00e8ces\/heure<\/td><\/tr><tr><td><strong>Puissance totale<\/strong><\/td><td>15kW<\/td><\/tr><tr><td><strong>Dimensions (L\u00d7L\u00d7H)<\/strong><\/td><td>200cm \u00d7 2000cm \u00d7 280cm<\/td><\/tr><tr><td><strong>Poids<\/strong><\/td><td>5 200 kg<\/td><\/tr><tr><td><strong>Capacit\u00e9 du moule<\/strong><\/td><td>12 ensembles<\/td><\/tr><tr><td><strong>Technologie<\/strong><\/td><td>Syst\u00e8mes hydrauliques et de vide<\/td><\/tr><tr><td><strong>Application<\/strong><\/td><td>Toilettes, lavabos, bacs \u00e0 douche, bacs \u00e0 squat<\/td><\/tr><\/tbody><\/table><\/figure>\n<\/div>\n\n\n\n<div class=\"wp-block-column is-vertically-aligned-top is-layout-flow wp-block-column-is-layout-flow\">\n<figure class=\"wp-block-embed is-type-video is-provider-youtube wp-block-embed-youtube wp-embed-aspect-16-9 wp-has-aspect-ratio\"><div class=\"wp-block-embed__wrapper\">\n<iframe title=\"comment fabriquer un lavabo et des toilettes en c\u00e9ramique\" width=\"940\" height=\"529\" src=\"https:\/\/www.youtube.com\/embed\/X1ke45U0zTk?feature=oembed\" frameborder=\"0\" allow=\"accelerometer; autoplay; clipboard-write; encrypted-media; gyroscope; picture-in-picture; web-share\" referrerpolicy=\"strict-origin-when-cross-origin\" allowfullscreen><\/iframe>\n<\/div><\/figure>\n<\/div>\n<\/div>\n\n\n\n<div class=\"wp-block-columns is-layout-flex wp-container-core-columns-is-layout-9d6595d7 wp-block-columns-is-layout-flex\">\n<div class=\"wp-block-column is-layout-flow wp-block-column-is-layout-flow\"><div class=\"wp-block-image\">\n<figure class=\"aligncenter size-full\"><img fetchpriority=\"high\" decoding=\"async\" width=\"720\" height=\"720\" src=\"https:\/\/yutaimachinery.com\/wp-content\/uploads\/2025\/09\/High-pressure-Sanitary-Ware-Casting-Machine-5.webp\" alt=\"Machine de coul\u00e9e de produits sanitaires \u00e0 haute pression\" class=\"wp-image-5363\" title=\"\" srcset=\"https:\/\/yutaimachinery.com\/wp-content\/uploads\/2025\/09\/High-pressure-Sanitary-Ware-Casting-Machine-5.webp 720w, https:\/\/yutaimachinery.com\/wp-content\/uploads\/2025\/09\/High-pressure-Sanitary-Ware-Casting-Machine-5-300x300.webp 300w, https:\/\/yutaimachinery.com\/wp-content\/uploads\/2025\/09\/High-pressure-Sanitary-Ware-Casting-Machine-5-150x150.webp 150w, https:\/\/yutaimachinery.com\/wp-content\/uploads\/2025\/09\/High-pressure-Sanitary-Ware-Casting-Machine-5-12x12.webp 12w, https:\/\/yutaimachinery.com\/wp-content\/uploads\/2025\/09\/High-pressure-Sanitary-Ware-Casting-Machine-5-285x285.webp 285w, https:\/\/yutaimachinery.com\/wp-content\/uploads\/2025\/09\/High-pressure-Sanitary-Ware-Casting-Machine-5-270x270.webp 270w, https:\/\/yutaimachinery.com\/wp-content\/uploads\/2025\/09\/High-pressure-Sanitary-Ware-Casting-Machine-5-540x540.webp 540w, https:\/\/yutaimachinery.com\/wp-content\/uploads\/2025\/09\/High-pressure-Sanitary-Ware-Casting-Machine-5-660x660.webp 660w\" sizes=\"(max-width: 720px) 100vw, 720px\" \/><\/figure>\n<\/div><\/div>\n\n\n\n<div class=\"wp-block-column is-layout-flow wp-block-column-is-layout-flow\">\n<h2 class=\"wp-block-heading\">Caract\u00e9ristiques de la machine de coul\u00e9e de produits sanitaires \u00e0 haute pression<\/h2>\n\n\n\n<p><strong>Processus de moulage enti\u00e8rement automatique :<\/strong> Notre machine de coulage d'articles sanitaires \u00e0 haute pression int\u00e8gre des syst\u00e8mes d'eau, d'\u00e9lectricit\u00e9 et d'air comprim\u00e9 afin d'automatiser l'ensemble du processus de coulage, de l'alimentation en mat\u00e9riaux au remplissage du moule, ce qui garantit une qualit\u00e9 constante et r\u00e9duit les interventions manuelles.<\/p>\n\n\n\n<p><strong>Qualit\u00e9 sup\u00e9rieure des produits :<\/strong> La technologie avanc\u00e9e de haute pression \u00e9limine efficacement les bulles de surface, ce qui permet d'obtenir une finition plus lisse et plus esth\u00e9tique. La pression et le d\u00e9bit de coul\u00e9e, contr\u00f4l\u00e9s avec pr\u00e9cision, assurent une distribution uniforme du mat\u00e9riau, emp\u00eachent la d\u00e9formation du produit et garantissent la pr\u00e9cision des dimensions.<\/p>\n\n\n\n<p><strong>Large application : <\/strong>Convient au coulage d'une large gamme de produits sanitaires en c\u00e9ramique, y compris les toilettes (murales et sur pied), les lavabos de comptoir et sous le comptoir, les lavabos, les couvercles de cuvette et les receveurs de douche.<\/p>\n\n\n\n<p><strong>Capacit\u00e9 de production \u00e9lev\u00e9e :<\/strong> 20 \u00e0 30 pi\u00e8ces par heure r\u00e9pondent aux besoins des installations de production de taille moyenne \u00e0 grande. Le fonctionnement automatis\u00e9 continu garantit des temps d'arr\u00eat minimaux et une production maximale.<\/p>\n\n\n\n<p><strong>Efficacit\u00e9 \u00e9nerg\u00e9tique :<\/strong> Cette machine offre des performances sup\u00e9rieures et une consommation d'\u00e9nergie r\u00e9duite. Sa consommation totale de 15 kW est relativement faible par rapport \u00e0 des machines similaires sur le march\u00e9, ce qui permet de r\u00e9aliser d'importantes \u00e9conomies d'\u00e9nergie \u00e0 long terme.<\/p>\n\n\n\n<p><strong>Construction compacte et durable :<\/strong> Convient \u00e0 diverses configurations d'usine. Prend en charge jusqu'\u00e0 12 jeux de moules, ce qui permet une programmation souple de la production et des changements rapides entre les diff\u00e9rents mod\u00e8les de produits.<\/p>\n\n\n\n<p><strong>Interface conviviale : <\/strong>La machine est dot\u00e9e d'un panneau de commande intuitif et de fonctions faciles \u00e0 utiliser, permettant aux op\u00e9rateurs de surveiller et d'ajuster le processus d'injection avec une formation minimale.<\/p>\n\n\n\n<p><strong>Une assistance technique fiable :<\/strong> Nous offrons un service apr\u00e8s-vente complet, comprenant l'installation, la formation, la maintenance et la fourniture de pi\u00e8ces d\u00e9tach\u00e9es. Notre \u00e9quipe technique professionnelle est toujours pr\u00eate \u00e0 vous aider \u00e0 assurer le bon fonctionnement de la machine et \u00e0 maximiser sa dur\u00e9e de vie.<\/p>\n<\/div>\n<\/div>","protected":false},"excerpt":{"rendered":"<p>La machine \u00e0 couler la c\u00e9ramique sanitaire \u00e0 haute pression est une solution avanc\u00e9e et enti\u00e8rement automatis\u00e9e pour la production de c\u00e9ramique sanitaire (toilettes, lavabos, receveurs de douche). Dot\u00e9e d'une technologie hydraulique et de vide, elle garantit des surfaces sans bulles, emp\u00eache la d\u00e9formation et augmente l'efficacit\u00e9 avec un rendement de 20 \u00e0 30 pi\u00e8ces\/heure et prend en charge 12 moules. Elle est id\u00e9ale pour les fabricants de taille moyenne \u00e0 grande qui recherchent la pr\u00e9cision et la r\u00e9duction des co\u00fbts.<\/p>\n<h2>Une solution unique pour les machines de coul\u00e9e d'articles sanitaires :<\/h2>\n<ol>\n<li><strong>Solutions cl\u00e9s en main pour lignes de moulage d'appareils sanitaires :<\/strong> Assistance compl\u00e8te, depuis le choix des \u00e9quipements et la planification de l'agencement de la ligne jusqu'\u00e0 l'int\u00e9gration compl\u00e8te de la ligne de production.<\/li>\n<li><strong>Personnalisation de l'\u00e9quipement :<\/strong> Configurations de machines adapt\u00e9es \u00e0 diff\u00e9rents produits sanitaires, tels que les toilettes, les lavabos, les pi\u00e9destaux et les urinoirs, en fonction de leur taille, de leur forme et de leur capacit\u00e9 de production.<\/li>\n<li><strong>Conception de moules et assistance \u00e0 l'outillage :<\/strong> D\u00e9veloppement de moules de pr\u00e9cision pour structures creuses complexes et produits sanitaires de grande taille.<\/li>\n<li><strong>Installation et mise en service :<\/strong> Assistance technique sur site ou \u00e0 distance pour garantir un fonctionnement stable et des r\u00e9sultats de coul\u00e9e pr\u00e9cis.<\/li>\n<li><strong>Formation des op\u00e9rateurs et assistance technique :<\/strong> Formation compl\u00e8te couvrant le fonctionnement des machines, la maintenance et le contr\u00f4le qualit\u00e9.<\/li>\n<li><strong>Service apr\u00e8s-vente et fourniture de pi\u00e8ces d\u00e9tach\u00e9es :<\/strong> Service technique r\u00e9actif, programmes de maintenance pr\u00e9ventive et disponibilit\u00e9 fiable des pi\u00e8ces de rechange.<\/li>\n<li><strong>Am\u00e9lioration de la qualit\u00e9 et optimisation du rendement :<\/strong> Solutions pour r\u00e9duire les d\u00e9fauts, am\u00e9liorer la coh\u00e9rence du moulage et optimiser l'efficacit\u00e9 de la production.<\/li>\n<\/ol>","protected":false},"featured_media":5358,"template":"","meta":{"_acf_changed":false},"product_brand":[],"product_cat":[55],"product_tag":[],"class_list":{"0":"post-5353","1":"product","2":"type-product","3":"status-publish","4":"has-post-thumbnail","6":"product_cat-ceramic-forming-machine","8":"first","9":"instock","10":"shipping-taxable","11":"product-type-simple"},"acf":{"customization_content":"","customization_content_source":{"label":"Customization Content","type":"wysiwyg","formatted_value":""},"why_choose_us_content":"<h2 style=\"text-align: center;\">Why Choose Us as Your Ceramic Sanitary Ware Machine Supplier<\/h2>\r\n\r\n<hr \/>\r\n<p style=\"text-align: center;\">Yutai is a ceramic machine manufacturer, maintains strict quality standards and excellent service. Revolutionize your manufacturing processes with cutting-edge automation technology that streamlines forming and enhances efficiency.<\/p>","why_choose_us_content_source":{"label":"Why Choose Us Content","type":"wysiwyg","formatted_value":"<h2 style=\"text-align: center;\">Why Choose Us as Your Ceramic Sanitary Ware Machine Supplier<\/h2>\n<hr \/>\n<p style=\"text-align: center;\">Yutai is a ceramic machine manufacturer, maintains strict quality standards and excellent service. Revolutionize your manufacturing processes with cutting-edge automation technology that streamlines forming and enhances efficiency.<\/p>\n"}},"_links":{"self":[{"href":"https:\/\/yutaimachinery.com\/fr\/wp-json\/wp\/v2\/product\/5353","targetHints":{"allow":["GET"]}}],"collection":[{"href":"https:\/\/yutaimachinery.com\/fr\/wp-json\/wp\/v2\/product"}],"about":[{"href":"https:\/\/yutaimachinery.com\/fr\/wp-json\/wp\/v2\/types\/product"}],"version-history":[{"count":0,"href":"https:\/\/yutaimachinery.com\/fr\/wp-json\/wp\/v2\/product\/5353\/revisions"}],"wp:featuredmedia":[{"embeddable":true,"href":"https:\/\/yutaimachinery.com\/fr\/wp-json\/wp\/v2\/media\/5358"}],"wp:attachment":[{"href":"https:\/\/yutaimachinery.com\/fr\/wp-json\/wp\/v2\/media?parent=5353"}],"wp:term":[{"taxonomy":"product_brand","embeddable":true,"href":"https:\/\/yutaimachinery.com\/fr\/wp-json\/wp\/v2\/product_brand?post=5353"},{"taxonomy":"product_cat","embeddable":true,"href":"https:\/\/yutaimachinery.com\/fr\/wp-json\/wp\/v2\/product_cat?post=5353"},{"taxonomy":"product_tag","embeddable":true,"href":"https:\/\/yutaimachinery.com\/fr\/wp-json\/wp\/v2\/product_tag?post=5353"}],"curies":[{"name":"wp","href":"https:\/\/api.w.org\/{rel}","templated":true}]}}