{"id":5139,"date":"2025-06-13T16:52:41","date_gmt":"2025-06-13T08:52:41","guid":{"rendered":"https:\/\/yutaimachinery.com\/?post_type=product&#038;p=5139"},"modified":"2026-01-15T11:21:29","modified_gmt":"2026-01-15T03:21:29","slug":"automatic-hollow-casting-machine","status":"publish","type":"product","link":"https:\/\/yutaimachinery.com\/fr\/product\/automatic-hollow-casting-machine\/","title":{"rendered":"Machine automatique de moulage creux pour bouteilles et pots en c\u00e9ramique, ligne de formage"},"content":{"rendered":"<div class=\"wp-block-columns is-layout-flex wp-container-core-columns-is-layout-9d6595d7 wp-block-columns-is-layout-flex\">\n<div class=\"wp-block-column is-layout-flow wp-block-column-is-layout-flow\">\n<h2 class=\"wp-block-heading\">Caract\u00e9ristiques de la machine automatique de moulage creux :<\/h2>\n\n\n\n<p><strong>Proc\u00e9d\u00e9 automatique de moulage en creux<\/strong><br>Int\u00e8gre la coul\u00e9e, la rotation du moule et le d\u00e9moulage pour une production continue avec une intervention manuelle minimale.<\/p>\n\n\n\n<p><strong>Optimis\u00e9 pour les bouteilles en c\u00e9ramique<\/strong><br>Sp\u00e9cialement adapt\u00e9s \u00e0 la production de bouteilles en c\u00e9ramique, les porte-moules sont con\u00e7us pour maintenir les formes complexes des bouteilles de mani\u00e8re s\u00fbre et stable.<\/p>\n\n\n\n<p><strong>Convoyeur \u00e0 cha\u00eene<\/strong><br>\u00c9quip\u00e9 d'un syst\u00e8me de transmission par cha\u00eene en acier robuste qui assure un mouvement pr\u00e9cis du moule et un rythme de production r\u00e9gulier.<\/p>\n\n\n\n<p><strong>Efficacit\u00e9 \u00e9lev\u00e9e de la production<\/strong><br>Capable de prendre en charge plusieurs moules simultan\u00e9ment, ce qui augmente consid\u00e9rablement le rendement pour la fabrication de grands volumes.<\/p>\n\n\n\n<p><strong>Structure industrielle durable<\/strong><br>Construit avec des cadres en acier robuste et des composants r\u00e9sistants \u00e0 l'usure pour un fonctionnement stable et \u00e0 long terme dans les usines de c\u00e9ramique.<\/p>\n\n\n\n<p><strong>Racks \u00e0 moules personnalisables<\/strong><br>Un syst\u00e8me flexible de montage du moule permet des changements rapides et l'adaptation \u00e0 diff\u00e9rentes tailles et formes de bouteilles.<\/p>\n\n\n\n<p><strong>Entretien facile<\/strong><br>Conception modulaire avec des composants accessibles pour le nettoyage, la lubrification et le remplacement des pi\u00e8ces.<\/p>\n<\/div>\n\n\n\n<div class=\"wp-block-column is-layout-flow wp-block-column-is-layout-flow\">\n<figure class=\"wp-block-embed is-type-video is-provider-youtube wp-block-embed-youtube wp-embed-aspect-16-9 wp-has-aspect-ratio\"><div class=\"wp-block-embed__wrapper\">\n<iframe title=\"Bouteille d&#039;huile en c\u00e9ramique Machine de coulage automatique (creux)\" width=\"940\" height=\"529\" src=\"https:\/\/www.youtube.com\/embed\/SvCGDQYC9lU?feature=oembed\" frameborder=\"0\" allow=\"accelerometer; autoplay; clipboard-write; encrypted-media; gyroscope; picture-in-picture; web-share\" referrerpolicy=\"strict-origin-when-cross-origin\" allowfullscreen><\/iframe>\n<\/div><\/figure>\n<\/div>\n<\/div>\n\n\n\n<div class=\"wp-block-columns is-layout-flex wp-container-core-columns-is-layout-9d6595d7 wp-block-columns-is-layout-flex\">\n<div class=\"wp-block-column is-layout-flow wp-block-column-is-layout-flow\">\n<figure class=\"wp-block-image size-full\"><img fetchpriority=\"high\" decoding=\"async\" width=\"800\" height=\"800\" src=\"https:\/\/yutaimachinery.com\/wp-content\/uploads\/2025\/06\/Oil-Bottle-slip-casting-machine.png\" alt=\"Machine \u00e0 couler les bouteilles d&#039;huile\" class=\"wp-image-6297\" title=\"\" srcset=\"https:\/\/yutaimachinery.com\/wp-content\/uploads\/2025\/06\/Oil-Bottle-slip-casting-machine.png 800w, https:\/\/yutaimachinery.com\/wp-content\/uploads\/2025\/06\/Oil-Bottle-slip-casting-machine-300x300.png 300w, https:\/\/yutaimachinery.com\/wp-content\/uploads\/2025\/06\/Oil-Bottle-slip-casting-machine-150x150.png 150w, https:\/\/yutaimachinery.com\/wp-content\/uploads\/2025\/06\/Oil-Bottle-slip-casting-machine-768x768.png 768w, https:\/\/yutaimachinery.com\/wp-content\/uploads\/2025\/06\/Oil-Bottle-slip-casting-machine-12x12.png 12w, https:\/\/yutaimachinery.com\/wp-content\/uploads\/2025\/06\/Oil-Bottle-slip-casting-machine-285x285.png 285w, https:\/\/yutaimachinery.com\/wp-content\/uploads\/2025\/06\/Oil-Bottle-slip-casting-machine-270x270.png 270w, https:\/\/yutaimachinery.com\/wp-content\/uploads\/2025\/06\/Oil-Bottle-slip-casting-machine-540x540.png 540w, https:\/\/yutaimachinery.com\/wp-content\/uploads\/2025\/06\/Oil-Bottle-slip-casting-machine-660x660.png 660w\" sizes=\"(max-width: 800px) 100vw, 800px\" \/><\/figure>\n<\/div>\n\n\n\n<div class=\"wp-block-column is-layout-flow wp-block-column-is-layout-flow\">\n<figure class=\"wp-block-image size-full\"><img decoding=\"async\" width=\"757\" height=\"757\" src=\"https:\/\/yutaimachinery.com\/wp-content\/uploads\/2026\/01\/teapot-slip-casting-machine-2-edited.png\" alt=\"machine \u00e0 couler les th\u00e9i\u00e8res\" class=\"wp-image-6294\" title=\"\" srcset=\"https:\/\/yutaimachinery.com\/wp-content\/uploads\/2026\/01\/teapot-slip-casting-machine-2-edited.png 757w, https:\/\/yutaimachinery.com\/wp-content\/uploads\/2026\/01\/teapot-slip-casting-machine-2-edited-300x300.png 300w, https:\/\/yutaimachinery.com\/wp-content\/uploads\/2026\/01\/teapot-slip-casting-machine-2-edited-150x150.png 150w, https:\/\/yutaimachinery.com\/wp-content\/uploads\/2026\/01\/teapot-slip-casting-machine-2-edited-12x12.png 12w, https:\/\/yutaimachinery.com\/wp-content\/uploads\/2026\/01\/teapot-slip-casting-machine-2-edited-285x285.png 285w, https:\/\/yutaimachinery.com\/wp-content\/uploads\/2026\/01\/teapot-slip-casting-machine-2-edited-270x270.png 270w, https:\/\/yutaimachinery.com\/wp-content\/uploads\/2026\/01\/teapot-slip-casting-machine-2-edited-540x540.png 540w, https:\/\/yutaimachinery.com\/wp-content\/uploads\/2026\/01\/teapot-slip-casting-machine-2-edited-660x660.png 660w\" sizes=\"(max-width: 757px) 100vw, 757px\" \/><\/figure>\n<\/div>\n\n\n\n<div class=\"wp-block-column is-layout-flow wp-block-column-is-layout-flow\">\n<figure class=\"wp-block-image size-full\"><img decoding=\"async\" width=\"1500\" height=\"1500\" src=\"https:\/\/yutaimachinery.com\/wp-content\/uploads\/2024\/04\/Slip-Casting-Machine-for-Ceramic-Bottle-Pot-Vase-Homerware-Production-5.webp\" alt=\"Machine de coulage par moulage pour la production d&#039;articles m\u00e9nagers en c\u00e9ramique tels que bouteilles, pots et vases\" class=\"wp-image-6148\" title=\"\" srcset=\"https:\/\/yutaimachinery.com\/wp-content\/uploads\/2024\/04\/Slip-Casting-Machine-for-Ceramic-Bottle-Pot-Vase-Homerware-Production-5.webp 1500w, https:\/\/yutaimachinery.com\/wp-content\/uploads\/2024\/04\/Slip-Casting-Machine-for-Ceramic-Bottle-Pot-Vase-Homerware-Production-5-300x300.webp 300w, https:\/\/yutaimachinery.com\/wp-content\/uploads\/2024\/04\/Slip-Casting-Machine-for-Ceramic-Bottle-Pot-Vase-Homerware-Production-5-150x150.webp 150w, https:\/\/yutaimachinery.com\/wp-content\/uploads\/2024\/04\/Slip-Casting-Machine-for-Ceramic-Bottle-Pot-Vase-Homerware-Production-5-768x768.webp 768w, https:\/\/yutaimachinery.com\/wp-content\/uploads\/2024\/04\/Slip-Casting-Machine-for-Ceramic-Bottle-Pot-Vase-Homerware-Production-5-12x12.webp 12w, https:\/\/yutaimachinery.com\/wp-content\/uploads\/2024\/04\/Slip-Casting-Machine-for-Ceramic-Bottle-Pot-Vase-Homerware-Production-5-285x285.webp 285w, https:\/\/yutaimachinery.com\/wp-content\/uploads\/2024\/04\/Slip-Casting-Machine-for-Ceramic-Bottle-Pot-Vase-Homerware-Production-5-270x270.webp 270w, https:\/\/yutaimachinery.com\/wp-content\/uploads\/2024\/04\/Slip-Casting-Machine-for-Ceramic-Bottle-Pot-Vase-Homerware-Production-5-540x540.webp 540w, https:\/\/yutaimachinery.com\/wp-content\/uploads\/2024\/04\/Slip-Casting-Machine-for-Ceramic-Bottle-Pot-Vase-Homerware-Production-5-660x660.webp 660w\" sizes=\"(max-width: 1500px) 100vw, 1500px\" \/><\/figure>\n<\/div>\n<\/div>\n\n\n\n<p><\/p>","protected":false},"excerpt":{"rendered":"<p>Notre machine automatique de coul\u00e9e creuse peut produire des bouteilles, des vases, des pots et des d\u00e9corations d'int\u00e9rieur en c\u00e9ramique, etc. La machine est dot\u00e9e d'un syst\u00e8me de transmission par cha\u00eene continue pour la rotation et le transport des moules. Elle convient \u00e0 la production efficace de produits c\u00e9ramiques structurels creux. L'usine de Yutai fournit un service complet de personnalisation des machines \u00e0 c\u00e9ramique et de support technique. N'h\u00e9sitez pas \u00e0 nous contacter !<\/p>\n<h2>Solution unique pour les machines de coul\u00e9e creuse :<\/h2>\n<ol>\n<li><strong>Solutions cl\u00e9s en main pour lignes de production c\u00e9ramique<\/strong>: Assistance compl\u00e8te, depuis le choix des \u00e9quipements et la planification de l'agencement de la ligne jusqu'\u00e0 l'int\u00e9gration compl\u00e8te de la ligne de production.<\/li>\n<li><strong>Personnalisation de l'\u00e9quipement :<\/strong> Configurations de machines adapt\u00e9es \u00e0 diff\u00e9rents produits c\u00e9ramiques, tels que les assiettes, les bols, les tasses et les mugs, en fonction de leur taille, de leur forme et de leur capacit\u00e9 de production.<\/li>\n<li><strong>Installation et mise en service :<\/strong> Assistance technique sur site ou \u00e0 distance pour garantir un fonctionnement stable et des r\u00e9sultats de coul\u00e9e pr\u00e9cis.<\/li>\n<li><strong>Formation des op\u00e9rateurs et assistance technique :<\/strong> Formation compl\u00e8te couvrant le fonctionnement des machines, la maintenance et le contr\u00f4le qualit\u00e9.<\/li>\n<li><strong>Service apr\u00e8s-vente et fourniture de pi\u00e8ces d\u00e9tach\u00e9es :<\/strong> Service technique r\u00e9actif, programmes de maintenance pr\u00e9ventive et disponibilit\u00e9 fiable des pi\u00e8ces de rechange.<\/li>\n<li><strong>Am\u00e9lioration de la qualit\u00e9 et optimisation du rendement : S<\/strong>Solutions pour r\u00e9duire les d\u00e9fauts, am\u00e9liorer la coh\u00e9rence du moulage et accro\u00eetre l'efficacit\u00e9 de la production.<\/li>\n<\/ol>","protected":false},"featured_media":5145,"template":"","meta":{"_acf_changed":false},"product_brand":[],"product_cat":[55],"product_tag":[],"class_list":{"0":"post-5139","1":"product","2":"type-product","3":"status-publish","4":"has-post-thumbnail","6":"product_cat-ceramic-forming-machine","8":"first","9":"instock","10":"shipping-taxable","11":"product-type-simple"},"acf":{"customization_content":"","customization_content_source":{"label":"Customization Content","type":"wysiwyg","formatted_value":""},"why_choose_us_content":"<h2 style=\"text-align: center;\">Why Choose Us as Your Ceramic Forming Line Supplier<\/h2>\r\n\r\n<hr \/>\r\n<p style=\"text-align: center;\">Yutai is a ceramic machine manufacturer, maintains strict quality standards and excellent service. Revolutionize your manufacturing processes with cutting-edge automation technology that streamlines forming and enhances efficiency.<\/p>","why_choose_us_content_source":{"label":"Why Choose Us Content","type":"wysiwyg","formatted_value":"<h2 style=\"text-align: center;\">Why Choose Us as Your Ceramic Forming Line Supplier<\/h2>\n<hr \/>\n<p style=\"text-align: center;\">Yutai is a ceramic machine manufacturer, maintains strict quality standards and excellent service. Revolutionize your manufacturing processes with cutting-edge automation technology that streamlines forming and enhances efficiency.<\/p>\n"}},"_links":{"self":[{"href":"https:\/\/yutaimachinery.com\/fr\/wp-json\/wp\/v2\/product\/5139","targetHints":{"allow":["GET"]}}],"collection":[{"href":"https:\/\/yutaimachinery.com\/fr\/wp-json\/wp\/v2\/product"}],"about":[{"href":"https:\/\/yutaimachinery.com\/fr\/wp-json\/wp\/v2\/types\/product"}],"version-history":[{"count":0,"href":"https:\/\/yutaimachinery.com\/fr\/wp-json\/wp\/v2\/product\/5139\/revisions"}],"wp:featuredmedia":[{"embeddable":true,"href":"https:\/\/yutaimachinery.com\/fr\/wp-json\/wp\/v2\/media\/5145"}],"wp:attachment":[{"href":"https:\/\/yutaimachinery.com\/fr\/wp-json\/wp\/v2\/media?parent=5139"}],"wp:term":[{"taxonomy":"product_brand","embeddable":true,"href":"https:\/\/yutaimachinery.com\/fr\/wp-json\/wp\/v2\/product_brand?post=5139"},{"taxonomy":"product_cat","embeddable":true,"href":"https:\/\/yutaimachinery.com\/fr\/wp-json\/wp\/v2\/product_cat?post=5139"},{"taxonomy":"product_tag","embeddable":true,"href":"https:\/\/yutaimachinery.com\/fr\/wp-json\/wp\/v2\/product_tag?post=5139"}],"curies":[{"name":"wp","href":"https:\/\/api.w.org\/{rel}","templated":true}]}}