{"id":5127,"date":"2025-06-13T16:26:03","date_gmt":"2025-06-13T08:26:03","guid":{"rendered":"https:\/\/yutaimachinery.com\/?post_type=product&#038;p=5127"},"modified":"2026-01-15T11:24:32","modified_gmt":"2026-01-15T03:24:32","slug":"ceramic-jiggering-machine","status":"publish","type":"product","link":"https:\/\/yutaimachinery.com\/fr\/product\/ceramic-jiggering-machine\/","title":{"rendered":"Machine automatis\u00e9e pour le formage de tasses en c\u00e9ramique avec poign\u00e9e"},"content":{"rendered":"<div class=\"wp-block-columns is-layout-flex wp-container-core-columns-is-layout-9d6595d7 wp-block-columns-is-layout-flex\">\n<div class=\"wp-block-column is-layout-flow wp-block-column-is-layout-flow\">\n<h2 class=\"wp-block-heading\">Caract\u00e9ristiques de la machine \u00e0 jigger en c\u00e9ramique<\/h2>\n\n\n\n<p><strong>Syst\u00e8me int\u00e9gr\u00e9 de formage, s\u00e9chage et d\u00e9moulage<\/strong>: La ligne automatis\u00e9e combine des convoyeurs de moules, une unit\u00e9 de jiggering, un s\u00e9choir et une commande CNC, et peut \u00eatre associ\u00e9e \u00e0 des \u00e9quipements de gla\u00e7age et de cuisson. Elle rationalise le flux de travail et am\u00e9liore consid\u00e9rablement l'efficacit\u00e9 de la production.<\/p>\n\n\n\n<p><strong>Formage en une seule \u00e9tape pour tasses \u00e0 anse<\/strong>: La conception sp\u00e9ciale du moule et les bras robotis\u00e9s permettent de former le corps du gobelet et la poign\u00e9e en un seul processus.<\/p>\n\n\n\n<p><strong>Rendement stable avec une \u00e9paisseur uniforme<\/strong>: Assure des surfaces lisses, un poids constant et une qualit\u00e9 de production de masse fiable.<\/p>\n\n\n\n<p><strong>Large gamme d'applications<\/strong>: Convient pour les bols, les assiettes, les tasses, les soucoupes et diverses formes et tailles de c\u00e9ramique. Id\u00e9al pour les objets de grande taille tels que les pots de fleurs, les grands bols et la vaisselle surdimensionn\u00e9e n\u00e9cessitant une force de formage plus \u00e9lev\u00e9e.<\/p>\n\n\n\n<p><strong>Construction durable<\/strong>: Construit avec de l'acier \u00e0 haute r\u00e9sistance et des composants r\u00e9sistants \u00e0 la corrosion pour une longue dur\u00e9e de vie.<\/p>\n\n\n\n<p><strong>Structure et sp\u00e9cifications personnalisables<\/strong>: La taille des moules, les dimensions de la machine, les r\u00e9glages de vitesse et les options d'automatisation peuvent \u00eatre adapt\u00e9s aux besoins du client.<\/p>\n\n\n\n<p><strong>Gain de temps et haute efficacit\u00e9<\/strong>: Minimise les manipulations manuelles tout en maintenant une pr\u00e9cision de formage constante.<\/p>\n<\/div>\n\n\n\n<div class=\"wp-block-column is-layout-flow wp-block-column-is-layout-flow\">\n<figure class=\"wp-block-embed aligncenter is-type-video is-provider-youtube wp-block-embed-youtube wp-embed-aspect-16-9 wp-has-aspect-ratio\"><div class=\"wp-block-embed__wrapper\">\n<iframe title=\"Machine de fabrication de tasses en c\u00e9ramique avec anse\" width=\"940\" height=\"529\" src=\"https:\/\/www.youtube.com\/embed\/BHIx1WBU9Tc?feature=oembed\" frameborder=\"0\" allow=\"accelerometer; autoplay; clipboard-write; encrypted-media; gyroscope; picture-in-picture; web-share\" referrerpolicy=\"strict-origin-when-cross-origin\" allowfullscreen><\/iframe>\n<\/div><\/figure>\n<\/div>\n<\/div>\n\n\n\n<div class=\"wp-block-columns is-layout-flex wp-container-core-columns-is-layout-9d6595d7 wp-block-columns-is-layout-flex\">\n<div class=\"wp-block-column is-layout-flow wp-block-column-is-layout-flow\">\n<figure class=\"wp-block-image size-full\"><img fetchpriority=\"high\" decoding=\"async\" width=\"800\" height=\"600\" src=\"https:\/\/yutaimachinery.com\/wp-content\/uploads\/2025\/06\/Automated-Jigger-Machine-vs.-Manual-Handle-Attaching.jpg\" alt=\"Machine \u00e0 jigger automatis\u00e9e vs. fixation manuelle de la poign\u00e9e\" class=\"wp-image-6282\" title=\"\" srcset=\"https:\/\/yutaimachinery.com\/wp-content\/uploads\/2025\/06\/Automated-Jigger-Machine-vs.-Manual-Handle-Attaching.jpg 800w, https:\/\/yutaimachinery.com\/wp-content\/uploads\/2025\/06\/Automated-Jigger-Machine-vs.-Manual-Handle-Attaching-300x225.jpg 300w, https:\/\/yutaimachinery.com\/wp-content\/uploads\/2025\/06\/Automated-Jigger-Machine-vs.-Manual-Handle-Attaching-768x576.jpg 768w, https:\/\/yutaimachinery.com\/wp-content\/uploads\/2025\/06\/Automated-Jigger-Machine-vs.-Manual-Handle-Attaching-16x12.jpg 16w, https:\/\/yutaimachinery.com\/wp-content\/uploads\/2025\/06\/Automated-Jigger-Machine-vs.-Manual-Handle-Attaching-285x214.jpg 285w, https:\/\/yutaimachinery.com\/wp-content\/uploads\/2025\/06\/Automated-Jigger-Machine-vs.-Manual-Handle-Attaching-660x495.jpg 660w, https:\/\/yutaimachinery.com\/wp-content\/uploads\/2025\/06\/Automated-Jigger-Machine-vs.-Manual-Handle-Attaching-150x113.jpg 150w\" sizes=\"(max-width: 800px) 100vw, 800px\" \/><\/figure>\n<\/div>\n\n\n\n<div class=\"wp-block-column is-layout-flow wp-block-column-is-layout-flow\">\n<h2 class=\"wp-block-heading\">Avantages de la machine Jigger dans la fabrication de gobelets \u00e0 anse<\/h2>\n\n\n\n<p>Par rapport \u00e0 la fixation manuelle traditionnelle de la poign\u00e9e, une <strong>machine \u00e0 jigger automatique pour tasses et gobelets \u00e0 anses<\/strong> permet un processus de production plus efficace, plus stable et plus coh\u00e9rent.<\/p>\n\n\n\n<p>La fixation manuelle des poign\u00e9es d\u00e9pend fortement d'une main-d'\u0153uvre qualifi\u00e9e, ce qui se traduit souvent par un positionnement incoh\u00e9rent des poign\u00e9es, une force de collage variable et des taux de d\u00e9faut plus \u00e9lev\u00e9s.<\/p>\n\n\n\n<p>L'utilisation d'une machine \u00e0 jigger dot\u00e9e d'un syst\u00e8me de manutention automatis\u00e9 permet aux fabricants d'atteindre leurs objectifs :<\/p>\n\n\n\n<ul class=\"wp-block-list\">\n<li>Positionnement pr\u00e9cis et r\u00e9p\u00e9table de la poign\u00e9e<\/li>\n\n\n\n<li>Forme uniforme de la poign\u00e9e et forte qualit\u00e9 de collage<\/li>\n\n\n\n<li>R\u00e9duction de la d\u00e9pendance \u00e0 l'\u00e9gard de la main-d'\u0153uvre et des co\u00fbts de production<\/li>\n\n\n\n<li>Rendement stable adapt\u00e9 \u00e0 la production \u00e0 grande \u00e9chelle de tasses et de gobelets<\/li>\n<\/ul>\n\n\n\n<p>La machine \u00e0 jigger est donc une solution id\u00e9ale pour les usines produisant des tasses, des gobelets et d'autres articles de table en c\u00e9ramique.<\/p>\n<\/div>\n<\/div>\n\n\n\n<div class=\"wp-block-columns is-layout-flex wp-container-core-columns-is-layout-9d6595d7 wp-block-columns-is-layout-flex\">\n<div class=\"wp-block-column is-layout-flow wp-block-column-is-layout-flow\">\n<figure class=\"wp-block-image size-full is-resized\"><img decoding=\"async\" width=\"1000\" height=\"750\" src=\"https:\/\/yutaimachinery.com\/wp-content\/uploads\/2025\/06\/ceramic-jigger-machine-for-mugs-bowls-plates-cups-making-11.webp\" alt=\"Machine \u00e0 jigger en c\u00e9ramique pour la fabrication de tasses, bols, assiettes et coupes\" class=\"wp-image-6113\" style=\"width:731px;height:auto\" title=\"\" srcset=\"https:\/\/yutaimachinery.com\/wp-content\/uploads\/2025\/06\/ceramic-jigger-machine-for-mugs-bowls-plates-cups-making-11.webp 1000w, https:\/\/yutaimachinery.com\/wp-content\/uploads\/2025\/06\/ceramic-jigger-machine-for-mugs-bowls-plates-cups-making-11-300x225.webp 300w, https:\/\/yutaimachinery.com\/wp-content\/uploads\/2025\/06\/ceramic-jigger-machine-for-mugs-bowls-plates-cups-making-11-768x576.webp 768w, https:\/\/yutaimachinery.com\/wp-content\/uploads\/2025\/06\/ceramic-jigger-machine-for-mugs-bowls-plates-cups-making-11-16x12.webp 16w, https:\/\/yutaimachinery.com\/wp-content\/uploads\/2025\/06\/ceramic-jigger-machine-for-mugs-bowls-plates-cups-making-11-285x214.webp 285w, https:\/\/yutaimachinery.com\/wp-content\/uploads\/2025\/06\/ceramic-jigger-machine-for-mugs-bowls-plates-cups-making-11-800x600.webp 800w, https:\/\/yutaimachinery.com\/wp-content\/uploads\/2025\/06\/ceramic-jigger-machine-for-mugs-bowls-plates-cups-making-11-660x495.webp 660w, https:\/\/yutaimachinery.com\/wp-content\/uploads\/2025\/06\/ceramic-jigger-machine-for-mugs-bowls-plates-cups-making-11-150x113.webp 150w\" sizes=\"(max-width: 1000px) 100vw, 1000px\" \/><\/figure>\n<\/div>\n\n\n\n<div class=\"wp-block-column is-layout-flow wp-block-column-is-layout-flow\">\n<figure class=\"wp-block-image size-full\"><img decoding=\"async\" width=\"1000\" height=\"750\" src=\"https:\/\/yutaimachinery.com\/wp-content\/uploads\/2025\/12\/ceramic-jigger-machine-for-mugs-bowls-plates-cups-making-18-edited.webp\" alt=\"Machine \u00e0 jigger en c\u00e9ramique pour la fabrication de tasses, bols, assiettes et coupes\" class=\"wp-image-6131\" title=\"\" srcset=\"https:\/\/yutaimachinery.com\/wp-content\/uploads\/2025\/12\/ceramic-jigger-machine-for-mugs-bowls-plates-cups-making-18-edited.webp 1000w, https:\/\/yutaimachinery.com\/wp-content\/uploads\/2025\/12\/ceramic-jigger-machine-for-mugs-bowls-plates-cups-making-18-edited-300x225.webp 300w, https:\/\/yutaimachinery.com\/wp-content\/uploads\/2025\/12\/ceramic-jigger-machine-for-mugs-bowls-plates-cups-making-18-edited-768x576.webp 768w, https:\/\/yutaimachinery.com\/wp-content\/uploads\/2025\/12\/ceramic-jigger-machine-for-mugs-bowls-plates-cups-making-18-edited-16x12.webp 16w, https:\/\/yutaimachinery.com\/wp-content\/uploads\/2025\/12\/ceramic-jigger-machine-for-mugs-bowls-plates-cups-making-18-edited-285x214.webp 285w, https:\/\/yutaimachinery.com\/wp-content\/uploads\/2025\/12\/ceramic-jigger-machine-for-mugs-bowls-plates-cups-making-18-edited-800x600.webp 800w, https:\/\/yutaimachinery.com\/wp-content\/uploads\/2025\/12\/ceramic-jigger-machine-for-mugs-bowls-plates-cups-making-18-edited-660x495.webp 660w, https:\/\/yutaimachinery.com\/wp-content\/uploads\/2025\/12\/ceramic-jigger-machine-for-mugs-bowls-plates-cups-making-18-edited-150x113.webp 150w\" sizes=\"(max-width: 1000px) 100vw, 1000px\" \/><\/figure>\n<\/div>\n<\/div>","protected":false},"excerpt":{"rendered":"<p data-start=\"90\" data-end=\"556\"><strong data-start=\"90\" data-end=\"122\">Machine \u00e0 jigger en c\u00e9ramique YUTAI<\/strong> est une ligne de formage enti\u00e8rement automatique int\u00e9grant le transport des moules, le calibrage et le s\u00e9chage, contr\u00f4l\u00e9e par un syst\u00e8me CNC pour un fonctionnement stable et pr\u00e9cis.<br data-start=\"268\" data-end=\"271\" \/>Il est particuli\u00e8rement adapt\u00e9 pour <strong data-start=\"301\" data-end=\"331\">tasses et mugs avec poign\u00e9es<\/strong>, Les produits sont fabriqu\u00e9s \u00e0 l'aide d'un syst\u00e8me d'assemblage \u00e0 l'\u00e9chelle de l'entreprise, ce qui garantit un formage constant et une production efficace \u00e0 grande \u00e9chelle, ainsi que des bols, des assiettes, des soucoupes, des pots de fleurs et d'autres articles en c\u00e9ramique de diff\u00e9rentes tailles.<br data-start=\"487\" data-end=\"490\" \/>Les sp\u00e9cifications de la machine peuvent \u00eatre adapt\u00e9es aux besoins du client.<\/p>\n<h2>Application de la machine \u00e0 jigger c\u00e9ramique :<\/h2>\n<ul>\n<li>Fabrication d'articles de table \u00e0 usage quotidien<\/li>\n<li>Produits c\u00e9ramiques pour l'h\u00f4tellerie et la restauration<\/li>\n<li>Production de c\u00e9ramiques de grande taille<\/li>\n<li>Gammes de produits c\u00e9ramiques OEM \/ ODM<\/li>\n<\/ul>\n<h2>Solution unique pour la machine \u00e0 jigger la c\u00e9ramique :<\/h2>\n<ol>\n<li><strong>Assistance cl\u00e9 en main pour vos projets :<\/strong> de la s\u00e9lection des \u00e9quipements \u00e0 la planification de l'agencement.<\/li>\n<li><strong>Conception et personnalisation des moules :<\/strong> adapt\u00e9 aux formes et aux dimensions de vos produits.<\/li>\n<li><strong>Int\u00e9gration de la cha\u00eene de production :<\/strong> coordination du formage, du s\u00e9chage, de l'\u00e9maillage et de la cuisson.<\/li>\n<li><strong>Installation et mise en service :<\/strong> assistance technique sur site ou \u00e0 distance.<\/li>\n<li><strong>Formation pour les op\u00e9rateurs :<\/strong> assurer un fonctionnement quotidien fluide et efficace.<\/li>\n<li><strong>Assistance technique apr\u00e8s-vente :<\/strong> R\u00e9ponse rapide pour la maintenance et les pi\u00e8ces de rechange.<\/li>\n<li><strong>Assistance \u00e0 l'optimisation des processus :<\/strong> am\u00e9lioration du taux de rendement et de la coh\u00e9rence des produits.<\/li>\n<\/ol>","protected":false},"featured_media":6267,"template":"","meta":{"_acf_changed":false},"product_brand":[],"product_cat":[55],"product_tag":[],"class_list":{"0":"post-5127","1":"product","2":"type-product","3":"status-publish","4":"has-post-thumbnail","6":"product_cat-ceramic-forming-machine","8":"first","9":"instock","10":"shipping-taxable","11":"product-type-simple"},"acf":{"customization_content":"","customization_content_source":{"label":"Customization Content","type":"wysiwyg","formatted_value":""},"why_choose_us_content":"<h2 style=\"text-align: center;\">Why Choose Us as Your Ceramic Automatic Forming Line Supplier<\/h2>\r\n\r\n<hr \/>\r\n<p style=\"text-align: center;\">Yutai as a ceramic tableware manufacturer, maintains strict quality standards and excellent service. Revolutionize your manufacturing processes with cutting-edge automation technology that streamlines forming and enhances efficiency.<\/p>","why_choose_us_content_source":{"label":"Why Choose Us Content","type":"wysiwyg","formatted_value":"<h2 style=\"text-align: center;\">Why Choose Us as Your Ceramic Automatic Forming Line Supplier<\/h2>\n<hr \/>\n<p style=\"text-align: center;\">Yutai as a ceramic tableware manufacturer, maintains strict quality standards and excellent service. Revolutionize your manufacturing processes with cutting-edge automation technology that streamlines forming and enhances efficiency.<\/p>\n"}},"_links":{"self":[{"href":"https:\/\/yutaimachinery.com\/fr\/wp-json\/wp\/v2\/product\/5127","targetHints":{"allow":["GET"]}}],"collection":[{"href":"https:\/\/yutaimachinery.com\/fr\/wp-json\/wp\/v2\/product"}],"about":[{"href":"https:\/\/yutaimachinery.com\/fr\/wp-json\/wp\/v2\/types\/product"}],"version-history":[{"count":0,"href":"https:\/\/yutaimachinery.com\/fr\/wp-json\/wp\/v2\/product\/5127\/revisions"}],"wp:featuredmedia":[{"embeddable":true,"href":"https:\/\/yutaimachinery.com\/fr\/wp-json\/wp\/v2\/media\/6267"}],"wp:attachment":[{"href":"https:\/\/yutaimachinery.com\/fr\/wp-json\/wp\/v2\/media?parent=5127"}],"wp:term":[{"taxonomy":"product_brand","embeddable":true,"href":"https:\/\/yutaimachinery.com\/fr\/wp-json\/wp\/v2\/product_brand?post=5127"},{"taxonomy":"product_cat","embeddable":true,"href":"https:\/\/yutaimachinery.com\/fr\/wp-json\/wp\/v2\/product_cat?post=5127"},{"taxonomy":"product_tag","embeddable":true,"href":"https:\/\/yutaimachinery.com\/fr\/wp-json\/wp\/v2\/product_tag?post=5127"}],"curies":[{"name":"wp","href":"https:\/\/api.w.org\/{rel}","templated":true}]}}