{"id":5115,"date":"2025-06-13T15:50:32","date_gmt":"2025-06-13T07:50:32","guid":{"rendered":"https:\/\/yutaimachinery.com\/?post_type=product&#038;p=5115"},"modified":"2025-06-17T11:28:05","modified_gmt":"2025-06-17T03:28:05","slug":"automatic-conveyor-belt","status":"publish","type":"product","link":"https:\/\/yutaimachinery.com\/fr\/product\/automatic-conveyor-belt\/","title":{"rendered":"Bande transporteuse automatique pour la ligne de production de c\u00e9ramique"},"content":{"rendered":"<div class=\"wp-block-columns is-layout-flex wp-container-core-columns-is-layout-9d6595d7 wp-block-columns-is-layout-flex\">\n<div class=\"wp-block-column is-layout-flow wp-block-column-is-layout-flow\" style=\"flex-basis:50%\"><div class=\"wp-block-image\">\n<figure class=\"aligncenter size-full\"><img fetchpriority=\"high\" decoding=\"async\" width=\"800\" height=\"800\" src=\"https:\/\/yutaimachinery.com\/wp-content\/uploads\/2025\/06\/Automatic-Conveyor-Belt-for-Ceramic-Production-Line-4.webp\" alt=\"Bande transporteuse automatique pour ligne de production de c\u00e9ramique (4)\" class=\"wp-image-5120\" title=\"\" srcset=\"https:\/\/yutaimachinery.com\/wp-content\/uploads\/2025\/06\/Automatic-Conveyor-Belt-for-Ceramic-Production-Line-4.webp 800w, https:\/\/yutaimachinery.com\/wp-content\/uploads\/2025\/06\/Automatic-Conveyor-Belt-for-Ceramic-Production-Line-4-300x300.webp 300w, https:\/\/yutaimachinery.com\/wp-content\/uploads\/2025\/06\/Automatic-Conveyor-Belt-for-Ceramic-Production-Line-4-150x150.webp 150w, https:\/\/yutaimachinery.com\/wp-content\/uploads\/2025\/06\/Automatic-Conveyor-Belt-for-Ceramic-Production-Line-4-768x768.webp 768w, https:\/\/yutaimachinery.com\/wp-content\/uploads\/2025\/06\/Automatic-Conveyor-Belt-for-Ceramic-Production-Line-4-12x12.webp 12w, https:\/\/yutaimachinery.com\/wp-content\/uploads\/2025\/06\/Automatic-Conveyor-Belt-for-Ceramic-Production-Line-4-285x285.webp 285w, https:\/\/yutaimachinery.com\/wp-content\/uploads\/2025\/06\/Automatic-Conveyor-Belt-for-Ceramic-Production-Line-4-270x270.webp 270w, https:\/\/yutaimachinery.com\/wp-content\/uploads\/2025\/06\/Automatic-Conveyor-Belt-for-Ceramic-Production-Line-4-540x540.webp 540w, https:\/\/yutaimachinery.com\/wp-content\/uploads\/2025\/06\/Automatic-Conveyor-Belt-for-Ceramic-Production-Line-4-660x660.webp 660w\" sizes=\"(max-width: 800px) 100vw, 800px\" \/><\/figure>\n<\/div><\/div>\n\n\n\n<div class=\"wp-block-column is-layout-flow wp-block-column-is-layout-flow\">\n<h2 class=\"wp-block-heading\">Caract\u00e9ristiques de la bande transporteuse :<\/h2>\n\n\n\n<p><strong>Ceinture \u00e0 motif chevron<\/strong><br>La surface en forme de V augmente la friction et emp\u00eache le glissement des produits pendant le transport en pente.<\/p>\n\n\n\n<p><strong>Construction durable<\/strong><br>Fabriqu\u00e9 avec un cadre en acier \u00e0 haute r\u00e9sistance et une courroie en caoutchouc r\u00e9sistante \u00e0 l'usure, il garantit une longue dur\u00e9e de vie dans les environnements tr\u00e8s poussi\u00e9reux et tr\u00e8s charg\u00e9s.<\/p>\n\n\n\n<p><strong>Dimensions personnalisables<\/strong><br>Disponibles en diff\u00e9rentes largeurs, longueurs et angles d'inclinaison pour r\u00e9pondre aux diff\u00e9rentes configurations des lignes de production.<\/p>\n\n\n\n<p><strong>Entra\u00eenement motoris\u00e9 \u00e9conome en \u00e9nergie<\/strong><br>\u00c9quip\u00e9 d'un syst\u00e8me d'entra\u00eenement \u00e9lectrique fiable pour un contr\u00f4le stable de la vitesse et une consommation d'\u00e9nergie r\u00e9duite.<\/p>\n\n\n\n<p><strong>Facile \u00e0 entretenir<\/strong><br>La conception modulaire des rouleaux permet une inspection, un nettoyage et un remplacement rapide des pi\u00e8ces, ce qui minimise les temps d'arr\u00eat.<\/p>\n<\/div>\n<\/div>\n\n\n\n<div class=\"wp-block-columns is-layout-flex wp-container-core-columns-is-layout-9d6595d7 wp-block-columns-is-layout-flex\">\n<div class=\"wp-block-column is-layout-flow wp-block-column-is-layout-flow\"><\/div>\n\n\n\n<div class=\"wp-block-column is-layout-flow wp-block-column-is-layout-flow\"><\/div>\n<\/div>\n\n\n\n<p><\/p>","protected":false},"excerpt":{"rendered":"<p data-start=\"123\" data-end=\"429\">Ce convoyeur automatique est sp\u00e9cialement con\u00e7u pour les usines de c\u00e9ramique. Il convient au transport automatique des mati\u00e8res premi\u00e8res de la production de c\u00e9ramique, am\u00e9liorant efficacement l'efficacit\u00e9 de la production et r\u00e9duisant les co\u00fbts de main-d'\u0153uvre. La taille peut \u00eatre personnalis\u00e9e en fonction des besoins du client. Il s'agit d'un \u00e9l\u00e9ment important de la ligne de production automatis\u00e9e de c\u00e9ramique moderne.<\/p>\n<h2>Une solution unique pour les machines c\u00e9ramiques :<\/h2>\n<ol>\n<li>Du sur-mesure personnalis\u00e9 : Prise en charge des pi\u00e8ces d'\u00e9quipement, des accessoires et des applications personnalis\u00e9s.<\/li>\n<li>Soutien \u00e0 la conception de l'agencement :  En fonction de la superficie de l'usine, du plan de production et de l'investissement en capital, nous fournissons des services professionnels de conception et d'agencement.<\/li>\n<li>Assistance technique et service : Des techniciens hautement qualifi\u00e9s assembleront vos machines et assureront la formation vid\u00e9o et l'assistance technique.<\/li>\n<\/ol>","protected":false},"featured_media":5120,"template":"","meta":{"_acf_changed":false},"product_brand":[],"product_cat":[54],"product_tag":[],"class_list":{"0":"post-5115","1":"product","2":"type-product","3":"status-publish","4":"has-post-thumbnail","6":"product_cat-clay-making-machine","8":"first","9":"instock","10":"shipping-taxable","11":"product-type-simple"},"acf":{"customization_content":"","customization_content_source":{"label":"Customization Content","type":"wysiwyg","formatted_value":""},"why_choose_us_content":"<h2 style=\"text-align: center;\">Why Choose Us as Your Ceramic Machine Supplier<\/h2>\r\n\r\n<hr \/>\r\n<p style=\"text-align: center;\">Yutai is a ceramic machine manufacturer, maintains strict quality standards and excellent service. Revolutionize your manufacturing processes with cutting-edge automation technology that streamlines forming and enhances efficiency.<\/p>","why_choose_us_content_source":{"label":"Why Choose Us Content","type":"wysiwyg","formatted_value":"<h2 style=\"text-align: center;\">Why Choose Us as Your Ceramic Machine Supplier<\/h2>\n<hr \/>\n<p style=\"text-align: center;\">Yutai is a ceramic machine manufacturer, maintains strict quality standards and excellent service. Revolutionize your manufacturing processes with cutting-edge automation technology that streamlines forming and enhances efficiency.<\/p>\n"}},"_links":{"self":[{"href":"https:\/\/yutaimachinery.com\/fr\/wp-json\/wp\/v2\/product\/5115","targetHints":{"allow":["GET"]}}],"collection":[{"href":"https:\/\/yutaimachinery.com\/fr\/wp-json\/wp\/v2\/product"}],"about":[{"href":"https:\/\/yutaimachinery.com\/fr\/wp-json\/wp\/v2\/types\/product"}],"version-history":[{"count":0,"href":"https:\/\/yutaimachinery.com\/fr\/wp-json\/wp\/v2\/product\/5115\/revisions"}],"wp:featuredmedia":[{"embeddable":true,"href":"https:\/\/yutaimachinery.com\/fr\/wp-json\/wp\/v2\/media\/5120"}],"wp:attachment":[{"href":"https:\/\/yutaimachinery.com\/fr\/wp-json\/wp\/v2\/media?parent=5115"}],"wp:term":[{"taxonomy":"product_brand","embeddable":true,"href":"https:\/\/yutaimachinery.com\/fr\/wp-json\/wp\/v2\/product_brand?post=5115"},{"taxonomy":"product_cat","embeddable":true,"href":"https:\/\/yutaimachinery.com\/fr\/wp-json\/wp\/v2\/product_cat?post=5115"},{"taxonomy":"product_tag","embeddable":true,"href":"https:\/\/yutaimachinery.com\/fr\/wp-json\/wp\/v2\/product_tag?post=5115"}],"curies":[{"name":"wp","href":"https:\/\/api.w.org\/{rel}","templated":true}]}}