{"id":4471,"date":"2024-08-23T14:59:40","date_gmt":"2024-08-23T06:59:40","guid":{"rendered":"https:\/\/yutaimachinery.com\/?post_type=product&#038;p=4471"},"modified":"2024-08-23T15:23:08","modified_gmt":"2024-08-23T07:23:08","slug":"pneumatic-screen-stretching-machine","status":"publish","type":"product","link":"https:\/\/yutaimachinery.com\/fr\/product\/pneumatic-screen-stretching-machine\/","title":{"rendered":"Machine pneumatique \u00e0 \u00e9tirer les \u00e9crans Machine pneumatique \u00e0 tirer le mo\u00fbt"},"content":{"rendered":"<div class=\"wp-block-columns is-layout-flex wp-container-core-columns-is-layout-9d6595d7 wp-block-columns-is-layout-flex\">\n<div class=\"wp-block-column is-layout-flow wp-block-column-is-layout-flow\">\n<h2 class=\"wp-block-heading\"><strong><strong>Machine pneumatique \u00e0 \u00e9tirer les \u00e9crans<\/strong><\/strong> <strong>Caract\u00e9ristiques :<\/strong><\/h2>\n\n\n\n<p>La machine pneumatique \u00e0 tendre les \u00e9crans est un outil utilis\u00e9 en s\u00e9rigraphie pour fixer solidement les \u00e9crans. Elle fonctionne avec un compresseur d'air et utilise plusieurs roues de tension reli\u00e9es entre elles pour tendre l'\u00e9cran de mani\u00e8re uniforme.<\/p>\n\n\n\n<p>La course de traction du filet peut atteindre 7,5 cm, et les planches grandes et petites peuvent \u00eatre tir\u00e9es librement. Chaque pince \u00e0 filet mesure 300 mm de long.<\/p>\n<\/div>\n<\/div>","protected":false},"excerpt":{"rendered":"<p>La machine pneumatique d'\u00e9tirement d'\u00e9cran rend l'\u00e9cran plus serr\u00e9 et plus stable. Elle est fabriqu\u00e9e et vendue en gros par Yutai Factory, qui fournit des prix abordables et des services de livraison rapides. Pour plus de solutions de machines de s\u00e9rigraphie, veuillez contacter Yutai Ceramic Machine Manufacturer.<\/p>\n<h2>Une solution unique pour les machines pneumatiques d'\u00e9tirage d'\u00e9crans :<\/h2>\n<ol>\n<li>\n<p>Prix d'usine : En tant que fabricant de machines d'impression sur c\u00e9ramique, nous fournissons des machines d'\u00e9tirage d'\u00e9cran pneumatique rentables. N'h\u00e9sitez pas \u00e0 nous contacter pour obtenir le prix d'usine.<\/p>\n<\/li>\n<li>\n<p>Assistance technique : Fournir des conseils techniques professionnels et une installation m\u00e9canique, avec des guides vid\u00e9o pour assurer une utilisation rapide du produit.<\/p>\n<\/li>\n<li>\n<p>Pi\u00e8ces d\u00e9tach\u00e9es : Une gamme de pi\u00e8ces d\u00e9tach\u00e9es d'origine est disponible.<\/p>\n<\/li>\n<li>\n<p>Assistance apr\u00e8s-vente : Assistance en ligne 24 heures sur 24 pour s'assurer que vous \u00eates satisfait des machines pneumatiques d'\u00e9tirage d'\u00e9crans et qu'elles sont utilis\u00e9es sans probl\u00e8me sur votre ligne de production.<\/p>\n<\/li>\n<\/ol>","protected":false},"featured_media":4472,"template":"","meta":{"_acf_changed":false},"product_brand":[],"product_cat":[59],"product_tag":[],"class_list":{"0":"post-4471","1":"product","2":"type-product","3":"status-publish","4":"has-post-thumbnail","6":"product_cat-ceramic-printing-machine","8":"first","9":"instock","10":"shipping-taxable","11":"product-type-simple"},"acf":{"customization_content":"<h2><\/h2>\r\n<div><\/div>","customization_content_source":{"label":"Customization Content","type":"wysiwyg","formatted_value":"<h2><\/h2>\n<div><\/div>\n"},"why_choose_us_content":"<h2 style=\"text-align: center;\">Why Choose Us as Your Ceramic Printing Machine Supplier<\/h2>\r\n\r\n<hr \/>\r\n<p style=\"text-align: center;\">\u00a0Yutai as a ceramic printing machine manufacturer, maintains strict quality standards and excellent service. Revolutionize your manufacturing processes with cutting-edge automation technology that streamlines forming and enhances efficiency.<\/p>","why_choose_us_content_source":{"label":"Why Choose Us Content","type":"wysiwyg","formatted_value":"<h2 style=\"text-align: center;\">Why Choose Us as Your Ceramic Printing Machine Supplier<\/h2>\n<hr \/>\n<p style=\"text-align: center;\">\u00a0Yutai as a ceramic printing machine manufacturer, maintains strict quality standards and excellent service. Revolutionize your manufacturing processes with cutting-edge automation technology that streamlines forming and enhances efficiency.<\/p>\n"}},"_links":{"self":[{"href":"https:\/\/yutaimachinery.com\/fr\/wp-json\/wp\/v2\/product\/4471","targetHints":{"allow":["GET"]}}],"collection":[{"href":"https:\/\/yutaimachinery.com\/fr\/wp-json\/wp\/v2\/product"}],"about":[{"href":"https:\/\/yutaimachinery.com\/fr\/wp-json\/wp\/v2\/types\/product"}],"version-history":[{"count":0,"href":"https:\/\/yutaimachinery.com\/fr\/wp-json\/wp\/v2\/product\/4471\/revisions"}],"wp:featuredmedia":[{"embeddable":true,"href":"https:\/\/yutaimachinery.com\/fr\/wp-json\/wp\/v2\/media\/4472"}],"wp:attachment":[{"href":"https:\/\/yutaimachinery.com\/fr\/wp-json\/wp\/v2\/media?parent=4471"}],"wp:term":[{"taxonomy":"product_brand","embeddable":true,"href":"https:\/\/yutaimachinery.com\/fr\/wp-json\/wp\/v2\/product_brand?post=4471"},{"taxonomy":"product_cat","embeddable":true,"href":"https:\/\/yutaimachinery.com\/fr\/wp-json\/wp\/v2\/product_cat?post=4471"},{"taxonomy":"product_tag","embeddable":true,"href":"https:\/\/yutaimachinery.com\/fr\/wp-json\/wp\/v2\/product_tag?post=4471"}],"curies":[{"name":"wp","href":"https:\/\/api.w.org\/{rel}","templated":true}]}}