{"id":4466,"date":"2024-08-23T14:34:45","date_gmt":"2024-08-23T06:34:45","guid":{"rendered":"https:\/\/yutaimachinery.com\/?post_type=product&#038;p=4466"},"modified":"2024-08-23T14:59:19","modified_gmt":"2024-08-23T06:59:19","slug":"screen-stretching-machine","status":"publish","type":"product","link":"https:\/\/yutaimachinery.com\/fr\/product\/screen-stretching-machine\/","title":{"rendered":"Machine \u00e0 \u00e9tirer les grillages \u00e9lectriques Prix d'usine"},"content":{"rendered":"<div class=\"wp-block-columns is-layout-flex wp-container-core-columns-is-layout-9d6595d7 wp-block-columns-is-layout-flex\">\n<div class=\"wp-block-column is-layout-flow wp-block-column-is-layout-flow\">\n<h2 class=\"wp-block-heading\"><strong><strong>Machine \u00e0 \u00e9tirer les \u00e9crans<\/strong><\/strong> <strong>Caract\u00e9ristiques :<\/strong><\/h2>\n\n\n\n<p>La machine est fabriqu\u00e9e \u00e0 partir de mat\u00e9riaux durables et est peinte. Elle est r\u00e9sistante \u00e0 l'usure et ne rouille pas facilement.<br><\/p>\n\n\n\n<p>Les quatre c\u00f4t\u00e9s peuvent se r\u00e9tracter librement et la taille du cadre net peut \u00eatre modifi\u00e9e en fonction des besoins.<\/p>\n<\/div>\n\n\n\n<div class=\"wp-block-column is-layout-flow wp-block-column-is-layout-flow\">\n<h2 class=\"wp-block-heading\">Machine \u00e0 \u00e9tirer les \u00e9crans <strong>Param\u00e8tre :<\/strong><\/h2>\n\n\n\n<figure class=\"wp-block-table\"><table class=\"has-fixed-layout\"><tbody><tr><td>Mod\u00e8le<\/td><td>YT-1010<\/td><td>YT-1215<\/td><td>YT-1520<\/td><\/tr><tr><td>Taille de tirage de l'\u00e9cran :<\/td><td>1000x1000mm<\/td><td>1200x1500mm<\/td><td>1600x2000mm<\/td><\/tr><tr><td>Pression d'air applicable :<\/td><td>0,8mpa<\/td><td>0,8mpa<\/td><td>0,8mpa<\/td><\/tr><\/tbody><\/table><\/figure>\n<\/div>\n<\/div>\n\n\n\n<p><\/p>","protected":false},"excerpt":{"rendered":"<p>En tant que fabricant de machines de s\u00e9rigraphie, Yutai produit et vend en gros des machines d'\u00e9tirage de s\u00e9rigraphie, y compris des types m\u00e9caniques et manuels, des prix d'usine, une assurance qualit\u00e9 \u00e9lev\u00e9e et un service apr\u00e8s-vente complet. N'h\u00e9sitez pas \u00e0 nous contacter directement pour un devis gratuit.<\/p>\n<h2>Une solution unique pour <strong>Machine \u00e0 \u00e9tirer les \u00e9crans<\/strong>:<\/h2>\n<ol>\n<li>\n<p>Prix d'usine : En tant que fabricant de machines d'impression sur c\u00e9ramique, nous fournissons des machines d'\u00e9tirage d'\u00e9cran rentables. N'h\u00e9sitez pas \u00e0 nous contacter pour obtenir le prix d'usine.<\/p>\n<\/li>\n<li>\n<p>Assistance technique : Fournir des conseils techniques professionnels et une installation m\u00e9canique, avec des guides vid\u00e9o pour assurer une utilisation rapide du produit.<\/p>\n<\/li>\n<li>\n<p>Pi\u00e8ces d\u00e9tach\u00e9es : Une gamme de pi\u00e8ces d\u00e9tach\u00e9es d'origine est disponible.<\/p>\n<\/li>\n<li>\n<p>Assistance apr\u00e8s-vente : Assistance en ligne 24 heures sur 24 pour s'assurer que vous \u00eates satisfait des machines d'\u00e9tirage d'\u00e9cran et qu'elles sont utilis\u00e9es sans probl\u00e8me sur votre ligne de production.<\/p>\n<\/li>\n<\/ol>","protected":false},"featured_media":4467,"template":"","meta":{"_acf_changed":false},"product_brand":[],"product_cat":[59],"product_tag":[],"class_list":{"0":"post-4466","1":"product","2":"type-product","3":"status-publish","4":"has-post-thumbnail","6":"product_cat-ceramic-printing-machine","8":"first","9":"instock","10":"shipping-taxable","11":"product-type-simple"},"acf":{"customization_content":"<h2><\/h2>\r\n<div><\/div>","customization_content_source":{"label":"Customization Content","type":"wysiwyg","formatted_value":"<h2><\/h2>\n<div><\/div>\n"},"why_choose_us_content":"<h2 style=\"text-align: center;\">Why Choose Us as Your Ceramic Printing Machine Supplier<\/h2>\r\n\r\n<hr \/>\r\n<p style=\"text-align: center;\">\u00a0Yutai as a ceramic printing machine manufacturer, maintains strict quality standards and excellent service. Revolutionize your manufacturing processes with cutting-edge automation technology that streamlines forming and enhances efficiency.<\/p>","why_choose_us_content_source":{"label":"Why Choose Us Content","type":"wysiwyg","formatted_value":"<h2 style=\"text-align: center;\">Why Choose Us as Your Ceramic Printing Machine Supplier<\/h2>\n<hr \/>\n<p style=\"text-align: center;\">\u00a0Yutai as a ceramic printing machine manufacturer, maintains strict quality standards and excellent service. Revolutionize your manufacturing processes with cutting-edge automation technology that streamlines forming and enhances efficiency.<\/p>\n"}},"_links":{"self":[{"href":"https:\/\/yutaimachinery.com\/fr\/wp-json\/wp\/v2\/product\/4466","targetHints":{"allow":["GET"]}}],"collection":[{"href":"https:\/\/yutaimachinery.com\/fr\/wp-json\/wp\/v2\/product"}],"about":[{"href":"https:\/\/yutaimachinery.com\/fr\/wp-json\/wp\/v2\/types\/product"}],"version-history":[{"count":0,"href":"https:\/\/yutaimachinery.com\/fr\/wp-json\/wp\/v2\/product\/4466\/revisions"}],"wp:featuredmedia":[{"embeddable":true,"href":"https:\/\/yutaimachinery.com\/fr\/wp-json\/wp\/v2\/media\/4467"}],"wp:attachment":[{"href":"https:\/\/yutaimachinery.com\/fr\/wp-json\/wp\/v2\/media?parent=4466"}],"wp:term":[{"taxonomy":"product_brand","embeddable":true,"href":"https:\/\/yutaimachinery.com\/fr\/wp-json\/wp\/v2\/product_brand?post=4466"},{"taxonomy":"product_cat","embeddable":true,"href":"https:\/\/yutaimachinery.com\/fr\/wp-json\/wp\/v2\/product_cat?post=4466"},{"taxonomy":"product_tag","embeddable":true,"href":"https:\/\/yutaimachinery.com\/fr\/wp-json\/wp\/v2\/product_tag?post=4466"}],"curies":[{"name":"wp","href":"https:\/\/api.w.org\/{rel}","templated":true}]}}