{"id":4462,"date":"2024-08-20T11:28:36","date_gmt":"2024-08-20T03:28:36","guid":{"rendered":"https:\/\/yutaimachinery.com\/?post_type=product&#038;p=4462"},"modified":"2024-08-20T11:49:11","modified_gmt":"2024-08-20T03:49:11","slug":"machine-a-exposer-les-ecrans-2","status":"publish","type":"product","link":"https:\/\/yutaimachinery.com\/fr\/product\/screen-exposing-machine\/","title":{"rendered":"Machine d'exposition d'\u00e9crans sous vide, contr\u00f4le automatique par ordinateur"},"content":{"rendered":"<div class=\"wp-block-columns is-layout-flex wp-container-core-columns-is-layout-9d6595d7 wp-block-columns-is-layout-flex\">\n<div class=\"wp-block-column is-layout-flow wp-block-column-is-layout-flow\">\n<h2 class=\"wp-block-heading\"><strong><strong>Machine \u00e0 exposer les \u00e9crans<\/strong><\/strong> <strong>Caract\u00e9ristiques :<\/strong><\/h2>\n\n\n\n<p>Pompe \u00e0 vide s\u00e8che \u00e0 haute puissance, tissu en caoutchouc \u00e0 haute tension.<\/p>\n\n\n\n<p>L'aspiration automatique et l'exposition automatique permettent d'exposer la plaque en continu, ce qui convient aux fabricants dont le volume d'exposition est important.<\/p>\n\n\n\n<p>Contr\u00f4le par micro-ordinateur, utilisation d'un ballast de haute qualit\u00e9, d'un d\u00e9clencheur, d'une lampe d'exposition<\/p>\n<\/div>\n\n\n\n<div class=\"wp-block-column is-layout-flow wp-block-column-is-layout-flow\">\n<h2 class=\"wp-block-heading\">Machine \u00e0 exposer les \u00e9crans <strong>Param\u00e8tre :<\/strong><\/h2>\n\n\n\n<figure class=\"wp-block-table\"><table class=\"has-fixed-layout\"><tbody><tr><td>Spec.<\/td><td>1113<\/td><td>1215<\/td><\/tr><tr><td>Surface maximale d'impression<\/td><td>1000x1200mm<\/td><td>1100x1400mm<\/td><\/tr><tr><td>Puissance d'\u00e9clairage<\/td><td>2Kw\/220V<\/td><td>3Kw1380V<\/td><\/tr><tr><td>Source d'alimentation applicable<\/td><td>220V<\/td><td>220V\/380V<\/td><\/tr><\/tbody><\/table><\/figure>\n<\/div>\n<\/div>","protected":false},"excerpt":{"rendered":"<p>Yutai Screen Printing Machine Factory est un fabricant et un grossiste de machines de s\u00e9rigraphie, de machines d'exposition d'\u00e9cran, de machines de s\u00e9chage d'\u00e9cran, de machines \u00e0 c\u00e9ramique, etc. Notre usine dispose d'une \u00e9quipe technique avanc\u00e9e et d'un service apr\u00e8s-vente, fournissant des solutions personnalis\u00e9es \u00e0 guichet unique. Nous vous invitons \u00e0 nous contacter pour plus d'informations.<\/p>\n<h2>Une solution unique pour les machines d'exposition d'\u00e9crans :<\/h2>\n<ol>\n<li>\n<p>Prix d'usine : En tant que fabricant de machines d'impression sur c\u00e9ramique, nous fournissons des machines d'exposition de s\u00e9rigraphie rentables. N'h\u00e9sitez pas \u00e0 nous contacter pour obtenir le prix d'usine.<\/p>\n<\/li>\n<li>\n<p>Assistance technique : Fournir des conseils techniques professionnels et une installation m\u00e9canique, avec des guides vid\u00e9o pour assurer une utilisation rapide du produit.<\/p>\n<\/li>\n<li>\n<p>Pi\u00e8ces d\u00e9tach\u00e9es : Une gamme de pi\u00e8ces d\u00e9tach\u00e9es d'origine est disponible.<\/p>\n<\/li>\n<li>\n<p>Assistance apr\u00e8s-vente : Assistance en ligne 24 heures sur 24 pour s'assurer que vous \u00eates satisfait des machines d'exposition d'\u00e9crans et qu'elles sont utilis\u00e9es sans probl\u00e8me sur votre ligne de production.<\/p>\n<\/li>\n<\/ol>","protected":false},"featured_media":4463,"template":"","meta":{"_acf_changed":false},"product_brand":[],"product_cat":[59],"product_tag":[],"class_list":{"0":"post-4462","1":"product","2":"type-product","3":"status-publish","4":"has-post-thumbnail","6":"product_cat-ceramic-printing-machine","8":"first","9":"instock","10":"shipping-taxable","11":"product-type-simple"},"acf":{"customization_content":"<h2><\/h2>\r\n<div><\/div>","customization_content_source":{"label":"Customization Content","type":"wysiwyg","formatted_value":"<h2><\/h2>\n<div><\/div>\n"},"why_choose_us_content":"<h2 style=\"text-align: center;\">Why Choose Us as Your Ceramic Printing Machine Supplier<\/h2>\r\n\r\n<hr \/>\r\n<p style=\"text-align: center;\">\u00a0Yutai as a ceramic printing machine manufacturer, maintains strict quality standards and excellent service. Revolutionize your manufacturing processes with cutting-edge automation technology that streamlines forming and enhances efficiency.<\/p>","why_choose_us_content_source":{"label":"Why Choose Us Content","type":"wysiwyg","formatted_value":"<h2 style=\"text-align: center;\">Why Choose Us as Your Ceramic Printing Machine Supplier<\/h2>\n<hr \/>\n<p style=\"text-align: center;\">\u00a0Yutai as a ceramic printing machine manufacturer, maintains strict quality standards and excellent service. Revolutionize your manufacturing processes with cutting-edge automation technology that streamlines forming and enhances efficiency.<\/p>\n"}},"_links":{"self":[{"href":"https:\/\/yutaimachinery.com\/fr\/wp-json\/wp\/v2\/product\/4462","targetHints":{"allow":["GET"]}}],"collection":[{"href":"https:\/\/yutaimachinery.com\/fr\/wp-json\/wp\/v2\/product"}],"about":[{"href":"https:\/\/yutaimachinery.com\/fr\/wp-json\/wp\/v2\/types\/product"}],"version-history":[{"count":0,"href":"https:\/\/yutaimachinery.com\/fr\/wp-json\/wp\/v2\/product\/4462\/revisions"}],"wp:featuredmedia":[{"embeddable":true,"href":"https:\/\/yutaimachinery.com\/fr\/wp-json\/wp\/v2\/media\/4463"}],"wp:attachment":[{"href":"https:\/\/yutaimachinery.com\/fr\/wp-json\/wp\/v2\/media?parent=4462"}],"wp:term":[{"taxonomy":"product_brand","embeddable":true,"href":"https:\/\/yutaimachinery.com\/fr\/wp-json\/wp\/v2\/product_brand?post=4462"},{"taxonomy":"product_cat","embeddable":true,"href":"https:\/\/yutaimachinery.com\/fr\/wp-json\/wp\/v2\/product_cat?post=4462"},{"taxonomy":"product_tag","embeddable":true,"href":"https:\/\/yutaimachinery.com\/fr\/wp-json\/wp\/v2\/product_tag?post=4462"}],"curies":[{"name":"wp","href":"https:\/\/api.w.org\/{rel}","templated":true}]}}