{"id":4453,"date":"2024-08-20T10:45:22","date_gmt":"2024-08-20T02:45:22","guid":{"rendered":"https:\/\/yutaimachinery.com\/?post_type=product&#038;p=4453"},"modified":"2024-08-20T11:15:56","modified_gmt":"2024-08-20T03:15:56","slug":"armoire-de-sechage-de-tamis-2","status":"publish","type":"product","link":"https:\/\/yutaimachinery.com\/fr\/product\/screen-drying-cabinet\/","title":{"rendered":"Armoire de s\u00e9chage d'\u00e9crans verticale et horizontale"},"content":{"rendered":"<div class=\"wp-block-columns is-layout-flex wp-container-core-columns-is-layout-9d6595d7 wp-block-columns-is-layout-flex\">\n<div class=\"wp-block-column is-layout-flow wp-block-column-is-layout-flow\">\n<h2 class=\"wp-block-heading\"><strong><strong>Armoire de s\u00e9chage d'\u00e9crans<\/strong><\/strong> <strong>Caract\u00e9ristiques :<\/strong><\/h2>\n\n\n\n<p>L'armoire de s\u00e9chage des \u00e9crans est utilis\u00e9e pour s\u00e9cher les \u00e9crans apr\u00e8s le lavage et l'encollage. Il existe deux mod\u00e8les, horizontal et vertical. Un \u00e9quipement \u00e0 temp\u00e9rature constante est install\u00e9 \u00e0 l'int\u00e9rieur pour uniformiser la temp\u00e9rature et am\u00e9liorer l'effet de s\u00e9chage. La machine adopte une structure \u00e0 tiroir, facile \u00e0 pousser et \u00e0 tirer. Le bo\u00eetier \u00e9lectrique r\u00e9sistant aux temp\u00e9ratures \u00e9lev\u00e9es assure la durabilit\u00e9 de l'\u00e9quipement.<\/p>\n<\/div>\n\n\n\n<div class=\"wp-block-column is-layout-flow wp-block-column-is-layout-flow\">\n<h2 class=\"wp-block-heading\">Armoire de s\u00e9chage d'\u00e9crans <strong>Param\u00e8tre :<\/strong><\/h2>\n\n\n\n<figure class=\"wp-block-table\"><table class=\"has-fixed-layout\"><tbody><tr><td>Sp\u00e9cifications<\/td><td>1113<\/td><td>1215<\/td><\/tr><tr><td>Taille maximale de l'\u00e9cran<\/td><td>1000x1200mm<\/td><td>1100x1400mm<\/td><\/tr><tr><td>Puissance<\/td><td>4KW<\/td><td>6KW<\/td><\/tr><tr><td>Alimentation \u00e9lectrique applicable<\/td><td>220V<\/td><td>220v<\/td><\/tr><\/tbody><\/table><\/figure>\n<\/div>\n<\/div>","protected":false},"excerpt":{"rendered":"<p>L'armoire de s\u00e9chage d'\u00e9cran est utilis\u00e9e pour s\u00e9cher l'\u00e9cran \u00e0 une temp\u00e9rature constante, la chaleur est uniforme, de haute qualit\u00e9 et durable. Prix d'usine, gamme compl\u00e8te de solutions de machines de s\u00e9rigraphie vous sont fournis.<\/p>\n<h2>Une solution unique pour l'armoire de s\u00e9chage des \u00e9crans :<\/h2>\n<ol>\n<li>\n<p>Prix d'usine : En tant que fabricant de machines d'impression sur c\u00e9ramique, nous fournissons des armoires de s\u00e9chage d'\u00e9cran rentables. N'h\u00e9sitez pas \u00e0 nous contacter pour obtenir le prix d'usine.<\/p>\n<\/li>\n<li>\n<p>Assistance technique : Fournir des conseils techniques professionnels et une installation m\u00e9canique, avec des guides vid\u00e9o pour assurer une utilisation rapide du produit.<\/p>\n<\/li>\n<li>\n<p>Pi\u00e8ces d\u00e9tach\u00e9es : Une gamme de pi\u00e8ces d\u00e9tach\u00e9es d'origine est disponible.<\/p>\n<\/li>\n<li>\n<p>Assistance apr\u00e8s-vente : Assistance en ligne 24 heures sur 24 pour s'assurer que vous \u00eates satisfait des armoires de s\u00e9chage de tamis et qu'elles sont utilis\u00e9es sans probl\u00e8me sur votre ligne de production.<\/p>\n<\/li>\n<\/ol>","protected":false},"featured_media":4457,"template":"","meta":{"_acf_changed":false},"product_brand":[],"product_cat":[59],"product_tag":[],"class_list":{"0":"post-4453","1":"product","2":"type-product","3":"status-publish","4":"has-post-thumbnail","6":"product_cat-ceramic-printing-machine","8":"first","9":"instock","10":"shipping-taxable","11":"product-type-simple"},"acf":{"customization_content":"<h2><\/h2>\r\n<div><\/div>","customization_content_source":{"label":"Customization Content","type":"wysiwyg","formatted_value":"<h2><\/h2>\n<div><\/div>\n"},"why_choose_us_content":"<h2 style=\"text-align: center;\">Why Choose Us as Your Ceramic Printing Machine Supplier<\/h2>\r\n\r\n<hr \/>\r\n<p style=\"text-align: center;\">\u00a0Yutai as a ceramic printing machine manufacturer, maintains strict quality standards and excellent service. Revolutionize your manufacturing processes with cutting-edge automation technology that streamlines forming and enhances efficiency.<\/p>","why_choose_us_content_source":{"label":"Why Choose Us Content","type":"wysiwyg","formatted_value":"<h2 style=\"text-align: center;\">Why Choose Us as Your Ceramic Printing Machine Supplier<\/h2>\n<hr \/>\n<p style=\"text-align: center;\">\u00a0Yutai as a ceramic printing machine manufacturer, maintains strict quality standards and excellent service. Revolutionize your manufacturing processes with cutting-edge automation technology that streamlines forming and enhances efficiency.<\/p>\n"}},"_links":{"self":[{"href":"https:\/\/yutaimachinery.com\/fr\/wp-json\/wp\/v2\/product\/4453","targetHints":{"allow":["GET"]}}],"collection":[{"href":"https:\/\/yutaimachinery.com\/fr\/wp-json\/wp\/v2\/product"}],"about":[{"href":"https:\/\/yutaimachinery.com\/fr\/wp-json\/wp\/v2\/types\/product"}],"version-history":[{"count":0,"href":"https:\/\/yutaimachinery.com\/fr\/wp-json\/wp\/v2\/product\/4453\/revisions"}],"wp:featuredmedia":[{"embeddable":true,"href":"https:\/\/yutaimachinery.com\/fr\/wp-json\/wp\/v2\/media\/4457"}],"wp:attachment":[{"href":"https:\/\/yutaimachinery.com\/fr\/wp-json\/wp\/v2\/media?parent=4453"}],"wp:term":[{"taxonomy":"product_brand","embeddable":true,"href":"https:\/\/yutaimachinery.com\/fr\/wp-json\/wp\/v2\/product_brand?post=4453"},{"taxonomy":"product_cat","embeddable":true,"href":"https:\/\/yutaimachinery.com\/fr\/wp-json\/wp\/v2\/product_cat?post=4453"},{"taxonomy":"product_tag","embeddable":true,"href":"https:\/\/yutaimachinery.com\/fr\/wp-json\/wp\/v2\/product_tag?post=4453"}],"curies":[{"name":"wp","href":"https:\/\/api.w.org\/{rel}","templated":true}]}}