{"id":4435,"date":"2024-08-17T14:16:41","date_gmt":"2024-08-17T06:16:41","guid":{"rendered":"https:\/\/yutaimachinery.com\/?post_type=product&#038;p=4435"},"modified":"2024-08-17T16:00:23","modified_gmt":"2024-08-17T08:00:23","slug":"machine-de-broyage-a-trois-cylindres-2","status":"publish","type":"product","link":"https:\/\/yutaimachinery.com\/fr\/product\/triple-roll-mill-machine\/","title":{"rendered":"Moulin \u00e0 trois cylindres pour peinture et pigments Prix d'usine"},"content":{"rendered":"<div class=\"wp-block-columns is-layout-flex wp-container-core-columns-is-layout-9d6595d7 wp-block-columns-is-layout-flex\">\n<div class=\"wp-block-column is-layout-flow wp-block-column-is-layout-flow\">\n<h2 class=\"wp-block-heading\"><strong><strong>Moulin \u00e0 trois cylindres<\/strong><\/strong> <strong>Caract\u00e9ristiques :<\/strong><\/h2>\n\n\n\n<p>Le broyeur \u00e0 trois cylindres est principalement utilis\u00e9 pour broyer diverses peintures, huiles, savons, cosm\u00e9tiques, rev\u00eatements, pigments chimiques, m\u00e9dicaments, aliments et autres particules. Il poss\u00e8de de nombreuses fonctions telles que le broyage, la dispersion, l'adoucissement, l'homog\u00e9n\u00e9isation et la tonification. Il s'agit d'un \u00e9quipement id\u00e9al pour l'industrie de l'imprimerie, l'industrie chimique et la production.<\/p>\n<\/div>\n\n\n\n<div class=\"wp-block-column is-layout-flow wp-block-column-is-layout-flow\">\n<h2 class=\"wp-block-heading\"><strong><strong>Moulin \u00e0 trois cylindres<\/strong><\/strong> <strong>Param\u00e8tre :<\/strong><\/h2>\n\n\n\n<figure class=\"wp-block-table\"><table class=\"has-fixed-layout\"><tbody><tr><td>Sp\u00e9cifications :<\/td><td>70<\/td><td>120<\/td><td>160<\/td><td>260<\/td><\/tr><tr><td>Rapport de vitesse des rouleaux :<\/td><td>1: 2: 5<\/td><td>1: 3: 9<\/td><td>1: 2: 4.98<\/td><td>1: 2: 5: 25<\/td><\/tr><tr><td>Finesse de broyage :<\/td><td>15 Microm\u00e8tre<\/td><td>15 Microm\u00e8tre<\/td><td>15 Microm\u00e8tre<\/td><td>15 Microm\u00e8tre<\/td><\/tr><tr><td>Moteur :<\/td><td>0,75 kw<\/td><td>1. 5 kw<\/td><td>2,2 kw<\/td><td>7. 5 kw<\/td><\/tr><tr><td>Duret\u00e9 des rouleaux :<\/td><td>Carbone moyen 55<\/td><td>Carbone moyen 55<\/td><td>Carbone moyen 55<\/td><td>Carbone moyen 55<\/td><\/tr><\/tbody><\/table><\/figure>\n<\/div>\n<\/div>","protected":false},"excerpt":{"rendered":"<p>Le broyeur \u00e0 trois cylindres a des fonctions multiples telles que le broyage et le ramollissement. Elle convient \u00e0 l'imprimerie et aux industries chimiques pour broyer les produits \u00e0 haute viscosit\u00e9 et \u00e0 haute finesse. Le broyeur que nous fabriquons est de haute qualit\u00e9 et a un prix d'usine. N'h\u00e9sitez pas \u00e0 nous contacter pour plus d'informations.<\/p>\n<h2>Une solution unique pour les broyeurs \u00e0 trois cylindres :<\/h2>\n<ol>\n<li>\n<p>Prix d'usine : En tant que fabricant de machines d'impression sur c\u00e9ramique, nous fournissons des machines de broyage \u00e0 trois cylindres rentables. N'h\u00e9sitez pas \u00e0 nous contacter pour obtenir le prix d'usine.<\/p>\n<\/li>\n<li>\n<p>Assistance technique : Fournir des conseils techniques professionnels et une installation m\u00e9canique, avec des guides vid\u00e9o pour assurer une utilisation rapide du produit.<\/p>\n<\/li>\n<li>\n<p>Pi\u00e8ces d\u00e9tach\u00e9es : Une gamme de pi\u00e8ces d\u00e9tach\u00e9es d'origine est disponible.<\/p>\n<\/li>\n<li>\n<p>Assistance apr\u00e8s-vente : Assistance en ligne 24 heures sur 24 pour s'assurer que vous \u00eates satisfait des machines de broyage \u00e0 trois cylindres et qu'elles sont utilis\u00e9es sans probl\u00e8me sur votre ligne de production.<\/p>\n<\/li>\n<\/ol>","protected":false},"featured_media":4441,"template":"","meta":{"_acf_changed":false},"product_brand":[],"product_cat":[59],"product_tag":[],"class_list":{"0":"post-4435","1":"product","2":"type-product","3":"status-publish","4":"has-post-thumbnail","6":"product_cat-ceramic-printing-machine","8":"first","9":"instock","10":"shipping-taxable","11":"product-type-simple"},"acf":{"customization_content":"<h2><\/h2>\r\n<div><\/div>","customization_content_source":{"label":"Customization Content","type":"wysiwyg","formatted_value":"<h2><\/h2>\n<div><\/div>\n"},"why_choose_us_content":"<h2 style=\"text-align: center;\">Why Choose Us as Your Ceramic Print Machine Supplier<\/h2>\r\n\r\n<hr \/>\r\n<p style=\"text-align: center;\">\u00a0Yutai as a ceramic printing machine manufacturer, maintains strict quality standards and excellent service. Revolutionize your manufacturing processes with cutting-edge automation technology that streamlines forming and enhances efficiency.<\/p>","why_choose_us_content_source":{"label":"Why Choose Us Content","type":"wysiwyg","formatted_value":"<h2 style=\"text-align: center;\">Why Choose Us as Your Ceramic Print Machine Supplier<\/h2>\n<hr \/>\n<p style=\"text-align: center;\">\u00a0Yutai as a ceramic printing machine manufacturer, maintains strict quality standards and excellent service. Revolutionize your manufacturing processes with cutting-edge automation technology that streamlines forming and enhances efficiency.<\/p>\n"}},"_links":{"self":[{"href":"https:\/\/yutaimachinery.com\/fr\/wp-json\/wp\/v2\/product\/4435","targetHints":{"allow":["GET"]}}],"collection":[{"href":"https:\/\/yutaimachinery.com\/fr\/wp-json\/wp\/v2\/product"}],"about":[{"href":"https:\/\/yutaimachinery.com\/fr\/wp-json\/wp\/v2\/types\/product"}],"version-history":[{"count":0,"href":"https:\/\/yutaimachinery.com\/fr\/wp-json\/wp\/v2\/product\/4435\/revisions"}],"wp:featuredmedia":[{"embeddable":true,"href":"https:\/\/yutaimachinery.com\/fr\/wp-json\/wp\/v2\/media\/4441"}],"wp:attachment":[{"href":"https:\/\/yutaimachinery.com\/fr\/wp-json\/wp\/v2\/media?parent=4435"}],"wp:term":[{"taxonomy":"product_brand","embeddable":true,"href":"https:\/\/yutaimachinery.com\/fr\/wp-json\/wp\/v2\/product_brand?post=4435"},{"taxonomy":"product_cat","embeddable":true,"href":"https:\/\/yutaimachinery.com\/fr\/wp-json\/wp\/v2\/product_cat?post=4435"},{"taxonomy":"product_tag","embeddable":true,"href":"https:\/\/yutaimachinery.com\/fr\/wp-json\/wp\/v2\/product_tag?post=4435"}],"curies":[{"name":"wp","href":"https:\/\/api.w.org\/{rel}","templated":true}]}}