{"id":4431,"date":"2024-08-13T17:20:19","date_gmt":"2024-08-13T09:20:19","guid":{"rendered":"https:\/\/yutaimachinery.com\/?post_type=product&#038;p=4431"},"modified":"2024-08-13T18:24:10","modified_gmt":"2024-08-13T10:24:10","slug":"glass-manual-screen-printing-table-factory-direct-sales","status":"publish","type":"product","link":"https:\/\/yutaimachinery.com\/fr\/product\/glass-manual-screen-printing-table-factory-direct-sales\/","title":{"rendered":"Table de s\u00e9rigraphie manuelle en verre Factory Direct Sales"},"content":{"rendered":"<div class=\"wp-block-columns is-layout-flex wp-container-core-columns-is-layout-9d6595d7 wp-block-columns-is-layout-flex\">\n<div class=\"wp-block-column is-layout-flow wp-block-column-is-layout-flow\">\n<h2 class=\"wp-block-heading\"><strong><strong>Table de s\u00e9rigraphie manuelle<\/strong><\/strong> <strong>Caract\u00e9ristiques :<\/strong><\/h2>\n\n\n\n<p>Table en verre, installation d'un tuyau d'\u00e9clairage sur la table, bonne transmission de la lumi\u00e8re, facile \u00e0 enregistrer.<\/p>\n\n\n\n<p>Les clips d'\u00e9cran utilis\u00e9s pour fixer les cadres d'\u00e9cran peuvent s'\u00e9tirer et se r\u00e9tracter librement, ce qui permet de r\u00e9aliser des s\u00e9rigraphies de toutes tailles.<\/p>\n\n\n\n<p>La t\u00eate du clip de criblage peut \u00eatre relev\u00e9e et abaiss\u00e9e : disponible pour des articles de diff\u00e9rentes \u00e9paisseurs.<\/p>\n\n\n\n<p>Cinq cr\u00e9maill\u00e8res qui permettent de r\u00e9gler la vitesse du registre de mani\u00e8re rapide et pr\u00e9cise.<\/p>\n\n\n\n<p>Dispositif de protection automatique de s\u00e9curit\u00e9.<\/p>\n\n\n\n<p>Sp\u00e9cification : 6070 (Nous pouvons fabriquer des produits avec d'autres sp\u00e9cifications sur commande).<\/p>\n\n\n\n<p>Surface d'impression maximale : 550\u00d7650 mm<br>Puissance du tube lumineux : 20 W<br>Puissance du ventilateur : 800W\/1220V<br>Source d'alimentation applicable : 220V<\/p>\n<\/div>\n\n\n\n<div class=\"wp-block-column is-layout-flow wp-block-column-is-layout-flow\">\n<figure class=\"wp-block-image size-full\"><img fetchpriority=\"high\" decoding=\"async\" width=\"800\" height=\"800\" src=\"https:\/\/yutaimachinery.com\/wp-content\/uploads\/2024\/08\/manual-screen-printing-table-2.jpg\" alt=\"table de s\u00e9rigraphie manuelle\" class=\"wp-image-4424\" title=\"\" srcset=\"https:\/\/yutaimachinery.com\/wp-content\/uploads\/2024\/08\/manual-screen-printing-table-2.jpg 800w, https:\/\/yutaimachinery.com\/wp-content\/uploads\/2024\/08\/manual-screen-printing-table-2-300x300.jpg 300w, https:\/\/yutaimachinery.com\/wp-content\/uploads\/2024\/08\/manual-screen-printing-table-2-150x150.jpg 150w, https:\/\/yutaimachinery.com\/wp-content\/uploads\/2024\/08\/manual-screen-printing-table-2-768x768.jpg 768w, https:\/\/yutaimachinery.com\/wp-content\/uploads\/2024\/08\/manual-screen-printing-table-2-12x12.jpg 12w, https:\/\/yutaimachinery.com\/wp-content\/uploads\/2024\/08\/manual-screen-printing-table-2-285x285.jpg 285w, https:\/\/yutaimachinery.com\/wp-content\/uploads\/2024\/08\/manual-screen-printing-table-2-270x270.jpg 270w, https:\/\/yutaimachinery.com\/wp-content\/uploads\/2024\/08\/manual-screen-printing-table-2-540x540.jpg 540w, https:\/\/yutaimachinery.com\/wp-content\/uploads\/2024\/08\/manual-screen-printing-table-2-660x660.jpg 660w\" sizes=\"(max-width: 800px) 100vw, 800px\" \/><\/figure>\n<\/div>\n<\/div>","protected":false},"excerpt":{"rendered":"<p>Table de s\u00e9rigraphie manuelle en verre, peut imprimer des \u00e9crans de toutes tailles, supporte des objets de diff\u00e9rentes \u00e9paisseurs, vente directe d'usine, une vari\u00e9t\u00e9 de machines de s\u00e9rigraphie \u00e0 choisir, bienvenue \u00e0 contacter le fabricant Yutai pour un devis gratuit et des solutions personnalis\u00e9es !<\/p>\n<h2>Une solution unique pour les manuels <strong>table de s\u00e9rigraphie<\/strong>:<\/h2>\n<ol>\n<li>\n<p>Prix d'usine : En tant que fabricant de machines de s\u00e9rigraphie, nous fournissons des tables de s\u00e9rigraphie manuelles rentables. N'h\u00e9sitez pas \u00e0 nous contacter pour obtenir le prix d'usine.<\/p>\n<\/li>\n<li>\n<p>Assistance technique : Fournir des conseils techniques professionnels et une installation m\u00e9canique, avec des guides vid\u00e9o pour assurer une utilisation rapide du produit.<\/p>\n<\/li>\n<li>\n<p>Pi\u00e8ces d\u00e9tach\u00e9es : Une gamme de pi\u00e8ces d\u00e9tach\u00e9es d'origine est disponible.<\/p>\n<\/li>\n<li>\n<p>Assistance apr\u00e8s-vente : Assistance en ligne 24 heures sur 24 pour s'assurer que vous \u00eates satisfait des machines de s\u00e9rigraphie et qu'elles sont utilis\u00e9es sans probl\u00e8me sur votre ligne de production.<\/p>\n<\/li>\n<\/ol>","protected":false},"featured_media":4424,"template":"","meta":{"_acf_changed":false},"product_brand":[],"product_cat":[59],"product_tag":[],"class_list":{"0":"post-4431","1":"product","2":"type-product","3":"status-publish","4":"has-post-thumbnail","6":"product_cat-ceramic-printing-machine","8":"first","9":"instock","10":"shipping-taxable","11":"product-type-simple"},"acf":{"customization_content":"<h2><\/h2>\r\n<div><\/div>","customization_content_source":{"label":"Customization Content","type":"wysiwyg","formatted_value":"<h2><\/h2>\n<div><\/div>\n"},"why_choose_us_content":"<h2 style=\"text-align: center;\">Why Choose Us as Your Screen Print Machine Supplier<\/h2>\r\n\r\n<hr \/>\r\n<p style=\"text-align: center;\">\u00a0Yutai as a screen printing machine manufacturer, maintains strict quality standards and excellent service. Revolutionize your manufacturing processes with cutting-edge automation technology that streamlines forming and enhances efficiency.<\/p>","why_choose_us_content_source":{"label":"Why Choose Us Content","type":"wysiwyg","formatted_value":"<h2 style=\"text-align: center;\">Why Choose Us as Your Screen Print Machine Supplier<\/h2>\n<hr \/>\n<p style=\"text-align: center;\">\u00a0Yutai as a screen printing machine manufacturer, maintains strict quality standards and excellent service. Revolutionize your manufacturing processes with cutting-edge automation technology that streamlines forming and enhances efficiency.<\/p>\n"}},"_links":{"self":[{"href":"https:\/\/yutaimachinery.com\/fr\/wp-json\/wp\/v2\/product\/4431","targetHints":{"allow":["GET"]}}],"collection":[{"href":"https:\/\/yutaimachinery.com\/fr\/wp-json\/wp\/v2\/product"}],"about":[{"href":"https:\/\/yutaimachinery.com\/fr\/wp-json\/wp\/v2\/types\/product"}],"version-history":[{"count":0,"href":"https:\/\/yutaimachinery.com\/fr\/wp-json\/wp\/v2\/product\/4431\/revisions"}],"wp:featuredmedia":[{"embeddable":true,"href":"https:\/\/yutaimachinery.com\/fr\/wp-json\/wp\/v2\/media\/4424"}],"wp:attachment":[{"href":"https:\/\/yutaimachinery.com\/fr\/wp-json\/wp\/v2\/media?parent=4431"}],"wp:term":[{"taxonomy":"product_brand","embeddable":true,"href":"https:\/\/yutaimachinery.com\/fr\/wp-json\/wp\/v2\/product_brand?post=4431"},{"taxonomy":"product_cat","embeddable":true,"href":"https:\/\/yutaimachinery.com\/fr\/wp-json\/wp\/v2\/product_cat?post=4431"},{"taxonomy":"product_tag","embeddable":true,"href":"https:\/\/yutaimachinery.com\/fr\/wp-json\/wp\/v2\/product_tag?post=4431"}],"curies":[{"name":"wp","href":"https:\/\/api.w.org\/{rel}","templated":true}]}}