{"id":4412,"date":"2024-08-10T19:33:03","date_gmt":"2024-08-10T11:33:03","guid":{"rendered":"https:\/\/yutaimachinery.com\/?post_type=product&#038;p=4412"},"modified":"2024-08-10T19:52:08","modified_gmt":"2024-08-10T11:52:08","slug":"screen-printing-squeegee-sharpener","status":"publish","type":"product","link":"https:\/\/yutaimachinery.com\/fr\/product\/screen-printing-squeegee-sharpener\/","title":{"rendered":"Raclette manuelle \u00e0 bande pour l'aff\u00fbtage des \u00e9crans de s\u00e9rigraphie"},"content":{"rendered":"<div class=\"wp-block-columns is-layout-flex wp-container-core-columns-is-layout-9d6595d7 wp-block-columns-is-layout-flex\">\n<div class=\"wp-block-column is-layout-flow wp-block-column-is-layout-flow\">\n<h2 class=\"wp-block-heading\"><strong><strong>Aiguisoir pour raclette S\u00e9rigraphie<\/strong><\/strong> <strong>Caract\u00e9ristiques :<\/strong><\/h2>\n\n\n\n<p>Le grattoir manuel \u00e0 bande abrasive utilise une bande abrasive et une poulie pour former une ligne droite, ce qui permet de garantir la plan\u00e9it\u00e9 de la lame du grattoir.<\/p>\n\n\n\n<p>Le rail utilise des roulements import\u00e9s pour le glissement, ce qui permet aux op\u00e9rateurs de pousser facilement.<\/p>\n\n\n\n<p>Ce mod\u00e8le est facile \u00e0 utiliser et \u00e0 entretenir.<\/p>\n\n\n\n<p>L'angle du racleur dans la rainure de verrouillage est maintenu horizontal et la pression de broyage est uniforme, ce qui garantit une qualit\u00e9 d'impression stable et bonne.<\/p>\n<\/div>\n<\/div>\n\n\n\n<h2 class=\"wp-block-heading\"><strong><strong>Aiguisoir pour raclette S\u00e9rigraphie<\/strong><\/strong> Param\u00e8tres<\/h2>\n\n\n\n<figure class=\"wp-block-table\"><table class=\"has-fixed-layout\"><tbody><tr><td>Dimensions<\/td><td>1500\u00d7350\u00d7600 mm<\/td><\/tr><tr><td>Poids<\/td><td>100 kg<\/td><\/tr><tr><td>Course de broyage&nbsp;<\/td><td>400-1200 mm<\/td><\/tr><tr><td>Puissance<\/td><td>220V\/370W<\/td><\/tr><\/tbody><\/table><\/figure>","protected":false},"excerpt":{"rendered":"<p>Yutai Machinery est sp\u00e9cialis\u00e9 dans la production de raclettes \u00e0 raclette, avec plus de 20 ans d'exp\u00e9rience technique, agissant en tant qu'agent pour les fabricants de machines de s\u00e9rigraphie dans plus de 50 pays, avec des prix pr\u00e9f\u00e9rentiels et l'assurance de la qualit\u00e9. Nous vous invitons \u00e0 nous consulter et \u00e0 vous servir sinc\u00e8rement.<\/p>\n<h2>Une solution unique pour l'aff\u00fbtage des raclettes :<\/h2>\n<ol>\n<li>\n<p>Prix d'usine : En tant que fabricant de machines de s\u00e9rigraphie, nous fournissons des machines de s\u00e9rigraphie rentables. N'h\u00e9sitez pas \u00e0 nous contacter pour obtenir le prix d'usine.<\/p>\n<\/li>\n<li>\n<p>Assistance technique : Fournir des conseils techniques professionnels et une installation m\u00e9canique, avec des guides vid\u00e9o pour assurer une utilisation rapide du produit.<\/p>\n<\/li>\n<li>\n<p>Pi\u00e8ces d\u00e9tach\u00e9es : Une gamme de pi\u00e8ces d\u00e9tach\u00e9es d'origine est disponible.<\/p>\n<\/li>\n<li>\n<p>Assistance apr\u00e8s-vente : Assistance en ligne 24 heures sur 24 pour s'assurer que vous \u00eates satisfait des machines de s\u00e9rigraphie et qu'elles sont utilis\u00e9es sans probl\u00e8me sur votre ligne de production.<\/p>\n<\/li>\n<\/ol>","protected":false},"featured_media":4413,"template":"","meta":{"_acf_changed":false},"product_brand":[],"product_cat":[59],"product_tag":[],"class_list":{"0":"post-4412","1":"product","2":"type-product","3":"status-publish","4":"has-post-thumbnail","6":"product_cat-ceramic-printing-machine","8":"first","9":"instock","10":"shipping-taxable","11":"product-type-simple"},"acf":{"customization_content":"<h2><\/h2>\r\n<div><\/div>","customization_content_source":{"label":"Customization Content","type":"wysiwyg","formatted_value":"<h2><\/h2>\n<div><\/div>\n"},"why_choose_us_content":"<h2 style=\"text-align: center;\">Why Choose Us as Your Screen Print Machine Supplier<\/h2>\r\n\r\n<hr \/>\r\n<p style=\"text-align: center;\">\u00a0Yutai as a screen printing machine manufacturer, maintains strict quality standards and excellent service. Revolutionize your manufacturing processes with cutting-edge automation technology that streamlines forming and enhances efficiency.<\/p>","why_choose_us_content_source":{"label":"Why Choose Us Content","type":"wysiwyg","formatted_value":"<h2 style=\"text-align: center;\">Why Choose Us as Your Screen Print Machine Supplier<\/h2>\n<hr \/>\n<p style=\"text-align: center;\">\u00a0Yutai as a screen printing machine manufacturer, maintains strict quality standards and excellent service. Revolutionize your manufacturing processes with cutting-edge automation technology that streamlines forming and enhances efficiency.<\/p>\n"}},"_links":{"self":[{"href":"https:\/\/yutaimachinery.com\/fr\/wp-json\/wp\/v2\/product\/4412","targetHints":{"allow":["GET"]}}],"collection":[{"href":"https:\/\/yutaimachinery.com\/fr\/wp-json\/wp\/v2\/product"}],"about":[{"href":"https:\/\/yutaimachinery.com\/fr\/wp-json\/wp\/v2\/types\/product"}],"version-history":[{"count":0,"href":"https:\/\/yutaimachinery.com\/fr\/wp-json\/wp\/v2\/product\/4412\/revisions"}],"wp:featuredmedia":[{"embeddable":true,"href":"https:\/\/yutaimachinery.com\/fr\/wp-json\/wp\/v2\/media\/4413"}],"wp:attachment":[{"href":"https:\/\/yutaimachinery.com\/fr\/wp-json\/wp\/v2\/media?parent=4412"}],"wp:term":[{"taxonomy":"product_brand","embeddable":true,"href":"https:\/\/yutaimachinery.com\/fr\/wp-json\/wp\/v2\/product_brand?post=4412"},{"taxonomy":"product_cat","embeddable":true,"href":"https:\/\/yutaimachinery.com\/fr\/wp-json\/wp\/v2\/product_cat?post=4412"},{"taxonomy":"product_tag","embeddable":true,"href":"https:\/\/yutaimachinery.com\/fr\/wp-json\/wp\/v2\/product_tag?post=4412"}],"curies":[{"name":"wp","href":"https:\/\/api.w.org\/{rel}","templated":true}]}}