{"id":4408,"date":"2024-08-10T18:48:49","date_gmt":"2024-08-10T10:48:49","guid":{"rendered":"https:\/\/yutaimachinery.com\/?post_type=product&#038;p=4408"},"modified":"2024-08-10T19:27:11","modified_gmt":"2024-08-10T11:27:11","slug":"squeegee-sharpener-for-screen-printing","status":"publish","type":"product","link":"https:\/\/yutaimachinery.com\/fr\/product\/squeegee-sharpener-for-screen-printing\/","title":{"rendered":"Aiguisage automatique de la raclette pour la s\u00e9rigraphie"},"content":{"rendered":"<div class=\"wp-block-columns is-layout-flex wp-container-core-columns-is-layout-9d6595d7 wp-block-columns-is-layout-flex\">\n<div class=\"wp-block-column is-layout-flow wp-block-column-is-layout-flow\">\n<h2 class=\"wp-block-heading\"><strong><strong>Aiguiseur de raclette<\/strong><\/strong> <strong>Caract\u00e9ristiques :<\/strong><\/h2>\n\n\n\n<p>Convient aux grattoirs \u00e0 lame plate et \u00e0 lame pointue pour r\u00e9g\u00e9n\u00e9rer les lames et rendre les grattoirs plus tranchants.<\/p>\n\n\n\n<p>Adopte des rails de guidage lin\u00e9aire import\u00e9s avec de bonnes performances horizontales.<\/p>\n\n\n\n<p>Moteur \u00e0 haute vitesse et \u00e0 faible consommation d'\u00e9nergie pour un fonctionnement en douceur.<\/p>\n\n\n\n<p>Longueur maximale de broyage : 1100mm\/1500mm<\/p>\n\n\n\n<p>Puissance : 370W\/220V<\/p>\n<\/div>\n<\/div>\n\n\n\n<p><\/p>","protected":false},"excerpt":{"rendered":"<p>L'aff\u00fbteuse de raclette Factory direct est adapt\u00e9e \u00e0 l'aff\u00fbtage de divers types de s\u00e9rigraphie, avec une haute efficacit\u00e9, une grande surface de travail et une op\u00e9ration simple.\u00a0<\/p>\n<h2>Une solution unique pour l'aff\u00fbtage des raclettes :<\/h2>\n<ol>\n<li>\n<p>Prix d'usine : En tant que fabricant de machines de s\u00e9rigraphie, nous fournissons des machines de s\u00e9rigraphie rentables. N'h\u00e9sitez pas \u00e0 nous contacter pour obtenir le prix d'usine.<\/p>\n<\/li>\n<li>\n<p>Assistance technique : Fournir des conseils techniques professionnels et une installation m\u00e9canique, avec des guides vid\u00e9o pour assurer une utilisation rapide du produit.<\/p>\n<\/li>\n<li>\n<p>Pi\u00e8ces d\u00e9tach\u00e9es : Une gamme de pi\u00e8ces d\u00e9tach\u00e9es d'origine est disponible.<\/p>\n<\/li>\n<li>\n<p>Assistance apr\u00e8s-vente : Assistance en ligne 24 heures sur 24 pour s'assurer que vous \u00eates satisfait des machines de s\u00e9rigraphie et qu'elles sont utilis\u00e9es sans probl\u00e8me sur votre ligne de production.<\/p>\n<\/li>\n<\/ol>","protected":false},"featured_media":4409,"template":"","meta":{"_acf_changed":false},"product_brand":[],"product_cat":[59],"product_tag":[],"class_list":{"0":"post-4408","1":"product","2":"type-product","3":"status-publish","4":"has-post-thumbnail","6":"product_cat-ceramic-printing-machine","8":"first","9":"instock","10":"shipping-taxable","11":"product-type-simple"},"acf":{"customization_content":"<h2><\/h2>\r\n<div><\/div>","customization_content_source":{"label":"Customization Content","type":"wysiwyg","formatted_value":"<h2><\/h2>\n<div><\/div>\n"},"why_choose_us_content":"<h2 style=\"text-align: center;\">Why Choose Us as Your Screen Print Machine Supplier<\/h2>\r\n\r\n<hr \/>\r\n<p style=\"text-align: center;\">\u00a0Yutai as a screen printing machine manufacturer, maintains strict quality standards and excellent service. Revolutionize your manufacturing processes with cutting-edge automation technology that streamlines forming and enhances efficiency.<\/p>","why_choose_us_content_source":{"label":"Why Choose Us Content","type":"wysiwyg","formatted_value":"<h2 style=\"text-align: center;\">Why Choose Us as Your Screen Print Machine Supplier<\/h2>\n<hr \/>\n<p style=\"text-align: center;\">\u00a0Yutai as a screen printing machine manufacturer, maintains strict quality standards and excellent service. Revolutionize your manufacturing processes with cutting-edge automation technology that streamlines forming and enhances efficiency.<\/p>\n"}},"_links":{"self":[{"href":"https:\/\/yutaimachinery.com\/fr\/wp-json\/wp\/v2\/product\/4408","targetHints":{"allow":["GET"]}}],"collection":[{"href":"https:\/\/yutaimachinery.com\/fr\/wp-json\/wp\/v2\/product"}],"about":[{"href":"https:\/\/yutaimachinery.com\/fr\/wp-json\/wp\/v2\/types\/product"}],"version-history":[{"count":0,"href":"https:\/\/yutaimachinery.com\/fr\/wp-json\/wp\/v2\/product\/4408\/revisions"}],"wp:featuredmedia":[{"embeddable":true,"href":"https:\/\/yutaimachinery.com\/fr\/wp-json\/wp\/v2\/media\/4409"}],"wp:attachment":[{"href":"https:\/\/yutaimachinery.com\/fr\/wp-json\/wp\/v2\/media?parent=4408"}],"wp:term":[{"taxonomy":"product_brand","embeddable":true,"href":"https:\/\/yutaimachinery.com\/fr\/wp-json\/wp\/v2\/product_brand?post=4408"},{"taxonomy":"product_cat","embeddable":true,"href":"https:\/\/yutaimachinery.com\/fr\/wp-json\/wp\/v2\/product_cat?post=4408"},{"taxonomy":"product_tag","embeddable":true,"href":"https:\/\/yutaimachinery.com\/fr\/wp-json\/wp\/v2\/product_tag?post=4408"}],"curies":[{"name":"wp","href":"https:\/\/api.w.org\/{rel}","templated":true}]}}