{"id":4368,"date":"2024-08-06T10:03:26","date_gmt":"2024-08-06T02:03:26","guid":{"rendered":"https:\/\/yutaimachinery.com\/?post_type=product&#038;p=4368"},"modified":"2024-08-10T18:23:36","modified_gmt":"2024-08-10T10:23:36","slug":"machine-de-serigraphie","status":"publish","type":"product","link":"https:\/\/yutaimachinery.com\/fr\/product\/screen-printing-machine\/","title":{"rendered":"Machine de s\u00e9rigraphie verticale plate de haute pr\u00e9cision"},"content":{"rendered":"<div class=\"wp-block-columns is-layout-flex wp-container-core-columns-is-layout-9d6595d7 wp-block-columns-is-layout-flex\">\n<div class=\"wp-block-column is-layout-flow wp-block-column-is-layout-flow\">\n<h2 class=\"wp-block-heading\"><strong><strong>Machine de s\u00e9rigraphie<\/strong><\/strong> <strong>Caract\u00e9ristiques :<\/strong><\/h2>\n\n\n\n<p>La plaque de l'\u00e9cran peut \u00eatre soulev\u00e9e et abaiss\u00e9e par \u00e9lectromoteur, l'encre s'\u00e9coule sans d\u00e9viation, l'impression est sans d\u00e9viation.<\/p>\n\n\n\n<p>Contr\u00f4le par micro-ordinateur, l'\u00e9l\u00e9vation et l'abaissement sont contr\u00f4l\u00e9s par le transducteur Adderley et l'impression.<\/p>\n\n\n\n<p>Adoption d'un rail de guidage import\u00e9, d'un cylindre SMC et d'un organe pneumatique, assurance qualit\u00e9<\/p>\n\n\n\n<p>Le contreplaqu\u00e9 est contr\u00f4l\u00e9 par un \u00e9quipement automatique qui garantit l'immobilit\u00e9 du contreplaqu\u00e9.<\/p>\n\n\n\n<p>Convient pour diverses impressions, telles que les circuits imprim\u00e9s de commutateurs \u00e0 membrane, les d\u00e9calcomanies en c\u00e9ramique, le verre m\u00e9tallique et tous les mat\u00e9riaux en feuilles gras.<\/p>\n<\/div>\n\n\n\n<div class=\"wp-block-column is-layout-flow wp-block-column-is-layout-flow\"><div class=\"wp-block-image\">\n<figure class=\"aligncenter size-full is-resized\"><img fetchpriority=\"high\" decoding=\"async\" width=\"568\" height=\"642\" src=\"https:\/\/yutaimachinery.com\/wp-content\/uploads\/2024\/08\/screen-printing-machine-3.jpg\" alt=\"machine de s\u00e9rigraphie\" class=\"wp-image-4370\" style=\"width:333px;height:auto\" title=\"\" srcset=\"https:\/\/yutaimachinery.com\/wp-content\/uploads\/2024\/08\/screen-printing-machine-3.jpg 568w, https:\/\/yutaimachinery.com\/wp-content\/uploads\/2024\/08\/screen-printing-machine-3-265x300.jpg 265w, https:\/\/yutaimachinery.com\/wp-content\/uploads\/2024\/08\/screen-printing-machine-3-11x12.jpg 11w, https:\/\/yutaimachinery.com\/wp-content\/uploads\/2024\/08\/screen-printing-machine-3-285x322.jpg 285w, https:\/\/yutaimachinery.com\/wp-content\/uploads\/2024\/08\/screen-printing-machine-3-133x150.jpg 133w\" sizes=\"(max-width: 568px) 100vw, 568px\" \/><\/figure>\n<\/div><\/div>\n<\/div>\n\n\n\n<div class=\"wp-block-columns is-layout-flex wp-container-core-columns-is-layout-9d6595d7 wp-block-columns-is-layout-flex\">\n<div class=\"wp-block-column is-layout-flow wp-block-column-is-layout-flow\">\n<figure class=\"wp-block-embed is-type-video is-provider-youtube wp-block-embed-youtube wp-embed-aspect-4-3 wp-has-aspect-ratio\"><div class=\"wp-block-embed__wrapper\">\n<iframe title=\"Machine d&#039;impression d&#039;\u00e9cran vertical plat YT\" width=\"940\" height=\"705\" src=\"https:\/\/www.youtube.com\/embed\/KB9A3u5zQF0?feature=oembed\" frameborder=\"0\" allow=\"accelerometer; autoplay; clipboard-write; encrypted-media; gyroscope; picture-in-picture; web-share\" referrerpolicy=\"strict-origin-when-cross-origin\" allowfullscreen><\/iframe>\n<\/div><\/figure>\n<\/div>\n\n\n\n<div class=\"wp-block-column is-layout-flow wp-block-column-is-layout-flow\">\n<h2 class=\"wp-block-heading\"><strong><strong>Machine de s\u00e9rigraphie<\/strong><\/strong> <strong>Caract\u00e9ristiques :<\/strong><\/h2>\n\n\n\n<figure class=\"wp-block-table\"><table class=\"has-fixed-layout\"><tbody><tr><td>MOD\u00c8LE<\/td><td>YT4060<\/td><td>YT6090<\/td><td>YT80120<\/td><td>YT1218<\/td><\/tr><tr><td>MAX. SURFACE D'IMPRESSION<\/td><td>400\u00d7600 mm<\/td><td>600\u00d7900 mm<\/td><td>800\u00d71200 mm<\/td><td>1200\u00d71800 mm<\/td><\/tr><tr><td>MAX. TAILLE DU CADRE DE L'\u00c9CRAN<\/td><td>700\u00d7900 mm<\/td><td>800\u00d71100 mm<\/td><td>1000\u00d71400 mm<\/td><td>1400\u00d72000 mm<\/td><\/tr><tr><td>MAX. VITESSE D'IMPRESSION<\/td><td>1000 fois<\/td><td>1000 fois<\/td><td>800 fois<\/td><td>600 fois<\/td><\/tr><tr><td>PRESSION D'AIR DE TRAVAIL<\/td><td>0,5-0,7 mpa<\/td><td>0,5-0,7 mpa<\/td><td>0,6-0,9 mpa<\/td><td>0,6-0,9 mpa<\/td><\/tr><tr><td>TENSION D'ALIMENTATION<\/td><td>220v\/13KW<\/td><td>220v\/14 KW<\/td><td>380V\/4KW<\/td><td>380v\/4KW<\/td><\/tr><\/tbody><\/table><\/figure>\n<\/div>\n<\/div>","protected":false},"excerpt":{"rendered":"<p>Machine de s\u00e9rigraphie de vente directe d'usine, levage \u00e9lectrique, haute pr\u00e9cision et haute qualit\u00e9, convenant \u00e0 diverses impressions, telles que les d\u00e9calcomanies c\u00e9ramiques, le verre m\u00e9tallique, les cartes de circuits imprim\u00e9s, etc. Nous fournissons des conseils techniques sur les prix d'usine. N'h\u00e9sitez pas \u00e0 nous contacter pour obtenir un devis gratuit !<\/p>\n<h2>Une solution unique pour les machines de s\u00e9rigraphie :<\/h2>\n<ol>\n<li>\n<p>Prix d'usine : En tant que fabricant de machines de s\u00e9rigraphie, nous fournissons des machines de s\u00e9rigraphie rentables. N'h\u00e9sitez pas \u00e0 nous contacter pour obtenir le prix d'usine.<\/p>\n<\/li>\n<li>\n<p>Assistance technique : Fournir des conseils techniques professionnels et une installation m\u00e9canique, avec des guides vid\u00e9o pour assurer une utilisation rapide du produit.<\/p>\n<\/li>\n<li>\n<p>Pi\u00e8ces d\u00e9tach\u00e9es : Une gamme de pi\u00e8ces d\u00e9tach\u00e9es d'origine est disponible.<\/p>\n<\/li>\n<li>\n<p>Assistance apr\u00e8s-vente : Assistance en ligne 24 heures sur 24 pour s'assurer que vous \u00eates satisfait des machines de s\u00e9rigraphie et qu'elles sont utilis\u00e9es sans probl\u00e8me sur votre ligne de production.<\/p>\n<\/li>\n<\/ol>","protected":false},"featured_media":4373,"template":"","meta":{"_acf_changed":false},"product_brand":[],"product_cat":[59],"product_tag":[86],"class_list":{"0":"post-4368","1":"product","2":"type-product","3":"status-publish","4":"has-post-thumbnail","6":"product_cat-ceramic-printing-machine","7":"product_tag-glazing-spray-machine","9":"first","10":"instock","11":"shipping-taxable","12":"product-type-simple"},"acf":{"customization_content":"<h2><\/h2>\r\n<div><\/div>","customization_content_source":{"label":"Customization Content","type":"wysiwyg","formatted_value":"<h2><\/h2>\n<div><\/div>\n"},"why_choose_us_content":"<h2 style=\"text-align: center;\">Why Choose Us as Your Screen Printing Machine Supplier<\/h2>\r\n\r\n<hr \/>\r\n<p style=\"text-align: center;\">\u00a0Yutai as a screen printing machine manufacturer, maintains strict quality standards and excellent service. Revolutionize your manufacturing processes with cutting-edge automation technology that streamlines forming and enhances efficiency.<\/p>","why_choose_us_content_source":{"label":"Why Choose Us Content","type":"wysiwyg","formatted_value":"<h2 style=\"text-align: center;\">Why Choose Us as Your Screen Printing Machine Supplier<\/h2>\n<hr \/>\n<p style=\"text-align: center;\">\u00a0Yutai as a screen printing machine manufacturer, maintains strict quality standards and excellent service. Revolutionize your manufacturing processes with cutting-edge automation technology that streamlines forming and enhances efficiency.<\/p>\n"}},"_links":{"self":[{"href":"https:\/\/yutaimachinery.com\/fr\/wp-json\/wp\/v2\/product\/4368","targetHints":{"allow":["GET"]}}],"collection":[{"href":"https:\/\/yutaimachinery.com\/fr\/wp-json\/wp\/v2\/product"}],"about":[{"href":"https:\/\/yutaimachinery.com\/fr\/wp-json\/wp\/v2\/types\/product"}],"version-history":[{"count":0,"href":"https:\/\/yutaimachinery.com\/fr\/wp-json\/wp\/v2\/product\/4368\/revisions"}],"wp:featuredmedia":[{"embeddable":true,"href":"https:\/\/yutaimachinery.com\/fr\/wp-json\/wp\/v2\/media\/4373"}],"wp:attachment":[{"href":"https:\/\/yutaimachinery.com\/fr\/wp-json\/wp\/v2\/media?parent=4368"}],"wp:term":[{"taxonomy":"product_brand","embeddable":true,"href":"https:\/\/yutaimachinery.com\/fr\/wp-json\/wp\/v2\/product_brand?post=4368"},{"taxonomy":"product_cat","embeddable":true,"href":"https:\/\/yutaimachinery.com\/fr\/wp-json\/wp\/v2\/product_cat?post=4368"},{"taxonomy":"product_tag","embeddable":true,"href":"https:\/\/yutaimachinery.com\/fr\/wp-json\/wp\/v2\/product_tag?post=4368"}],"curies":[{"name":"wp","href":"https:\/\/api.w.org\/{rel}","templated":true}]}}